{"id":927,"date":"2023-09-13T17:23:14","date_gmt":"2023-09-13T08:23:14","guid":{"rendered":"https:\/\/bitwallet.com\/?page_id=927"},"modified":"2024-03-06T15:57:43","modified_gmt":"2024-03-06T06:57:43","slug":"security","status":"publish","type":"page","link":"https:\/\/bitwallet.com\/lt\/service\/security\/","title":{"rendered":"Saugumas"},"content":{"rendered":"<div class=\"wp-block-cover alignwide header\"><span aria-hidden=\"true\" class=\"wp-block-cover__background has-black-background-color has-background-dim-0 has-background-dim\"><\/span><img loading=\"lazy\" decoding=\"async\" width=\"2000\" height=\"360\" class=\"wp-block-cover__image-background wp-image-2022\" alt=\"\" src=\"https:\/\/bitwallet.com\/wp-content\/uploads\/2023\/11\/mv-service_security-jpg.webp\" data-object-fit=\"cover\"\/><div class=\"wp-block-cover__inner-container has-global-padding is-layout-constrained wp-block-cover-is-layout-constrained\">\n<h1 class=\"wp-block-heading has-text-align-left effect00\">Saugumas<\/h1>\n\n\n\n<p class=\"effect00 fadeTimeA\">M\u016bs\u0173 saugos ap\u017evalga<\/p>\n<\/div><\/div>\n\n\n\n<h2 class=\"wp-block-heading effect00\">bitwallet saugumo priemon\u0117s<\/h2>\n\n\n\n<div class=\"wp-block-group effect00 fadeTimeA has-global-padding is-layout-constrained wp-block-group-is-layout-constrained\">\n<p>bitwallet (\u201eBitwallet Service Group\u201c) yra pirmaujanti mok\u0117jimo paslaug\u0173 teik\u0117ja, pasi\u017eyminti auk\u0161tu saugumo lygiu tiek prisijungus, tiek neprisijungus, kad klient\u0173 l\u0117\u0161os b\u016bt\u0173 saugios ir apsaugotos m\u016bs\u0173 platformoje. M\u016bs\u0173 misija \u2013 nuolat siekti saugumo gerinimo, kartu u\u017etikrinant intuityvi\u0105 nar\u0161ymo patirt\u012f visiems vartotojams. Komanda tiki, kad suk\u016brus geresn\u012f saugum\u0105 m\u016bs\u0173 platformoje, tai sustiprins m\u016bs\u0173 klient\u0173 ir m\u016bs\u0173 pasitik\u0117jim\u0105.<\/p>\n\n\n\n<p>M\u016bs\u0173 komanda rimtai imasi apsaugos priemoni\u0173 nuo suk\u010diavimo ir neteis\u0117to naudojimo. Siekiant u\u017etikrinti, kad m\u016bs\u0173 platformoje b\u016bt\u0173 laikomasi tarptautini\u0173 atitikties standart\u0173, buvo \u012fdiegti tokie reglamentai kaip AML (Kovos su pinig\u0173 plovimu), KYC (Know Your Customer Identity Verification) ir kt.<\/p>\n\n\n\n<p>Per\u017ei\u016br\u0117kite i\u0161samias saugos priemones \u017eemiau<\/p>\n<\/div>\n\n\n\n<div class=\"wp-block-group box security effect00 fadeTimeB has-global-padding is-layout-constrained wp-block-group-is-layout-constrained\">\n<h3 class=\"wp-block-heading\">Saugumas<\/h3>\n\n\n\n<p>Kibernetinio saugumo pa\u017eeidimas gali kelti didel\u0119 gr\u0117sm\u0119 j\u016bs\u0173 asmeniniam finansiniam turtui. bitwallet nuolat kuria strategijas, skirtas apsaugoti savo klientus nuo saugumo gr\u0117smi\u0173.<\/p>\n\n\n\n<p>bitwallet laikosi geriausios pramon\u0117s praktikos ir princip\u0173, \u012fra\u0161yt\u0173 Vykdomajame \u012fsakyme d\u0117l ypatingos svarbos infrastrukt\u016bros kibernetinio saugumo gerinimo. Tai leid\u017eia bitwallet atitikti tarptautinius saugumo standartus ir pagerinti infrastrukt\u016bros atsparum\u0105. Toliau pateikiamos informacijos saugos priemon\u0117s, pagr\u012fstos Nacionalinio standart\u0173 ir technologij\u0173 instituto (NIST) sistema, kuri\u0105 sudaro trys dalys: pagrind\u0173, \u012fgyvendinimo pakop\u0173 ir pagrind\u0173 profili\u0173.<\/p>\n\n\n\n<h4 class=\"wp-block-heading\"><strong>Framework Core<\/strong><\/h4>\n\n\n\n<p>\u201eFramwork Core\u201c susideda i\u0161 penki\u0173 funkcij\u0173 \u2013 identifikuoti, apsaugoti, aptikti, reaguoti, atkurti.<\/p>\n\n\n\n<h5 class=\"wp-block-heading\">1. Identifikuokite<\/h5>\n\n\n\n<h6 class=\"wp-block-heading\"><strong>(1) Kliento turto saugojimo ir valdymo si\u016blymas<\/strong><\/h6>\n\n\n\n<p>Vartotojo turtas yra saugiai apsaugotas bitwallet. Turtas, pvz., valiuta, saugiai valdomas atskirai.<\/p>\n\n\n\n<h6 class=\"wp-block-heading\"><strong>(2) Auk\u0161to lygio finans\u0173 \u012fstaig\u0173 valdymas<\/strong><\/h6>\n\n\n\n<p>Auk\u0161to lygio finans\u0173 \u012fstaig\u0173 atstovas tur\u0117t\u0173 ne tik \u012fdiegti saugumo priemones pa\u010dioje sistemoje, bet ir tobulinti organizacij\u0105 bei proces\u0105. Taigi bitwallet \u012fdieg\u0117 saugos sistem\u0105, galin\u010di\u0105 suaktyvinti atk\u016brimo proces\u0105 aptikus anomalij\u0105; nustatyti pagrindin\u0119 prie\u017east\u012f ir greitai diagnozuoti anomalij\u0105. Mes ketiname \u012fdiegti \u0161i\u0105 funkcij\u0105 ir toliau j\u0105 tobulinti.<\/p>\n\n\n\n<h5 class=\"wp-block-heading\">2. Apsaugoti<\/h5>\n\n\n\n<h6 class=\"wp-block-heading\"><strong>2.1 \u0160ifravimas<\/strong><\/h6>\n\n\n\n<h6 class=\"wp-block-heading\"><strong>(1) SSL sertifikatas<\/strong><\/h6>\n\n\n\n<p>bitwallet duomen\u0173 ry\u0161iui naudoja SSL \u0161ifravimo technologij\u0105. SSL yra saugos sertifikatas, \u012fgalinantis saug\u0173 ry\u0161\u012f tarp m\u016bs\u0173 platformos ir serverio, kartu u\u017etikrinant, kad visi duomenys i\u0161likt\u0173 konfidencial\u016bs.<\/p>\n\n\n\n<h6 class=\"wp-block-heading\"><strong>(2) SSL-VPN sertifikatas<\/strong><\/h6>\n\n\n\n<p>M\u016bs\u0173 tinklo serveris SSL-VPN u\u017e\u0161ifruotas, kad b\u016bt\u0173 i\u0161vengta neteis\u0117tos tre\u010diosios \u0161alies prieigos, kad pavogt\u0173 duomenis, nes visi duomenys bus u\u017e\u0161ifruoti prie\u0161 perduodant.<\/p>\n\n\n\n<h6 class=\"wp-block-heading\"><strong>2.2 Ugniasien\u0117s tinklo sauga<\/strong><\/h6>\n\n\n\n<h6 class=\"wp-block-heading\"><strong>(1) Ugniasien\u0117<\/strong><\/h6>\n\n\n\n<p>Ugniasien\u0117 veikia kaip filtras tarp tinklo ir interneto. U\u017ekarda padidina m\u016bs\u0173 serverio saugum\u0105, nes apsaugo nuo toki\u0173 gr\u0117smi\u0173 kaip kenk\u0117ji\u0161kos programos, virusai.<\/p>\n\n\n\n<h6 class=\"wp-block-heading\"><strong>(2) Web Application Firewall<\/strong><\/h6>\n\n\n\n<p>bitwallet naudoja \u017einiatinklio program\u0173 u\u017ekard\u0105 (WAF), kad apsisaugot\u0173 nuo kenk\u0117ji\u0161k\u0173 bandym\u0173 pa\u017eeisti m\u016bs\u0173 sistem\u0105 arba i\u0161filtruoti m\u016bs\u0173 duomenis. bitwallet WAF blokuoja bendr\u0105 m\u016bs\u0173 operacin\u0117s sistemos, programin\u0117s \u012frangos ir paslaug\u0173 atak\u0173 model\u012f.<\/p>\n\n\n\n<h6 class=\"wp-block-heading\"><strong>(3) IP Anycast<\/strong><\/h6>\n\n\n\n<p>\u201eDos\u201c (paslaug\u0173 atsisakymo) ataka yra bandymas u\u017etvindyti vartotoj\u0173 tinkl\u0105 bereikalingu srautu, ataka el. pa\u0161to \u0161iuk\u0161l\u0117mis (pa\u0161to bomba) ir keliais ping u\u017eklaus\u0173 paketais, d\u0117l kuri\u0173 \u012frenginys arba tinklas i\u0161sijungia, tod\u0117l jie tampa nepasiekiami numatytiems vartotojams. . Taip pat yra DDoS atak\u0173, kurios visam laikui sugadins tinklo funkcijas. bitwallet naudoja IP Anycast, kad nukreipt\u0173 u\u017eklaus\u0105.<\/p>\n\n\n\n<h6 class=\"wp-block-heading\"><strong>(4) \u012esibrovim\u0173 aptikimo sistema (IDS)<\/strong><\/h6>\n\n\n\n<p>Gavusi kelis tinklo srautus \u012f server\u012f, IDS gali steb\u0117ti ir aptikti \u012ftartin\u0105 veikl\u0105 ir pateikti \u012fsp\u0117jimus tarp j\u0173. Sistema gali imtis veiksm\u0173 d\u0117l aptiktos kenk\u0117ji\u0161kos veiklos ir ne\u012fprasto srauto. bitwallet naudoja 2 tip\u0173 sistemas \u2013 tinklo \u012fsilau\u017eimo aptikimo sistem\u0105 ir pagrindinio kompiuterio \u012fsibrovimo aptikimo sistem\u0105. Tinklo \u012fsilau\u017eimo aptikimo funkcija stebi \u012feinant\u012f ir i\u0161einant\u012f sraut\u0105, o pagrindinio kompiuterio \u012fsibrovimo aptikimas gali nustatyti kenk\u0117ji\u0161k\u0105 sraut\u0105, kuris ateina i\u0161 paties pagrindinio kompiuterio.<\/p>\n\n\n\n<h6 class=\"wp-block-heading\"><strong>(5) Vieningas gr\u0117smi\u0173 valdymas (UTM)<\/strong><\/h6>\n\n\n\n<p>UTM sujungia daugyb\u0119 saugos paslaug\u0173 ir funkcij\u0173, toki\u0173 kaip IDS, IPS ir kitas \u017einiatinklio turinys, kad apsaugot\u0173 bitwallet nuo saugumo gr\u0117smi\u0173.<\/p>\n\n\n\n<h6 class=\"wp-block-heading\"><strong>2.3 Tapatyb\u0117s patvirtinimas<\/strong><\/h6>\n\n\n\n<h6 class=\"wp-block-heading\"><strong>(1) Stiprus slapta\u017eodis<\/strong><\/h6>\n\n\n\n<p>Pakartotinai naudojant arba suk\u016brus paprast\u0105 slapta\u017eod\u012f tik su raid\u0117mis, pvz., \u201ebitcoin\u201c, jis tampa silpnas ir lengvai sulau\u017eomas. bitwallet leid\u017eia naudoti tik stipr\u0173 slapta\u017eod\u012f, kuriame yra ilgas did\u017ei\u0173j\u0173 ir ma\u017e\u0173j\u0173 raid\u017ei\u0173, skai\u010di\u0173 ir skyrybos \u017eenkl\u0173 derinys, tod\u0117l j\u012f sunkiau sulau\u017eyti.<\/p>\n\n\n\n<h6 class=\"wp-block-heading\"><strong>(2) S\u0105skaitos u\u017eraktas<\/strong><\/h6>\n\n\n\n<p>Jei vartotojas kelis kartus nes\u0117kmingai band\u0117 prisijungti, tai bus laikoma neteis\u0117ta tre\u010diosios \u0161alies prieiga, tod\u0117l paskyra bus u\u017erakinta. I\u0161 naujo nustatykite slapta\u017eod\u012f, jei j\u012f pamir\u0161ote. J\u016bs\u0173 paskyra bus atkurta tik tada, kai atliksite tapatyb\u0117s autentifikavim\u0105.<\/p>\n\n\n\n<h6 class=\"wp-block-heading\"><strong>(3) 2 faktori\u0173 autentifikavimas<\/strong><\/h6>\n\n\n\n<p>Kad b\u016bt\u0173 i\u0161vengta neteis\u0117tos tre\u010diosios \u0161alies prieigos, 2 faktori\u0173 autentifikavimas (2FA) veiks kaip papildomas saugumo sluoksnis, kai prisijungiate prie bitwallet. Vartotojui reik\u0117s paskyros slapta\u017eod\u017eio ir antr\u0105 kart\u0105 prisijungti naudojant savo prieigos rakt\u0105, kad gal\u0117t\u0173 pasiekti savo paskyr\u0105. D\u0117l to potencialiems \u012fsilau\u017e\u0117liams sunkiau pasiekti prieig\u0105, nes jie neturi prieigos rakto.<\/p>\n\n\n\n<h6 class=\"wp-block-heading\"><strong>(4) Steb\u0117kite prisijungimo istorij\u0105<\/strong><\/h6>\n\n\n\n<p>J\u016bs\u0173 prisijungimo istorija bus i\u0161saugota serveryje kiekvien\u0105 kart\u0105, kai prisijungsite i\u0161 konkretaus \u012frenginio arba per internet\u0105, \u012fskaitant bendr\u0105 viet\u0105 ir IP adres\u0105. Per\u017ei\u016br\u0117kite juos, kad pamatytum\u0117te, ar n\u0117ra neatpa\u017eint\u0173 prisijungim\u0173.<\/p>\n\n\n\n<h6 class=\"wp-block-heading\"><strong>(5) Seanso skirtasis laikas<\/strong><\/h6>\n\n\n\n<p>Jei po prisijungimo kur\u012f laik\u0105 b\u016bsite neaktyvus, b\u016bsite automati\u0161kai atjungti nuo paskyros, kad i\u0161vengtum\u0117te neteis\u0117tos prieigos.<\/p>\n\n\n\n<h6 class=\"wp-block-heading\"><strong>2.4 Programos priemon\u0117s<\/strong><\/h6>\n\n\n\n<h6 class=\"wp-block-heading\"><strong>(1) Scenarijus tarp svetaini\u0173<\/strong><\/h6>\n\n\n\n<p>Keli\u0173 svetaini\u0173 scenarij\u0173 k\u016brimas yra saugumo ataka, kai u\u017epuolikas gali ie\u0161koti pa\u017eeid\u017eiamos svetain\u0117s i\u0161 kitos patikimos svetain\u0117s. bitwallet yra dezinfekuotas, kad b\u016bt\u0173 i\u0161vengta tokio pob\u016bd\u017eio atak\u0173. Potencialiai pavojingi duomenys proceso metu bus pa\u0161alinti arba pakeisti, tod\u0117l jie bus nevykdomi.<\/p>\n\n\n\n<h6 class=\"wp-block-heading\"><strong>(2) SQL \u012fpur\u0161kimas<\/strong><\/h6>\n\n\n\n<p>SQL injekcija yra programavimo kalba, naudojama bendrauti su pa\u017eeid\u017eiamomis ir atvirojo kodo duomen\u0173 baz\u0117mis. Jis si\u0173s komandas serveriui, kad atskleist\u0173 vartotojo informacij\u0105. bitwallet naudoja \u012fvesties sanitarij\u0105 ir neleid\u017eia vykdyti kenk\u0117ji\u0161k\u0173 koman\u0173. Duomenys bus pakeisti \u012f nevykdom\u0105 SQL kalb\u0105.<\/p>\n\n\n\n<h6 class=\"wp-block-heading\"><strong>(3) Keli\u0173 svetaini\u0173 u\u017eklausos klastojimas<\/strong><\/h6>\n\n\n\n<p>Keli\u0173 svetaini\u0173 u\u017eklaus\u0173 klastojimas yra saugumo ataka, priver\u010dianti vartotoj\u0105 atlikti nepageidaujamus veiksmus, kurie n\u0117ra autentifikuoti. bitwallet naudoja saug\u0173 kodavim\u0105 ir WAF, kad blokuot\u0173 toki\u0105 potencialiai \u017ealing\u0105 atak\u0105, stebint saugos sistem\u0105.<\/p>\n\n\n\n<h6 class=\"wp-block-heading\"><strong>(4) Brute Force Attack<\/strong><\/h6>\n\n\n\n<p>Brute force ataka yra bandym\u0173 ir klaid\u0173 slapta\u017eod\u017ei\u0173 nulau\u017eimo metodas, i\u0161\u0161ifruojant \u012fvairius slapta\u017eod\u017eius, kad b\u016bt\u0173 galima j\u0117ga \u012fsilau\u017eti \u012f j\u016bs\u0173 paskyr\u0105. Naudokite tvirt\u0105 slapta\u017eod\u012f ir nustatykite 2FA, kad sustiprintum\u0117te savo paskyr\u0105 nuo \u0161ios atakos, nes paskyra bus u\u017erakinta per kelet\u0105 bandym\u0173.<\/p>\n\n\n\n<h6 class=\"wp-block-heading\"><strong>(5) Slapta\u017eod\u017eio \u0161ifravimas<\/strong><\/h6>\n\n\n\n<p>J\u016bs\u0173 \u012fvestas slapta\u017eodis bus u\u017e\u0161ifruotas ir i\u0161saugotas duomen\u0173 baz\u0117je, bus atliktas mai\u0161os procesas, pridedant slapta\u017eod\u017eio druskos, tod\u0117l j\u012f sunku skaityti.<\/p>\n\n\n\n<h6 class=\"wp-block-heading\"><strong>(6) IP \u012ftraukimas \u012f balt\u0105j\u012f s\u0105ra\u0161\u0105<\/strong><\/h6>\n\n\n\n<p>Tik \u012f balt\u0105j\u012f s\u0105ra\u0161\u0105 \u012ftrauktas IP adresas gali t\u0119sti mok\u0117jimo operacij\u0105 bitwallet. Neatpa\u017einto IP adreso naudojimas ir prieiga bus u\u017eblokuoti.<\/p>\n\n\n\n<h6 class=\"wp-block-heading\"><strong>2.5 Veikimo patikrinimas<\/strong><\/h6>\n\n\n\n<h6 class=\"wp-block-heading\"><strong>(1) Asmenuk\u0117s pateikimas<\/strong><\/h6>\n\n\n\n<p>B\u016btina pateikti asmens dokument\u0105, gyvenamosios vietos adres\u0105 ir asmenuk\u0119. \u201eSelfie\u201c buvo priimta \u012fvairiose Vakar\u0173 \u0161alyse tapatyb\u0117s patvirtinimo internetu tikslais. \u0160ios proced\u016bros patikrinimo tikslas yra u\u017ekirsti keli\u0105 netikram tapatyb\u0117s vagystei.<\/p>\n\n\n\n<h6 class=\"wp-block-heading\"><strong>(2) Pa\u0161to arba SMS autentifikavimas<\/strong><\/h6>\n\n\n\n<p>Sugeneruotas ID bus i\u0161si\u0173stas pa\u0161tu arba SMS \u017einute, kad patvirtintum\u0117te, jei norite padidinti kredito kortel\u0117s limit\u0105. Autentifikavimas bus baigtas, kai per nurodyt\u0105 laik\u0105 \u012fvesite ID.<\/p>\n\n\n\n<h6 class=\"wp-block-heading\"><strong>(3) I\u0161\u0117mimo banko s\u0105skaitos patvirtinimas<\/strong><\/h6>\n\n\n\n<p>M\u016bs\u0173 komanda kasdien tikrins, ar n\u0117ra neteisingos s\u0105skaitos informacijos, tokios kaip banko pavadinimas, filialo pavadinimas ir s\u0105skaitos numeris.<\/p>\n\n\n\n<h6 class=\"wp-block-heading\"><strong>(4) Persiunt\u0117jo s\u0105skaitos patvirtinimas<\/strong><\/h6>\n\n\n\n<p>Visa operacijos informacija bus patikrinta prie\u0161 siun\u010diant ir gali b\u016bti atid\u0117ta d\u0117l papildomo laiko, reikalingo tikrinimui. Banko pavedimo metu \u012f siunt\u0117jo vard\u0105 \u012ftraukite savo s\u0105skaitos identifikavimo numer\u012f (s\u0105skaitos ID + 3 skaitmenys).<\/p>\n\n\n\n<h6 class=\"wp-block-heading\"><strong>(5) Neteis\u0117to naudojimo patikras i\u0161 i\u0161or\u0117s<\/strong><\/h6>\n\n\n\n<p>Siekdami steb\u0117ti, kaip kiekvienas vartotojas naudoja kasdien, u\u017esiimame i\u0161or\u0117s paslaugomis, kad b\u016bt\u0173 i\u0161vengta neteis\u0117to naudojimo.<\/p>\n\n\n\n<h6 class=\"wp-block-heading\"><strong>(6) I\u0161\u0117mimo ir pinig\u0173 gr\u0105\u017einimo gair\u0117s<\/strong><\/h6>\n\n\n\n<p>Kad i\u0161vengtume pinig\u0173 plovimo ir netinkamo kredito kortel\u0117s naudojimo atvej\u0173, prie\u0161 atlikdami bet koki\u0105 pinig\u0173 gr\u0105\u017einimo ir i\u0161\u0117mimo operacij\u0105, pirmiausia neautomati\u0161kai per\u017ei\u016br\u0117sime vartotojo ankstesnio naudojimo istorij\u0105. Tai pad\u0117s laiku sustabdyti bet kok\u012f suk\u010diavim\u0105 kortel\u0117mis.<\/p>\n\n\n\n<h5 class=\"wp-block-heading\">3. Aptikti<\/h5>\n\n\n\n<h6 class=\"wp-block-heading\"><strong>(1) Serverio patikrinimas<\/strong><\/h6>\n\n\n\n<p>Nusta\u010dius bet koki\u0105 klaid\u0105 m\u016bs\u0173 serveryje, per suplanuot\u0105 automatin\u012f serverio patikrinim\u0105 bus suaktyvintas pagalbos skambutis, i\u0161jungiama visa sistema, kad b\u016bt\u0173 suma\u017einta \u017eala, kuri\u0105 ji gali patirti.<\/p>\n\n\n\n<h6 class=\"wp-block-heading\"><strong>(2) Duomen\u0173 baz\u0117s \u0161ifravimas<\/strong><\/h6>\n\n\n\n<p>Visi j\u016bs\u0173 neskelbtini duomenys bus u\u017e\u0161ifruoti, kol bus saugomi m\u016bs\u0173 duomen\u0173 baz\u0117je. \u0160ifruotus duomenis sunku i\u0161\u0161ifruoti.<\/p>\n\n\n\n<h6 class=\"wp-block-heading\"><strong>(3) Nepriklausoma suk\u010diavimo aptikimo sistema<\/strong><\/h6>\n\n\n\n<p>Vie\u0161oji blok\u0173 grandin\u0117 yra tinklas, sukurtas naudojant kelis mazgus. Jis yra visi\u0161kai atviras ir kiekvienas gali prisijungti ir dalyvauti tinkle. Mazgas reikalauja steb\u0117ti jo proces\u0105 ir veikim\u0105. bitwallet \u012fdieg\u0117 steb\u0117jimo server\u012f, kuris leid\u017eia realiuoju laiku rinkti informacij\u0105 apie kiekvien\u0105 u\u017era\u0161\u0105 i\u0161saugant jo registracij\u0105. Tai leid\u017eia mums patikrinti bet koki\u0105 neteis\u0117t\u0105 prieig\u0105 arba anksti aptikt\u0105 operacij\u0105 ir imtis veiksm\u0173, naudojant patikrinim\u0105 tarp mazg\u0173 operacij\u0173.<\/p>\n\n\n\n<h5 class=\"wp-block-heading\">4. Atsakykite<\/h5>\n\n\n\n<h6 class=\"wp-block-heading\"><strong>(1) Nenumatyt\u0173 atvej\u0173 planai<\/strong><\/h6>\n\n\n\n<p>Saugumo gedimams pa\u0161alinti yra parengti nenumatyt\u0173 atvej\u0173 planai. Atsakomosios priemon\u0117s ir prevencija yra efektyviai suformuluotos ir vykdomos atsi\u017evelgiant \u012f didelius scenarijais pagr\u012fstus i\u0161\u0161\u016bkius, imituojan\u010dius saugumo gedimus.<\/p>\n\n\n\n<h6 class=\"wp-block-heading\"><strong>(2) Incident\u0173 analiz\u0117<\/strong><\/h6>\n\n\n\n<p>K\u016brimo proceso metu bitwallet buvo atliktas daug patvirtinimo test\u0173 ir analiz\u0117s, o po to, kai bus i\u0161leistas, toliau atliks saugos patikr\u0105. Jei patikrinimo metu bus aptikta saugumo sprag\u0173, komanda stengsis greitai surasti ir pa\u0161alinti problem\u0105.<\/p>\n\n\n\n<h5 class=\"wp-block-heading\">5. Atsigauti<\/h5>\n\n\n\n<h6 class=\"wp-block-heading\"><strong>(1) Atk\u016brimo planai<\/strong><\/h6>\n\n\n\n<p>Saugumo gedimams pa\u0161alinti yra sukurti atk\u016brimo planai, kurie vykdomi remiantis i\u0161samiais ir i\u0161samiais trik\u010di\u0173 \u0161alinimo vadove para\u0161ytais veiksmais, leid\u017eian\u010diais grei\u010diau atkurti.<\/p>\n\n\n\n<h6 class=\"wp-block-heading\"><strong>(2) In\u017einieri\u0173 komanda nuolat stengiasi gerinti stabilum\u0105 ir suformuluoti naujos rizikos sprendim\u0105<\/strong><\/h6>\n\n\n\n<p>bitwallet komand\u0105 sudaro \u0161ifravimo specialistai, profesional\u016bs asmenys ir suman\u016bs in\u017einieriai, kovojantys su netik\u0117ta rizika naudojant naujausias technologijas.<\/p>\n\n\n\n<h6 class=\"wp-block-heading\"><strong>(3) Pagerinti saugumo reagavimo proces\u0105<\/strong><\/h6>\n\n\n\n<p>Jei kelioms \u012fmon\u0117ms sugenda bendras saugumas, informacija bus i\u0161saugota ir archyvuojama, kad b\u016bt\u0173 galima dalytis siekiant pagerinti duomen\u0173 susira\u0161in\u0117jim\u0105. Be to, siekiant pa\u0161alinti saugumo pa\u017eeidimus, reagavimo procesas nuolat per\u017ei\u016brimas ir tobulinamas.<\/p>\n\n\n\n<h4 class=\"wp-block-heading\"><strong>Diegimo pakopos<\/strong><\/h4>\n\n\n\n<p>Pakopos atspindi, kaip organizacija \u012fgyvendina pagrindines funkcijas ir valdo savo rizik\u0105. bitwallet siekia pasiekti auk\u0161\u010diausi\u0105 pakop\u0105 su patobulintu valdymo procesu.<\/p>\n\n\n\n<h5 class=\"wp-block-heading\">1. Rizikos valdymo procesas<\/h5>\n\n\n\n<p>bitwallet saugumo rizikos valdymo priemones patvirtina vadovyb\u0117 ir jos nustatomos kaip politika. M\u016bs\u0173 komanda saugos priemones skirs kaip did\u017eiausi\u0105 prioritet\u0105.<\/p>\n\n\n\n<h5 class=\"wp-block-heading\">2. Integruota rizikos valdymo programa<\/h5>\n\n\n\n<p>Visi bitwallet darbuotojai, dalyvaujantys rizikos valdyme, yra susij\u0119 su kibernetinio saugumo informacija.<\/p>\n\n\n\n<h4 class=\"wp-block-heading\"><strong>Framework Profilis<\/strong><\/h4>\n\n\n\n<p>Profilis, padedantis bitwallet sudaryti kibernetinio saugumo rizikos ma\u017einimo plan\u0105 ir apra\u0161yti m\u016bs\u0173 esam\u0105 b\u016bkl\u0119, pageidaujam\u0105 tikslin\u0119 b\u016bsen\u0105 ir rizikos valdymo proces\u0105.<\/p>\n\n\n\n<p>bitwallet yra pagr\u012fstas Jungtini\u0173 Valstij\u0173 vykdomuoju \u012fsakymu \u201eKritin\u0117s infrastrukt\u016bros kibernetinio saugumo gerinimo sistema\u201c ir sujungia geriausi\u0105 pramon\u0117s praktik\u0105 i\u0161 tarptautin\u0117s perspektyvos.<\/p>\n\n\n\n<hr class=\"wp-block-separator has-alpha-channel-opacity\"\/>\n\n\n\n<p>Papildomos s\u0105lygos<\/p>\n\n\n\n<p>Rodomas mokestis prasid\u0117s nuo 2018 m. liepos 1 d.<\/p>\n\n\n\n<p>Per\u017ei\u016bra<\/p>\n\n\n\n<p>2.5 veikimo patikrinimas (1) asmenuk\u0117s pateikimas buvo per\u017ei\u016br\u0117tas 2018 m. rugpj\u016b\u010dio 1 d.<br>1. Identifikavimas buvo per\u017ei\u016br\u0117tas 2022 m. sausio 21 d.<\/p>\n<\/div>\n\n\n\n<div class=\"wp-block-cover alignwide is-light help\"><span aria-hidden=\"true\" class=\"wp-block-cover__background has-background-dim-0 has-background-dim\"><\/span><img loading=\"lazy\" decoding=\"async\" width=\"2048\" height=\"336\" class=\"wp-block-cover__image-background wp-image-289\" alt=\"\" src=\"https:\/\/bitwallet.com\/wp-content\/uploads\/2023\/06\/mv-support-jpg.webp\" style=\"object-position:50% 50%\" data-object-fit=\"cover\" data-object-position=\"50% 50%\"\/><div class=\"wp-block-cover__inner-container has-global-padding is-layout-constrained wp-block-cover-is-layout-constrained\">\n<p class=\"has-large-font-size translation-block\"><strong>Ar tau reikia pagalbos?<\/strong><br> <strong>Esame \u010dia, kad pad\u0117tume.<\/strong><\/p>\n\n\n\n<p class=\"translation-block\">M\u016bs\u0173 palaikymo komanda yra pasiry\u017eusi jums tarnauti.<br> Susisiekite su mumis, jei turite klausim\u0173 d\u0117l m\u016bs\u0173 paslaug\u0173.<\/p>\n\n\n\n<div class=\"wp-block-buttons is-layout-flex wp-block-buttons-is-layout-flex\">\n<div class=\"wp-block-button\"><a class=\"wp-block-button__link wp-element-button\" href=\"\/lt\/support\/contact\/\">Susisiekite su mumis<\/a><\/div>\n<\/div>\n<\/div><\/div>","protected":false},"excerpt":{"rendered":"<p>bitwallet saugumo priemon\u0117s bitwallet (\u201eBitwallet Service Group\u201c) yra pirmaujanti mok\u0117jimo paslaug\u0173 teik\u0117ja, u\u017etikrinanti auk\u0161t\u0105 saugumo lyg\u012f tiek prisijungus, tiek neprisijungus, kad klient\u0173 l\u0117\u0161os b\u016bt\u0173 saugios ir apsaugotos m\u016bs\u0173 platformoje. M\u016bs\u0173 misija yra nuolat siekti saugumo gerinimo, kartu u\u017etikrinant intuityvi\u0105 nar\u0161ymo patirt\u012f visiems vartotojams. Komanda tiki, kad suk\u016brus geresn\u012f saugum\u0105 m\u016bs\u0173 platformoje, tai sustiprins m\u016bs\u0173 klient\u0173 ir m\u016bs\u0173 pasitik\u0117jim\u0105. M\u016bs\u0173 komanda rimtai imasi apsaugos priemoni\u0173 nuo suk\u010diavimo ir neteis\u0117to naudojimo. Siekiant u\u017etikrinti, kad m\u016bs\u0173 platformoje b\u016bt\u0173 laikomasi tarptautini\u0173 atitikties standart\u0173, buvo \u012fdiegti tokie reglamentai kaip AML (Kovos su pinig\u0173 plovimu), KYC (Know Your Customer Identity Verification) ir kt. Per\u017ei\u016br\u0117kite\u2026<\/p>","protected":false},"author":5,"featured_media":0,"parent":32,"menu_order":21,"comment_status":"closed","ping_status":"closed","template":"","meta":{"footnotes":""},"class_list":["post-927","page","type-page","status-publish","hentry"],"_links":{"self":[{"href":"https:\/\/bitwallet.com\/lt\/wp-json\/wp\/v2\/pages\/927","targetHints":{"allow":["GET"]}}],"collection":[{"href":"https:\/\/bitwallet.com\/lt\/wp-json\/wp\/v2\/pages"}],"about":[{"href":"https:\/\/bitwallet.com\/lt\/wp-json\/wp\/v2\/types\/page"}],"author":[{"embeddable":true,"href":"https:\/\/bitwallet.com\/lt\/wp-json\/wp\/v2\/users\/5"}],"replies":[{"embeddable":true,"href":"https:\/\/bitwallet.com\/lt\/wp-json\/wp\/v2\/comments?post=927"}],"version-history":[{"count":26,"href":"https:\/\/bitwallet.com\/lt\/wp-json\/wp\/v2\/pages\/927\/revisions"}],"predecessor-version":[{"id":4648,"href":"https:\/\/bitwallet.com\/lt\/wp-json\/wp\/v2\/pages\/927\/revisions\/4648"}],"up":[{"embeddable":true,"href":"https:\/\/bitwallet.com\/lt\/wp-json\/wp\/v2\/pages\/32"}],"wp:attachment":[{"href":"https:\/\/bitwallet.com\/lt\/wp-json\/wp\/v2\/media?parent=927"}],"curies":[{"name":"wp","href":"https:\/\/api.w.org\/{rel}","templated":true}]}}