{"id":922,"date":"2023-09-13T16:55:29","date_gmt":"2023-09-13T07:55:29","guid":{"rendered":"https:\/\/bitwallet.com\/?page_id=922"},"modified":"2024-03-25T15:11:00","modified_gmt":"2024-03-25T06:11:00","slug":"status","status":"publish","type":"page","link":"https:\/\/bitwallet.com\/lt\/service\/status\/","title":{"rendered":"Paskyros b\u016bsena"},"content":{"rendered":"<div class=\"wp-block-cover alignwide header\"><span aria-hidden=\"true\" class=\"wp-block-cover__background has-black-background-color has-background-dim-0 has-background-dim\"><\/span><img loading=\"lazy\" decoding=\"async\" width=\"2000\" height=\"360\" class=\"wp-block-cover__image-background wp-image-1127\" alt=\"\" src=\"https:\/\/bitwallet.com\/wp-content\/uploads\/2023\/09\/mv-serive_status-jpg.webp\" data-object-fit=\"cover\"\/><div class=\"wp-block-cover__inner-container has-global-padding is-layout-constrained wp-block-cover-is-layout-constrained\">\n<h1 class=\"wp-block-heading has-text-align-left effect00\">Paskyros b\u016bsena<\/h1>\n\n\n\n<p class=\"effect00 fadeTimeA\">Kai naudojate, galite gauti daugiau papildom\u0173 funkcij\u0173<\/p>\n<\/div><\/div>\n\n\n\n<h2 class=\"wp-block-heading has-text-align-left effect00\">Paskyros b\u016bsena<\/h2>\n\n\n\n<p>Atnaujinkite paskyros b\u016bsen\u0105, kai \u012fkelsite reikiamus tapatyb\u0117s patvirtinimo dokumentus. I\u0161pl\u0117skite daugiau papildom\u0173 funkcij\u0173. M\u0117gaukit\u0117s \u012fne\u0161imo ir i\u0161\u0117mimo mokes\u010diais u\u017e pus\u0119 tarifo, kai kaupiate s\u0105skaitos naudojim\u0105.<\/p>\n\n\n\n<p>Paskyros b\u016bsena pasikeis, kai naudosite per metus. Jums bus suteikta daugiau papildom\u0173 funkcij\u0173 ir privilegij\u0173.<\/p>\n\n\n\n<div class=\"wp-block-group box account-status effect00 fadeTimeB has-global-padding is-layout-constrained wp-block-group-is-layout-constrained\">\n<h3 class=\"wp-block-heading\">Per\u017ei\u016br\u0117kite paskyros b\u016bsen\u0105<\/h3>\n\n\n\n<h4 class=\"wp-block-heading\">Registracijos b\u016bsena ir naudojimas<\/h4>\n\n\n\n<div class=\"tblScrl\">\n<!-- table start -->\n<div class=\"statusTable01 statusTable01Information01 spaceCommon04\">\n\n<!-- table header start -->\n<div class=\"flexCommon01 statusTable01Header01 statusTable01Layout01\">\n<div class=\"statusTrial01\">\n<p class=\"statusTable01Header01Name01\">Teismo procesas<\/p>\n<p class=\"statusTable01Header01Txt01\">\nJ\u016bs\u0173 paskyra u\u017eregistruota. Paskyros b\u016bsena bus atnaujinta, jei pateiksite patvirtinimo dokumentus.\n<\/p>\n<\/div>\n<div class=\"statusBasic01\">\n<p class=\"statusTable01Header01Name01\">Pagrindinis<\/p>\n<p class=\"statusTable01Header01Txt01\">\n\u012ek\u0117l\u0119 visus patvirtinimo dokumentus m\u0117gaukit\u0117s visomis bitwallet funkcijomis.\n<\/p>\n<\/div>\n<div class=\"statusPro01\">\n<p class=\"statusTable01Header01Name01\">Pro<\/p>\n<p class=\"statusTable01Header01Txt01 translation-block\">Naudotojai, turintys fiksuot\u0105 ind\u0117l\u012f, gali atsiimti su 25% ma\u017eiau nei \u012fprastas mokestis. <span class=\"pl10 fs07\">(\u203b1)<\/span><\/p>\n<\/div>\n<div class=\"statusUnlimited01\">\n<p class=\"statusTable01Header01Name01\"><span class=\"only-en\">Neribota<\/span><span class=\"only-ja\">\u30a2\u30f3\u30ea\u30df\u30c6\u30c3\u30c9<\/span><\/p>\n<p class=\"statusTable01Header01Txt01 translation-block\">Naudodami daugiau, m\u0117gaukit\u0117s dar 50% ma\u017eesniu i\u0161\u0117mimo mokes\u010diu. <span class=\"pl10 fs07\">(\u203b1)<\/span><\/p>\n<\/div>\n<\/div>\n<!-- table header end -->\n\n<!-- table body start -->\n<div class=\"statusTable01Body01 statusTable01Layout01\">\n<div class=\"statusTable01Body01Inner01 statusTable01Layout01\">\n<div class=\"statusTable01Body01Inner02 statusTable01Layout01\">\n<div class=\"statusTable01Body01Inner03 statusTable01Layout01\">\n\n<ul class=\"listLayout30\">\n\n<!-- table tbody start -->\n<li class=\"statusTable01Tbody01\">\n\n<!-- table tbody chapter start -->\n<p class=\"statusTable01Tbody01Name02 chapterCommon01 styleA fcBlue01\">\nPatvirtinimo dokument\u0173 pateikimas\n<\/p>\n<!-- table tbody chapter end -->\n\n<ul class=\"listLayout15\">\n\n<!-- table tr start -->\n<li class=\"statusTable01Tr01\">\n<div class=\"statusTable01Tr01Name01\"><p>\nAsmeninio asmens tapatyb\u0117s patvirtinimas baigtas\n<\/p><\/div>\n<p class=\"statusTable01Td01 tdColspan3 tdStart2\"><\/p>\n<\/li>\n<!-- table tr end -->\n\n<!-- table tr start -->\n<li class=\"statusTable01Tr01\">\n<div class=\"statusTable01Tr01Name01\"><p>\nU\u017ebaigto esamo gyvenamojo b\u016bsto patikrinimo \u012frodymas (i\u0161duotas per 3 m\u0117nesius)\n<\/p><\/div>\n<p class=\"statusTable01Td01 tdColspan3 tdStart2\"><\/p>\n<\/li>\n<!-- table tr end -->\n\n<\/ul>\n\n<\/li>\n<!-- table tbody end -->\n\n<!-- table tbody start -->\n<li class=\"statusTable01Tbody01\">\n\n<!-- table tbody chapter start -->\n<p class=\"chapterCommon01 styleA fcBlue01 mb15\">\n<span class=\"only-en\">Saugumas<\/span><span class=\"only-ja\">\u30bb\u30ad\u30e5\u30ea\u30c6\u30a3<\/span>\n<\/p>\n<!-- table tbody chapter end -->\n\n<ul class=\"listLayout15\">\n\n<!-- table tr start -->\n<li class=\"statusTable01Tr01\">\n<div class=\"statusTable01Tr01Name01\"><p>\nS\u0117kmingai baigtas dviej\u0173 veiksni\u0173 autentifikavimas naudojant prieigos rakt\u0105\n<\/p><\/div>\n<p class=\"statusTable01Td01 tdColspan3 tdStart2\"><\/p>\n<\/li>\n<!-- table tr end -->\n\n<\/ul>\n\n<\/li>\n<!-- table tbody end -->\n\n<!-- table tbody start -->\n<li class=\"statusTable01Tbody01\">\n\n<!-- table tbody chapter start -->\n<p class=\"chapterCommon01 styleA fcBlue01 mb15\">\nNaudojimas\n<\/p>\n<!-- table tbody chapter end -->\n\n<ul class=\"listLayout15\">\n\n<!-- table tr start -->\n<li class=\"statusTable01Tr01\">\n<div class=\"statusTable01Tr01Name01\"><p>\nInd\u0117lio suma per metus\n<\/p><\/div>\n<p class=\"statusTable01Td01 tdColspan1 tdStart3\">\n10 000 USD ir daugiau\n<\/p>\n<p class=\"statusTable01Td01 tdColspan1 tdStart4\">\n30 000 USD ir daugiau\n<\/p>\n<\/li>\n<!-- table tr end -->\n\n<!-- table tr start -->\n<li class=\"statusTable01Tr01\">\n<div class=\"statusTable01Tr01Name01\"><p>\n\u012emok\u0117jimo, i\u0161\u0117mimo ir siuntimo operacijos per metus\n<\/p><\/div>\n<p class=\"statusTable01Td01 tdColspan1 tdStart3\">\n10 ir daugiau kart\u0173\n<\/p>\n<p class=\"statusTable01Td01 tdColspan1 tdStart4\">\n30 ir daugiau kart\u0173\n<\/p>\n<\/li>\n<!-- table tr end -->\n\n<\/ul>\n\n<\/li>\n<!-- table tbody end -->\n\n<\/ul>\n\n<\/div>\n<\/div>\n<\/div>\n<\/div>\n<!-- table body end -->\n\n<\/div>\n<!-- table end -->\n<\/div>\n\n\n\n<ul class=\"note kome wp-block-list\">\n<li>Nuolaida taikoma tik fiksuotam i\u0161\u0117mimo mokes\u010diui.<\/li>\n<\/ul>\n\n\n\n<h4 class=\"wp-block-heading\">Galimos paslaugos<\/h4>\n\n\n\n<div class=\"tblScrl\">\n<!-- table start -->\n<div class=\"statusTable01 statusTable01Service01 spaceCommon04\">\n\n<!-- table header start -->\n<div class=\"flexCommon01 statusTable01Header01 statusTable01Layout01\">\n<div class=\"statusTrial01\">\n<p class=\"statusTable01Header01Name02\">Teismo procesas<span class=\"pl10 fs07\">(\u203b)<\/span><\/p>\n<\/div>\n<div class=\"statusBasic01\">\n<p class=\"statusTable01Header01Name02\">Pagrindinis<\/p>\n<\/div>\n<div class=\"statusPro01\">\n<p class=\"statusTable01Header01Name02\">Pro<\/p>\n<\/div>\n<div class=\"statusUnlimited01\">\n<p class=\"statusTable01Header01Name02\"><span class=\"only-en\">Neribota<\/span><span class=\"only-ja\">\u30a2\u30f3\u30ea\u30df\u30c6\u30c3\u30c9<\/span><\/p>\n<\/div>\n<\/div>\n<!-- table header end -->\n\n<!-- table body start -->\n<div class=\"statusTable01Body01 statusTable01Layout01\">\n<div class=\"statusTable01Body01Inner01 statusTable01Layout01\">\n<div class=\"statusTable01Body01Inner02 statusTable01Layout01\">\n<div class=\"statusTable01Body01Inner03 statusTable01Layout01\">\n\n<ul class=\"listLayout30\">\n\n<!-- table tbody start -->\n<li class=\"statusTable01Tbody01\">\n\n<!-- table tbody chapter start -->\n<p class=\"statusTable01Tbody01Name01 chapterCommon01 styleA fcBlue01\">\n<span class=\"only-en\">U\u017estatas<\/span><span class=\"only-ja\">\u3054\u5165\u91d1<\/span>\n<\/p>\n<!-- table tbody chapter end -->\n\n<ul class=\"listLayout15\">\n\n<!-- table tr start -->\n<li class=\"statusTable01Tr01\">\n<div class=\"statusTable01Tr01Name01\"><p>\nInd\u0117liai visomis kredito \/ debeto kortel\u0117mis\n<span class=\"pl10 fs07\">(\u203b1)<\/span><\/p><\/div>\n<p class=\"statusTable01Td01 tdColspan1 tdStart2\">\nRiba 25 000 USD \/ m\u0117n\n<\/p>\n<p class=\"statusTable01Td01 tdColspan1 tdStart3\">\nRiba 50 000 USD \/ m\u0117n\n<\/p>\n<p class=\"statusTable01Td01 tdColspan1 tdStart4\">Neribota<\/p>\n<\/li>\n<!-- table tr end -->\n\n<!-- table tr start -->\n<li class=\"statusTable01Tr01\">\n<div class=\"statusTable01Tr01Name01\"><p>\nU\u017estatas banko pavedimu\n<\/p><\/div>\n<p class=\"statusTable01Td01 tdColspan3 tdStart2\">Neribota<\/p>\n<\/li>\n<!-- table tr end -->\n\t\n<\/ul>\n\n<\/li>\n<!-- table tbody end -->\n\n<!-- table tbody start -->\n<li class=\"statusTable01Tbody01\">\n\n<!-- table tbody chapter start -->\n<p class=\"chapterCommon01 styleA fcBlue01 mb15\">\n<span class=\"only-en\">Atsitraukti<\/span><span class=\"only-ja\">\u3054\u51fa\u91d1<\/span>\n<\/p>\n<!-- table tbody chapter end -->\n\n<ul class=\"listLayout15\">\n\n<!-- table tr start -->\n<li class=\"statusTable01Tr01\">\n<div class=\"statusTable01Tr01Name01\"><p>\nI\u0161siimti banko pavedimu<\/p><\/div>\n<p class=\"statusTable01Td01 tdColspan1 tdStart2\">Neribota<span class=\"fs07\">(\u203b2)<\/span><\/p>\n<p class=\"statusTable01Td01 tdColspan1 tdStart3\">\nNeribota<span class=\"fs07\">(\u203b2)<\/span> &amp; 25% ma\u017eesnis mokestis\n<\/p>\n<p class=\"statusTable01Td01 tdColspan1 tdStart4\">\nNeribota<span class=\"fs07\">(\u203b2)<\/span> &amp; 50% ma\u017eesnis mokestis\n<\/p>\n<\/li>\n<!-- table tr end -->\n\n<\/ul>\n\n<\/li>\n<!-- table tbody end -->\n\n<!-- table tbody start -->\n<li class=\"statusTable01Tbody01\">\n\n<!-- table tbody chapter start -->\n<p class=\"chapterCommon01 styleA fcBlue01 mb15\">\n<span class=\"only-en\">Mok\u0117jimas<\/span><span class=\"only-ja\">\u304a\u652f\u6255<\/span>\n<\/p>\n<!-- table tbody chapter end -->\n\n<ul class=\"listLayout15\">\n\n<!-- table tr start -->\n<li class=\"statusTable01Tr01\">\n<div class=\"statusTable01Tr01Name01\"><p>\nSi\u0173skite valiut\u0105 tarp bitwallet vartotoj\u0173\n<\/p><\/div>\n<p class=\"statusTable01Td01 tdColspan3 tdStart2\">Neribota<\/p>\n<\/li>\n<!-- table tr end -->\n\n<\/ul>\n\n<\/li>\n<!-- table tbody end -->\n\n<!-- table tbody start -->\n<li class=\"statusTable01Tbody01\">\n\n<!-- table tbody chapter start -->\n<p class=\"chapterCommon01 styleA fcBlue01 mb15\">\n<span class=\"only-en\">Mainai<\/span><span class=\"only-ja\">\u4e21\u66ff<\/span>\n<\/p>\n<!-- table tbody chapter end -->\n\n<ul class=\"listLayout15\">\n\n<!-- table tr start -->\n<li class=\"statusTable01Tr01\">\n<div class=\"statusTable01Tr01Name01\"><p>\nKeitimasis tarp valiut\u0173\n<\/p><\/div>\n<p class=\"statusTable01Td01 tdColspan3 tdStart2\">Neribota<\/p>\n<\/li>\n<!-- table tr end -->\n\n<\/ul>\n\n<\/li>\n<!-- table tbody end -->\n\n<\/ul>\n\n<\/div>\n<\/div>\n<\/div>\n<\/div>\n<!-- table body end -->\n\n<\/div>\n<!-- table end -->\n<\/div>\n\n\n\n<ul class=\"note kome wp-block-list\">\n<li class=\"nonum\">Prieinama ribotoms bitwallet funkcijoms.<\/li>\n<\/ul>\n\n\n\n<ul class=\"note kome wp-block-list\">\n<li>Kai baigsite patvirtinimo proces\u0105 (\u012fkelkite kortel\u0117s vaizd\u0105), gal\u0117site naudoti kortel\u0119.<\/li>\n\n\n\n<li>Asmenin\u0117se (asmenin\u0117se) s\u0105skaitose maksimali i\u0161gryninimo suma yra US$5000 vienu metu ir US$20000 per dien\u0105. I\u0161\u0117mimo s\u0105lygos gali skirtis priklausomai nuo \u0161alies ir valiutos.<\/li>\n\n\n\n<li class=\"only-ja\">\u53d7\u53d6\u4eba\u306f\u3001\u767b\u9332\u306e\u3042\u308b\u6cd5\u4eba\u3082\u3057\u304f\u306f\u500b\u4eba\u4e8b\u696d\u4e3b\u3067\u3001\u30d3\u30b8\u30cd\u30b9\u76ee\u7684\u3067\u306e\u50a0\u76ee\u7684\u3067\u306e\u5408\u306b\u9650\u3089\u308c\u307e\u3059.<\/li>\n<\/ul>\n<\/div>\n\n\n\n<div class=\"wp-block-cover alignwide is-light help\"><span aria-hidden=\"true\" class=\"wp-block-cover__background has-background-dim-0 has-background-dim\"><\/span><img loading=\"lazy\" decoding=\"async\" width=\"2048\" height=\"336\" class=\"wp-block-cover__image-background wp-image-289\" alt=\"\" src=\"https:\/\/bitwallet.com\/wp-content\/uploads\/2023\/06\/mv-support-jpg.webp\" style=\"object-position:50% 50%\" data-object-fit=\"cover\" data-object-position=\"50% 50%\"\/><div class=\"wp-block-cover__inner-container has-global-padding is-layout-constrained wp-block-cover-is-layout-constrained\">\n<p class=\"has-large-font-size translation-block\"><strong>Ar tau reikia pagalbos?<\/strong><br> <strong>Esame \u010dia, kad pad\u0117tume.<\/strong><\/p>\n\n\n\n<p class=\"translation-block\">M\u016bs\u0173 palaikymo komanda yra pasiry\u017eusi jums tarnauti.<br> Susisiekite su mumis, jei turite klausim\u0173 d\u0117l m\u016bs\u0173 paslaug\u0173.<\/p>\n\n\n\n<div class=\"wp-block-buttons is-layout-flex wp-block-buttons-is-layout-flex\">\n<div class=\"wp-block-button\"><a class=\"wp-block-button__link wp-element-button\" href=\"\/lt\/support\/contact\/\">Susisiekite su mumis<\/a><\/div>\n<\/div>\n<\/div><\/div>","protected":false},"excerpt":{"rendered":"<p>Gaukite auk\u0161tesnius paskyros b\u016bsenos lygius ir m\u0117gaukit\u0117s nuolaidomis i\u0161\u0117mimo mokes\u010diams. Lengvai steb\u0117kite savo ind\u0117l\u012f ir operacijas. Prisiregistruokite nemokamai \u0161iandien.<\/p>","protected":false},"author":5,"featured_media":0,"parent":32,"menu_order":19,"comment_status":"closed","ping_status":"closed","template":"","meta":{"footnotes":""},"class_list":["post-922","page","type-page","status-publish","hentry"],"_links":{"self":[{"href":"https:\/\/bitwallet.com\/lt\/wp-json\/wp\/v2\/pages\/922","targetHints":{"allow":["GET"]}}],"collection":[{"href":"https:\/\/bitwallet.com\/lt\/wp-json\/wp\/v2\/pages"}],"about":[{"href":"https:\/\/bitwallet.com\/lt\/wp-json\/wp\/v2\/types\/page"}],"author":[{"embeddable":true,"href":"https:\/\/bitwallet.com\/lt\/wp-json\/wp\/v2\/users\/5"}],"replies":[{"embeddable":true,"href":"https:\/\/bitwallet.com\/lt\/wp-json\/wp\/v2\/comments?post=922"}],"version-history":[{"count":39,"href":"https:\/\/bitwallet.com\/lt\/wp-json\/wp\/v2\/pages\/922\/revisions"}],"predecessor-version":[{"id":4701,"href":"https:\/\/bitwallet.com\/lt\/wp-json\/wp\/v2\/pages\/922\/revisions\/4701"}],"up":[{"embeddable":true,"href":"https:\/\/bitwallet.com\/lt\/wp-json\/wp\/v2\/pages\/32"}],"wp:attachment":[{"href":"https:\/\/bitwallet.com\/lt\/wp-json\/wp\/v2\/media?parent=922"}],"curies":[{"name":"wp","href":"https:\/\/api.w.org\/{rel}","templated":true}]}}