{"id":80,"date":"2023-05-10T16:18:02","date_gmt":"2023-05-10T07:18:02","guid":{"rendered":"https:\/\/bitwallet.com\/?page_id=80"},"modified":"2026-01-08T10:28:41","modified_gmt":"2026-01-08T01:28:41","slug":"handling-fee","status":"publish","type":"page","link":"https:\/\/bitwallet.com\/lt\/service\/handling-fee\/","title":{"rendered":"Visi mokes\u010diai"},"content":{"rendered":"<div class=\"wp-block-cover alignwide header\"><img loading=\"lazy\" decoding=\"async\" width=\"2000\" height=\"360\" class=\"wp-block-cover__image-background wp-image-92\" alt=\"\" src=\"https:\/\/bitwallet.com\/wp-content\/uploads\/2023\/05\/handlingfee_visual01-jpg.webp\" data-object-fit=\"cover\"\/><span aria-hidden=\"true\" class=\"wp-block-cover__background has-black-background-color has-background-dim-0 has-background-dim\"><\/span><div class=\"wp-block-cover__inner-container has-global-padding is-layout-constrained wp-block-cover-is-layout-constrained\">\n<h1 class=\"wp-block-heading has-text-align-left effect00\">Visi mokes\u010diai<\/h1>\n\n\n\n<p class=\"effect00 fadeTimeA\">Taikom\u0173 mokes\u010di\u0173 s\u0105ra\u0161as<\/p>\n<\/div><\/div>\n\n\n\n<h2 class=\"wp-block-heading effect00\">Mokes\u010diai u\u017e skirting\u0173 tip\u0173 s\u0105skaitas<\/h2>\n\n\n\n<p>\u0160ie mokes\u010diai bus taikomi pagal j\u016bs\u0173 paskyros tipus (asmenin\u0117, verslo ir prekybininko paskyra), kai naudojat\u0117s m\u016bs\u0173 bitwallet paslaugomis.<\/p>\n\n\n\n<div class=\"wp-block-group box effect00 fadeTimeB has-global-padding is-layout-constrained wp-block-group-is-layout-constrained\">\n<h3 class=\"wp-block-heading\">Taikom\u0173 mokes\u010di\u0173 s\u0105ra\u0161as<\/h3>\n\n\n\n<h4 class=\"wp-block-heading only-en\">PARUO\u0160TI MOK\u0116JIM\u0104<\/h4>\n\n\n\n<h4 class=\"wp-block-heading only-ja\">\u304a\u652f\u6255\u6e96\u5099<\/h4>\n\n\n\n<div class=\"wp-block-group tblScrl has-global-padding is-layout-constrained wp-block-group-is-layout-constrained\">\n<table style=\"width: 100%; height: 64px;\">\n<tbody>\n<tr style=\"height: 41px;\">\n<th class=\"w30p\" style=\"height: 41px;\"><span class=\"only-en\">Metodas<\/span><span class=\"only-ja\">\u65b9\u6cd5<span><\/th>\n<th class=\"w20p\" style=\"height: 41px;\">Kanalas<\/th>\n<th class=\"w25p bl translation-block\" style=\"height: 41px;\">Asmeninis\/verslas<br> s\u0105skaita<\/th>\n<th class=\"w25p bl translation-block\" style=\"height: 41px;\">Prekybininkas<br> s\u0105skaita<\/th>\n<\/tr>\n<tr style=\"height: 23px;\">\n<td style=\"height: 23px;\" class=\"translation-block\">Pavedimas <sub>(\u203b1)<\/sub><\/td>\n<td style=\"height: 23px;\" class=\"translation-block\">per \u012fvairius vietinius bankus <sub>(\u203b2)<\/sub><\/td>\n<td style=\"height: 23px;\" colspan=\"2\">Nuo $0, priklausomai nuo \u0161alies<sub>(\u203b2)<\/sub><\/td>\n<\/tr>\n<\/tbody>\n<\/table>\n<\/div>\n\n\n\n<ul class=\"wp-block-list note kome\">\n<li>U\u017e banko pavedim\u0105 arba tarpininko banko pavedim\u0105 taikomi papildomi mokes\u010diai.<\/li>\n\n\n\n<li>Daugiau informacijos rasite prisijung\u0119 prie savo paskyros.<\/li>\n<\/ul>\n\n\n\n<h4 class=\"wp-block-heading only-en\">MOK\u0116JIMAS<\/h4>\n\n\n\n<h4 class=\"wp-block-heading only-ja\">\u304a\u652f\u6255<\/h4>\n\n\n\n<div class=\"wp-block-group tblScrl has-global-padding is-layout-constrained wp-block-group-is-layout-constrained\">\n<table style=\"width: 100%; height: 128px;\">\n<tbody>\n<tr style=\"height: 20px;\">\n<th class=\"w30p\" style=\"height: 20px;\">Metodas<\/th>\n<th class=\"w20p\" style=\"height: 20px;\">Prek\u0117s \u017eenklas\/valiuta<\/th>\n<th class=\"w25p bl translation-block\" style=\"height: 20px;\">Asmeninis\/verslas<br> s\u0105skaita<\/th>\n<th class=\"w25p bl translation-block\" style=\"height: 20px;\">Prekybininkas<br> s\u0105skaita<\/th>\n<\/tr>\n<tr style=\"height: 88px;\">\n<td style=\"height: 88px;\">bitwallet mok\u0117jimas<\/td>\n<td style=\"height: 88px;\">Visos galimos valiutos<\/td>\n<td style=\"height: 88px;\" colspan=\"2\">\n<p>Net $0<\/p>\n<\/td>\n<\/tr>\n<tr style=\"height: 20px;\">\n<td style=\"height: 20px;\">Kreditin\u0117 \/ debetin\u0117 kortel\u0117<\/td>\n<td style=\"height: 20px;\">Visos pagrindin\u0117s kortel\u0117s<\/td>\n<td style=\"height: 20px;\" colspan=\"2\">Priklausomai nuo kortel\u0117s prek\u0117s \u017eenklo<\/td>\n<\/tr>\n<\/tbody>\n<\/table>\n<\/div>\n\n\n\n<h4 class=\"wp-block-heading only-en\">GAUTI MOK\u0116JIM\u0104<\/h4>\n\n\n\n<h4 class=\"wp-block-heading only-ja\">\u304a\u53d7\u53d6<\/h4>\n\n\n\n<div class=\"wp-block-group tblScrl has-global-padding is-layout-constrained wp-block-group-is-layout-constrained\">\n<table style=\"width: 100%; height: 222px;\">\n<tbody>\n<tr style=\"height: 62px;\">\n<th class=\"w30p\" style=\"height: 62px;\">Metodas<\/th>\n<th class=\"w20p\" style=\"height: 62px;\"><span class=\"only-en\">Valiuta<\/span><span class=\"only-ja\">\u901a\u8ca8<\/span><\/th>\n<th class=\"w30p\" style=\"height: 62px;\">Rinkliava<\/th>\n<th class=\"w20p\" style=\"height: 62px;\"><span class=\"only-en\">Minimalus<br>mok\u0117jimas<br>suma<\/span><span class=\"only-ja\">\u304a\u53d7\u53d6\u6700\u4f4e\u91d1\u984d<\/span><\/th>\n<\/tr>\n<tr style=\"height: 20px;\">\n<td style=\"height: 80px;\" rowspan=\"4\" class=\"translation-block\">Pavedimas u\u017e<br> asmenys<br> <sub>(\u203b1)<\/sub><\/td>\n<td style=\"height: 20px;\">USD<\/td>\n<td style=\"height: 80px;\" rowspan=\"4\" class=\"translation-block\">USD 10 arba lygiavert\u0117 suma, priklausomai nuo \u0161alies <sub>(\u203b2)<\/sub><\/td>\n<td style=\"height: 20px;\">USD 10<\/td>\n<\/tr>\n<tr style=\"height: 20px;\">\n<td class=\"notfC\" style=\"height: 20px;\">EUR<\/td>\n<td style=\"height: 20px;\">EUR 10<\/td>\n<\/tr>\n<tr style=\"height: 20px;\">\n<td class=\"notfC\" style=\"height: 20px;\">JPY<\/td>\n<td style=\"height: 20px;\">JPY 1000<\/td>\n<\/tr>\n<tr style=\"height: 20px;\">\n<td class=\"notfC\" style=\"height: 20px;\">AUD<\/td>\n<td style=\"height: 20px;\">AUD 10<\/td>\n<\/tr>\n<tr style=\"height: 20px;\">\n<td class=\"lRfC translation-block\" style=\"height: 80px;\" rowspan=\"4\">Pavedimas<br> verslui <sub>(\u203b1)<\/sub><\/td>\n<td style=\"height: 20px;\">USD<\/td>\n<td style=\"height: 80px;\" rowspan=\"4\" class=\"translation-block\">0,8% ir ir toliau, priklauso nuo verslo tipo <sub>(\u203b2)<\/sub> ir <sub>\uff08\u203b3)<\/sub><\/td>\n<td style=\"height: 20px;\">USD 10<\/td>\n<\/tr>\n<tr style=\"height: 20px;\">\n<td class=\"notfC\" style=\"height: 20px;\">EUR<\/td>\n<td style=\"height: 20px;\">EUR 10<\/td>\n<\/tr>\n<tr style=\"height: 20px;\">\n<td class=\"notfC\" style=\"height: 20px;\">JPY<\/td>\n<td style=\"height: 20px;\">JPY 1000<\/td>\n<\/tr>\n<tr style=\"height: 20px;\">\n<td class=\"notfC\" style=\"height: 20px;\">AUD<\/td>\n<td style=\"height: 20px;\">AUD 10<\/td>\n<\/tr>\n<\/tbody>\n<\/table>\n<\/div>\n\n\n\n<ul class=\"wp-block-list note kome\">\n<li>U\u017e banko pavedim\u0105 arba tarpininko banko pavedim\u0105 taikomi papildomi mokes\u010diai.<\/li>\n\n\n\n<li>Daugiau informacijos rasite prisijung\u0119 prie savo paskyros.<\/li>\n\n\n\n<li>D\u0117l verslo s\u0105skaitos ir prekybininko s\u0105skaitos mokes\u010di\u0173 atsi\u0173skite mums u\u017eklaus\u0105 prisijung\u0119 prie savo paskyros.<\/li>\n\n\n\n<li class=\"only-ja nothonyaku\" data-no-translation=\"\">\u53d7\u53d6\u9280\u884c\u307e\u305f\u306f\u4e2d\u7d99\u9280\u884c\u306b\u3088\u3063\u3066\u306f10\u65e5\u4ee5\u4e0a\u304b\u304b\u308b\u5834\u5408\u3082\u3054\u3056\u3044\u307e\u3059\u3002<\/li>\n\n\n\n<li class=\"nonum\">Siekiant u\u017ekirsti keli\u0105 suk\u010diavimui, pavyzd\u017eiui, pinig\u0173 plovimui, piktnaud\u017eiavimui kreditine kortele ir gryn\u0173j\u0173 pinig\u0173 avansu, mok\u0117jimas ir \u012fna\u0161as, atliktas kredito kortele ir i\u0161ankstinio mok\u0117jimo kortele per m\u0117nes\u012f, bus atid\u017eiai per\u017ei\u016brimi ir pervedami \u012f gav\u0117jo banko s\u0105skait\u0105 bitwallet nuo\u017ei\u016bra. Apdorojimui gali prireikti papildomo laiko.<\/li>\n\n\n\n<li class=\"nonum translation-block\">Negalite pervesti pinig\u0173 \u012f bankus \u0161iose \u0161alyse, kuriose draud\u017eiami pinig\u0173 pervedimai.<br> Kai kurios \u0161alys, ne\u012ftrauktos \u012f \u0161\u012f s\u0105ra\u0161\u0105, bus per\u017ei\u016brimos kiekvienu atveju atskirai.<br> Afganistanas, Beninas, Boneras, Burundis, Centrin\u0117s Afrikos Respublika, \u010cadas, Kongas, Krymas, Kuba, D\u017eibutis, Pusiaujo Gvin\u0117ja, Eritr\u0117ja, Gabonas, Gambija, Gvin\u0117ja, Bisau Gvin\u0117ja, Gajana, Iranas, Irakas, Kazachstanas, Kirgizijos Respublika, Liaudies Democijos Respublika, Lao, Liberija Malavis, Malis, Mauritanija, Montseratas, Mianmaras, Nauru, Nigeris, Norfolko sala, \u0160iaur\u0117s Kor\u0117ja, Palau, Papua Naujoji Gvin\u0117ja, Sent Bartelemio sala, Sent Kitsas ir Nevis, Sent Martinas, Sint Marteno sala, Siera Leon\u0117, Sudanas (\u0161iaur\u0117 ir piet\u016bs), Ryt\u0173 Turkm\u0117nija, Uzstanas, Turkm\u0117nistas, Uzstanas, Tozorb\u0117 Sachara, Jemenas, Rusija, Peru, Piet\u0173 Afrika, Banglade\u0161as, Gruzija<\/li>\n<\/ul>\n\n\n\n<h4 class=\"wp-block-heading only-en\">KEITIMAI<\/h4>\n\n\n\n<h4 class=\"wp-block-heading only-ja\">\u4e21\u66ff<\/h4>\n\n\n\n<div class=\"wp-block-group tblScrl has-global-padding is-layout-constrained wp-block-group-is-layout-constrained\">\n<table style=\"width: 100%; height: 61px;\">\n<tbody>\n<tr style=\"height: 41px;\">\n<th class=\"w50p\" style=\"height: 41px;\">Metodas<\/th>\n<th class=\"w25p bl translation-block\" style=\"height: 41px;\">Asmeninis\/verslas<br> s\u0105skaita<\/th>\n<th class=\"w25p bl translation-block\" style=\"height: 41px;\">Prekybininkas<br> s\u0105skaita<\/th>\n<\/tr>\n<tr style=\"height: 20px;\">\n<td style=\"height: 20px;\">Valiutos keitykla<\/td>\n<td style=\"height: 20px;\" colspan=\"2\">Prisijung\u0119 prie paskyros \u017ei\u016br\u0117kite valiutos kurs\u0105<\/td>\n<\/tr>\n<\/tbody>\n<\/table>\n<\/div>\n<\/div>\n\n\n\n<div class=\"wp-block-cover alignwide is-light help\"><span aria-hidden=\"true\" class=\"wp-block-cover__background has-background-dim-0 has-background-dim\"><\/span><img loading=\"lazy\" decoding=\"async\" width=\"2048\" height=\"336\" class=\"wp-block-cover__image-background wp-image-289\" alt=\"\" src=\"https:\/\/bitwallet.com\/wp-content\/uploads\/2023\/06\/mv-support-jpg.webp\" style=\"object-position:50% 50%\" data-object-fit=\"cover\" data-object-position=\"50% 50%\"\/><div class=\"wp-block-cover__inner-container has-global-padding is-layout-constrained wp-block-cover-is-layout-constrained\">\n<p class=\"has-large-font-size translation-block\"><strong>Ar tau reikia pagalbos?<\/strong><br> <strong>Esame \u010dia, kad pad\u0117tume.<\/strong><\/p>\n\n\n\n<p class=\"translation-block\">M\u016bs\u0173 palaikymo komanda yra pasiry\u017eusi jums tarnauti.<br> Susisiekite su mumis, jei turite klausim\u0173 d\u0117l m\u016bs\u0173 paslaug\u0173.<\/p>\n\n\n\n<div class=\"wp-block-buttons is-layout-flex wp-block-buttons-is-layout-flex\">\n<div class=\"wp-block-button\"><a class=\"wp-block-button__link wp-element-button\" href=\"\/lt\/support\/contact\/\">Susisiekite su mumis<\/a><\/div>\n<\/div>\n<\/div><\/div>","protected":false},"excerpt":{"rendered":"<p>Skaidr\u016bs ir prieinami tvarkymo mokes\u010diai naudojant bitwallet. Prisiregistruokite gauti nemokam\u0105 paskyr\u0105 \u0161iandien! Patirkite patikim\u0105 aptarnavim\u0105 su bitwallet.<\/p>","protected":false},"author":5,"featured_media":0,"parent":32,"menu_order":27,"comment_status":"closed","ping_status":"closed","template":"","meta":{"footnotes":""},"class_list":["post-80","page","type-page","status-publish","hentry"],"_links":{"self":[{"href":"https:\/\/bitwallet.com\/lt\/wp-json\/wp\/v2\/pages\/80","targetHints":{"allow":["GET"]}}],"collection":[{"href":"https:\/\/bitwallet.com\/lt\/wp-json\/wp\/v2\/pages"}],"about":[{"href":"https:\/\/bitwallet.com\/lt\/wp-json\/wp\/v2\/types\/page"}],"author":[{"embeddable":true,"href":"https:\/\/bitwallet.com\/lt\/wp-json\/wp\/v2\/users\/5"}],"replies":[{"embeddable":true,"href":"https:\/\/bitwallet.com\/lt\/wp-json\/wp\/v2\/comments?post=80"}],"version-history":[{"count":97,"href":"https:\/\/bitwallet.com\/lt\/wp-json\/wp\/v2\/pages\/80\/revisions"}],"predecessor-version":[{"id":5764,"href":"https:\/\/bitwallet.com\/lt\/wp-json\/wp\/v2\/pages\/80\/revisions\/5764"}],"up":[{"embeddable":true,"href":"https:\/\/bitwallet.com\/lt\/wp-json\/wp\/v2\/pages\/32"}],"wp:attachment":[{"href":"https:\/\/bitwallet.com\/lt\/wp-json\/wp\/v2\/media?parent=80"}],"curies":[{"name":"wp","href":"https:\/\/api.w.org\/{rel}","templated":true}]}}