{"id":78,"date":"2023-05-10T16:14:10","date_gmt":"2023-05-10T07:14:10","guid":{"rendered":"https:\/\/bitwallet.com\/?page_id=78"},"modified":"2025-09-17T16:28:16","modified_gmt":"2025-09-17T07:28:16","slug":"account-open","status":"publish","type":"page","link":"https:\/\/bitwallet.com\/lt\/service\/account-open\/","title":{"rendered":"Nauja paskyra"},"content":{"rendered":"<div class=\"wp-block-cover alignwide is-light header\"><img loading=\"lazy\" decoding=\"async\" width=\"2000\" height=\"360\" class=\"wp-block-cover__image-background wp-image-1125\" alt=\"\" src=\"https:\/\/bitwallet.com\/wp-content\/uploads\/2023\/09\/mv-serivice_account-open-jpg.webp\" data-object-fit=\"cover\"\/><span aria-hidden=\"true\" class=\"wp-block-cover__background has-black-background-color has-background-dim-0 has-background-dim\"><\/span><div class=\"wp-block-cover__inner-container has-global-padding is-layout-constrained wp-block-cover-is-layout-constrained\">\n<h1 class=\"wp-block-heading has-text-align-left effect00\">Nauja paskyra<\/h1>\n\n\n\n<p class=\"effect00 fadeTimeA\">bitwallet paskyros registracija<\/p>\n<\/div><\/div>\n\n\n\n<h2 class=\"wp-block-heading effect00\">Atidarykite s\u0105skait\u0105 naudodami bitwallet: pagrindinis reikalavimas<\/h2>\n\n\n\n<p class=\"effect00 fadeTimeA\">Jei norite naudoti bitwallet paskyr\u0105, tur\u0117site laikytis toliau pateikt\u0173 reikalavim\u0173.<\/p>\n\n\n\n<div class=\"wp-block-group effect00 fadeTimeB has-global-padding is-layout-constrained wp-block-group-is-layout-constrained\">\n<h4 class=\"wp-block-heading\">Asmenin\u0117s s\u0105skaitos parai\u0161ka<\/h4>\n\n\n\n<ul class=\"wp-block-list account-open\">\n<li>Parei\u0161k\u0117jas yra 20 met\u0173 ir vyresnis.<\/li>\n\n\n\n<li>Parei\u0161k\u0117jas n\u0117ra veiksnumo stokojantis asmuo (galintis pats priimti sprendimus).<\/li>\n\n\n\n<li>Parei\u0161k\u0117jas negyvena JAV ar kitose \u0161alyse, kuriose naudojimasis m\u016bs\u0173 paslauga yra ribojamas.<\/li>\n\n\n\n<li>J\u016bs\u0173 u\u017eregistruota pagrindin\u0117 informacija nesutampa su kit\u0173 vartotoj\u0173 informacija<\/li>\n\n\n\n<li>Parei\u0161k\u0117jas n\u0117ra u\u017esienio politi\u0161kai atviri asmenys (u\u017esienio PEP).<\/li>\n\n\n\n<li>Parei\u0161k\u0117jas nepriklauso ar n\u0117ra susij\u0119s su antisocialin\u0117mis j\u0117gomis.<\/li>\n<\/ul>\n\n\n\n<h4 class=\"wp-block-heading\">Verslo s\u0105skaitos parai\u0161ka<\/h4>\n\n\n\n<ul class=\"wp-block-list account-open\">\n<li>\u012emon\u0117 yra teisi\u0161kai registruota ir gali pateikti \u012frodym\u0105 (dokument\u0105) patvirtinti.<\/li>\n\n\n\n<li>Pra\u0161ymo pateikimo metu atsakingas asmuo yra 20 met\u0173 ir vyresnis.<\/li>\n\n\n\n<li>Atsakingas asmuo n\u0117ra asmuo, kuriam tr\u016bksta geb\u0117jim\u0173 (gali priimti savo sprendimus).<\/li>\n\n\n\n<li>Atsakingas asmuo negyvena JAV ar kitose \u0161alyse, kuriose naudojimasis m\u016bs\u0173 paslauga yra ribojamas.<\/li>\n\n\n\n<li>Atsakingas asmuo fizi\u0161kai n\u0117ra JAV ar kitose \u0161alyse, kuriose naudojimasis m\u016bs\u0173 paslauga yra ribojamas.<\/li>\n\n\n\n<li>Atsakingas asmuo registracijos metu nenaudoja identi\u0161kos kontaktin\u0117s informacijos (el. pa\u0161to adreso, telefono numerio ir kt.), kaip ir kiti bitwallet vartotojai.<\/li>\n\n\n\n<li>Atsakingas asmuo n\u0117ra u\u017esienio politi\u0161kai atviri asmenys (u\u017esienio PEP)<\/li>\n\n\n\n<li>\u012emon\u0117 ir atsakingas asmuo nepriklauso Asocialioms j\u0117goms ir su jomis nesusij\u0119.<\/li>\n\n\n\n<li>\u012emonei negresia nemokumas arba ji yra nemoki.<\/li>\n<\/ul>\n<\/div>\n\n\n\n<h2 class=\"wp-block-heading effect01\" id=\"certificate\">Pinigin\u0117s paskyrai reikalingi dokumentai<\/h2>\n\n\n\n<p class=\"effect01 fadeTimeA\">Nor\u0117dami naudotis savo pinigine, tur\u0117site pateikti \u017eemiau nurodytus dokumentus.<\/p>\n\n\n\n<div class=\"wp-block-group box effect01 fadeTimeB has-global-padding is-layout-constrained wp-block-group-is-layout-constrained\">\n<h3 class=\"wp-block-heading\">Patvirtinkite savo tapatyb\u0119 naudodami bitwallet: dokumento reikalavimas<\/h3>\n\n\n\n<p>Pagal \u201eBaud\u017eiam\u0173j\u0173 pajam\u0173 perdavimo prevencijos \u012fstatym\u0105\u201c bitwallet reikalauja kruop\u0161taus tapatyb\u0117s patvirtinimo, kad b\u016bt\u0173 apsaugotas j\u016bs\u0173 vertingas turtas. Tod\u0117l pra\u0161ome pateikti \u201eAsmens tapatyb\u0117s patvirtinimo dokument\u0105\u201c ir \u201eDabartinio adreso patvirtinimo dokument\u0105\u201c.<\/p>\n\n\n\n<hr class=\"wp-block-separator has-alpha-channel-opacity\"\/>\n\n\n\n<p>\u017demiau esan\u010diame s\u0105ra\u0161e rasite sertifikat\u0173, kuriuos tur\u0117site pateikti, ap\u017evalg\u0105.<br>Pateiktos med\u017eiagos duomenis galite pasitikrinti savo paskyroje atidar\u0119 nauj\u0105 pinigin\u0119.<\/p>\n\n\n\n<hr class=\"wp-block-separator has-alpha-channel-opacity\"\/>\n\n\n\n<h4 class=\"wp-block-heading\">1. Asmens tapatyb\u0117s patvirtinimo dokumentai<\/h4>\n\n\n\n<p>Papra\u0161ysime pateikti pinigin\u0119 registravusio asmens tapatyb\u0117s dokument\u0105 (asmenin\u0119) ir asmenuk\u0119 (veido atpa\u017einimas).<\/p>\n\n\n\n<p>Pristat\u0117me asmenukes (veido atpa\u017einim\u0105), kad patvirtintume j\u016bs\u0173 pateikt\u0105 informacij\u0105. Tai leid\u017eia atpa\u017einti save tiksliau nei akis \u012f ak\u012f net internete.<\/p>\n\n\n\n<hr class=\"wp-block-separator has-alpha-channel-opacity\"\/>\n\n\n\n<h4 class=\"wp-block-heading\">2. Dabartinio adreso \u012frodymas<\/h4>\n\n\n\n<p>Pateikite dokument\u0105 su dabartiniu pinigin\u0117s \u012fk\u016br\u0117jo (fizinio asmens) adresu.<br>Jis turi b\u016bti per 3 m\u0117nesius nuo komunalini\u0173 mokes\u010di\u0173, kvit\u0173, valstybini\u0173 \u012fstaig\u0173 i\u0161duot\u0173 med\u017eiag\u0173 ir kt.<\/p>\n\n\n\n<hr class=\"wp-block-separator has-alpha-channel-opacity\"\/>\n\n\n\n<h4 class=\"wp-block-heading anchor\" id=\"company01\">3. Verslo naudotojui reikalingi dokumentai (tik verslo paskyrai)<\/h4>\n\n\n\n<p>Pra\u0161ome pateikti dokumentus d\u0117l pinigin\u0117s steig\u0117jo (\u012fmon\u0117s) \u012fmon\u0117s registracijos.<\/p>\n\n\n\n<hr class=\"wp-block-separator has-alpha-channel-opacity\"\/>\n\n\n\n<h4 class=\"wp-block-heading\">4. Sertifikatai su oficialiu antspaudu (tik verslo s\u0105skaita)<\/h4>\n\n\n\n<p>Pra\u0161ome pateikti pinigin\u0117s steig\u0117jo (\u012fmon\u0117s) \u012fmon\u0117s antspaudo patvirtinimo med\u017eiag\u0105.<\/p>\n\n\n\n<hr class=\"wp-block-separator has-alpha-channel-opacity\"\/>\n\n\n\n<h4 class=\"wp-block-heading\">5. Dabartinio \u012fmon\u0117s adreso \u012frodymas (verslo s\u0105skaita)<\/h4>\n\n\n\n<p>Pateikite dokument\u0105, kuriame b\u016bt\u0173 nurodytas pinigin\u0117s steig\u0117jo (\u012fmon\u0117s) pavadinimas ir jo dabartinis adresas.<\/p>\n\n\n\n<hr class=\"wp-block-separator has-alpha-channel-opacity\"\/>\n\n\n\n<h4 class=\"wp-block-heading\">6. Tikrosios nuosavyb\u0117s deklaracija (tik verslo s\u0105skaitai)<\/h4>\n\n\n\n<p>Pra\u0161ome pateikti kelet\u0105 dokument\u0173 d\u0117l esmin\u0117s valdovos.<\/p>\n<\/div>\n\n\n\n<h2 class=\"wp-block-heading effect01\">Paskyros registracija<\/h2>\n\n\n\n<p class=\"effect01 fadeTimeA\">bitwallet paskyros registracijos procesas yra toks:<\/p>\n\n\n\n<div class=\"wp-block-group box account-open effect01 fadeTimeB has-global-padding is-layout-constrained wp-block-group-is-layout-constrained\">\n<h3 class=\"wp-block-heading\">Paskyros registravimo procesas<\/h3>\n\n\n\n<div class=\"wp-block-group has-global-padding is-layout-constrained wp-block-group-is-layout-constrained\">\n<h4 class=\"wp-block-heading\"><strong>1 \u017dINGSNIS<\/strong><\/h4>\n\n\n\n<figure class=\"wp-block-image size-full\"><img loading=\"lazy\" decoding=\"async\" width=\"321\" height=\"321\" src=\"https:\/\/bitwallet.com\/wp-content\/uploads\/2023\/06\/icon_step1.png\" alt=\"\" class=\"wp-image-190\"\/><\/figure>\n\n\n\n<p>Registruokit\u0117s i\u0161 bet kurio \u012frenginio. Nor\u0117dami prad\u0117ti, registracijos puslapyje \u012fveskite pagrindin\u0119 informacij\u0105.<\/p>\n\n\n\n<figure class=\"wp-block-image size-full is-resized\"><img loading=\"lazy\" decoding=\"async\" width=\"1440\" height=\"886\" src=\"https:\/\/bitwallet.com\/wp-content\/uploads\/2024\/01\/STEP1en.webp\" alt=\"\" class=\"wp-image-3134\" style=\"width:1000px;height:undefinedpx\"\/><\/figure>\n<\/div>\n\n\n\n<div class=\"wp-block-group has-global-padding is-layout-constrained wp-block-group-is-layout-constrained\">\n<h4 class=\"wp-block-heading\"><strong>2 \u017dINGSNIS<\/strong><\/h4>\n\n\n\n<figure class=\"wp-block-image size-full\"><img loading=\"lazy\" decoding=\"async\" width=\"321\" height=\"321\" src=\"https:\/\/bitwallet.com\/wp-content\/uploads\/2023\/06\/icon_step2.png\" alt=\"\" class=\"wp-image-191\"\/><\/figure>\n\n\n\n<p>Nor\u0117dami t\u0119sti, \u012fveskite kit\u0105 reikiam\u0105 informacij\u0105.<\/p>\n\n\n\n<figure class=\"wp-block-image size-full is-resized\"><img loading=\"lazy\" decoding=\"async\" width=\"1440\" height=\"1308\" src=\"https:\/\/bitwallet.com\/wp-content\/uploads\/2024\/01\/STEP2en.webp\" alt=\"\" class=\"wp-image-3135\" style=\"width:1000px;height:undefinedpx\"\/><\/figure>\n<\/div>\n\n\n\n<div class=\"wp-block-group has-global-padding is-layout-constrained wp-block-group-is-layout-constrained\">\n<h4 class=\"wp-block-heading\"><strong>3 \u017dINGSNIS<\/strong><\/h4>\n\n\n\n<figure class=\"wp-block-image size-full\"><img loading=\"lazy\" decoding=\"async\" width=\"321\" height=\"321\" src=\"https:\/\/bitwallet.com\/wp-content\/uploads\/2023\/06\/icon_step3.png\" alt=\"\" class=\"wp-image-192\"\/><\/figure>\n\n\n\n<p>Prisijunkite ir \u012fkelkite savo tapatyb\u0117s patvirtinimo dokumentus, gyvenamosios vietos adreso \u012frodym\u0105 ir asmens tapatyb\u0117s asmenuk\u0119 patvirtinimo dokument\u0173 pateikimo puslapyje.<\/p>\n\n\n\n<figure class=\"wp-block-image size-full is-resized\"><img loading=\"lazy\" decoding=\"async\" width=\"1074\" height=\"245\" src=\"https:\/\/bitwallet.com\/wp-content\/uploads\/2024\/01\/STEP3en.webp\" alt=\"\" class=\"wp-image-3136\" style=\"width:1000px;height:undefinedpx\"\/><\/figure>\n<\/div>\n\n\n\n<div class=\"wp-block-group has-global-padding is-layout-constrained wp-block-group-is-layout-constrained\">\n<h4 class=\"wp-block-heading\"><strong>4 \u017dINGSNIS<\/strong><\/h4>\n\n\n\n<figure class=\"wp-block-image size-full\"><img loading=\"lazy\" decoding=\"async\" width=\"321\" height=\"321\" src=\"https:\/\/bitwallet.com\/wp-content\/uploads\/2023\/06\/icon_step4.png\" alt=\"\" class=\"wp-image-193\"\/><\/figure>\n\n\n\n<p>Parai\u0161ka apdorojama per ma\u017edaug 24 valandas darbo dienomis. Kai jis bus patvirtintas ir patvirtintas, j\u016bs\u0173 paskyros informacija bus i\u0161si\u0173sta jums el. pa\u0161tu.<br>\u203b Tai gali u\u017etrukti, priklausomai nuo programos b\u016bsenos.<\/p>\n\n\n\n<p>ir tai padaryta! Greitai ir lengvai.<\/p>\n\n\n\n<p class=\"logo-bw step-goal\"><strong><em>bitwallet<\/em> Prad\u0117kite naudoti dabar!<\/strong><\/p>\n<\/div>\n<\/div>\n\n\n\n<div class=\"wp-block-cover alignwide is-light help\"><img loading=\"lazy\" decoding=\"async\" width=\"2048\" height=\"336\" class=\"wp-block-cover__image-background wp-image-289\" alt=\"\" src=\"https:\/\/bitwallet.com\/wp-content\/uploads\/2023\/06\/mv-support-jpg.webp\" style=\"object-position:50% 50%\" data-object-fit=\"cover\" data-object-position=\"50% 50%\"\/><span aria-hidden=\"true\" class=\"wp-block-cover__background has-background-dim-0 has-background-dim\"><\/span><div class=\"wp-block-cover__inner-container has-global-padding is-layout-constrained wp-block-cover-is-layout-constrained\">\n<p class=\"has-large-font-size translation-block\"><strong>Ar tau reikia pagalbos?<\/strong><br> <strong>Esame \u010dia, kad pad\u0117tume.<\/strong><\/p>\n\n\n\n<p class=\"translation-block\">M\u016bs\u0173 palaikymo komanda yra pasiry\u017eusi jums tarnauti.<br> Susisiekite su mumis, jei turite klausim\u0173 d\u0117l m\u016bs\u0173 paslaug\u0173.<\/p>\n\n\n\n<div class=\"wp-block-buttons is-layout-flex wp-block-buttons-is-layout-flex\">\n<div class=\"wp-block-button\"><a class=\"wp-block-button__link wp-element-button\" href=\"\/lt\/support\/contact\/\">Susisiekite su mumis<\/a><\/div>\n<\/div>\n<\/div><\/div>","protected":false},"excerpt":{"rendered":"<p>Atidarykite Bitwallet paskyr\u0105 \u0161iandien ir m\u0117gaukit\u0117s greitomis, saugiomis ir patogiomis operacijomis. Palaikome USD, JPY, EUR ir AUD valiutas. U\u017esiregistruokite dabar!<\/p>","protected":false},"author":5,"featured_media":0,"parent":32,"menu_order":28,"comment_status":"closed","ping_status":"closed","template":"","meta":{"footnotes":""},"class_list":["post-78","page","type-page","status-publish","hentry"],"_links":{"self":[{"href":"https:\/\/bitwallet.com\/lt\/wp-json\/wp\/v2\/pages\/78","targetHints":{"allow":["GET"]}}],"collection":[{"href":"https:\/\/bitwallet.com\/lt\/wp-json\/wp\/v2\/pages"}],"about":[{"href":"https:\/\/bitwallet.com\/lt\/wp-json\/wp\/v2\/types\/page"}],"author":[{"embeddable":true,"href":"https:\/\/bitwallet.com\/lt\/wp-json\/wp\/v2\/users\/5"}],"replies":[{"embeddable":true,"href":"https:\/\/bitwallet.com\/lt\/wp-json\/wp\/v2\/comments?post=78"}],"version-history":[{"count":56,"href":"https:\/\/bitwallet.com\/lt\/wp-json\/wp\/v2\/pages\/78\/revisions"}],"predecessor-version":[{"id":5205,"href":"https:\/\/bitwallet.com\/lt\/wp-json\/wp\/v2\/pages\/78\/revisions\/5205"}],"up":[{"embeddable":true,"href":"https:\/\/bitwallet.com\/lt\/wp-json\/wp\/v2\/pages\/32"}],"wp:attachment":[{"href":"https:\/\/bitwallet.com\/lt\/wp-json\/wp\/v2\/media?parent=78"}],"curies":[{"name":"wp","href":"https:\/\/api.w.org\/{rel}","templated":true}]}}