{"id":72,"date":"2023-05-10T16:08:34","date_gmt":"2023-05-10T07:08:34","guid":{"rendered":"https:\/\/bitwallet.com\/?page_id=72"},"modified":"2026-01-08T10:42:10","modified_gmt":"2026-01-08T01:42:10","slug":"receive","status":"publish","type":"page","link":"https:\/\/bitwallet.com\/lt\/service\/receive\/","title":{"rendered":"GAUTI MOK\u0116JIM\u0104"},"content":{"rendered":"<div class=\"wp-block-cover alignwide is-light header\"><img loading=\"lazy\" decoding=\"async\" width=\"2000\" height=\"360\" class=\"wp-block-cover__image-background wp-image-934\" alt=\"\" src=\"https:\/\/bitwallet.com\/wp-content\/uploads\/2023\/09\/mv-service_payout-jpg.webp\" data-object-fit=\"cover\"\/><span aria-hidden=\"true\" class=\"wp-block-cover__background has-background-dim-0 has-background-dim\"><\/span><div class=\"wp-block-cover__inner-container has-global-padding is-layout-constrained wp-block-cover-is-layout-constrained\">\n<h1 class=\"wp-block-heading effect00\">GAUTI MOK\u0116JIM\u0104<\/h1>\n\n\n\n<p class=\"effect00 fadeTimeA\">Apmok\u0117jimo gavimas pas mus<\/p>\n<\/div><\/div>\n\n\n\n<h2 class=\"wp-block-heading cur effect00\">Gaukite mok\u0117jim\u0105 \u012f savo finans\u0173 \u012fstaig\u0105 visame pasaulyje<sup><span class=\"only-en\">GAUTI<\/span><span class=\"only-ja\">\u304a\u53d7\u53d6<\/span><\/sup><\/h2>\n\n\n\n<div class=\"wp-block-columns fdCRsp effect00 fadeTimeA is-layout-flex wp-container-core-columns-is-layout-9d6595d7 wp-block-columns-is-layout-flex\">\n<div class=\"wp-block-column is-layout-flow wp-block-column-is-layout-flow\">\n<p>Naudodami bitwallet, mes nedelsdami apdorosime j\u016bs\u0173 u\u017eklaus\u0105 JAV doleriais, Japonijos jenomis, Europos eurais ir Australijos doleriais.<\/p>\n\n\n\n<p>Siekdami u\u017etikrinti, kad vartotojai mok\u0117jimus gaut\u0173 akimirksniu, esame prisijung\u0119 prie did\u017ei\u0173j\u0173 bank\u0173 visame pasaulyje, tod\u0117l operacijomis galima greitai apdoroti.<\/p>\n\n\n\n<div class=\"wp-block-columns is-not-stacked-on-mobile cssctrl gap20 mt2em is-layout-flex wp-container-core-columns-is-layout-9d6595d7 wp-block-columns-is-layout-flex\">\n<div class=\"wp-block-column flexShrink0 is-layout-flow wp-block-column-is-layout-flow\" style=\"flex-basis:148px\">\n<figure class=\"wp-block-image size-full is-resized w100\"><img loading=\"lazy\" decoding=\"async\" width=\"148\" height=\"75\" src=\"https:\/\/bitwallet.com\/wp-content\/uploads\/2023\/07\/logo_aml01.png\" alt=\"\" class=\"wp-image-469\" style=\"width:148px;height:undefinedpx\"\/><\/figure>\n<\/div>\n\n\n\n<div class=\"wp-block-column is-layout-flow wp-block-column-is-layout-flow\">\n<ul class=\"wp-block-list note kome\">\n<li>M\u016bs\u0173 \u012fmon\u0117 grie\u017etai siekia u\u017ekirsti keli\u0105 pinig\u0173 plovimui. Tod\u0117l vartotojai pirmiausia turi patvirtinti savo tapatyb\u0119 naudodami patvirtinamuosius tapatyb\u0117s dokumentus ir adreso \u012frodym\u0105 rinkdami \u201eKnow-Your-Client\u201c (KYC). Naudotojams taip pat gali tekti pateikti savo kredito kortel\u0117s ir gav\u0117jo banko s\u0105skaitos informacijos kopij\u0105 prie\u0161 suaktyvindami paskyr\u0105.<\/li>\n<\/ul>\n<\/div>\n<\/div>\n<\/div>\n\n\n\n<div class=\"wp-block-column fb280pxtb is-layout-flow wp-block-column-is-layout-flow\">\n<figure class=\"wp-block-image aligncenter size-full\"><img loading=\"lazy\" decoding=\"async\" width=\"800\" height=\"325\" src=\"https:\/\/bitwallet.com\/wp-content\/uploads\/2024\/12\/service_img_withdrawal_.png\" alt=\"\" class=\"wp-image-4965\"\/><\/figure>\n<\/div>\n<\/div>\n\n\n\n<div class=\"wp-block-cover alignwide is-light service\" style=\"min-height:255px;aspect-ratio:unset;\"><img loading=\"lazy\" decoding=\"async\" width=\"2000\" height=\"390\" class=\"wp-block-cover__image-background wp-image-838\" alt=\"\" src=\"https:\/\/bitwallet.com\/wp-content\/uploads\/2023\/09\/mv-service_payout2-jpg.webp\" data-object-fit=\"cover\"\/><span aria-hidden=\"true\" class=\"wp-block-cover__background has-background-dim-0 has-background-dim\"><\/span><div class=\"wp-block-cover__inner-container has-global-padding is-layout-constrained wp-block-cover-is-layout-constrained\">\n<h2 class=\"wp-block-heading effect01\">\u012eperkamas i\u0161\u0117mimo mokestis<\/h2>\n\n\n\n<p class=\"effect01 fadeTimeA\">Bitwallet mokestis gali b\u016bti net 10 USD.<\/p>\n<\/div><\/div>\n\n\n\n<div class=\"wp-block-group box effect01 has-global-padding is-layout-constrained wp-block-group-is-layout-constrained\">\n<h3 class=\"wp-block-heading\"><span class=\"only-en\">Detal\u0117<\/span><span class=\"only-ja\">\u4ed5\u69d8<\/span><\/h3>\n\n\n\n<h4 class=\"wp-block-heading\"><span class=\"only-en\">GAUTI MOK\u0116JIM\u0104<\/span><span class=\"only-ja\">\u304a\u53d7\u53d6<\/span><\/h4>\n\n\n\n<div class=\"wp-block-group tblScrl has-global-padding is-layout-constrained wp-block-group-is-layout-constrained\">\n<table>\n<tbody>\n<tr>\n<th class=\"w30p\">Metodas<\/th>\n<th class=\"w20p\">Valiuta<\/th>\n<th class=\"w30p\">Rinkliava<\/th>\n<th class=\"w20p\"><span class=\"only-en\">Minimalus<br \/>mok\u0117jimas<br \/>suma<\/span><span class=\"only-ja\">\u304a\u53d7\u53d6\u6700\u4f4e\u91d1\u984d<\/span><\/th>\n<\/tr>\n<tr>\n<td rowspan=\"4\" class=\"translation-block\">Pavedimas u\u017e<br> asmenys<br> <sub>(\u203b1)<\/sub><\/td>\n<td>USD<\/td>\n<td rowspan=\"4\" class=\"translation-block\">USD 10 arba lygiavert\u0117 suma, priklausomai nuo \u0161alies <sub>(\u203b2)<\/sub><\/td>\n<td>USD 10<\/td>\n<\/tr>\n<tr>\n<td class=\"notfC\">EUR<\/td>\n<td>EUR 10<\/td>\n<\/tr>\n<tr>\n<td class=\"notfC\">JPY<\/td>\n<td>JPY 1000<\/td>\n<\/tr>\n<tr>\n<td class=\"notfC\">AUD<\/td>\n<td>AUD 10<\/td>\n<\/tr>\n<tr>\n<td class=\"lRfC translation-block\" rowspan=\"4\">Pavedimas<br> verslui <sub>(\u203b1)<\/sub><\/td>\n<td>USD<\/td>\n<td rowspan=\"4\" class=\"translation-block\">0,8% ir ir toliau, priklauso nuo verslo tipo <sub>(\u203b2)<\/sub> ir <sub>\uff08\u203b3)<\/sub><\/td>\n<td>USD 10<\/td>\n<\/tr>\n<tr>\n<td class=\"notfC\">EUR<\/td>\n<td>EUR 10<\/td>\n<\/tr>\n<tr>\n<td class=\"notfC\">JPY<\/td>\n<td>JPY 1000<\/td>\n<\/tr>\n<tr>\n<td class=\"notfC\">AUD<\/td>\n<td>AUD 10<\/td>\n<\/tr>\n<\/tbody>\n<\/table>\n<\/div>\n\n\n\n<ul class=\"wp-block-list note kome\">\n<li>U\u017e banko pavedim\u0105 arba tarpininko banko pavedim\u0105 taikomi papildomi mokes\u010diai.<\/li>\n\n\n\n<li>Daugiau informacijos rasite prisijung\u0119 prie savo paskyros.<\/li>\n\n\n\n<li>D\u0117l verslo s\u0105skaitos ir prekybininko s\u0105skaitos mokes\u010di\u0173 atsi\u0173skite mums u\u017eklaus\u0105 prisijung\u0119 prie savo paskyros.<\/li>\n\n\n\n<li class=\"nonum\">Siekiant u\u017ekirsti keli\u0105 suk\u010diavimui, pavyzd\u017eiui, pinig\u0173 plovimui, piktnaud\u017eiavimui kreditine kortele ir gryn\u0173j\u0173 pinig\u0173 avansu, mok\u0117jimas ir \u012fna\u0161as, atliktas kredito kortele ir i\u0161ankstinio mok\u0117jimo kortele per m\u0117nes\u012f, bus atid\u017eiai per\u017ei\u016brimi ir pervedami \u012f gav\u0117jo banko s\u0105skait\u0105 bitwallet nuo\u017ei\u016bra. Apdorojimui gali prireikti papildomo laiko.<\/li>\n\n\n\n<li class=\"nonum translation-block\">Negalite pervesti pinig\u0173 \u012f bankus \u0161iose \u0161alyse, kuriose draud\u017eiami pinig\u0173 pervedimai.<br> Kai kurios \u0161alys, ne\u012ftrauktos \u012f \u0161\u012f s\u0105ra\u0161\u0105, bus per\u017ei\u016brimos kiekvienu atveju atskirai.<br> Afganistanas, Beninas, Boneras, Burundis, Centrin\u0117s Afrikos Respublika, \u010cadas, Kongas, Krymas, Kuba, D\u017eibutis, Pusiaujo Gvin\u0117ja, Eritr\u0117ja, Gabonas, Gambija, Gvin\u0117ja, Bisau Gvin\u0117ja, Gajana, Iranas, Irakas, Kazachstanas, Kirgizijos Respublika, Liaudies Democijos Respublika, Lao, Liberija Malavis, Malis, Mauritanija, Montseratas, Mianmaras, Nauru, Nigeris, Norfolko sala, \u0160iaur\u0117s Kor\u0117ja, Palau, Papua Naujoji Gvin\u0117ja, Sent Bartelemio sala, Sent Kitsas ir Nevis, Sent Martinas, Sint Marteno sala, Siera Leon\u0117, Sudanas (\u0161iaur\u0117 ir piet\u016bs), Ryt\u0173 Turkm\u0117nija, Uzstanas, Turkm\u0117nistas, Uzstanas, Tozorb\u0117 Sachara, Jemenas, Rusija, Peru, Piet\u0173 Afrika, Banglade\u0161as, Gruzija<\/li>\n<\/ul>\n<\/div>\n\n\n\n<div class=\"wp-block-cover alignwide is-light help\"><img loading=\"lazy\" decoding=\"async\" width=\"2048\" height=\"336\" class=\"wp-block-cover__image-background wp-image-289\" alt=\"\" src=\"https:\/\/bitwallet.com\/wp-content\/uploads\/2023\/06\/mv-support-jpg.webp\" style=\"object-position:50% 50%\" data-object-fit=\"cover\" data-object-position=\"50% 50%\"\/><span aria-hidden=\"true\" class=\"wp-block-cover__background has-background-dim-0 has-background-dim\"><\/span><div class=\"wp-block-cover__inner-container has-global-padding is-layout-constrained wp-block-cover-is-layout-constrained\">\n<p class=\"has-large-font-size translation-block\"><strong>Ar tau reikia pagalbos?<\/strong><br> <strong>Esame \u010dia, kad pad\u0117tume.<\/strong><\/p>\n\n\n\n<p class=\"translation-block\">M\u016bs\u0173 palaikymo komanda yra pasiry\u017eusi jums tarnauti.<br> Susisiekite su mumis, jei turite klausim\u0173 d\u0117l m\u016bs\u0173 paslaug\u0173.<\/p>\n\n\n\n<div class=\"wp-block-buttons is-layout-flex wp-block-buttons-is-layout-flex\">\n<div class=\"wp-block-button\"><a class=\"wp-block-button__link wp-element-button\" href=\"\/lt\/support\/contact\/\">Susisiekite su mumis<\/a><\/div>\n<\/div>\n<\/div><\/div>","protected":false},"excerpt":{"rendered":"<p>Prisiregistruokite gauti paskyr\u0105 \u0161iandien! Mes si\u016blome greitus, saugius ir patogius pinig\u0173 i\u0161\u0117mimo b\u016bdus tiesiai \u012f j\u016bs\u0173 banko s\u0105skait\u0105. Patirkite naujus skaitmeninius mok\u0117jimus.<\/p>","protected":false},"author":5,"featured_media":0,"parent":32,"menu_order":20,"comment_status":"closed","ping_status":"closed","template":"","meta":{"footnotes":""},"class_list":["post-72","page","type-page","status-publish","hentry"],"_links":{"self":[{"href":"https:\/\/bitwallet.com\/lt\/wp-json\/wp\/v2\/pages\/72","targetHints":{"allow":["GET"]}}],"collection":[{"href":"https:\/\/bitwallet.com\/lt\/wp-json\/wp\/v2\/pages"}],"about":[{"href":"https:\/\/bitwallet.com\/lt\/wp-json\/wp\/v2\/types\/page"}],"author":[{"embeddable":true,"href":"https:\/\/bitwallet.com\/lt\/wp-json\/wp\/v2\/users\/5"}],"replies":[{"embeddable":true,"href":"https:\/\/bitwallet.com\/lt\/wp-json\/wp\/v2\/comments?post=72"}],"version-history":[{"count":76,"href":"https:\/\/bitwallet.com\/lt\/wp-json\/wp\/v2\/pages\/72\/revisions"}],"predecessor-version":[{"id":5765,"href":"https:\/\/bitwallet.com\/lt\/wp-json\/wp\/v2\/pages\/72\/revisions\/5765"}],"up":[{"embeddable":true,"href":"https:\/\/bitwallet.com\/lt\/wp-json\/wp\/v2\/pages\/32"}],"wp:attachment":[{"href":"https:\/\/bitwallet.com\/lt\/wp-json\/wp\/v2\/media?parent=72"}],"curies":[{"name":"wp","href":"https:\/\/api.w.org\/{rel}","templated":true}]}}