{"id":70,"date":"2023-05-10T16:07:16","date_gmt":"2023-05-10T07:07:16","guid":{"rendered":"https:\/\/bitwallet.com\/?page_id=70"},"modified":"2024-12-02T13:15:18","modified_gmt":"2024-12-02T04:15:18","slug":"prepare","status":"publish","type":"page","link":"https:\/\/bitwallet.com\/lt\/service\/prepare\/","title":{"rendered":"PARUO\u0160TI MOK\u0116JIM\u0104"},"content":{"rendered":"<div class=\"wp-block-cover alignwide header\"><span aria-hidden=\"true\" class=\"wp-block-cover__background has-background-dim-0 has-background-dim\"><\/span><img loading=\"lazy\" decoding=\"async\" width=\"2000\" height=\"360\" class=\"wp-block-cover__image-background wp-image-728\" alt=\"\" src=\"https:\/\/bitwallet.com\/wp-content\/uploads\/2023\/08\/mv-service_payin-jpg.webp\" data-object-fit=\"cover\"\/><div class=\"wp-block-cover__inner-container has-global-padding is-layout-constrained wp-block-cover-is-layout-constrained\">\n<h1 class=\"wp-block-heading effect00\">PARUO\u0160TI MOK\u0116JIM\u0104<\/h1>\n\n\n\n<p class=\"effect00 fadeTimeA\">Kaip papildyti mok\u0117jim\u0105<\/p>\n<\/div><\/div>\n\n\n\n<h2 class=\"wp-block-heading cur effect00\" id=\"fiat\">Papildymas, norint sumok\u0117ti \u012fvairiais b\u016bdais <sup><span class=\"only-en\">PARUO\u0160TI<\/span><span class=\"only-ja\">\u3054\u6e96\u5099<\/span><\/sup><\/h2>\n\n\n\n<div class=\"wp-block-columns fdCRsp effect00 fadeTimeA&quot;&gt; is-layout-flex wp-container-core-columns-is-layout-9d6595d7 wp-block-columns-is-layout-flex\">\n<div class=\"wp-block-column is-layout-flow wp-block-column-is-layout-flow\">\n<p>bitwallet palaiko \u012fvairius banko pavedim\u0173 b\u016bdus, tod\u0117l mok\u0117jimai i\u0161 j\u016bs\u0173 banko s\u0105skaitos prekybininkams atliekami skland\u017eiai ir be pastang\u0173.<\/p>\n\n\n\n<p>bitwallet taip pat laikosi PCI DSS(*1), tvarkydama visus j\u016bs\u0173 mok\u0117jimo duomenis, u\u017etikrindama j\u016bs\u0173 finansin\u0117s informacijos saugum\u0105 ir apsaug\u0105.<\/p>\n\n\n\n<div class=\"wp-block-columns gap10 mt2em is-layout-flex wp-container-core-columns-is-layout-9d6595d7 wp-block-columns-is-layout-flex\">\n<div class=\"wp-block-column is-layout-flow wp-block-column-is-layout-flow\" style=\"flex-basis:130px\">\n<figure class=\"wp-block-image size-full taCsp\"><img loading=\"lazy\" decoding=\"async\" width=\"130\" height=\"50\" src=\"https:\/\/bitwallet.com\/wp-content\/uploads\/2023\/11\/logo_pcidss.png\" alt=\"\" class=\"wp-image-2039\"\/><\/figure>\n<\/div>\n\n\n\n<div class=\"wp-block-column is-layout-flow wp-block-column-is-layout-flow\">\n<ul class=\"wp-block-list note kome\">\n<li>PCI DSS (Payment Card Industry Data Security Standard) \u012fk\u016br\u0117 American Express, Discover, JCB, Mastercard ir VISA ir jie vienodai dalijasi korteli\u0173 tur\u0117toj\u0173 duomen\u0173 prie\u017ei\u016bra ir apsauga.<\/li>\n<\/ul>\n<\/div>\n<\/div>\n<\/div>\n\n\n\n<div class=\"wp-block-column fb180pxtb is-layout-flow wp-block-column-is-layout-flow\">\n<figure class=\"wp-block-image aligncenter size-full is-resized w180pxtb\"><img loading=\"lazy\" decoding=\"async\" width=\"630\" height=\"540\" src=\"https:\/\/bitwallet.com\/wp-content\/uploads\/2023\/09\/img_prepare.png\" alt=\"\" class=\"wp-image-756\" style=\"width:420px\"\/><\/figure>\n<\/div>\n<\/div>\n\n\n\n<h2 class=\"wp-block-heading cur effect01\" id=\"both\">Momentinis atspindys! <sup><span class=\"only-en\">PARUO\u0160TI<\/span><span class=\"only-ja\">\u3054\u6e96\u5099<\/span><\/sup><\/h2>\n\n\n\n<p class=\"effect01\">Su bitwallet pa\u017eadame papildyti j\u016bs\u0173 s\u0105skait\u0105 realiuoju laiku u\u017e visas mok\u0117jimo operacijas.<\/p>\n\n\n\n<div class=\"wp-block-cover alignwide is-light service only-ja\" style=\"min-height:255px;aspect-ratio:unset;\"><span aria-hidden=\"true\" class=\"wp-block-cover__background has-background-dim-0 has-background-dim\"><\/span><img loading=\"lazy\" decoding=\"async\" width=\"2000\" height=\"390\" class=\"wp-block-cover__image-background wp-image-750\" alt=\"\" src=\"https:\/\/bitwallet.com\/wp-content\/uploads\/2023\/09\/mv-service_payin2-jpg.webp\" data-object-fit=\"cover\"\/><div class=\"wp-block-cover__inner-container has-global-padding is-layout-constrained wp-block-cover-is-layout-constrained\">\n<h2 class=\"wp-block-heading effect01\">bitwallet\u306a\u3089\u3001\u7121\u6599\u3067\u901a\u8ca8\u30a6\u30a9\u30ec\u30c3\u30c8\u304c\u5229\u7528\u3067\u304d\u307e\u3059<\/h2>\n\n\n\n<p class=\"effect01 fadeTimeA nothonyaku\" data-no-translation=\"\">bitwallet\u306f\u3001\u591a\u901a\u8ca8\u30aa\u30f3\u30e9\u30a4\u30f3\u30a6\u30a9\u30ec\u30c3\u30c8\u3068\u3057\u3066\u3001\u4e16\u754c\u6700\u9ad8\u6c34\u6e96\u306e\u30bb\u30ad\u30e5\u30ea\u30c6\u30a3\u3068\u3001\u9ad8\u3044\u67d4\u8edf\u6027\u3092\u5099\u3048\u3066\u3044\u307e\u3059\u3002\u5f53\u793e\u3067\u306f\u3001\u304a\u5ba2\u69d8\u306e\u5927\u5207\u306a\u901a\u8ca8\u3092\u3001\u5916\u90e8\u74b0\u5883\u306b\u3055\u3089\u3055\u308c\u308b\u3053\u3068\u306a\u304f\u3001\u5b89\u5168\u304b\u3064\u4fbf\u5229\u306b\u7ba1\u7406\u3059\u308b\u30d7\u30e9\u30c3\u30c8\u30d5\u30a9\u30fc\u30e0\u3092\u63d0\u4f9b\u3057\u3066\u3044\u307e\u3059\u3002<\/p>\n<\/div><\/div>\n\n\n\n<div class=\"wp-block-group box effect01 has-global-padding is-layout-constrained wp-block-group-is-layout-constrained\">\n<h3 class=\"wp-block-heading\"><span class=\"only-en\">Detal\u0117<\/span><span class=\"only-ja\">\u4ed5\u69d8<\/span><\/h3>\n\n\n\n<h4 class=\"wp-block-heading\"><span class=\"only-en\">PARUO\u0160TI MOK\u0116JIM\u0104<\/span><span class=\"only-ja\">\u304a\u652f\u6255\u306e\u6e96\u5099<\/span><\/h4>\n\n\n\n<div class=\"wp-block-group tblScrl has-global-padding is-layout-constrained wp-block-group-is-layout-constrained\">\n<table style=\"width: 100%; height: 64px;\">\n<tbody>\n<tr style=\"height: 41px;\">\n<th style=\"height: 41px; width: 28.7692%;\"><span class=\"only-en\">Metodas<\/span><span class=\"only-ja\">\u65b9\u6cd5<span><\/th>\n<th style=\"height: 41px; width: 20.5385%;\">Kanalas<\/th>\n<th style=\"height: 41px; width: 33.2308%;\">Rinkliava<\/th>\n<th style=\"height: 41px; width: 16.5385%;\" class=\"translation-block\">Papildymo limito suma<br> u\u017e sandor\u012f<\/th>\n<\/tr>\n<tr style=\"height: 23px;\">\n<td style=\"height: 23px; width: 28.7692%;\">Pavedimas<sub>(\u203b1)<\/sub><\/td>\n<td style=\"height: 23px; width: 20.5385%;\" class=\"translation-block\">per \u012fvairius vietinius bankus <sub>(\u203b2)<\/sub><\/td>\n<td class=\"notlC\" style=\"height: 23px; width: 33.2308%;\">Nuo $0, priklausomai nuo \u0161alies<sub>(\u203b2)<\/sub><\/td>\n<td class=\"lRlC\" style=\"height: 23px; width: 16.5385%;\"><sub>(\u203b2)<\/sub><\/td>\n<\/tr>\n<\/tbody>\n<\/table>\n<\/div>\n\n\n\n<ul class=\"wp-block-list note kome\">\n<li>U\u017e banko pavedim\u0105 arba tarpininko banko pavedim\u0105 taikomi papildomi mokes\u010diai.<\/li>\n\n\n\n<li>Daugiau informacijos rasite prisijung\u0119 prie savo paskyros.<\/li>\n<\/ul>\n<\/div>\n\n\n\n<div class=\"wp-block-cover alignwide is-light help\"><span aria-hidden=\"true\" class=\"wp-block-cover__background has-background-dim-0 has-background-dim\"><\/span><img loading=\"lazy\" decoding=\"async\" width=\"2048\" height=\"336\" class=\"wp-block-cover__image-background wp-image-289\" alt=\"\" src=\"https:\/\/bitwallet.com\/wp-content\/uploads\/2023\/06\/mv-support-jpg.webp\" style=\"object-position:50% 50%\" data-object-fit=\"cover\" data-object-position=\"50% 50%\"\/><div class=\"wp-block-cover__inner-container has-global-padding is-layout-constrained wp-block-cover-is-layout-constrained\">\n<p class=\"has-large-font-size translation-block\"><strong>Ar tau reikia pagalbos?<\/strong><br> <strong>Esame \u010dia, kad pad\u0117tume.<\/strong><\/p>\n\n\n\n<p class=\"translation-block\">M\u016bs\u0173 palaikymo komanda yra pasiry\u017eusi jums tarnauti.<br> Susisiekite su mumis, jei turite klausim\u0173 d\u0117l m\u016bs\u0173 paslaug\u0173.<\/p>\n\n\n\n<div class=\"wp-block-buttons is-layout-flex wp-block-buttons-is-layout-flex\">\n<div class=\"wp-block-button\"><a class=\"wp-block-button__link wp-element-button\" href=\"\/lt\/support\/contact\/\">Susisiekite su mumis<\/a><\/div>\n<\/div>\n<\/div><\/div>","protected":false},"excerpt":{"rendered":"<p>Greiti ir saug\u016bs mok\u0117jimo internetu sprendimai privatiems asmenims ir \u012fmon\u0117ms. Prisiregistruokite dabar ir m\u0117gaukit\u0117s greitomis ind\u0117li\u0173 paslaugomis naudodami Bitwallet!<\/p>","protected":false},"author":5,"featured_media":0,"parent":32,"menu_order":23,"comment_status":"closed","ping_status":"closed","template":"","meta":{"footnotes":""},"class_list":["post-70","page","type-page","status-publish","hentry"],"_links":{"self":[{"href":"https:\/\/bitwallet.com\/lt\/wp-json\/wp\/v2\/pages\/70","targetHints":{"allow":["GET"]}}],"collection":[{"href":"https:\/\/bitwallet.com\/lt\/wp-json\/wp\/v2\/pages"}],"about":[{"href":"https:\/\/bitwallet.com\/lt\/wp-json\/wp\/v2\/types\/page"}],"author":[{"embeddable":true,"href":"https:\/\/bitwallet.com\/lt\/wp-json\/wp\/v2\/users\/5"}],"replies":[{"embeddable":true,"href":"https:\/\/bitwallet.com\/lt\/wp-json\/wp\/v2\/comments?post=70"}],"version-history":[{"count":214,"href":"https:\/\/bitwallet.com\/lt\/wp-json\/wp\/v2\/pages\/70\/revisions"}],"predecessor-version":[{"id":5024,"href":"https:\/\/bitwallet.com\/lt\/wp-json\/wp\/v2\/pages\/70\/revisions\/5024"}],"up":[{"embeddable":true,"href":"https:\/\/bitwallet.com\/lt\/wp-json\/wp\/v2\/pages\/32"}],"wp:attachment":[{"href":"https:\/\/bitwallet.com\/lt\/wp-json\/wp\/v2\/media?parent=70"}],"curies":[{"name":"wp","href":"https:\/\/api.w.org\/{rel}","templated":true}]}}