{"id":62,"date":"2023-05-10T13:51:53","date_gmt":"2023-05-10T04:51:53","guid":{"rendered":"https:\/\/bitwallet.com\/?page_id=62"},"modified":"2024-02-21T13:46:11","modified_gmt":"2024-02-21T04:46:11","slug":"merchant","status":"publish","type":"page","link":"https:\/\/bitwallet.com\/lt\/feature\/merchant\/","title":{"rendered":"Prekybininko s\u0105skaita"},"content":{"rendered":"<div class=\"wp-block-cover alignwide is-light header\"><span aria-hidden=\"true\" class=\"wp-block-cover__background has-background-dim-0 has-background-dim\"><\/span><img loading=\"lazy\" decoding=\"async\" width=\"2000\" height=\"518\" class=\"wp-block-cover__image-background wp-image-1138\" alt=\"\" src=\"https:\/\/bitwallet.com\/wp-content\/uploads\/2023\/09\/mv-feature-merchant-jpg.webp\" data-object-fit=\"cover\"\/><div class=\"wp-block-cover__inner-container has-global-padding is-layout-constrained wp-block-cover-is-layout-constrained\">\n<h1 class=\"wp-block-heading has-text-align-left effect00\">Prekybininko s\u0105skaita<\/h1>\n\n\n\n<p class=\"effect00 fadeTimeA\">Patobulinkite esam\u0105 \u012fmok\u0173 ir pinig\u0173 i\u0161\u0117mimo paslaug\u0105 integruodami m\u016bs\u0173 mok\u0117jimo sprendim\u0105 \u012f savo svetain\u0119. Su bitwallet paprastesnis operacij\u0173 valdymas.<\/p>\n\n\n\n<div class=\"wp-block-buttons effect00 fadeTimeB is-layout-flex wp-block-buttons-is-layout-flex\">\n<div class=\"wp-block-button btn-merchant\"><a class=\"wp-block-button__link wp-element-button\" href=\"\/lt\/support\/contact\/\">Paklausk dabar<\/a><\/div>\n<\/div>\n<\/div><\/div>\n\n\n\n<div class=\"wp-block-cover alignwide is-light headcopy\" style=\"min-height:138px;aspect-ratio:unset;\" id=\"maincontetnts\"><span aria-hidden=\"true\" class=\"wp-block-cover__background has-background-dim-100 has-background-dim\" style=\"background-color:#f7f7f7\"><\/span><div class=\"wp-block-cover__inner-container has-global-padding is-layout-constrained wp-block-cover-is-layout-constrained\">\n<p class=\"has-text-align-center effect00\">Sveiki, paprastumas, viso gero, sud\u0117tingumas.<br>Viskas, ko jums reikia bitwallet.<\/p>\n<\/div><\/div>\n\n\n\n<div class=\"wp-block-cover alignwide is-light case-merchant\"><span aria-hidden=\"true\" class=\"wp-block-cover__background has-background-dim-0 has-background-dim\"><\/span><div class=\"wp-block-cover__inner-container has-global-padding is-layout-constrained wp-block-cover-is-layout-constrained\">\n<h2 class=\"wp-block-heading has-text-align-center effect00\"><strong>J\u016bs\u0173 absoliutus verslo mok\u0117jimo palaikymas<\/strong><\/h2>\n\n\n\n<div class=\"wp-block-columns is-layout-flex wp-container-core-columns-is-layout-9d6595d7 wp-block-columns-is-layout-flex\">\n<div class=\"wp-block-column effect00 fadeTimeA is-layout-flow wp-block-column-is-layout-flow\">\n<div class=\"wp-block-group has-global-padding is-layout-constrained wp-block-group-is-layout-constrained\">\n<h3 class=\"wp-block-heading has-text-align-center\"><strong><strong><strong>Vartotojai<\/strong><\/strong><\/strong><\/h3>\n\n\n\n<figure class=\"wp-block-image aligncenter size-full\"><img loading=\"lazy\" decoding=\"async\" width=\"373\" height=\"209\" src=\"https:\/\/bitwallet.com\/wp-content\/uploads\/2023\/10\/service_merchant_case1.png\" alt=\"\" class=\"wp-image-1367\"\/><\/figure>\n\n\n\n<p>Pateikite asmenin\u0119 informacij\u0105, kad gal\u0117tum\u0117te prisiregistruoti prie paskyros savo internetin\u0117s paslaugos svetain\u0117je.<\/p>\n<\/div>\n<\/div>\n\n\n\n<div class=\"wp-block-column effect00 fadeTimeB is-layout-flow wp-block-column-is-layout-flow\">\n<div class=\"wp-block-group has-global-padding is-layout-constrained wp-block-group-is-layout-constrained\">\n<h3 class=\"wp-block-heading has-text-align-center\"><strong><strong><strong>J\u016bs\u0173 internetin\u0117 paslauga<\/strong><\/strong><\/strong><\/h3>\n\n\n\n<figure class=\"wp-block-image aligncenter size-full\"><img loading=\"lazy\" decoding=\"async\" width=\"373\" height=\"209\" src=\"https:\/\/bitwallet.com\/wp-content\/uploads\/2023\/10\/service_merchant_case2.png\" alt=\"\" class=\"wp-image-1369\"\/><\/figure>\n\n\n\n<p>Prie\u0161 patvirtindami registracij\u0105, patikrinkite pagrindin\u0119 vartotojo ir paskyros informacij\u0105.<\/p>\n<\/div>\n<\/div>\n\n\n\n<div class=\"wp-block-column effect00 fadeTimeC is-layout-flow wp-block-column-is-layout-flow\">\n<div class=\"wp-block-group has-global-padding is-layout-constrained wp-block-group-is-layout-constrained\">\n<h3 class=\"wp-block-heading has-text-align-center\"><strong><strong><strong>Mok\u0117jimas ir i\u0161\u0117mimas<\/strong><\/strong><\/strong><\/h3>\n\n\n\n<figure class=\"wp-block-image aligncenter size-full\"><img loading=\"lazy\" decoding=\"async\" width=\"373\" height=\"209\" src=\"https:\/\/bitwallet.com\/wp-content\/uploads\/2023\/10\/service_merchant_case3.png\" alt=\"\" class=\"wp-image-1370\"\/><\/figure>\n\n\n\n<p>Surinkite mok\u0117jim\u0105, \u012fskaitant paslaug\u0173 mokes\u010dius ir prekes, apdorokite bet kok\u012f pinig\u0173 gr\u0105\u017einim\u0105 ir ind\u0117lio i\u0161\u0117mim\u0105.<\/p>\n<\/div>\n<\/div>\n<\/div>\n<\/div><\/div>\n\n\n\n<div class=\"wp-block-cover alignwide is-light available\"><span aria-hidden=\"true\" class=\"wp-block-cover__background has-background-dim-0 has-background-dim\"><\/span><div class=\"wp-block-cover__inner-container has-global-padding is-layout-constrained wp-block-cover-is-layout-constrained\">\n<h2 class=\"wp-block-heading has-text-align-center effect01\"><strong>M\u0117gaukit\u0117s \u0161iomis paslaugomis, kai atnaujinate prekybininko paskyr\u0105<\/strong><\/h2>\n\n\n\n<div class=\"wp-block-columns is-layout-flex wp-container-core-columns-is-layout-9d6595d7 wp-block-columns-is-layout-flex\">\n<div class=\"wp-block-column is-vertically-aligned-center is-layout-flow wp-block-column-is-layout-flow\" style=\"flex-basis:320px\">\n<figure class=\"wp-block-image aligncenter size-full is-resized\"><img loading=\"lazy\" decoding=\"async\" width=\"409\" height=\"85\" src=\"https:\/\/bitwallet.com\/wp-content\/uploads\/2023\/09\/guideline_img01.png\" alt=\"\" class=\"wp-image-1115\" style=\"width:200px;height:undefinedpx\"\/><\/figure>\n\n\n\n<h3 class=\"wp-block-heading has-text-align-center\">Puikus sprendimas, skirtas prekybininkams<\/h3>\n\n\n\n<figure class=\"wp-block-image aligncenter size-full\"><img loading=\"lazy\" decoding=\"async\" width=\"100\" height=\"109\" src=\"https:\/\/bitwallet.com\/wp-content\/uploads\/2023\/10\/service_merchant_available.png\" alt=\"\" class=\"wp-image-1379\"\/><\/figure>\n<\/div>\n\n\n\n<div class=\"wp-block-column is-layout-flow wp-block-column-is-layout-flow\">\n<div class=\"wp-block-columns is-layout-flex wp-container-core-columns-is-layout-9d6595d7 wp-block-columns-is-layout-flex\">\n<div class=\"wp-block-column effect01 fadeTimeA is-layout-flow wp-block-column-is-layout-flow\">\n<h4 class=\"wp-block-heading has-text-align-center\"><strong>Tapatyb\u0117s patvirtinimas<\/strong><\/h4>\n\n\n\n<p>\u012ekelti asmens dokumentai ir adreso \u012frodymas bus atid\u017eiai per\u017ei\u016br\u0117ti ir atspind\u0117s \u012frodyt\u0105 tapatyb\u0119 prie\u0161 naudojant.<\/p>\n<\/div>\n\n\n\n<div class=\"wp-block-column effect01 fadeTimeB is-layout-flow wp-block-column-is-layout-flow\">\n<h4 class=\"wp-block-heading has-text-align-center\"><strong>pinigin\u0117s API<\/strong><\/h4>\n\n\n\n<p>Tinkintas pinigin\u0117s API integravimas, teikiantis \u012fne\u0161imo ir i\u0161\u0117mimo paslaugas, skirtas j\u016bs\u0173 produkto prek\u0117s \u017eenklui.<\/p>\n<\/div>\n\n\n\n<div class=\"wp-block-column effect01 fadeTimeC is-layout-flow wp-block-column-is-layout-flow\">\n<h4 class=\"wp-block-heading has-text-align-center\"><strong>Mok\u0117jim\u0173 surinkimo paslauga<\/strong><\/h4>\n\n\n\n<p>Palaikykite \u012fvairius mok\u0117jimo sprendimus platformoje: mok\u0117jim\u0105 kredito kortele ir banko pavedimu.<\/p>\n<\/div>\n<\/div>\n\n\n\n<div class=\"wp-block-columns is-layout-flex wp-container-core-columns-is-layout-9d6595d7 wp-block-columns-is-layout-flex\">\n<div class=\"wp-block-column effect01 fadeTimeD is-layout-flow wp-block-column-is-layout-flow\">\n<h4 class=\"wp-block-heading has-text-align-center\"><strong>Vienkartinis prisijungimas (SSO)<\/strong><\/h4>\n\n\n\n<p>Pasiekite kelias programas naudodami bitwallet autentifikuot\u0105 prisijungimo kredencial\u0173 rinkin\u012f. Padeda steb\u0117ti ir tvarkyti vartotojo paskyros veikl\u0105.<\/p>\n<\/div>\n\n\n\n<div class=\"wp-block-column effect01 fadeTimeE is-layout-flow wp-block-column-is-layout-flow\">\n<h4 class=\"wp-block-heading has-text-align-center\"><strong>Mok\u0117jimo banko s\u0105skaita<\/strong><\/h4>\n\n\n\n<p>Banko s\u0105skaita prekybininkui priskiriama atsi\u017evelgiant \u012f jo veiklos region\u0105.<\/p>\n<\/div>\n\n\n\n<div class=\"wp-block-column effect01 fadeTimeF is-layout-flow wp-block-column-is-layout-flow\">\n<h4 class=\"wp-block-heading has-text-align-center\"><strong>Kovos su suk\u010diavimu sistema<\/strong><\/h4>\n\n\n\n<p>Rinkti ir teikti naudotojo informacij\u0105 apie bet kok\u012f piktnaud\u017eiavim\u0105 kredito kortel\u0117mis, pvz., suk\u010diavim\u0105 kredito kortel\u0117mis ir gryn\u0173j\u0173 pinig\u0173 gavim\u0105 i\u0161 kredito kortel\u0117s.<\/p>\n<\/div>\n<\/div>\n<\/div>\n<\/div>\n<\/div><\/div>\n\n\n\n<div class=\"wp-block-cover alignwide has-parallax footer-mercahnt\"><span aria-hidden=\"true\" class=\"wp-block-cover__background has-cyan-bluish-gray-background-color has-background-dim-0 has-background-dim\"><\/span><div role=\"img\" class=\"wp-block-cover__image-background wp-image-1146 has-parallax\" style=\"background-position:50% 50%;background-image:url(https:\/\/bitwallet.com\/wp-content\/uploads\/2023\/09\/mv-feature-merchant-bg-jpg.webp)\"><\/div><div class=\"wp-block-cover__inner-container has-global-padding is-layout-constrained wp-block-cover-is-layout-constrained\">\n<p class=\"has-text-align-center effect01\">bitwallet sukurtas siekiant palaikyti ir padidinti pasaulini\u0173 \u012fna\u0161\u0173 ir pinig\u0173 i\u0161\u0117mimo paslaug\u0173 efektyvum\u0105.<\/p>\n\n\n\n<p class=\"has-text-align-center effect01 fadeTimeA\">Susisiekite su mumis d\u0117l perjungimo \u012f prekybininko paskyr\u0105. Patirkite tik auk\u0161\u010diausios kokyb\u0117s prana\u0161umus.<\/p>\n\n\n\n<div class=\"wp-block-buttons effect01 fadeTimeB is-content-justification-center is-layout-flex wp-container-core-buttons-is-layout-16018d1d wp-block-buttons-is-layout-flex\">\n<div class=\"wp-block-button btn-merchant\"><a class=\"wp-block-button__link wp-element-button\" href=\"\/lt\/support\/contact\/\">Paklausk dabar<\/a><\/div>\n<\/div>\n<\/div><\/div>","protected":false},"excerpt":{"rendered":"","protected":false},"author":5,"featured_media":0,"parent":24,"menu_order":34,"comment_status":"closed","ping_status":"closed","template":"","meta":{"footnotes":""},"class_list":["post-62","page","type-page","status-publish","hentry"],"_links":{"self":[{"href":"https:\/\/bitwallet.com\/lt\/wp-json\/wp\/v2\/pages\/62","targetHints":{"allow":["GET"]}}],"collection":[{"href":"https:\/\/bitwallet.com\/lt\/wp-json\/wp\/v2\/pages"}],"about":[{"href":"https:\/\/bitwallet.com\/lt\/wp-json\/wp\/v2\/types\/page"}],"author":[{"embeddable":true,"href":"https:\/\/bitwallet.com\/lt\/wp-json\/wp\/v2\/users\/5"}],"replies":[{"embeddable":true,"href":"https:\/\/bitwallet.com\/lt\/wp-json\/wp\/v2\/comments?post=62"}],"version-history":[{"count":45,"href":"https:\/\/bitwallet.com\/lt\/wp-json\/wp\/v2\/pages\/62\/revisions"}],"predecessor-version":[{"id":4468,"href":"https:\/\/bitwallet.com\/lt\/wp-json\/wp\/v2\/pages\/62\/revisions\/4468"}],"up":[{"embeddable":true,"href":"https:\/\/bitwallet.com\/lt\/wp-json\/wp\/v2\/pages\/24"}],"wp:attachment":[{"href":"https:\/\/bitwallet.com\/lt\/wp-json\/wp\/v2\/media?parent=62"}],"curies":[{"name":"wp","href":"https:\/\/api.w.org\/{rel}","templated":true}]}}