{"id":60,"date":"2023-05-10T13:51:13","date_gmt":"2023-05-10T04:51:13","guid":{"rendered":"https:\/\/bitwallet.com\/?page_id=60"},"modified":"2024-08-02T13:02:35","modified_gmt":"2024-08-02T04:02:35","slug":"business","status":"publish","type":"page","link":"https:\/\/bitwallet.com\/lt\/feature\/business\/","title":{"rendered":"Verslo s\u0105skaita"},"content":{"rendered":"<div class=\"wp-block-cover alignwide is-light header\"><span aria-hidden=\"true\" class=\"wp-block-cover__background has-background-dim-0 has-background-dim\"><\/span><img loading=\"lazy\" decoding=\"async\" width=\"2048\" height=\"518\" class=\"wp-block-cover__image-background wp-image-1134\" alt=\"\" src=\"https:\/\/bitwallet.com\/wp-content\/uploads\/2023\/09\/mv-feature-business-jpg.webp\" data-object-fit=\"cover\"\/><div class=\"wp-block-cover__inner-container has-global-padding is-layout-constrained wp-block-cover-is-layout-constrained\">\n<h1 class=\"wp-block-heading has-text-align-left effect00\">Verslo s\u0105skaita<\/h1>\n\n\n\n<p class=\"effect00 fadeTimeA\">Supaprastinkite savo elektronin\u0117s prekybos parduotuv\u0117s mok\u0117jimo proced\u016bras. Gaukite visus mok\u0117jimus banku, kreditine kortele arba per bitwallet galimas valiutos paslaugas.<\/p>\n\n\n\n<div class=\"wp-block-buttons effect00 fadeTimeB is-layout-flex wp-block-buttons-is-layout-flex\">\n<div class=\"wp-block-button btn-signup\"><a class=\"wp-block-button__link wp-element-button\" href=\"https:\/\/secure.bitwallet.com\/signup\/certification?lang=en\" target=\"_blank\" rel=\"noreferrer noopener\">Sukurti Pinigin\u0119<\/a><\/div>\n<\/div>\n<\/div><\/div>\n\n\n\n<div class=\"wp-block-cover alignwide is-light headcopy\" style=\"min-height:138px;aspect-ratio:unset;\" id=\"maincontetnts\"><span aria-hidden=\"true\" class=\"wp-block-cover__background has-background-dim-100 has-background-dim\" style=\"background-color:#f7f7f7\"><\/span><div class=\"wp-block-cover__inner-container has-global-padding is-layout-constrained wp-block-cover-is-layout-constrained\">\n<p class=\"has-text-align-center effect00\">Sveikiname su malonia ir nesud\u0117tinga mok\u0117jimo patirtimi, kai pasirenkate bitwallet savo internetinei parduotuvei.<br>Atsiskaitykite \u012fvairiomis formomis.<\/p>\n<\/div><\/div>\n\n\n\n<div class=\"wp-block-cover alignwide is-light business-point\"><span aria-hidden=\"true\" class=\"wp-block-cover__background has-background-dim-0 has-background-dim\"><\/span><div class=\"wp-block-cover__inner-container has-global-padding is-layout-constrained wp-block-cover-is-layout-constrained\">\n<div class=\"wp-block-columns tab is-layout-flex wp-container-core-columns-is-layout-9d6595d7 wp-block-columns-is-layout-flex\">\n<div class=\"wp-block-column is-layout-flow wp-block-column-is-layout-flow\" style=\"flex-basis:33.33%\">\n<div class=\"wp-block-buttons tab-menu is-horizontal is-content-justification-center is-layout-flex wp-container-core-buttons-is-layout-499968f5 wp-block-buttons-is-layout-flex\">\n<div class=\"wp-block-button current effect00\"><a class=\"wp-block-button__link has-text-align-left wp-element-button\">Realizuokite mok\u0117jim\u0105 kreditine kortele ir pinigine<\/a><\/div>\n\n\n\n<div class=\"wp-block-button effect00 fadeTimeB\"><a class=\"wp-block-button__link has-text-align-left wp-element-button\">Si\u0173sti s\u0105skait\u0105 fakt\u016br\u0105 konkretiems asmenims<\/a><\/div>\n\n\n\n<div class=\"wp-block-button effect00 fadeTimeC\"><a class=\"wp-block-button__link has-text-align-left wp-element-button\">Valdykite parduotuv\u0117s ar \u012fmon\u0117s pavadinimu<\/a><\/div>\n<\/div>\n<\/div>\n\n\n\n<div class=\"wp-block-column tab-contents is-layout-flow wp-block-column-is-layout-flow\" style=\"flex-basis:66.66%\">\n<div class=\"wp-block-group has-global-padding is-layout-constrained wp-block-group-is-layout-constrained\">\n<div class=\"wp-block-columns has-background is-layout-flex wp-container-core-columns-is-layout-9d6595d7 wp-block-columns-is-layout-flex\" style=\"background-color:#f4f4f4\">\n<div class=\"wp-block-column is-layout-flow wp-block-column-is-layout-flow\">\n<h3 class=\"wp-block-heading\">Realizuokite mok\u0117jim\u0105 kreditine kortele ir pinigine<\/h3>\n\n\n\n<p>Patobulinkite mok\u0117jimo operacij\u0105 savo el. prekybos parduotuv\u0117je arba informacini\u0173 produkt\u0173 ma\u017emenin\u0117je prekyboje. Sustiprinus paskyros saugumo lyg\u012f, bus pasiekiamos papildomos funkcijos, pvz., mok\u0117jimas kredito kortele ir kt.<\/p>\n\n\n\n<p>bitwallet yra visi\u0161kai suderinamas su PCI DSS(*) ir grie\u017etai laikosi PCI standarto, u\u017etikrindamas auk\u0161tesn\u012f duomen\u0173 saugumo lyg\u012f ir apsaugodamas naudotojo informacij\u0105 m\u016bs\u0173 mok\u0117jimo platformoje.<\/p>\n\n\n\n<figure class=\"wp-block-image alignright size-full\"><img loading=\"lazy\" decoding=\"async\" width=\"95\" height=\"37\" src=\"https:\/\/bitwallet.com\/wp-content\/uploads\/2023\/06\/icon_pci01.png\" alt=\"\" class=\"wp-image-205\"\/><\/figure>\n<\/div>\n\n\n\n<div class=\"wp-block-column is-layout-flow wp-block-column-is-layout-flow\">\n<h4 class=\"wp-block-heading\">Priimamos kredito kortel\u0117s<\/h4>\n\n\n\n<div class=\"wp-block-group gap20 has-white-background-color has-background is-content-justification-center is-nowrap is-layout-flex wp-container-core-group-is-layout-94bc23d7 wp-block-group-is-layout-flex\">\n<figure class=\"wp-block-image alignleft size-full\"><img loading=\"lazy\" decoding=\"async\" width=\"87\" height=\"28\" src=\"https:\/\/bitwallet.com\/wp-content\/uploads\/2023\/10\/logo_card_visa01.png\" alt=\"\" class=\"wp-image-1345\"\/><\/figure>\n\n\n\n<figure class=\"wp-block-image alignleft size-full\"><img loading=\"lazy\" decoding=\"async\" width=\"75\" height=\"59\" src=\"https:\/\/bitwallet.com\/wp-content\/uploads\/2023\/10\/logo_card_master01.png\" alt=\"\" class=\"wp-image-1349\"\/><\/figure>\n\n\n\n<figure class=\"wp-block-image alignleft size-full\"><img loading=\"lazy\" decoding=\"async\" width=\"86\" height=\"66\" src=\"https:\/\/bitwallet.com\/wp-content\/uploads\/2023\/10\/logo_card_jcb02.png\" alt=\"\" class=\"wp-image-1348\"\/><\/figure>\n\n\n\n<figure class=\"wp-block-image alignleft size-full\"><img loading=\"lazy\" decoding=\"async\" width=\"118\" height=\"32\" src=\"https:\/\/bitwallet.com\/wp-content\/uploads\/2023\/10\/logo_card_diners01.png\" alt=\"\" class=\"wp-image-1346\"\/><\/figure>\n\n\n\n<figure class=\"wp-block-image alignleft size-full\"><img loading=\"lazy\" decoding=\"async\" width=\"77\" height=\"48\" src=\"https:\/\/bitwallet.com\/wp-content\/uploads\/2023\/10\/logo_card_discover01.png\" alt=\"\" class=\"wp-image-1347\"\/><\/figure>\n<\/div>\n<\/div>\n<\/div>\n\n\n\n<ul class=\"wp-block-list note kome\">\n<li class=\"nonum\">PCI DSS (Payment Card Industry Data Security Standard) yra pasaulinis korteli\u0173 saugumo standartas, kur\u012f kuria ir pri\u017ei\u016bri 5 pagrindiniai tarptautiniai kredito korteli\u0173 prek\u0117s \u017eenklai: American Express, Discover, JCB, Mastercard ir VISA, siekiant pagerinti kortel\u0117s tur\u0117tojo duomen\u0173 saugum\u0105.<\/li>\n<\/ul>\n<\/div>\n\n\n\n<div class=\"wp-block-group has-global-padding is-layout-constrained wp-block-group-is-layout-constrained\">\n<div class=\"wp-block-columns has-background is-layout-flex wp-container-core-columns-is-layout-9d6595d7 wp-block-columns-is-layout-flex\" style=\"background-color:#f4f4f4\">\n<div class=\"wp-block-column is-layout-flow wp-block-column-is-layout-flow\">\n<h3 class=\"wp-block-heading\">Si\u0173sti s\u0105skait\u0105 fakt\u016br\u0105 konkretiems asmenims<\/h3>\n\n\n\n<p>bitwallet mok\u0117jimo u\u017eklausos funkcija leid\u017eia prekybininkams ir vartotojams pra\u0161yti ir rinkti mok\u0117jimus internetu i\u0161 bitwallet s\u0105skait\u0173 tur\u0117toj\u0173. Visos mok\u0117jimo u\u017eklausos suteikia visi\u0161k\u0105 abiem \u0161alims automati\u0161kai siun\u010diam\u0173 mok\u0117jimo kvit\u0173 sekim\u0105. Suasmeninkite savo s\u0105skait\u0105 fakt\u016br\u0105 su reikiama informacija, tokia kaip produkto pavadinimas, suma, s\u0105skaitos fakt\u016bros numeris ir kt. S\u0105skaita leid\u017eia vartotojams sekti ir steb\u0117ti mok\u0117jimo proces\u0105 realiuoju laiku.<\/p>\n<\/div>\n\n\n\n<div class=\"wp-block-column is-layout-flow wp-block-column-is-layout-flow\">\n<h4 class=\"wp-block-heading\">Informacija, kuri\u0105 reikia \u012ftraukti<\/h4>\n\n\n\n<ul class=\"wp-block-list ast\">\n<li>Informacija, kuri\u0105 reikia \u012ftraukti<\/li>\n\n\n\n<li>Elektroninio pa\u0161to adresas<\/li>\n\n\n\n<li>Suma<\/li>\n\n\n\n<li>apib\u016bdinimas<br>S\u0105skaitos numeris<br>Eksportuoti kaip PDF<br>Mok\u0117jimo b\u016bdas (bitwallet s\u0105skaitai)<br>Atmintin\u0117<\/li>\n<\/ul>\n\n\n\n<p class=\"has-text-align-right\">* Privalomas laukelis<\/p>\n<\/div>\n<\/div>\n<\/div>\n\n\n\n<div class=\"wp-block-group has-global-padding is-layout-constrained wp-block-group-is-layout-constrained\">\n<div class=\"wp-block-columns has-background is-layout-flex wp-container-core-columns-is-layout-9d6595d7 wp-block-columns-is-layout-flex\" style=\"background-color:#f4f4f4\">\n<div class=\"wp-block-column is-layout-flow wp-block-column-is-layout-flow\">\n<h3 class=\"wp-block-heading w50pc\">Tvarkykite naudodami parduotuv\u0117s ar \u012fmon\u0117s pavadinim\u0105<\/h3>\n\n\n\n<p>Verslo paskyros naudotojai savo profilyje gali \u012ftraukti savo parduotuv\u0117s pavadinim\u0105 ir kit\u0105 reikaling\u0105 informacij\u0105. Tai padeda klientams geriau pa\u017evelgti ir geriau suprasti savo pirkini\u0173 istorij\u0105.<\/p>\n\n\n\n<p>bitwallet visada improvizuodavo vartotoj\u0173 atsiliepimus ir patarimus, kaip teikti geresnes paslaugas ir s\u0105sajos patirt\u012f.<\/p>\n<\/div>\n<\/div>\n<\/div>\n<\/div>\n<\/div>\n<\/div><\/div>\n\n\n\n<div class=\"wp-block-cover alignwide is-light superiority\"><span aria-hidden=\"true\" class=\"wp-block-cover__background has-background-dim-100 has-background-dim\" style=\"background-color:#f7f7f7\"><\/span><div class=\"wp-block-cover__inner-container has-global-padding is-layout-constrained wp-block-cover-is-layout-constrained\">\n<h2 class=\"wp-block-heading has-text-align-center effect01\">Kas daro bitwallet elitine platforma?<\/h2>\n\n\n\n<div class=\"wp-block-columns is-layout-flex wp-container-core-columns-is-layout-9d6595d7 wp-block-columns-is-layout-flex\">\n<div class=\"wp-block-column effect01 is-layout-flow wp-block-column-is-layout-flow\">\n<h3 class=\"wp-block-heading has-text-align-center\">Registracijos mokestis<\/h3>\n\n\n\n<h3 class=\"wp-block-heading has-text-align-center\">Laisvas<\/h3>\n\n\n\n<p>Tai nemokama, kai kuriate pinigin\u0119 pas mus. Registracijos mokes\u010dio nereikia.<\/p>\n<\/div>\n\n\n\n<div class=\"wp-block-column effect01 fadeTimeA is-layout-flow wp-block-column-is-layout-flow\">\n<h3 class=\"wp-block-heading has-text-align-center\">M\u0117nesio naudojimas<\/h3>\n\n\n\n<h3 class=\"wp-block-heading has-text-align-center\">Laisvas<\/h3>\n\n\n\n<p>Joki\u0173 papildom\u0173 mokes\u010di\u0173, kai naudojat\u0117s mumis.<\/p>\n<\/div>\n\n\n\n<div class=\"wp-block-column effect01 fadeTimeB is-layout-flow wp-block-column-is-layout-flow\">\n<h3 class=\"wp-block-heading has-text-align-center\">Sandorio mokestis<\/h3>\n\n\n\n<h3 class=\"wp-block-heading has-text-align-center\">Nemokamai ~<\/h3>\n\n\n\n<p>Mok\u0117jimai naudojant bitwallet prasideda nuo 0 tvarkymo mokes\u010di\u0173.<\/p>\n<\/div>\n\n\n\n<div class=\"wp-block-column effect01 fadeTimeC is-layout-flow wp-block-column-is-layout-flow\">\n<h3 class=\"wp-block-heading has-text-align-center\">Pasitraukimas i\u0161 Japonijos bank\u0173<\/h3>\n\n\n\n<h3 class=\"wp-block-heading has-text-align-center translation-block\">824 <sub>JPY<\/sub><br> \uff0b<br> 0,8 <sub>% i\u0161<br> i\u0161\u0117mimo suma<br> kiekviena \u017eemiausia<\/sub><\/h3>\n<\/div>\n<\/div>\n\n\n\n<p class=\"effect01\">M\u0117gaukit\u0117s bet kokia operacija u\u017e minimal\u0173 tarif\u0105 arba nemokamai. Tik bitwallet, kur tobulas mok\u0117jimo sprendimas ir ne\u012ftik\u0117tina mok\u0117jimo patirtis. Siekiame palengvinti dideli\u0173 sandori\u0173 i\u0161laid\u0173 na\u0161t\u0105 si\u016blydami paslaugas visiems prieinamomis kainomis.<\/p>\n\n\n\n<div class=\"wp-block-buttons effect01 fadeTimeB is-content-justification-center is-layout-flex wp-container-core-buttons-is-layout-16018d1d wp-block-buttons-is-layout-flex\">\n<div class=\"wp-block-button\"><a class=\"wp-block-button__link wp-element-button\" href=\"\/lt\/service\/handling-fee\/\">Su\u017einokite daugiau<\/a><\/div>\n<\/div>\n<\/div><\/div>\n\n\n\n<div class=\"wp-block-cover alignwide is-light solution\"><span aria-hidden=\"true\" class=\"wp-block-cover__background has-background-dim-0 has-background-dim\"><\/span><img loading=\"lazy\" decoding=\"async\" width=\"3000\" height=\"460\" class=\"wp-block-cover__image-background wp-image-1154\" alt=\"\" src=\"https:\/\/bitwallet.com\/wp-content\/uploads\/2023\/09\/mv-feature-business2-jpg.webp\" data-object-fit=\"cover\"\/><div class=\"wp-block-cover__inner-container has-global-padding is-layout-constrained wp-block-cover-is-layout-constrained\">\n<h2 class=\"wp-block-heading has-text-align-center\"><strong>Puikus mok\u0117jimo sprendimas u\u017esienio verslui<\/strong><\/h2>\n\n\n\n<div class=\"wp-block-buttons is-content-justification-center is-layout-flex wp-container-core-buttons-is-layout-16018d1d wp-block-buttons-is-layout-flex\">\n<div class=\"wp-block-button btn-signup effect01\"><a class=\"wp-block-button__link wp-element-button\" href=\"https:\/\/secure.bitwallet.com\/signup\/certification?lang=en\" target=\"_blank\" rel=\"noreferrer noopener\">Sukurti Pinigin\u0119<\/a><\/div>\n<\/div>\n<\/div><\/div>\n\n\n\n<div class=\"wp-block-cover alignwide is-light case\"><span aria-hidden=\"true\" class=\"wp-block-cover__background has-background-dim-0 has-background-dim\"><\/span><img loading=\"lazy\" decoding=\"async\" width=\"3000\" height=\"484\" class=\"wp-block-cover__image-background wp-image-1297\" alt=\"\" src=\"https:\/\/bitwallet.com\/wp-content\/uploads\/2023\/10\/mv-business_example-jpg.webp\" data-object-fit=\"cover\"\/><div class=\"wp-block-cover__inner-container has-global-padding is-layout-constrained wp-block-cover-is-layout-constrained\">\n<h2 class=\"wp-block-heading alignwide has-text-align-center\"><strong>Pinigin\u0117s paslaugos diegimas<\/strong><\/h2>\n\n\n\n<div class=\"wp-block-group swiper business effect01 fadeTimeA has-global-padding is-layout-constrained wp-block-group-is-layout-constrained\">\n<div class=\"wp-block-group swiper-wrapper has-global-padding is-layout-constrained wp-block-group-is-layout-constrained\">\n<div class=\"wp-block-columns swiper-slide is-layout-flex wp-container-core-columns-is-layout-9d6595d7 wp-block-columns-is-layout-flex\">\n<div class=\"wp-block-column is-layout-flow wp-block-column-is-layout-flow\" style=\"flex-basis:470px\">\n<figure class=\"wp-block-image size-full\"><img loading=\"lazy\" decoding=\"async\" width=\"470\" height=\"383\" src=\"https:\/\/bitwallet.com\/wp-content\/uploads\/2023\/10\/business_case_fsg.png\" alt=\"\" class=\"wp-image-1301\"\/><\/figure>\n<\/div>\n\n\n\n<div class=\"wp-block-column is-layout-flow wp-block-column-is-layout-flow\">\n<p>Mok\u0117jimo internetu atvejai<\/p>\n\n\n\n<h3 class=\"wp-block-heading\">FSG valdymas<\/h3>\n\n\n\n<p>FSG Management Co., Ltd<\/p>\n\n\n\n<p>FSG Management yra konsultacin\u0117 \u012fmon\u0117, kurios specializacija yra \u012fvairi\u0173 sri\u010di\u0173 valdymas, \u012fskaitant apskait\u0105 ir psichologij\u0105. Kurs\u0173 mokes\u010diai ir konsultacij\u0173 mokes\u010diai apdorojami naudojant bitwallet internetin\u0119 mok\u0117jimo sistem\u0105, padidina verslo galimybes ir u\u017etikrina momentin\u012f mok\u0117jim\u0105.<\/p>\n\n\n\n<div class=\"wp-block-columns is-layout-flex wp-container-core-columns-is-layout-9d6595d7 wp-block-columns-is-layout-flex\">\n<div class=\"wp-block-column is-layout-flow wp-block-column-is-layout-flow\" style=\"flex-basis:16em\">\n<p>Verslo s\u0105skaita<\/p>\n<\/div>\n\n\n\n<div class=\"wp-block-column is-layout-flow wp-block-column-is-layout-flow\">\n<p><a href=\"http:\/\/www.fsg-group.co.jp\/\" target=\"_blank\" rel=\"noreferrer noopener\">http:\/\/www.fsg-group.co.jp\/<\/a><\/p>\n<\/div>\n<\/div>\n<\/div>\n<\/div>\n\n\n\n<div class=\"wp-block-columns swiper-slide is-layout-flex wp-container-core-columns-is-layout-9d6595d7 wp-block-columns-is-layout-flex\">\n<div class=\"wp-block-column is-layout-flow wp-block-column-is-layout-flow\" style=\"flex-basis:470px\">\n<figure class=\"wp-block-image size-full\"><img loading=\"lazy\" decoding=\"async\" width=\"470\" height=\"383\" src=\"https:\/\/bitwallet.com\/wp-content\/uploads\/2023\/10\/business_case_kensetsu.png\" alt=\"\" class=\"wp-image-1302\"\/><\/figure>\n<\/div>\n\n\n\n<div class=\"wp-block-column is-layout-flow wp-block-column-is-layout-flow\">\n<p>Mok\u0117jimo internetu atvejai<\/p>\n\n\n\n<h3 class=\"wp-block-heading\">Statybos patvirtinimas.com<\/h3>\n\n\n\n<p>\u201eAdministrative Scrivener\u201c \u012fmon\u0117s tikslas<\/p>\n\n\n\n<p>Statybos patvirtinimas.com teikia greit\u0105 ir paprast\u0105 statybos darb\u0173 patvirtinimo parai\u0161k\u0173 teikimo paslaug\u0105. Atlyginim\u0105 u\u017e kiekvien\u0105 s\u0117kming\u0105 parai\u0161k\u0105 renka bitwallet mok\u0117jimo sistema.<\/p>\n\n\n\n<div class=\"wp-block-columns is-layout-flex wp-container-core-columns-is-layout-9d6595d7 wp-block-columns-is-layout-flex\">\n<div class=\"wp-block-column is-layout-flow wp-block-column-is-layout-flow\" style=\"flex-basis:16em\">\n<p>Verslo s\u0105skaita<\/p>\n<\/div>\n\n\n\n<div class=\"wp-block-column is-layout-flow wp-block-column-is-layout-flow\">\n<p><a rel=\"noreferrer noopener\" href=\"https:\/\/www.kensetsu-kinki.com\/\" target=\"_blank\">https:\/\/www.kensetsu-kinki.com\/<\/a><\/p>\n<\/div>\n<\/div>\n<\/div>\n<\/div>\n<\/div>\n<\/div>\n<\/div><\/div>\n\n\n\n<div class=\"wp-block-cover alignwide has-parallax info-step\"><span aria-hidden=\"true\" class=\"wp-block-cover__background has-cyan-bluish-gray-background-color has-background-dim-0 has-background-dim\"><\/span><div class=\"wp-block-cover__image-background wp-image-1269 has-parallax\" style=\"background-position:50% 50%;background-image:url(https:\/\/bitwallet.com\/wp-content\/uploads\/2023\/10\/mv-feature-business-step-jpg.webp)\"><\/div><div class=\"wp-block-cover__inner-container has-global-padding is-layout-constrained wp-block-cover-is-layout-constrained\">\n<h3 class=\"wp-block-heading has-text-align-center effect01\"><strong>Tik 4 paprasti \u017eingsniai.<\/strong><br> <strong>Piniginei paruo\u0161ti reikia ma\u017eiausiai 30 minu\u010di\u0173.<\/strong><\/h3>\n\n\n\n<div class=\"wp-block-columns step is-layout-flex wp-container-core-columns-is-layout-9d6595d7 wp-block-columns-is-layout-flex\">\n<div class=\"wp-block-column effect01 is-layout-flow wp-block-column-is-layout-flow\">\n<p class=\"has-text-align-center\"><strong>1 \u017dINGSNIS<\/strong><\/p>\n\n\n\n<figure class=\"wp-block-image aligncenter size-full\"><img loading=\"lazy\" decoding=\"async\" width=\"321\" height=\"321\" src=\"https:\/\/bitwallet.com\/wp-content\/uploads\/2023\/10\/icon_step1-wh.png\" alt=\"\" class=\"wp-image-1275\"\/><\/figure>\n\n\n\n<p>Registruokit\u0117s i\u0161 bet kurio \u012frenginio. Nor\u0117dami prad\u0117ti, registracijos puslapyje \u012fveskite pagrindin\u0119 informacij\u0105.<\/p>\n<\/div>\n\n\n\n<div class=\"wp-block-column effect01 fadeTimeA is-layout-flow wp-block-column-is-layout-flow\">\n<p class=\"has-text-align-center\"><strong>2 \u017dINGSNIS<\/strong><\/p>\n\n\n\n<figure class=\"wp-block-image aligncenter size-full\"><img loading=\"lazy\" decoding=\"async\" width=\"321\" height=\"321\" src=\"https:\/\/bitwallet.com\/wp-content\/uploads\/2023\/10\/icon_step2-wh.png\" alt=\"\" class=\"wp-image-1276\"\/><\/figure>\n\n\n\n<p>J\u016bs\u0173 registruotu el. pa\u0161to adresu bus i\u0161si\u0173sta patvirtinimo nuoroda. Nor\u0117dami t\u0119sti, \u012fveskite kit\u0105 reikaling\u0105 informacij\u0105.<\/p>\n<\/div>\n\n\n\n<div class=\"wp-block-column effect01 fadeTimeB is-layout-flow wp-block-column-is-layout-flow\">\n<p class=\"has-text-align-center\"><strong>3 \u017dINGSNIS<\/strong><\/p>\n\n\n\n<figure class=\"wp-block-image aligncenter size-full\"><img loading=\"lazy\" decoding=\"async\" width=\"321\" height=\"321\" src=\"https:\/\/bitwallet.com\/wp-content\/uploads\/2023\/10\/icon_step3-wh.png\" alt=\"\" class=\"wp-image-1277\"\/><\/figure>\n\n\n\n<p>Prisijunkite ir \u012fkelkite savo tapatyb\u0117s patvirtinimo dokumentus, gyvenamosios vietos adreso \u012frodym\u0105 ir asmenuk\u0119 \u012f patvirtinimo dokument\u0173 pateikimo puslap\u012f.<\/p>\n<\/div>\n\n\n\n<div class=\"wp-block-column effect01 fadeTimeC is-layout-flow wp-block-column-is-layout-flow\">\n<p class=\"has-text-align-center\"><strong>4 \u017dINGSNIS<\/strong><\/p>\n\n\n\n<figure class=\"wp-block-image aligncenter size-full\"><img loading=\"lazy\" decoding=\"async\" width=\"321\" height=\"321\" src=\"https:\/\/bitwallet.com\/wp-content\/uploads\/2023\/10\/icon_step4-wh.png\" alt=\"\" class=\"wp-image-1278\"\/><\/figure>\n\n\n\n<p>\u012eprastomis darbo valandomis patvirtinimo darbas bus atliktas ma\u017eiausiai per 30 minu\u010di\u0173. Kai jis bus patvirtintas ir patvirtintas, j\u016bs\u0173 paskyros informacija bus i\u0161si\u0173sta jums el. pa\u0161tu.<\/p>\n<\/div>\n<\/div>\n\n\n\n<div class=\"wp-block-columns frontpage-cv is-layout-flex wp-container-core-columns-is-layout-9d6595d7 wp-block-columns-is-layout-flex\">\n<div class=\"wp-block-column is-vertically-aligned-center is-layout-flow wp-block-column-is-layout-flow\"><\/div>\n\n\n\n<div class=\"wp-block-column is-layout-flow wp-block-column-is-layout-flow\">\n<div class=\"wp-block-buttons is-content-justification-center is-layout-flex wp-container-core-buttons-is-layout-16018d1d wp-block-buttons-is-layout-flex\">\n<div class=\"wp-block-button has-custom-width wp-block-button__width-100 btn-signup effect01\"><a class=\"wp-block-button__link wp-element-button\" href=\"https:\/\/secure.bitwallet.com\/signup\/certification?lang=en\" target=\"_blank\" rel=\"noreferrer noopener\">Sukurti Pinigin\u0119<\/a><\/div>\n<\/div>\n<\/div>\n\n\n\n<div class=\"wp-block-column is-vertically-aligned-center is-layout-flow wp-block-column-is-layout-flow\">\n<p class=\"has-text-align-center effect01 fadeTimeB only-en\"><a href=\"\/lt\/service\/account-open\/\" data-type=\"page\" data-id=\"78\">Su\u017einoti daugiau<\/a><\/p>\n\n\n\n<p class=\"has-text-align-center effect01 fadeTimeB only-ja mt0\"><a href=\"\/lt\/service\/account-open\/\" data-type=\"page\" data-id=\"78\">\u30a6\u30a9\u30ec\u30c3\u30c8\u958b\u8a2d\u624b\u9806\u3092\u8a73\u3057\u304f<\/a><\/p>\n<\/div>\n<\/div>\n<\/div><\/div>\n\n\n\n<div class=\"wp-block-cover alignwide is-light help\"><span aria-hidden=\"true\" class=\"wp-block-cover__background has-background-dim-0 has-background-dim\"><\/span><img loading=\"lazy\" decoding=\"async\" width=\"2048\" height=\"336\" class=\"wp-block-cover__image-background wp-image-289\" alt=\"\" src=\"https:\/\/bitwallet.com\/wp-content\/uploads\/2023\/06\/mv-support-jpg.webp\" style=\"object-position:50% 50%\" data-object-fit=\"cover\" data-object-position=\"50% 50%\"\/><div class=\"wp-block-cover__inner-container has-global-padding is-layout-constrained wp-block-cover-is-layout-constrained\">\n<p class=\"has-large-font-size translation-block\"><strong>Ar tau reikia pagalbos?<\/strong><br> <strong>Esame \u010dia, kad pad\u0117tume.<\/strong><\/p>\n\n\n\n<p class=\"translation-block\">M\u016bs\u0173 palaikymo komanda yra pasiry\u017eusi jums tarnauti.<br> Susisiekite su mumis, jei turite klausim\u0173 d\u0117l m\u016bs\u0173 paslaug\u0173.<\/p>\n\n\n\n<div class=\"wp-block-buttons is-layout-flex wp-block-buttons-is-layout-flex\">\n<div class=\"wp-block-button\"><a class=\"wp-block-button__link wp-element-button\" href=\"\/lt\/support\/contact\/\">Susisiekite su mumis<\/a><\/div>\n<\/div>\n<\/div><\/div>","protected":false},"excerpt":{"rendered":"","protected":false},"author":5,"featured_media":0,"parent":24,"menu_order":33,"comment_status":"closed","ping_status":"closed","template":"","meta":{"footnotes":""},"class_list":["post-60","page","type-page","status-publish","hentry"],"_links":{"self":[{"href":"https:\/\/bitwallet.com\/lt\/wp-json\/wp\/v2\/pages\/60","targetHints":{"allow":["GET"]}}],"collection":[{"href":"https:\/\/bitwallet.com\/lt\/wp-json\/wp\/v2\/pages"}],"about":[{"href":"https:\/\/bitwallet.com\/lt\/wp-json\/wp\/v2\/types\/page"}],"author":[{"embeddable":true,"href":"https:\/\/bitwallet.com\/lt\/wp-json\/wp\/v2\/users\/5"}],"replies":[{"embeddable":true,"href":"https:\/\/bitwallet.com\/lt\/wp-json\/wp\/v2\/comments?post=60"}],"version-history":[{"count":132,"href":"https:\/\/bitwallet.com\/lt\/wp-json\/wp\/v2\/pages\/60\/revisions"}],"predecessor-version":[{"id":4907,"href":"https:\/\/bitwallet.com\/lt\/wp-json\/wp\/v2\/pages\/60\/revisions\/4907"}],"up":[{"embeddable":true,"href":"https:\/\/bitwallet.com\/lt\/wp-json\/wp\/v2\/pages\/24"}],"wp:attachment":[{"href":"https:\/\/bitwallet.com\/lt\/wp-json\/wp\/v2\/media?parent=60"}],"curies":[{"name":"wp","href":"https:\/\/api.w.org\/{rel}","templated":true}]}}