{"id":32,"date":"2023-05-10T02:48:24","date_gmt":"2023-05-10T02:48:24","guid":{"rendered":"https:\/\/bitwallet.com\/?page_id=32"},"modified":"2026-04-07T14:41:32","modified_gmt":"2026-04-07T05:41:32","slug":"service","status":"publish","type":"page","link":"https:\/\/bitwallet.com\/lt\/service\/","title":{"rendered":"Paslaugos"},"content":{"rendered":"<div class=\"wp-block-cover alignwide is-light header\"><span aria-hidden=\"true\" class=\"wp-block-cover__background has-background-dim-0 has-background-dim\"><\/span><div class=\"wp-block-cover__inner-container has-global-padding is-layout-constrained wp-block-cover-is-layout-constrained\">\n<h1 class=\"wp-block-heading has-text-align-left effect00 has-large-font-size\">Paslaugos<\/h1>\n\n\n\n<p class=\"effect00 fadeTimeA\">Pristatome bitwallet paslaugas<\/p>\n<\/div><\/div>\n\n\n\n<div class=\"wp-block-group alignfull menu has-global-padding is-layout-constrained wp-block-group-is-layout-constrained\">\n<div class=\"wp-block-cover alignwide\"><span aria-hidden=\"true\" class=\"wp-block-cover__background has-background-dim-100 has-background-dim\" style=\"background-color:#003f97\"><\/span><div class=\"wp-block-cover__inner-container has-global-padding is-layout-constrained wp-block-cover-is-layout-constrained\">\n<div class=\"wp-block-columns is-layout-flex wp-container-core-columns-is-layout-9d6595d7 wp-block-columns-is-layout-flex\">\n<div class=\"wp-block-column img is-layout-flow wp-block-column-is-layout-flow\" style=\"flex-basis:50%\">\n<p class=\"has-text-align-center effect00\"><a href=\"https:\/\/bitwallet.com\/lt\/service\/prepare\/\" data-type=\"link\" data-id=\"https:\/\/bitwallet.com\/service\/deposit\/\"><img loading=\"lazy\" decoding=\"async\" width=\"150\" height=\"27\" class=\"wp-image-728\" style=\"width: 150px;\" src=\"https:\/\/bitwallet.com\/wp-content\/uploads\/2023\/08\/mv-service_payin-jpg.webp\" alt=\"\"><\/a><\/p>\n<\/div>\n\n\n\n<div class=\"wp-block-column effect00 fadeTimeA is-layout-flow wp-block-column-is-layout-flow\" style=\"flex-basis:50%\">\n<h2 class=\"wp-block-heading\"><a href=\"https:\/\/bitwallet.com\/lt\/service\/prepare\/\" data-type=\"page\" data-id=\"70\">PARUO\u0160TI MOK\u0116JIM\u0104<\/a><\/h2>\n\n\n\n<p>Kaip papildyti mok\u0117jim\u0105<\/p>\n\n\n\n<ul class=\"wp-block-list\">\n<li><a href=\"https:\/\/bitwallet.com\/lt\/service\/prepare\/#fiat\" data-type=\"link\" data-id=\"https:\/\/bitwallet.com\/service\/deposit\/#fiat\">Papildymas, norint sumok\u0117ti \u012fvairiais b\u016bdais<\/a><\/li>\n\n\n\n<li><a href=\"https:\/\/bitwallet.com\/lt\/service\/prepare\/#both\" data-type=\"link\" data-id=\"https:\/\/bitwallet.com\/service\/payin\/#both\">Momentinis atspindys!<\/a><\/li>\n<\/ul>\n<\/div>\n<\/div>\n<\/div><\/div>\n\n\n\n<div class=\"wp-block-cover alignwide\"><span aria-hidden=\"true\" class=\"wp-block-cover__background has-background-dim-100 has-background-dim\" style=\"background-color:#15305b\"><\/span><div class=\"wp-block-cover__inner-container has-global-padding is-layout-constrained wp-block-cover-is-layout-constrained\">\n<div class=\"wp-block-columns is-layout-flex wp-container-core-columns-is-layout-9d6595d7 wp-block-columns-is-layout-flex\">\n<div class=\"wp-block-column effect01 fadeTimeA is-layout-flow wp-block-column-is-layout-flow\" style=\"flex-basis:50%\">\n<h2 class=\"wp-block-heading\"><a href=\"https:\/\/bitwallet.com\/lt\/service\/payment\/\" data-type=\"page\" data-id=\"74\">MOK\u0116JIMAS INTERNETU<\/a><\/h2>\n\n\n\n<p>M\u016bs\u0173 unikalus: \u201eOneClick\u201c mok\u0117jimas<\/p>\n\n\n\n<ul class=\"wp-block-list\">\n<li><a href=\"https:\/\/bitwallet.com\/lt\/service\/payment\/#both\">Lengvas mok\u0117jimas realiuoju laiku 24 valandas per par\u0105, 7 dienas per savait\u0119<\/a><\/li>\n<\/ul>\n<\/div>\n\n\n\n<div class=\"wp-block-column img is-layout-flow wp-block-column-is-layout-flow\" style=\"flex-basis:50%\">\n<p class=\"has-text-align-center effect01\"><a href=\"https:\/\/bitwallet.com\/lt\/service\/payment\/\" data-type=\"link\" data-id=\"https:\/\/bitwallet.com\/service\/payment\/\"><img loading=\"lazy\" decoding=\"async\" width=\"150\" height=\"27\" class=\"wp-image-863\" style=\"width: 150px;\" src=\"https:\/\/bitwallet.com\/wp-content\/uploads\/2023\/09\/mv-service_payment-jpg.webp\" alt=\"\"><\/a><\/p>\n<\/div>\n<\/div>\n<\/div><\/div>\n\n\n\n<div class=\"wp-block-cover alignwide is-light\"><span aria-hidden=\"true\" class=\"wp-block-cover__background has-background-dim-100 has-background-dim\" style=\"background-color:#2bc0ef\"><\/span><div class=\"wp-block-cover__inner-container has-global-padding is-layout-constrained wp-block-cover-is-layout-constrained\">\n<div class=\"wp-block-columns is-layout-flex wp-container-core-columns-is-layout-9d6595d7 wp-block-columns-is-layout-flex\">\n<div class=\"wp-block-column img is-layout-flow wp-block-column-is-layout-flow\" style=\"flex-basis:50%\">\n<p class=\"has-text-align-center effect00 fadeTimeC\"><a href=\"https:\/\/bitwallet.com\/lt\/service\/receive\/\" data-type=\"link\" data-id=\"https:\/\/bitwallet.com\/service\/withdrawal\/\"><img loading=\"lazy\" decoding=\"async\" width=\"150\" height=\"27\" class=\"wp-image-934\" style=\"width: 150px;\" src=\"https:\/\/bitwallet.com\/wp-content\/uploads\/2023\/09\/mv-service_payout-jpg.webp\" alt=\"\"><\/a><\/p>\n<\/div>\n\n\n\n<div class=\"wp-block-column effect00 fadeTimeB is-layout-flow wp-block-column-is-layout-flow\" style=\"flex-basis:50%\">\n<h2 class=\"wp-block-heading\"><a href=\"https:\/\/bitwallet.com\/lt\/service\/receive\/\" data-type=\"page\" data-id=\"72\">GAUTI MOK\u0116JIM\u0104<\/a><\/h2>\n\n\n\n<p>Apmok\u0117jimo gavimas pas mus<\/p>\n\n\n\n<ul class=\"wp-block-list\">\n<li><a href=\"https:\/\/bitwallet.com\/lt\/service\/receive\/#fiat\" data-type=\"link\" data-id=\"https:\/\/bitwallet.com\/service\/withdrawal\/#fiat\">Gaukite mok\u0117jim\u0105 \u012f savo finans\u0173 \u012fstaig\u0105 visame pasaulyje<\/a><\/li>\n<\/ul>\n<\/div>\n<\/div>\n<\/div><\/div>\n\n\n\n<div class=\"wp-block-cover alignwide\"><span aria-hidden=\"true\" class=\"wp-block-cover__background has-background-dim-100 has-background-dim\" style=\"background-color:#003f97\"><\/span><div class=\"wp-block-cover__inner-container has-global-padding is-layout-constrained wp-block-cover-is-layout-constrained\">\n<div class=\"wp-block-columns is-layout-flex wp-container-core-columns-is-layout-9d6595d7 wp-block-columns-is-layout-flex\">\n<div class=\"wp-block-column effect01 fadeTimeA is-layout-flow wp-block-column-is-layout-flow\" style=\"flex-basis:50%\">\n<h2 class=\"wp-block-heading\"><a href=\"https:\/\/bitwallet.com\/lt\/service\/exchange\/\" data-type=\"page\" data-id=\"76\">MOK\u0116KITE SKIRTINGA VALIUTA<\/a><\/h2>\n\n\n\n<p>Valiutos keitimas, kad gal\u0117tum\u0117te patogiai atsiskaityti<\/p>\n\n\n\n<ul class=\"wp-block-list\">\n<li><a href=\"https:\/\/bitwallet.com\/lt\/service\/exchange\/#fiat\">Keistis geriausiu kursu<\/a><\/li>\n<\/ul>\n<\/div>\n\n\n\n<div class=\"wp-block-column img is-layout-flow wp-block-column-is-layout-flow\" style=\"flex-basis:50%\">\n<p class=\"has-text-align-center effect01\"><a href=\"https:\/\/bitwallet.com\/lt\/service\/exchange\/\" data-type=\"page\" data-id=\"76\"><img loading=\"lazy\" decoding=\"async\" width=\"150\" height=\"27\" class=\"wp-image-874\" style=\"width: 150px;\" src=\"https:\/\/bitwallet.com\/wp-content\/uploads\/2023\/09\/mv-service_exchange-jpg.webp\" alt=\"\"><\/a><\/p>\n<\/div>\n<\/div>\n<\/div><\/div>\n<\/div>\n\n\n\n<div class=\"wp-block-group menu-button has-global-padding is-layout-constrained wp-block-group-is-layout-constrained\">\n<div class=\"wp-block-buttons is-content-justification-left is-layout-flex wp-container-core-buttons-is-layout-fdcfc74e wp-block-buttons-is-layout-flex\">\n<div class=\"wp-block-button has-custom-width wp-block-button__width-50\"><a class=\"wp-block-button__link wp-element-button\" href=\"https:\/\/bitwallet.com\/lt\/service\/account-open\/\"><img loading=\"lazy\" decoding=\"async\" width=\"150\" height=\"27\" class=\"wp-image-1125\" style=\"width: 150px;\" src=\"https:\/\/bitwallet.com\/wp-content\/uploads\/2023\/09\/mv-serivice_account-open-jpg.webp\" alt=\"\"><br><strong>Nauja paskyra<\/strong><br>bitwallet paskyros registracija<\/a><\/div>\n\n\n\n<div class=\"wp-block-button has-custom-width wp-block-button__width-50\"><a class=\"wp-block-button__link wp-element-button\" href=\"https:\/\/bitwallet.com\/lt\/service\/handling-fee\/\"><img loading=\"lazy\" decoding=\"async\" width=\"150\" height=\"27\" class=\"wp-image-92\" style=\"width: 150px;\" src=\"https:\/\/bitwallet.com\/wp-content\/uploads\/2023\/05\/handlingfee_visual01-jpg.webp\" alt=\"\"><br><strong>Visas mokestis<\/strong><br>Taikom\u0173 mokes\u010di\u0173 s\u0105ra\u0161as<\/a><\/div>\n<\/div>\n\n\n\n<div class=\"wp-block-buttons is-content-justification-left is-layout-flex wp-container-core-buttons-is-layout-fdcfc74e wp-block-buttons-is-layout-flex\">\n<div class=\"wp-block-button has-custom-width wp-block-button__width-50\"><a class=\"wp-block-button__link wp-element-button\" href=\"https:\/\/bitwallet.com\/lt\/service\/status\/\"><img loading=\"lazy\" decoding=\"async\" width=\"150\" height=\"27\" class=\"wp-image-1127\" style=\"width: 150px;\" src=\"https:\/\/bitwallet.com\/wp-content\/uploads\/2023\/09\/mv-serive_status-jpg.webp\" alt=\"\"><br><strong>Paskyros b\u016bsena<\/strong><br>Kai naudojate, galite gauti daugiau papildom\u0173 funkcij\u0173<\/a><\/div>\n\n\n\n<div class=\"wp-block-button has-custom-width wp-block-button__width-50\"><a class=\"wp-block-button__link wp-element-button\" href=\"https:\/\/bitwallet.com\/lt\/service\/real-time-currency-chart\/\"><img loading=\"lazy\" decoding=\"async\" width=\"150\" height=\"27\" class=\"wp-image-1129\" style=\"width: 150px;\" src=\"https:\/\/bitwallet.com\/wp-content\/uploads\/2023\/09\/mv-service_realtimecurrencychart-jpg.webp\" alt=\"\"><br><strong>Realaus laiko valiut\u0173 diagrama<\/strong><br>Per\u017ei\u016br\u0117ti visus prekybos produktus (valiutas)<\/a><\/div>\n<\/div>\n\n\n\n<div class=\"wp-block-buttons is-content-justification-left is-layout-flex wp-container-core-buttons-is-layout-fdcfc74e wp-block-buttons-is-layout-flex\">\n<div class=\"wp-block-button has-custom-width wp-block-button__width-50\"><a class=\"wp-block-button__link wp-element-button\" href=\"https:\/\/bitwallet.com\/lt\/service\/security\/\"><img loading=\"lazy\" decoding=\"async\" width=\"150\" height=\"27\" class=\"wp-image-2022\" style=\"width: 150px;\" src=\"https:\/\/bitwallet.com\/wp-content\/uploads\/2023\/11\/mv-service_security-jpg.webp\" alt=\"\"><br><strong>Saugumas<\/strong><br>M\u016bs\u0173 saugos ap\u017evalga<\/a><\/div>\n<\/div>\n<\/div>","protected":false},"excerpt":{"rendered":"","protected":false},"author":5,"featured_media":0,"parent":0,"menu_order":18,"comment_status":"closed","ping_status":"closed","template":"","meta":{"footnotes":""},"class_list":["post-32","page","type-page","status-publish","hentry"],"_links":{"self":[{"href":"https:\/\/bitwallet.com\/lt\/wp-json\/wp\/v2\/pages\/32","targetHints":{"allow":["GET"]}}],"collection":[{"href":"https:\/\/bitwallet.com\/lt\/wp-json\/wp\/v2\/pages"}],"about":[{"href":"https:\/\/bitwallet.com\/lt\/wp-json\/wp\/v2\/types\/page"}],"author":[{"embeddable":true,"href":"https:\/\/bitwallet.com\/lt\/wp-json\/wp\/v2\/users\/5"}],"replies":[{"embeddable":true,"href":"https:\/\/bitwallet.com\/lt\/wp-json\/wp\/v2\/comments?post=32"}],"version-history":[{"count":85,"href":"https:\/\/bitwallet.com\/lt\/wp-json\/wp\/v2\/pages\/32\/revisions"}],"predecessor-version":[{"id":5778,"href":"https:\/\/bitwallet.com\/lt\/wp-json\/wp\/v2\/pages\/32\/revisions\/5778"}],"wp:attachment":[{"href":"https:\/\/bitwallet.com\/lt\/wp-json\/wp\/v2\/media?parent=32"}],"curies":[{"name":"wp","href":"https:\/\/api.w.org\/{rel}","templated":true}]}}