{"id":310,"date":"2023-06-15T13:50:38","date_gmt":"2023-06-15T04:50:38","guid":{"rendered":"https:\/\/bitwallet.com\/?page_id=310"},"modified":"2024-02-21T13:33:05","modified_gmt":"2024-02-21T04:33:05","slug":"support","status":"publish","type":"page","link":"https:\/\/bitwallet.com\/lt\/support\/","title":{"rendered":"Palaikymas"},"content":{"rendered":"<div class=\"wp-block-cover alignwide is-light header\"><span aria-hidden=\"true\" class=\"wp-block-cover__background has-background-dim-0 has-background-dim\"><\/span><div class=\"wp-block-cover__inner-container has-global-padding is-layout-constrained wp-block-cover-is-layout-constrained\">\n<h1 class=\"wp-block-heading has-text-align-left has-large-font-size\">Palaikymas<\/h1>\n\n\n\n<p>bitwallet pagalbos tarnyba<\/p>\n<\/div><\/div>\n\n\n\n<div class=\"wp-block-group menu-button has-global-padding is-layout-constrained wp-block-group-is-layout-constrained\">\n<div class=\"wp-block-buttons is-content-justification-left is-layout-flex wp-container-core-buttons-is-layout-fdcfc74e wp-block-buttons-is-layout-flex\">\n<div class=\"wp-block-button has-custom-width wp-block-button__width-50\"><a class=\"wp-block-button__link wp-element-button\" href=\"https:\/\/bitwallet.com\/lt\/support\/contact\/\"><img loading=\"lazy\" decoding=\"async\" width=\"150\" height=\"27\" class=\"wp-image-385\" style=\"width: 150px;\" src=\"https:\/\/bitwallet.com\/wp-content\/uploads\/2023\/06\/contact_visual01-jpg.webp\" alt=\"\"><br><strong>Susisiekite su mumis<\/strong><br>Paslaugos u\u017eklausa<\/a><\/div>\n\n\n\n<div class=\"wp-block-button has-custom-width wp-block-button__width-50\"><a class=\"wp-block-button__link wp-element-button\" href=\"\/lt\/support\/faq\/\" rel=\"\"><img loading=\"lazy\" decoding=\"async\" width=\"150\" height=\"27\" class=\"wp-image-321\" style=\"width: 150px;\" src=\"https:\/\/bitwallet.com\/wp-content\/uploads\/2023\/06\/faq_visual01-jpg.webp\" alt=\"\"><br><strong>DUK<\/strong><br>Da\u017enai u\u017eduodami klausimai apie bitwallet DUK formatu.<\/a><\/div>\n<\/div>\n\n\n\n<div class=\"wp-block-buttons is-content-justification-left is-layout-flex wp-container-core-buttons-is-layout-fdcfc74e wp-block-buttons-is-layout-flex\">\n<div class=\"wp-block-button has-custom-width wp-block-button__width-50\"><a class=\"wp-block-button__link wp-element-button\" href=\"\/lt\/support\/guide\/\"><img loading=\"lazy\" decoding=\"async\" width=\"150\" height=\"27\" class=\"wp-image-364\" style=\"width: 150px;\" src=\"https:\/\/bitwallet.com\/wp-content\/uploads\/2023\/06\/guide_visual01-jpg.webp\" alt=\"\"><br><strong>Vadovas<\/strong><br>bitwallet naudojimo vadovas<\/a><\/div>\n\n\n\n<div class=\"wp-block-button has-custom-width wp-block-button__width-50\"><a class=\"wp-block-button__link wp-element-button\" href=\"\/lt\/support\/glossary\/\" rel=\"\"><img loading=\"lazy\" decoding=\"async\" width=\"150\" height=\"27\" class=\"wp-image-387\" style=\"width: 150px;\" src=\"https:\/\/bitwallet.com\/wp-content\/uploads\/2023\/06\/glossary_visual01-jpg.webp\" alt=\"\"><br><strong>\u017dodyn\u0117lis<\/strong><br>Pinigin\u0117je da\u017eniausiai vartojam\u0173 termin\u0173 \u017eodynas<\/a><\/div>\n<\/div>\n\n\n\n<div class=\"wp-block-buttons is-content-justification-left is-layout-flex wp-container-core-buttons-is-layout-fdcfc74e wp-block-buttons-is-layout-flex\">\n<div class=\"wp-block-button has-custom-width wp-block-button__width-50\"><a class=\"wp-block-button__link wp-element-button\" href=\"https:\/\/bitwallet.com\/lt\/support\/api\/\" rel=\"\"><img loading=\"lazy\" decoding=\"async\" width=\"150\" height=\"27\" class=\"wp-image-392\" style=\"width: 150px;\" src=\"https:\/\/bitwallet.com\/wp-content\/uploads\/2023\/06\/api_visual01-jpg.webp\" alt=\"\"><br><strong>API specifikacija<\/strong><br>Programos specifikacijos k\u016br\u0117jams<\/a><\/div>\n<\/div>\n<\/div>","protected":false},"excerpt":{"rendered":"","protected":false},"author":5,"featured_media":0,"parent":0,"menu_order":10,"comment_status":"closed","ping_status":"closed","template":"","meta":{"footnotes":""},"class_list":["post-310","page","type-page","status-publish","hentry"],"_links":{"self":[{"href":"https:\/\/bitwallet.com\/lt\/wp-json\/wp\/v2\/pages\/310","targetHints":{"allow":["GET"]}}],"collection":[{"href":"https:\/\/bitwallet.com\/lt\/wp-json\/wp\/v2\/pages"}],"about":[{"href":"https:\/\/bitwallet.com\/lt\/wp-json\/wp\/v2\/types\/page"}],"author":[{"embeddable":true,"href":"https:\/\/bitwallet.com\/lt\/wp-json\/wp\/v2\/users\/5"}],"replies":[{"embeddable":true,"href":"https:\/\/bitwallet.com\/lt\/wp-json\/wp\/v2\/comments?post=310"}],"version-history":[{"count":16,"href":"https:\/\/bitwallet.com\/lt\/wp-json\/wp\/v2\/pages\/310\/revisions"}],"predecessor-version":[{"id":4452,"href":"https:\/\/bitwallet.com\/lt\/wp-json\/wp\/v2\/pages\/310\/revisions\/4452"}],"wp:attachment":[{"href":"https:\/\/bitwallet.com\/lt\/wp-json\/wp\/v2\/media?parent=310"}],"curies":[{"name":"wp","href":"https:\/\/api.w.org\/{rel}","templated":true}]}}