{"id":1118,"date":"2023-09-21T18:00:22","date_gmt":"2023-09-21T09:00:22","guid":{"rendered":"https:\/\/bitwallet.com\/?page_id=1118"},"modified":"2026-03-25T12:58:20","modified_gmt":"2026-03-25T03:58:20","slug":"api","status":"publish","type":"page","link":"https:\/\/bitwallet.com\/lt\/support\/api\/","title":{"rendered":"API specifikacija"},"content":{"rendered":"<div class=\"wp-block-cover alignwide header\"><img loading=\"lazy\" decoding=\"async\" width=\"2000\" height=\"360\" class=\"wp-block-cover__image-background wp-image-1120\" alt=\"\" src=\"https:\/\/bitwallet.com\/wp-content\/uploads\/2023\/09\/mv-support-api-jpg.webp\" data-object-fit=\"cover\"\/><span aria-hidden=\"true\" class=\"wp-block-cover__background has-background-dim-0 has-background-dim\"><\/span><div class=\"wp-block-cover__inner-container has-global-padding is-layout-constrained wp-block-cover-is-layout-constrained\">\n<h1 class=\"wp-block-heading has-text-align-left effect00\">API specifikacija<\/h1>\n\n\n\n<p class=\"effect00 fadeTimeA\">Programos specifikacijos k\u016br\u0117jams<\/p>\n<\/div><\/div>\n\n\n\n<h2 class=\"wp-block-heading effect00\">bitwallet \u017einiatinklio API<\/h2>\n\n\n\n<p class=\"effect00 fadeTimeA\">bitwallet pateikia visapusi\u0161k\u0105 paai\u0161kinim\u0105 API specifikacijoje, pvz., bitwallet API ir bitwallet Exchange API k\u016br\u0117jams. bitwallet Merchant API leid\u017eia prekybininko paskyrai prisijungti prie m\u016bs\u0173 mok\u0117jimo ir autentifikavimo paslaug\u0173, kad b\u016bt\u0173 sukurta sklandi mok\u0117jimo aplinka.<\/p>\n\n\n\n<div class=\"wp-block-group box effect00 fadeTimeB has-global-padding is-layout-constrained wp-block-group-is-layout-constrained\">\n<h3 class=\"wp-block-heading fiat\">bitwallet \u017einiatinklio API<\/h3>\n\n\n\n<h4 class=\"wp-block-heading\">bitwallet mok\u0117jimo API (BPA)<\/h4>\n\n\n\n<p>BPA yra s\u0105saja API, skirta bitwallet kredito kortel\u0117s operacijoms, leid\u017eianti lengvai atlikti mok\u0117jim\u0105 (kredito kortele ir banko pavedimu) bitwallet platformoje.<\/p>\n\n\n\n<p class=\"blank\"><a href=\"#\">BPA specifikacija (rengimas)<\/a><\/p>\n\n\n\n<hr class=\"wp-block-separator has-alpha-channel-opacity\"\/>\n\n\n\n<h4 class=\"wp-block-heading\">bitwallet Exchange API (BEA)<\/h4>\n\n\n\n<p>BEA yra specializuota valiutos keitimo API, pasiekiama bitwallet platformoje. BEA skirstoma \u012f du tipus: vie\u0161\u0105j\u0105 API ir saugi\u0105j\u0105 API. Vie\u0161oji API nenaudoja vartotojo autentifikavimo, o saugiai API reikalingas autentifikavimas. Vie\u0161oji API teikia hibridinius duomenis, tokius kaip kain\u0173 informacija, o saugi API garantuoja informacijos konfidencialum\u0105, \u012fne\u0161im\u0105 ir i\u0161\u0117mim\u0105, kuri\u0105 ji apdoroja per API.<\/p>\n\n\n\n<p class=\"blank\"><a href=\"#\">BEA specifikacija (rengimas) <\/a><\/p>\n\n\n\n<hr class=\"wp-block-separator has-alpha-channel-opacity\"\/>\n\n\n\n<h4 class=\"wp-block-heading\">bitwallet prekybininko API (BMA)<\/h4>\n\n\n\n<p>BMA yra API, kuri\u0105 bitwallet \u012fdieg\u0117 su pinigin\u0117s funkcija savo platformoje. API yra specializuota ir skirta prekybininko paskyrai, integruojant bitwallet mok\u0117jimo sistem\u0105, pinigin\u0117s funkcijas ir leid\u017eiant OpenID Connect tapatyb\u0117s autentifikavim\u0105 j\u0173 svetain\u0117se.<\/p>\n\n\n\n<p class=\"blank\"><a href=\"https:\/\/secure.bitwallet.com\/docs\/merchant?lang=en\" target=\"_blank\" rel=\"noreferrer noopener\">BMA specifikacija (2026.03.25) 2.06 versija<\/a><\/p>\n<\/div>","protected":false},"excerpt":{"rendered":"<p>bitwallet \u017einiatinklio API bitwallet pateikia visapus\u012f API specifikacijos paai\u0161kinim\u0105, pvz., bitwallet API ir bitwallet Exchange API k\u016br\u0117jams. bitwallet Merchant API leid\u017eia prekybininko paskyrai prisijungti prie m\u016bs\u0173 mok\u0117jimo ir autentifikavimo paslaug\u0173, kad b\u016bt\u0173 sukurta sklandi mok\u0117jimo aplinka. bitwallet \u017einiatinklio API bitwallet mok\u0117jimo API (BPA) BPA yra s\u0105sajos API, skirta bitwallet kredito kortel\u0117s operacijoms, leid\u017eianti lengvai atlikti mok\u0117jimo proces\u0105 (kredito kortele ir banko pavedimu) bitwallet platformoje. BPA specifikacija (rengimas) bitwallet Exchange API (BEA) BEA yra specializuota valiutos keitimo API, pasiekiama bitwallet platformoje. BEA skirstoma \u012f du tipus: vie\u0161\u0105j\u0105 API ir saugi\u0105j\u0105 API. Vie\u0161oji API nenaudoja vartotojo autentifikavimo, o saugiai API reikalingas autentifikavimas. Vie\u0161oji API\u2026<\/p>","protected":false},"author":5,"featured_media":0,"parent":310,"menu_order":17,"comment_status":"closed","ping_status":"closed","template":"","meta":{"footnotes":""},"class_list":["post-1118","page","type-page","status-publish","hentry"],"_links":{"self":[{"href":"https:\/\/bitwallet.com\/lt\/wp-json\/wp\/v2\/pages\/1118","targetHints":{"allow":["GET"]}}],"collection":[{"href":"https:\/\/bitwallet.com\/lt\/wp-json\/wp\/v2\/pages"}],"about":[{"href":"https:\/\/bitwallet.com\/lt\/wp-json\/wp\/v2\/types\/page"}],"author":[{"embeddable":true,"href":"https:\/\/bitwallet.com\/lt\/wp-json\/wp\/v2\/users\/5"}],"replies":[{"embeddable":true,"href":"https:\/\/bitwallet.com\/lt\/wp-json\/wp\/v2\/comments?post=1118"}],"version-history":[{"count":18,"href":"https:\/\/bitwallet.com\/lt\/wp-json\/wp\/v2\/pages\/1118\/revisions"}],"predecessor-version":[{"id":5774,"href":"https:\/\/bitwallet.com\/lt\/wp-json\/wp\/v2\/pages\/1118\/revisions\/5774"}],"up":[{"embeddable":true,"href":"https:\/\/bitwallet.com\/lt\/wp-json\/wp\/v2\/pages\/310"}],"wp:attachment":[{"href":"https:\/\/bitwallet.com\/lt\/wp-json\/wp\/v2\/media?parent=1118"}],"curies":[{"name":"wp","href":"https:\/\/api.w.org\/{rel}","templated":true}]}}