{"id":1063,"date":"2023-09-21T17:27:29","date_gmt":"2023-09-21T08:27:29","guid":{"rendered":"https:\/\/bitwallet.com\/?page_id=1063"},"modified":"2026-01-07T11:36:23","modified_gmt":"2026-01-07T02:36:23","slug":"unauthorized-transactions","status":"publish","type":"page","link":"https:\/\/bitwallet.com\/lt\/support\/unauthorized-transactions\/","title":{"rendered":"Neautorizuotos kredito kortel\u0117s operacijos"},"content":{"rendered":"<div class=\"wp-block-cover alignwide header\"><img loading=\"lazy\" decoding=\"async\" width=\"2000\" height=\"360\" class=\"wp-block-cover__image-background wp-image-1097\" alt=\"\" src=\"https:\/\/bitwallet.com\/wp-content\/uploads\/2023\/09\/mv-support-unauthorizedtransactions-jpg.webp\" data-object-fit=\"cover\"\/><span aria-hidden=\"true\" class=\"wp-block-cover__background has-background-dim-0 has-background-dim\"><\/span><div class=\"wp-block-cover__inner-container has-global-padding is-layout-constrained wp-block-cover-is-layout-constrained\">\n<h1 class=\"wp-block-heading has-text-align-left effect00\">Neautorizuotos kredito kortel\u0117s operacijos<\/h1>\n\n\n\n<p class=\"effect00 fadeTimeA\">Kaip to i\u0161vengti<\/p>\n<\/div><\/div>\n\n\n\n<div class=\"wp-block-group box effect00 has-global-padding is-layout-constrained wp-block-group-is-layout-constrained\">\n<h3 class=\"wp-block-heading fiat\">Kas yra neautorizuotos kortel\u0117s operacijos?<\/h3>\n\n\n\n<div class=\"wp-block-group effect00 fadeTimeA has-global-padding is-layout-constrained wp-block-group-is-layout-constrained\">\n<p>Neautorizuotos kortel\u0117s operacijos \u2013 tai operacijos, kurias atlikote ne j\u016bs arba operacijos, kurios buvo atliktos be j\u016bs\u0173 sutikimo. Neteis\u0117tos operacijos da\u017eniausiai \u012fvyksta pametus kredito kortel\u0119 arba pavagiant informacij\u0105 internete.<\/p>\n\n\n\n<p>\u201eBitwallet\u201c neteis\u0117tas operacijas vertina kaip rimt\u0105 nusikaltim\u0105 ir nor\u0117t\u0173, kad visi vartotojai bendradarbiaut\u0173, kad i\u0161vengt\u0173 toki\u0173 operacij\u0173.<\/p>\n<\/div>\n<\/div>\n\n\n\n<div class=\"wp-block-group box contact has-global-padding is-content-justification-center is-layout-constrained wp-block-group-is-layout-constrained\">\n<h2 class=\"wp-block-heading has-text-align-center\">Kontaktin\u0117 informacija<\/h2>\n\n\n\n<div class=\"wp-block-group only-en has-global-padding is-layout-constrained wp-block-group-is-layout-constrained\">\n<p class=\"has-text-align-center\">Jei pastebite koki\u0173 nors ne\u012fprast\u0173 operacij\u0173 arba \u012ftariate nes\u0105\u017eining\u0105 veikl\u0105,<br>pra\u0161ome susisiekti su mumis vienu i\u0161 \u017eemiau nurodyt\u0173 b\u016bd\u0173.<\/p>\n\n\n\n<p class=\"has-text-align-center\">bitwallet klient\u0173 aptarnavimas<\/p>\n\n\n\n<div class=\"wp-block-buttons btn-contact-info is-content-justification-center is-layout-flex wp-container-core-buttons-is-layout-16018d1d wp-block-buttons-is-layout-flex\">\n<div class=\"wp-block-button\"><a class=\"wp-block-button__link wp-element-button\" href=\"https:\/\/secure.bitwallet.com\/contact\/inquiry\/?lang=en\">kontaktas <\/a><\/div>\n<\/div>\n\n\n\n<p class=\"has-text-align-center\">Telefonas: <strong>03-6893-0958<\/strong><br>Pagalbos valandos: pirmadieniais\u2013penktadieniais, <strong>9:00-18:00<\/strong><\/p>\n\n\n\n<p class=\"has-text-align-center\">\u0160ven\u010di\u0173 dienomis darbo laikas atitinka m\u016bs\u0173 \u012fmon\u0117s darbo kalendori\u0173.<\/p>\n<\/div>\n\n\n\n<div class=\"wp-block-group only-ja nothonyaku has-global-padding is-layout-constrained wp-block-group-is-layout-constrained\" data-no-translation=\"\">\n<p class=\"has-text-align-center\">\u8eab\u306b\u899a\u3048\u306e\u306a\u3044\u53d6\u5f15\u3084\u4e0d\u6b63\u53d6\u5f15\u306e\u7591\u3044\u304c\u3042\u308b\u306a\u3069\u306e\u3054\u76f8\u8ac7\u306f\u3001<br>\u4e0b\u8a18\u3044\u305a\u308c\u304b\u306e\u65b9\u6cd5\u306b\u3066\u3054\u9023\u7d61\u3092\u304a\u9858\u3044\u3044\u305f\u3057\u307e\u3059\u3002<\/p>\n\n\n\n<p class=\"has-text-align-center\">bitwallet \u30ab\u30b9\u30bf\u30de\u30fc\u30b5\u30dd\u30fc\u30c8<\/p>\n\n\n\n<div class=\"wp-block-buttons btn-contact-info is-content-justification-center is-layout-flex wp-container-core-buttons-is-layout-16018d1d wp-block-buttons-is-layout-flex\">\n<div class=\"wp-block-button\"><a class=\"wp-block-button__link wp-element-button\" href=\"https:\/\/secure.bitwallet.com\/contact\/inquiry\/?lang=ja\">\u304a\u554f\u3044\u5408\u308f\u305b<\/a><\/div>\n<\/div>\n\n\n\n<p class=\"has-text-align-center\">\u96fb\u8a71\u3000<strong>03-6893-0958<\/strong><br>\u5bfe\u5fdc\u6642\u9593\uff1a\u6708\u301c\u91d1\u66dc\u65e5\u3000<strong>9:00\u301c18:00<\/strong><\/p>\n\n\n\n<p class=\"has-text-align-center\">\u203b\u5e74\u672b\u5e74\u59cb\u306f\u3001\u5f0a\u793e\u55b6\u696d\u30ab\u30ec\u30f3\u30c0\u30fc\u306b\u57fa\u3065\u304d\u307e\u3059\u3002<\/p>\n<\/div>\n<\/div>\n\n\n\n<div class=\"wp-block-group box has-global-padding is-layout-constrained wp-block-group-is-layout-constrained\">\n<h3 class=\"wp-block-heading fiat\">Neleistin\u0173 operacij\u0173 prevencija<\/h3>\n<\/div>\n\n\n\n<div class=\"wp-block-group prevention has-global-padding is-layout-constrained wp-block-group-is-layout-constrained\">\n<div class=\"wp-block-columns is-layout-flex wp-container-core-columns-is-layout-9d6595d7 wp-block-columns-is-layout-flex\">\n<div class=\"wp-block-column is-layout-flow wp-block-column-is-layout-flow\">\n<figure class=\"wp-block-image aligncenter size-full is-resized\"><img loading=\"lazy\" decoding=\"async\" width=\"173\" height=\"155\" src=\"https:\/\/bitwallet.com\/wp-content\/uploads\/2023\/09\/icon_ut_safety01.png\" alt=\"\" class=\"wp-image-1091\" style=\"object-fit:contain;width:undefinedpx;height:80px\"\/><\/figure>\n\n\n\n<h4 class=\"wp-block-heading has-text-align-center\"><strong>Paskyros sauga<\/strong><\/h4>\n\n\n\n<ul class=\"wp-block-list\">\n<li class=\"check\">Savo paskyroje nustatykite dviej\u0173 veiksni\u0173 autentifikavim\u0105 (2FA).<\/li>\n\n\n\n<li>Nesidalinkite savo asmenine el. pa\u0161to paskyra ir paskyra su kitais.<\/li>\n\n\n\n<li>Ne\u012fgaliokite niekam kitam valdyti j\u016bs\u0173 paskyros.<\/li>\n\n\n\n<li>Nekurkite paskyros kit\u0173 vardu.<\/li>\n\n\n\n<li>Ned\u0117kite ind\u0117lio kit\u0173 vardu.<\/li>\n\n\n\n<li>Neatskleiskite asmenin\u0117s informacijos, kad kiti gal\u0117t\u0173 sukurti paskyr\u0105 j\u016bs\u0173 vardu.<\/li>\n<\/ul>\n<\/div>\n\n\n\n<div class=\"wp-block-column is-layout-flow wp-block-column-is-layout-flow\">\n<figure class=\"wp-block-image aligncenter size-full is-resized\"><img loading=\"lazy\" decoding=\"async\" width=\"203\" height=\"158\" src=\"https:\/\/bitwallet.com\/wp-content\/uploads\/2023\/09\/icon_ut_safety02.png\" alt=\"\" class=\"wp-image-1092\" style=\"object-fit:contain;width:undefinedpx;height:80px\"\/><\/figure>\n\n\n\n<h4 class=\"wp-block-heading has-text-align-center\"><strong>Kredito korteli\u0173 apsauga<\/strong><\/h4>\n\n\n\n<ul class=\"wp-block-list\">\n<li class=\"check\">Jei pamet\u0117te kortel\u0119, susisiekite su banku, kad kortel\u0117 nedelsiant at\u0161aukt\u0173.<\/li>\n\n\n\n<li class=\"check\">Atid\u017eiai steb\u0117kite savo kredito korteli\u0173 s\u0105skaitas ir operacijas.<\/li>\n\n\n\n<li>Nesidalinkite savo kredito kortel\u0117s duomenimis su kitais.<\/li>\n\n\n\n<li>Operacijai atlikti nenaudokite jums nepriklausan\u010dios kredito kortel\u0117s.<\/li>\n\n\n\n<li>Neleiskite kitiems naudoti j\u016bs\u0173 kredito kortel\u0117s operacij\u0173 tikslais.<\/li>\n<\/ul>\n<\/div>\n<\/div>\n<\/div>\n\n\n\n<div class=\"wp-block-group box has-global-padding is-layout-constrained wp-block-group-is-layout-constrained\">\n<h3 class=\"wp-block-heading nobar has-deep-blue-color has-text-color has-link-color wp-elements-26ed70d1d74a1d53cbf942f362e72613\"><strong>Primygtinai patariama su niekuo nesidalyti savo kortel\u0117s informacija, kad i\u0161vengtum\u0117te neteis\u0117t\u0173 korteli\u0173 operacij\u0173.<\/strong><\/h3>\n<\/div>\n\n\n\n<div class=\"wp-block-group box has-global-padding is-layout-constrained wp-block-group-is-layout-constrained\">\n<h3 class=\"wp-block-heading fiat\">Kada prane\u0161ti apie neteis\u0117tas operacijas?<\/h3>\n\n\n\n<p>Prie\u0161 prane\u0161dami apie neteis\u0117t\u0105 operacij\u0105, per\u017ei\u016br\u0117kite toliau pateiktus pavyzd\u017eius.<\/p>\n<\/div>\n\n\n\n<div class=\"wp-block-group prevention has-global-padding is-layout-constrained wp-block-group-is-layout-constrained\">\n<div class=\"wp-block-columns is-layout-flex wp-container-core-columns-is-layout-9d6595d7 wp-block-columns-is-layout-flex\">\n<div class=\"wp-block-column is-layout-flow wp-block-column-is-layout-flow\">\n<figure class=\"wp-block-image aligncenter size-full is-resized\"><img loading=\"lazy\" decoding=\"async\" width=\"247\" height=\"197\" src=\"https:\/\/bitwallet.com\/wp-content\/uploads\/2023\/09\/icon_ut_when01.png\" alt=\"\" class=\"wp-image-1071\" style=\"object-fit:contain;width:undefinedpx;height:80px\"\/><\/figure>\n\n\n\n<p>Patikrinkite, ar nepamet\u0117te kredito kortel\u0117s.<\/p>\n\n\n\n<p>Pra\u0161ome patikrinti savo daiktus, kad \u012fsitikintum\u0117te, jog nedingo j\u016bs\u0173 fizin\u0117 kredito kortel\u0117.<\/p>\n<\/div>\n\n\n\n<div class=\"wp-block-column is-layout-flow wp-block-column-is-layout-flow\">\n<figure class=\"wp-block-image aligncenter size-full is-resized\"><img loading=\"lazy\" decoding=\"async\" width=\"280\" height=\"228\" src=\"https:\/\/bitwallet.com\/wp-content\/uploads\/2023\/09\/icon_ut_when02.png\" alt=\"\" class=\"wp-image-1072\" style=\"object-fit:contain;width:undefinedpx;height:80px\"\/><\/figure>\n\n\n\n<p>Patikrinkite, ar kas nors i\u0161 j\u016bs\u0173 \u0161eimos nari\u0173 neseniai naudojo j\u016bs\u0173 kredito kortel\u0119 mok\u0117jimui internetu atlikti.<\/p>\n\n\n\n<p>Labai da\u017enai korteli\u0173 savinink\u0173 \u0161eimos nariai turi prieig\u0105 prie savo kredito korteli\u0173.<\/p>\n<\/div>\n<\/div>\n\n\n\n<div class=\"wp-block-columns is-layout-flex wp-container-core-columns-is-layout-9d6595d7 wp-block-columns-is-layout-flex\">\n<div class=\"wp-block-column is-layout-flow wp-block-column-is-layout-flow\">\n<figure class=\"wp-block-image aligncenter size-full is-resized\"><img loading=\"lazy\" decoding=\"async\" width=\"189\" height=\"196\" src=\"https:\/\/bitwallet.com\/wp-content\/uploads\/2023\/09\/icon_ut_when03.png\" alt=\"\" class=\"wp-image-1078\" style=\"object-fit:contain;width:undefinedpx;height:80px\"\/><\/figure>\n\n\n\n<p>Patikrinkite, ar mokate u\u017e metin\u0119 naryst\u0119.<\/p>\n\n\n\n<p>Naryst\u0117 da\u017enai atnaujinama automati\u0161kai. Nor\u0117dami gauti daugiau informacijos, kreipkit\u0117s \u012f savo paslaug\u0173 teik\u0117j\u0105.<\/p>\n<\/div>\n\n\n\n<div class=\"wp-block-column is-layout-flow wp-block-column-is-layout-flow\">\n<figure class=\"wp-block-image aligncenter size-full is-resized\"><img loading=\"lazy\" decoding=\"async\" width=\"167\" height=\"192\" src=\"https:\/\/bitwallet.com\/wp-content\/uploads\/2023\/09\/icon_ut_when04.png\" alt=\"\" class=\"wp-image-1079\" style=\"object-fit:contain;width:undefinedpx;height:80px\"\/><\/figure>\n\n\n\n<p>D\u0117l atsiskaitymo deskriptoriaus pasiteiraukite prekybininko, kuriam sumok\u0117jote<\/p>\n\n\n\n<p>Steb\u0117kite naujausius pirkinius ir patikrinkite prekes pagal jums pateiktas s\u0105skaitas fakt\u016bras. S\u0105skaitos fakt\u016bros gali b\u016bti popierin\u0117s arba skaitmenin\u0117s s\u0105skaitos fakt\u016bros, kurias rasite el. lai\u0161kuose.<\/p>\n<\/div>\n<\/div>\n\n\n\n<div class=\"wp-block-columns is-layout-flex wp-container-core-columns-is-layout-9d6595d7 wp-block-columns-is-layout-flex\">\n<div class=\"wp-block-column is-layout-flow wp-block-column-is-layout-flow\">\n<figure class=\"wp-block-image aligncenter size-full is-resized\"><img loading=\"lazy\" decoding=\"async\" width=\"178\" height=\"187\" src=\"https:\/\/bitwallet.com\/wp-content\/uploads\/2023\/09\/icon_ut_when05.png\" alt=\"\" class=\"wp-image-1080\" style=\"object-fit:contain;width:undefinedpx;height:80px\"\/><\/figure>\n\n\n\n<p>Patikrinkite, ar esate apmokestinti u\u017e paslaug\u0105 kitu pavadinimu.<\/p>\n\n\n\n<p>Kai kurie prekybininkai nori rodyti si\u016blomos prek\u0117s pavadinim\u0105, o ne naudoti parduotuv\u0117s pavadinim\u0105.<\/p>\n\n\n\n<p>Pavyzdys: internetin\u0117s mados parduotuv\u0117s, pavadintos \u201eFlash Fashion\u201c, parduotuv\u0117, kortel\u0117s ataskaitoje rodoma kaip \u201ekardiganas \/ palaidin\u0117 \/ d\u017einsai\u201c.<\/p>\n<\/div>\n\n\n\n<div class=\"wp-block-column is-layout-flow wp-block-column-is-layout-flow\">\n<figure class=\"wp-block-image aligncenter size-full is-resized\"><img loading=\"lazy\" decoding=\"async\" width=\"242\" height=\"186\" src=\"https:\/\/bitwallet.com\/wp-content\/uploads\/2023\/09\/icon_ut_when06.png\" alt=\"\" class=\"wp-image-1081\" style=\"object-fit:contain;width:undefinedpx;height:80px\"\/><\/figure>\n\n\n\n<p>Yra prekybinink\u0173, kuri\u0173 \u012fmon\u0117s pavadinimas nurodomas s\u0105skaitoje, o ne parduotuv\u0117s pavadinimas.<\/p>\n\n\n\n<p>Yra keletas prekybinink\u0173, kuri\u0173 \u012fmon\u0117s pavadinimas skiriasi nuo parduotuv\u0117s pavadinimo.<\/p>\n\n\n\n<p>Pavyzdys: \u012fmon\u0117s pavadinimas \u201efashion store Pte Ltd\u201c rodomas j\u016bs\u0173 kortel\u0117s ataskaitoje, o parduotuv\u0117s pavadinimas yra \u201eFlash Fashion\u201c.<\/p>\n<\/div>\n<\/div>\n<\/div>\n\n\n\n<div class=\"wp-block-group box has-global-padding is-layout-constrained wp-block-group-is-layout-constrained\">\n<h3 class=\"wp-block-heading fiat\">Da\u017enos korteli\u0173 savinink\u0173 klaidos.<\/h3>\n\n\n\n<p>Tarp prane\u0161t\u0173 atvej\u0173 daugelis yra susij\u0119 su \u0161eimos nari\u0173 ar pa\u017e\u012fstam\u0173 atliktomis operacijomis, gavus kortel\u0117s tur\u0117tojo sutikim\u0105. Prie\u0161 prane\u0161dami apie neautorizuot\u0105 kortel\u0117s operacij\u0105, pasiteiraukite savo \u0161eimos nari\u0173 ir pa\u017e\u012fstam\u0173, ar jie neseniai naudojo j\u016bs\u0173 kortel\u0119 mok\u0117jimams internetu ar pirkiniams.<\/p>\n<\/div>\n\n\n\n<div class=\"wp-block-group box has-global-padding is-layout-constrained wp-block-group-is-layout-constrained\">\n<h3 class=\"wp-block-heading fiat\">Prie\u0161 susisiekdami su mumis patikrinkite auk\u0161\u010diau pateiktus scenarijus.<\/h3>\n\n\n\n<p>Bitwallet Pte. Ltd. nedvejodamas at\u0161auks operacij\u0105, jei bus nustatyta, kad vartotojo kredito kortel\u0117 buvo naudojama neteis\u0117tai.<\/p>\n\n\n\n<p>Jei negalite identifikuoti situacijos i\u0161 pateikt\u0173 pavyzd\u017ei\u0173, nedelsdami susisiekite su mumis.<\/p>\n\n\n\n<p>bitwallet komanda stengiasi u\u017etikrinti j\u016bs\u0173 paskyros ir operacij\u0173 saugum\u0105.<\/p>\n<\/div>\n\n\n\n<div class=\"wp-block-group  inquiry has-global-padding is-layout-constrained wp-block-group-is-layout-constrained\">\n<p class=\"has-text-align-center\"><strong>Jei norite susisiekti su komanda ir prane\u0161ti apie bet kokias neteis\u0117tas operacijas.<\/strong><\/p>\n\n\n\n<div class=\"wp-block-buttons is-content-justification-center is-layout-flex wp-container-core-buttons-is-layout-16018d1d wp-block-buttons-is-layout-flex\">\n<div class=\"wp-block-button\"><a class=\"wp-block-button__link wp-element-button\" href=\"https:\/\/secure.bitwallet.com\/contact\/?lang=en\">Susisiekite su mumis<\/a><\/div>\n<\/div>\n<\/div>\n\n\n\n<p><\/p>","protected":false},"excerpt":{"rendered":"<p>Vartotojai raginami bendradarbiauti su bitwallet, kad b\u016bt\u0173 i\u0161vengta neteis\u0117t\u0173 operacij\u0173.<\/p>","protected":false},"author":5,"featured_media":0,"parent":310,"menu_order":16,"comment_status":"closed","ping_status":"closed","template":"","meta":{"footnotes":""},"class_list":["post-1063","page","type-page","status-publish","hentry"],"_links":{"self":[{"href":"https:\/\/bitwallet.com\/lt\/wp-json\/wp\/v2\/pages\/1063","targetHints":{"allow":["GET"]}}],"collection":[{"href":"https:\/\/bitwallet.com\/lt\/wp-json\/wp\/v2\/pages"}],"about":[{"href":"https:\/\/bitwallet.com\/lt\/wp-json\/wp\/v2\/types\/page"}],"author":[{"embeddable":true,"href":"https:\/\/bitwallet.com\/lt\/wp-json\/wp\/v2\/users\/5"}],"replies":[{"embeddable":true,"href":"https:\/\/bitwallet.com\/lt\/wp-json\/wp\/v2\/comments?post=1063"}],"version-history":[{"count":80,"href":"https:\/\/bitwallet.com\/lt\/wp-json\/wp\/v2\/pages\/1063\/revisions"}],"predecessor-version":[{"id":5763,"href":"https:\/\/bitwallet.com\/lt\/wp-json\/wp\/v2\/pages\/1063\/revisions\/5763"}],"up":[{"embeddable":true,"href":"https:\/\/bitwallet.com\/lt\/wp-json\/wp\/v2\/pages\/310"}],"wp:attachment":[{"href":"https:\/\/bitwallet.com\/lt\/wp-json\/wp\/v2\/media?parent=1063"}],"curies":[{"name":"wp","href":"https:\/\/api.w.org\/{rel}","templated":true}]}}