{"id":1045,"date":"2023-09-21T10:05:37","date_gmt":"2023-09-21T01:05:37","guid":{"rendered":"https:\/\/bitwallet.com\/?page_id=1045"},"modified":"2024-08-16T12:19:15","modified_gmt":"2024-08-16T03:19:15","slug":"customer-inquiry","status":"publish","type":"page","link":"https:\/\/bitwallet.com\/lt\/support\/contact\/customer-inquiry\/","title":{"rendered":"D\u0117l klient\u0173 aptarnavimo"},"content":{"rendered":"<div class=\"wp-block-cover alignwide header\"><span aria-hidden=\"true\" class=\"wp-block-cover__background has-background-dim-0 has-background-dim\"><\/span><img loading=\"lazy\" decoding=\"async\" width=\"2000\" height=\"360\" class=\"wp-block-cover__image-background wp-image-1033\" alt=\"\" src=\"https:\/\/bitwallet.com\/wp-content\/uploads\/2023\/09\/mv-support-contact-jpg.webp\" data-object-fit=\"cover\"\/><div class=\"wp-block-cover__inner-container has-global-padding is-layout-constrained wp-block-cover-is-layout-constrained\">\n<h1 class=\"wp-block-heading has-text-align-left effect00\">Susisiekite su mumis<\/h1>\n\n\n\n<p class=\"effect00 fadeTimeA\">Paslaugos u\u017eklausa<\/p>\n<\/div><\/div>\n\n\n\n<h2 class=\"wp-block-heading effect01\">D\u0117l klient\u0173 aptarnavimo<\/h2>\n\n\n\n<p><\/p>\n\n\n\n<div class=\"wp-block-group box effect01 has-global-padding is-layout-constrained wp-block-group-is-layout-constrained\">\n<h3 class=\"wp-block-heading\">D\u0117l klient\u0173 aptarnavimo<\/h3>\n\n\n\n<p>Jei turite klausim\u0173 d\u0117l s\u0105skaitos atidarymo, paskyros naudojimo ar m\u016bs\u0173 paslaug\u0173, susisiekite su mumis \u010dia.<\/p>\n\n\n\n<h4 class=\"wp-block-heading\">Kontaktin\u0117 forma<\/h4>\n\n\n\n<p>Galima: 24 val<br>Darbo valandos: nuo pirmadienio iki \u0161e\u0161tadienio, 9:00\u201317:00 (JST)<\/p>\n\n\n\n<p>Jei jau turite paskyr\u0105, prisijunkite paspausdami \u017eemiau esant\u012f mygtuk\u0105 ir susisiekite su mumis.<\/p>\n\n\n\n<div class=\"wp-block-buttons is-content-justification-center is-layout-flex wp-container-core-buttons-is-layout-16018d1d wp-block-buttons-is-layout-flex\">\n<div class=\"wp-block-button effect01\"><a class=\"wp-block-button__link wp-element-button\" href=\"https:\/\/secure.bitwallet.com\/signin\/?a=contact\/lists&amp;lang=en\" target=\"_blank\" rel=\"noreferrer noopener\">Vartotojai, turintys bitwallet paskyr\u0105<\/a><\/div>\n<\/div>\n\n\n\n<p>Jei neturite paskyros arba negalite prisijungti, susisiekite su mumis pasirinkdami \u0161ias parinktis.<\/p>\n\n\n\n<div class=\"wp-block-buttons is-content-justification-center is-layout-flex wp-container-core-buttons-is-layout-16018d1d wp-block-buttons-is-layout-flex\">\n<div class=\"wp-block-button effect01 translation-block\"><a class=\"wp-block-button__link wp-element-button\" href=\"https:\/\/secure.bitwallet.com\/contact\/inquiry\/?lang=en\" target=\"_blank\" rel=\"noreferrer noopener\">Klientai, kurie neturi paskyros<br> Vartotojai, kurie negali prisijungti<\/a><\/div>\n<\/div>\n\n\n\n<h4 class=\"wp-block-heading\">Pagalba u\u017eklausoms naudojant nurodymus balsu (japon\u0173 kalba)<\/h4>\n\n\n\n<p>Jei turite bendr\u0173 klausim\u0173, taip pat galite naudoti telefono nurodymus. Jei turite koki\u0173 nors konkre\u010di\u0173 klausim\u0173 apie paskyr\u0105, susisiekite naudodami anks\u010diau pateikt\u0105 u\u017eklausos form\u0105.<\/p>\n\n\n\n<p>Galima: 24 val<br><span class=\"only-en\">Darbo valandos: nuo pirmadienio iki \u0161e\u0161tadienio, 9:00\u201317:00 (JST)<br><\/span><span class=\"only-ja\">\u30aa\u30da\u30ec\u30fc\u30bf\u30fc\u5bfe\u5fdc\u6642\u9593\uff1a\u5e73\u65e5 9:00\u201317:00 *\u65e5\u672c\u6642\u9593<\/span><\/p>\n\n\n\n<p class=\"has-text-align-center customer-inquiry\">(+81) 050-3204-0823<\/p>\n\n\n\n<p class=\"note has-small-font-size translation-block\">J\u016bs\u0173 pateikta asmenin\u0117 informacija bus naudojama tik atsakant \u012f j\u016bs\u0173 u\u017eklaus\u0105. Nenaudojame jos jokiam kitam tikslui ir neteikiame jos tre\u010diosioms \u0161alims be leidimo. Asmenin\u0119 informacij\u0105 tvarkysime atid\u017eiai, vadovaudamiesi savo <a href=\"https:\/\/bitwallet.com\/lt\/aboutus\/privacy\/\" target=\"_self\">privatumo politika<\/a> .<\/p>\n<\/div>\n\n\n\n<div class=\"wp-block-cover alignwide is-light help\"><span aria-hidden=\"true\" class=\"wp-block-cover__background has-background-dim-0 has-background-dim\"><\/span><img loading=\"lazy\" decoding=\"async\" width=\"2048\" height=\"336\" class=\"wp-block-cover__image-background wp-image-289\" alt=\"\" src=\"https:\/\/bitwallet.com\/wp-content\/uploads\/2023\/06\/mv-support-jpg.webp\" style=\"object-position:50% 50%\" data-object-fit=\"cover\" data-object-position=\"50% 50%\"\/><div class=\"wp-block-cover__inner-container has-global-padding is-layout-constrained wp-block-cover-is-layout-constrained\">\n<p class=\"has-large-font-size translation-block\"><strong>Ar tau reikia pagalbos?<\/strong><br> <strong>Esame \u010dia, kad pad\u0117tume.<\/strong><\/p>\n\n\n\n<p class=\"translation-block\">M\u016bs\u0173 palaikymo komanda yra pasiry\u017eusi jums tarnauti.<br> Susisiekite su mumis, jei turite klausim\u0173 d\u0117l m\u016bs\u0173 paslaug\u0173.<\/p>\n\n\n\n<div class=\"wp-block-buttons is-layout-flex wp-block-buttons-is-layout-flex\">\n<div class=\"wp-block-button\"><a class=\"wp-block-button__link wp-element-button\" href=\"\/lt\/support\/contact\/\">Susisiekite su mumis<\/a><\/div>\n<\/div>\n<\/div><\/div>","protected":false},"excerpt":{"rendered":"<p>D\u0117l klient\u0173 aptarnavimo D\u0117l klient\u0173 aptarnavimo Jei turite klausim\u0173 d\u0117l s\u0105skaitos atidarymo, paskyros naudojimo ar m\u016bs\u0173 paslaug\u0173, susisiekite su mumis \u010dia. Susisiekimo forma Galima: 24 val.Darbo valandos: nuo pirmadienio iki \u0161e\u0161tadienio, 9:00 ~ 17:00 (JST) Jei jau turite paskyr\u0105, prisijunkite pasirink\u0119 \u017eemiau esant\u012f mygtuk\u0105 ir susisiekite su mumis. Jei neturite paskyros arba negalite prisijungti, susisiekite su mumis pasirinkdami \u0161ias parinktis. Pagalba u\u017eklausoms naudojant nurodymus balsu (japon\u0173 kalba) Jei turite bendr\u0173 klausim\u0173, taip pat galite naudoti nurodymus telefonu. Jei turite konkre\u010di\u0173 klausim\u0173 apie paskyr\u0105, susisiekite naudodami anks\u010diau pateikt\u0105 u\u017eklausos form\u0105. Galima:\u2026<\/p>","protected":false},"author":5,"featured_media":0,"parent":1028,"menu_order":12,"comment_status":"closed","ping_status":"closed","template":"","meta":{"footnotes":""},"class_list":["post-1045","page","type-page","status-publish","hentry"],"_links":{"self":[{"href":"https:\/\/bitwallet.com\/lt\/wp-json\/wp\/v2\/pages\/1045","targetHints":{"allow":["GET"]}}],"collection":[{"href":"https:\/\/bitwallet.com\/lt\/wp-json\/wp\/v2\/pages"}],"about":[{"href":"https:\/\/bitwallet.com\/lt\/wp-json\/wp\/v2\/types\/page"}],"author":[{"embeddable":true,"href":"https:\/\/bitwallet.com\/lt\/wp-json\/wp\/v2\/users\/5"}],"replies":[{"embeddable":true,"href":"https:\/\/bitwallet.com\/lt\/wp-json\/wp\/v2\/comments?post=1045"}],"version-history":[{"count":36,"href":"https:\/\/bitwallet.com\/lt\/wp-json\/wp\/v2\/pages\/1045\/revisions"}],"predecessor-version":[{"id":4925,"href":"https:\/\/bitwallet.com\/lt\/wp-json\/wp\/v2\/pages\/1045\/revisions\/4925"}],"up":[{"embeddable":true,"href":"https:\/\/bitwallet.com\/lt\/wp-json\/wp\/v2\/pages\/1028"}],"wp:attachment":[{"href":"https:\/\/bitwallet.com\/lt\/wp-json\/wp\/v2\/media?parent=1045"}],"curies":[{"name":"wp","href":"https:\/\/api.w.org\/{rel}","templated":true}]}}