{"id":1028,"date":"2023-09-21T09:08:14","date_gmt":"2023-09-21T00:08:14","guid":{"rendered":"https:\/\/bitwallet.com\/?page_id=1028"},"modified":"2024-02-21T20:31:05","modified_gmt":"2024-02-21T11:31:05","slug":"contact","status":"publish","type":"page","link":"https:\/\/bitwallet.com\/lt\/support\/contact\/","title":{"rendered":"Susisiekite su mumis"},"content":{"rendered":"<div class=\"wp-block-cover alignwide header\"><span aria-hidden=\"true\" class=\"wp-block-cover__background has-background-dim-0 has-background-dim\"><\/span><img loading=\"lazy\" decoding=\"async\" width=\"2000\" height=\"360\" class=\"wp-block-cover__image-background wp-image-1033\" alt=\"\" src=\"https:\/\/bitwallet.com\/wp-content\/uploads\/2023\/09\/mv-support-contact-jpg.webp\" data-object-fit=\"cover\"\/><div class=\"wp-block-cover__inner-container has-global-padding is-layout-constrained wp-block-cover-is-layout-constrained\">\n<h1 class=\"wp-block-heading has-text-align-left effect00\">Susisiekite su mumis<\/h1>\n\n\n\n<p class=\"effect00 fadeTimeA\">Paslaugos u\u017eklausa<\/p>\n<\/div><\/div>\n\n\n\n\n\n\n<h2 class=\"wp-block-heading effect01\">Susisiekite su mumis<\/h2>\n\n\n\n<p class=\"effect01 fadeTimeA\">Jei turite klausim\u0173 d\u0117l bitwallet paslaugos, susisiekite su mumis pasirinkdami \u0161ias parinktis.<\/p>\n\n\n\n<div class=\"wp-block-group box effect01 has-global-padding is-layout-constrained wp-block-group-is-layout-constrained\">\n<h3 class=\"wp-block-heading\">D\u0117l klient\u0173 aptarnavimo<\/h3>\n\n\n\n<p>Jei turite klausim\u0173 d\u0117l s\u0105skaitos atidarymo, paskyros naudojimo ar m\u016bs\u0173 paslaug\u0173, susisiekite su mumis \u010dia.<\/p>\n\n\n\n<div class=\"wp-block-buttons is-content-justification-center is-layout-flex wp-container-core-buttons-is-layout-16018d1d wp-block-buttons-is-layout-flex\">\n<div class=\"wp-block-button effect01\"><a class=\"wp-block-button__link wp-element-button\" href=\"https:\/\/bitwallet.com\/lt\/support\/contact\/customer-inquiry\/\">D\u0117l klient\u0173 aptarnavimo<\/a><\/div>\n<\/div>\n<\/div>\n\n\n\n<div class=\"wp-block-group box effect01 has-global-padding is-layout-constrained wp-block-group-is-layout-constrained\">\n<h3 class=\"wp-block-heading\">Prekybininkams<\/h3>\n\n\n\n<p>Jei esate prekybininko narys arba ketinate registruotis kaip prekybininkas, susisiekite su mumis \u010dia.<\/p>\n\n\n\n<div class=\"wp-block-buttons is-content-justification-center is-layout-flex wp-container-core-buttons-is-layout-16018d1d wp-block-buttons-is-layout-flex\">\n<div class=\"wp-block-button effect01\"><a class=\"wp-block-button__link wp-element-button\" href=\"https:\/\/bitwallet.com\/lt\/support\/contact\/merchant-inquiry\/\">Prekybininkams<\/a><\/div>\n<\/div>\n<\/div>\n\n\n\n<div class=\"wp-block-group box has-global-padding is-layout-constrained wp-block-group-is-layout-constrained\">\n<h3 class=\"wp-block-heading\">\u017diniasklaidos pasiteiravimui<\/h3>\n\n\n\n<p>Jei esate \u017einiasklaidos narys arba norite susisiekti \u017einiasklaidos ar rinkodaros tikslais, susisiekite su mumis.<\/p>\n\n\n\n<div class=\"wp-block-buttons is-content-justification-center is-layout-flex wp-container-core-buttons-is-layout-16018d1d wp-block-buttons-is-layout-flex\">\n<div class=\"wp-block-button effect01\"><a class=\"wp-block-button__link wp-element-button\" href=\"https:\/\/bitwallet.com\/lt\/support\/contact\/media-inquiry\/\">\u017diniasklaidos pasiteiravimui<\/a><\/div>\n<\/div>\n<\/div>","protected":false},"excerpt":{"rendered":"<p>Susisiekite su mumis Jei turite klausim\u0173 d\u0117l bitwallet paslaugos, susisiekite su mumis pasirinkdami \u0161ias parinktis. D\u0117l klient\u0173 aptarnavimo Jei turite klausim\u0173 d\u0117l s\u0105skaitos atidarymo, paskyros naudojimo ar m\u016bs\u0173 paslaug\u0173, susisiekite su mumis \u010dia. Prekybininkams Jei esate prekybininko narys arba ketinate registruotis kaip prekybininkas, susisiekite su mumis \u010dia. \u017diniasklaidos klausimams Jei esate \u017einiasklaidos narys arba norite susisiekti \u017einiasklaidos ar rinkodaros tikslais, susisiekite su mumis.<\/p>","protected":false},"author":5,"featured_media":0,"parent":310,"menu_order":11,"comment_status":"closed","ping_status":"closed","template":"","meta":{"footnotes":""},"class_list":["post-1028","page","type-page","status-publish","hentry"],"_links":{"self":[{"href":"https:\/\/bitwallet.com\/lt\/wp-json\/wp\/v2\/pages\/1028","targetHints":{"allow":["GET"]}}],"collection":[{"href":"https:\/\/bitwallet.com\/lt\/wp-json\/wp\/v2\/pages"}],"about":[{"href":"https:\/\/bitwallet.com\/lt\/wp-json\/wp\/v2\/types\/page"}],"author":[{"embeddable":true,"href":"https:\/\/bitwallet.com\/lt\/wp-json\/wp\/v2\/users\/5"}],"replies":[{"embeddable":true,"href":"https:\/\/bitwallet.com\/lt\/wp-json\/wp\/v2\/comments?post=1028"}],"version-history":[{"count":41,"href":"https:\/\/bitwallet.com\/lt\/wp-json\/wp\/v2\/pages\/1028\/revisions"}],"predecessor-version":[{"id":4477,"href":"https:\/\/bitwallet.com\/lt\/wp-json\/wp\/v2\/pages\/1028\/revisions\/4477"}],"up":[{"embeddable":true,"href":"https:\/\/bitwallet.com\/lt\/wp-json\/wp\/v2\/pages\/310"}],"wp:attachment":[{"href":"https:\/\/bitwallet.com\/lt\/wp-json\/wp\/v2\/media?parent=1028"}],"curies":[{"name":"wp","href":"https:\/\/api.w.org\/{rel}","templated":true}]}}