{"id":922,"date":"2023-09-13T16:55:29","date_gmt":"2023-09-13T07:55:29","guid":{"rendered":"https:\/\/bitwallet.com\/?page_id=922"},"modified":"2024-03-25T15:11:00","modified_gmt":"2024-03-25T06:11:00","slug":"status","status":"publish","type":"page","link":"https:\/\/bitwallet.com\/it\/service\/status\/","title":{"rendered":"stato dell&#039;account"},"content":{"rendered":"<div class=\"wp-block-cover alignwide header\"><span aria-hidden=\"true\" class=\"wp-block-cover__background has-black-background-color has-background-dim-0 has-background-dim\"><\/span><img loading=\"lazy\" decoding=\"async\" width=\"2000\" height=\"360\" class=\"wp-block-cover__image-background wp-image-1127\" alt=\"\" src=\"https:\/\/bitwallet.com\/wp-content\/uploads\/2023\/09\/mv-serive_status-jpg.webp\" data-object-fit=\"cover\"\/><div class=\"wp-block-cover__inner-container has-global-padding is-layout-constrained wp-block-cover-is-layout-constrained\">\n<h1 class=\"wp-block-heading has-text-align-left effect00\">stato dell&#039;account<\/h1>\n\n\n\n<p class=\"effect00 fadeTimeA\">Altre funzionalit\u00e0 aggiuntive disponibili durante l&#039;utilizzo<\/p>\n<\/div><\/div>\n\n\n\n<h2 class=\"wp-block-heading has-text-align-left effect00\">stato dell&#039;account<\/h2>\n\n\n\n<p>Aggiorna lo stato del tuo account mentre carichi i documenti di verifica dell&#039;identit\u00e0 richiesti. Ampliare ulteriori funzionalit\u00e0 aggiuntive. Approfitta delle commissioni di deposito e prelievo a met\u00e0 tariffa man mano che accumuli l&#039;utilizzo del conto.<\/p>\n\n\n\n<p>Lo stato dell&#039;account cambier\u00e0 man mano che lo utilizzi entro l&#039;anno. Ulteriori funzionalit\u00e0 e privilegi aggiuntivi ti saranno resi disponibili.<\/p>\n\n\n\n<div class=\"wp-block-group box account-status effect00 fadeTimeB has-global-padding is-layout-constrained wp-block-group-is-layout-constrained\">\n<h3 class=\"wp-block-heading\">Visualizza lo stato dell&#039;account<\/h3>\n\n\n\n<h4 class=\"wp-block-heading\">Stato e utilizzo della registrazione<\/h4>\n\n\n\n<div class=\"tblScrl\">\n<!-- table start -->\n<div class=\"statusTable01 statusTable01Information01 spaceCommon04\">\n\n<!-- table header start -->\n<div class=\"flexCommon01 statusTable01Header01 statusTable01Layout01\">\n<div class=\"statusTrial01\">\n<p class=\"statusTable01Header01Name01\">Prova<\/p>\n<p class=\"statusTable01Header01Txt01\">\nIl tuo account \u00e8 stato registrato. Lo stato del tuo account verr\u00e0 aggiornato se invii documenti di verifica.\n<\/p>\n<\/div>\n<div class=\"statusBasic01\">\n<p class=\"statusTable01Header01Name01\">Di base<\/p>\n<p class=\"statusTable01Header01Txt01\">\nGoditi tutte le funzionalit\u00e0 di bitwallet caricando tutti i documenti di verifica.\n<\/p>\n<\/div>\n<div class=\"statusPro01\">\n<p class=\"statusTable01Header01Name01\">Pro<\/p>\n<p class=\"statusTable01Header01Txt01 translation-block\">Gli utenti con deposito fisso possono prelevare con 25% meno la tariffa normale. <span class=\"pl10 fs07\">(\u203b1)<\/span><\/p>\n<\/div>\n<div class=\"statusUnlimited01\">\n<p class=\"statusTable01Header01Name01\"><span class=\"only-en\">Illimitato<\/span><span class=\"only-ja\">\u30a2\u30f3\u30ea\u30df\u30c6\u30c3\u30c9<\/span><\/p>\n<p class=\"statusTable01Header01Txt01 translation-block\">Goditi un&#039;altra commissione di prelievo di 50% in meno man mano che utilizzi di pi\u00f9. <span class=\"pl10 fs07\">(\u203b1)<\/span><\/p>\n<\/div>\n<\/div>\n<!-- table header end -->\n\n<!-- table body start -->\n<div class=\"statusTable01Body01 statusTable01Layout01\">\n<div class=\"statusTable01Body01Inner01 statusTable01Layout01\">\n<div class=\"statusTable01Body01Inner02 statusTable01Layout01\">\n<div class=\"statusTable01Body01Inner03 statusTable01Layout01\">\n\n<ul class=\"listLayout30\">\n\n<!-- table tbody start -->\n<li class=\"statusTable01Tbody01\">\n\n<!-- table tbody chapter start -->\n<p class=\"statusTable01Tbody01Name02 chapterCommon01 styleA fcBlue01\">\nInvio dei documenti di verifica\n<\/p>\n<!-- table tbody chapter end -->\n\n<ul class=\"listLayout15\">\n\n<!-- table tr start -->\n<li class=\"statusTable01Tr01\">\n<div class=\"statusTable01Tr01Name01\"><p>\nVerifica selfie ID completata\n<\/p><\/div>\n<p class=\"statusTable01Td01 tdColspan3 tdStart2\"><\/p>\n<\/li>\n<!-- table tr end -->\n\n<!-- table tr start -->\n<li class=\"statusTable01Tr01\">\n<div class=\"statusTable01Tr01Name01\"><p>\nProva dell&#039;attuale verifica residenziale completata (rilasciata entro 3 mesi)\n<\/p><\/div>\n<p class=\"statusTable01Td01 tdColspan3 tdStart2\"><\/p>\n<\/li>\n<!-- table tr end -->\n\n<\/ul>\n\n<\/li>\n<!-- table tbody end -->\n\n<!-- table tbody start -->\n<li class=\"statusTable01Tbody01\">\n\n<!-- table tbody chapter start -->\n<p class=\"chapterCommon01 styleA fcBlue01 mb15\">\n<span class=\"only-en\">Sicurezza<\/span><span class=\"only-ja\">\u30bb\u30ad\u30e5\u30ea\u30c6\u30a3<\/span>\n<\/p>\n<!-- table tbody chapter end -->\n\n<ul class=\"listLayout15\">\n\n<!-- table tr start -->\n<li class=\"statusTable01Tr01\">\n<div class=\"statusTable01Tr01Name01\"><p>\nAutenticazione a due fattori con token completata con successo\n<\/p><\/div>\n<p class=\"statusTable01Td01 tdColspan3 tdStart2\"><\/p>\n<\/li>\n<!-- table tr end -->\n\n<\/ul>\n\n<\/li>\n<!-- table tbody end -->\n\n<!-- table tbody start -->\n<li class=\"statusTable01Tbody01\">\n\n<!-- table tbody chapter start -->\n<p class=\"chapterCommon01 styleA fcBlue01 mb15\">\nUtilizzo\n<\/p>\n<!-- table tbody chapter end -->\n\n<ul class=\"listLayout15\">\n\n<!-- table tr start -->\n<li class=\"statusTable01Tr01\">\n<div class=\"statusTable01Tr01Name01\"><p>\nImporto del deposito entro un anno\n<\/p><\/div>\n<p class=\"statusTable01Td01 tdColspan1 tdStart3\">\n10.000 USD e superiori\n<\/p>\n<p class=\"statusTable01Td01 tdColspan1 tdStart4\">\n30.000 USD e superiori\n<\/p>\n<\/li>\n<!-- table tr end -->\n\n<!-- table tr start -->\n<li class=\"statusTable01Tr01\">\n<div class=\"statusTable01Tr01Name01\"><p>\nTempi di deposito, prelievo e invio operazioni entro un anno\n<\/p><\/div>\n<p class=\"statusTable01Td01 tdColspan1 tdStart3\">\n10 volte e oltre\n<\/p>\n<p class=\"statusTable01Td01 tdColspan1 tdStart4\">\n30 volte e oltre\n<\/p>\n<\/li>\n<!-- table tr end -->\n\n<\/ul>\n\n<\/li>\n<!-- table tbody end -->\n\n<\/ul>\n\n<\/div>\n<\/div>\n<\/div>\n<\/div>\n<!-- table body end -->\n\n<\/div>\n<!-- table end -->\n<\/div>\n\n\n\n<ul class=\"note kome wp-block-list\">\n<li>Lo sconto si applica solo alla commissione di prelievo fissa.<\/li>\n<\/ul>\n\n\n\n<h4 class=\"wp-block-heading\">Servizi disponibili<\/h4>\n\n\n\n<div class=\"tblScrl\">\n<!-- table start -->\n<div class=\"statusTable01 statusTable01Service01 spaceCommon04\">\n\n<!-- table header start -->\n<div class=\"flexCommon01 statusTable01Header01 statusTable01Layout01\">\n<div class=\"statusTrial01\">\n<p class=\"statusTable01Header01Name02\">Prova<span class=\"pl10 fs07\">(\u203b)<\/span><\/p>\n<\/div>\n<div class=\"statusBasic01\">\n<p class=\"statusTable01Header01Name02\">Di base<\/p>\n<\/div>\n<div class=\"statusPro01\">\n<p class=\"statusTable01Header01Name02\">Pro<\/p>\n<\/div>\n<div class=\"statusUnlimited01\">\n<p class=\"statusTable01Header01Name02\"><span class=\"only-en\">Illimitato<\/span><span class=\"only-ja\">\u30a2\u30f3\u30ea\u30df\u30c6\u30c3\u30c9<\/span><\/p>\n<\/div>\n<\/div>\n<!-- table header end -->\n\n<!-- table body start -->\n<div class=\"statusTable01Body01 statusTable01Layout01\">\n<div class=\"statusTable01Body01Inner01 statusTable01Layout01\">\n<div class=\"statusTable01Body01Inner02 statusTable01Layout01\">\n<div class=\"statusTable01Body01Inner03 statusTable01Layout01\">\n\n<ul class=\"listLayout30\">\n\n<!-- table tbody start -->\n<li class=\"statusTable01Tbody01\">\n\n<!-- table tbody chapter start -->\n<p class=\"statusTable01Tbody01Name01 chapterCommon01 styleA fcBlue01\">\n<span class=\"only-en\">Depositare<\/span><span class=\"only-ja\">\u3054\u5165\u91d1<\/span>\n<\/p>\n<!-- table tbody chapter end -->\n\n<ul class=\"listLayout15\">\n\n<!-- table tr start -->\n<li class=\"statusTable01Tr01\">\n<div class=\"statusTable01Tr01Name01\"><p>\nDeposito con tutte le carte di credito\/debito\n<span class=\"pl10 fs07\">(\u203b1)<\/span><\/p><\/div>\n<p class=\"statusTable01Td01 tdColspan1 tdStart2\">\nLimite 25.000 USD\/mese\n<\/p>\n<p class=\"statusTable01Td01 tdColspan1 tdStart3\">\nLimite 50.000 USD\/mese\n<\/p>\n<p class=\"statusTable01Td01 tdColspan1 tdStart4\">Illimitato<\/p>\n<\/li>\n<!-- table tr end -->\n\n<!-- table tr start -->\n<li class=\"statusTable01Tr01\">\n<div class=\"statusTable01Tr01Name01\"><p>\nDeposito tramite bonifico bancario\n<\/p><\/div>\n<p class=\"statusTable01Td01 tdColspan3 tdStart2\">Illimitato<\/p>\n<\/li>\n<!-- table tr end -->\n\t\n<\/ul>\n\n<\/li>\n<!-- table tbody end -->\n\n<!-- table tbody start -->\n<li class=\"statusTable01Tbody01\">\n\n<!-- table tbody chapter start -->\n<p class=\"chapterCommon01 styleA fcBlue01 mb15\">\n<span class=\"only-en\">Ritirare<\/span><span class=\"only-ja\">\u3054\u51fa\u91d1<\/span>\n<\/p>\n<!-- table tbody chapter end -->\n\n<ul class=\"listLayout15\">\n\n<!-- table tr start -->\n<li class=\"statusTable01Tr01\">\n<div class=\"statusTable01Tr01Name01\"><p>\nRitiro tramite bonifico bancario<\/p><\/div>\n<p class=\"statusTable01Td01 tdColspan1 tdStart2\">Illimitato<span class=\"fs07\">(\u203b2)<\/span><\/p>\n<p class=\"statusTable01Td01 tdColspan1 tdStart3\">\nIllimitato<span class=\"fs07\">(\u203b2)<\/span> e 25% meno tariffa\n<\/p>\n<p class=\"statusTable01Td01 tdColspan1 tdStart4\">\nIllimitato<span class=\"fs07\">(\u203b2)<\/span> e 50% meno tariffa\n<\/p>\n<\/li>\n<!-- table tr end -->\n\n<\/ul>\n\n<\/li>\n<!-- table tbody end -->\n\n<!-- table tbody start -->\n<li class=\"statusTable01Tbody01\">\n\n<!-- table tbody chapter start -->\n<p class=\"chapterCommon01 styleA fcBlue01 mb15\">\n<span class=\"only-en\">Pagamento<\/span><span class=\"only-ja\">\u304a\u652f\u6255<\/span>\n<\/p>\n<!-- table tbody chapter end -->\n\n<ul class=\"listLayout15\">\n\n<!-- table tr start -->\n<li class=\"statusTable01Tr01\">\n<div class=\"statusTable01Tr01Name01\"><p>\nInvia valuta tra utenti bitwallet\n<\/p><\/div>\n<p class=\"statusTable01Td01 tdColspan3 tdStart2\">Illimitato<\/p>\n<\/li>\n<!-- table tr end -->\n\n<\/ul>\n\n<\/li>\n<!-- table tbody end -->\n\n<!-- table tbody start -->\n<li class=\"statusTable01Tbody01\">\n\n<!-- table tbody chapter start -->\n<p class=\"chapterCommon01 styleA fcBlue01 mb15\">\n<span class=\"only-en\">Scambio<\/span><span class=\"only-ja\">\u4e21\u66ff<\/span>\n<\/p>\n<!-- table tbody chapter end -->\n\n<ul class=\"listLayout15\">\n\n<!-- table tr start -->\n<li class=\"statusTable01Tr01\">\n<div class=\"statusTable01Tr01Name01\"><p>\nScambio tra valuta\n<\/p><\/div>\n<p class=\"statusTable01Td01 tdColspan3 tdStart2\">Illimitato<\/p>\n<\/li>\n<!-- table tr end -->\n\n<\/ul>\n\n<\/li>\n<!-- table tbody end -->\n\n<\/ul>\n\n<\/div>\n<\/div>\n<\/div>\n<\/div>\n<!-- table body end -->\n\n<\/div>\n<!-- table end -->\n<\/div>\n\n\n\n<ul class=\"note kome wp-block-list\">\n<li class=\"nonum\">Accessibile alle funzionalit\u00e0 limitate di bitwallet.<\/li>\n<\/ul>\n\n\n\n<ul class=\"note kome wp-block-list\">\n<li>Una volta completato il processo di approvazione (carica l&#039;immagine della carta), puoi utilizzare la carta.<\/li>\n\n\n\n<li>Per i conti personali (individuali), l&#039;importo massimo di prelievo \u00e8 di $5.000 alla volta e di $20.000 al giorno. Le condizioni per il prelievo possono variare a seconda del Paese e della valuta.<\/li>\n\n\n\n<li class=\"only-ja\">\u53d7\u53d6\u4eba\u306f\u3001\u767b\u9332\u306e\u3042\u308b\u6cd5\u4eba\u3082\u3057\u304f\u306f\u500b\u4eba\u4e8b\u696d\u4e3b\u3067\u3001\u30d3\u30b8\u30cd\u30b9\u76ee\u7684\u3067\u306e\u53d7\u53d6\u308a\u306b\u5229\u7528\u3055\u308c\u308b\u5834\u5408\u306b\u9650\u3089\u308c\u307e\u3059.<\/li>\n<\/ul>\n<\/div>\n\n\n\n<div class=\"wp-block-cover alignwide is-light help\"><span aria-hidden=\"true\" class=\"wp-block-cover__background has-background-dim-0 has-background-dim\"><\/span><img loading=\"lazy\" decoding=\"async\" width=\"2048\" height=\"336\" class=\"wp-block-cover__image-background wp-image-289\" alt=\"\" src=\"https:\/\/bitwallet.com\/wp-content\/uploads\/2023\/06\/mv-support-jpg.webp\" style=\"object-position:50% 50%\" data-object-fit=\"cover\" data-object-position=\"50% 50%\"\/><div class=\"wp-block-cover__inner-container has-global-padding is-layout-constrained wp-block-cover-is-layout-constrained\">\n<p class=\"has-large-font-size translation-block\"><strong>Hai bisogno di aiuto?<\/strong><br> <strong>Siamo qui per aiutare.<\/strong><\/p>\n\n\n\n<p class=\"translation-block\">Il nostro team di supporto \u00e8 dedicato al tuo servizio.<br> Contattaci se hai domande riguardanti i nostri servizi.<\/p>\n\n\n\n<div class=\"wp-block-buttons is-layout-flex wp-block-buttons-is-layout-flex\">\n<div class=\"wp-block-button\"><a class=\"wp-block-button__link wp-element-button\" href=\"\/it\/support\/contact\/\">Contattaci<\/a><\/div>\n<\/div>\n<\/div><\/div>","protected":false},"excerpt":{"rendered":"<p>Ottieni l&#039;upgrade a livelli pi\u00f9 alti di stato del conto per usufruire di sconti sulle commissioni di prelievo. Monitora facilmente il tuo deposito e le tue transazioni. Iscriviti gratuitamente oggi.<\/p>","protected":false},"author":5,"featured_media":0,"parent":32,"menu_order":19,"comment_status":"closed","ping_status":"closed","template":"","meta":{"footnotes":""},"class_list":["post-922","page","type-page","status-publish","hentry"],"_links":{"self":[{"href":"https:\/\/bitwallet.com\/it\/wp-json\/wp\/v2\/pages\/922","targetHints":{"allow":["GET"]}}],"collection":[{"href":"https:\/\/bitwallet.com\/it\/wp-json\/wp\/v2\/pages"}],"about":[{"href":"https:\/\/bitwallet.com\/it\/wp-json\/wp\/v2\/types\/page"}],"author":[{"embeddable":true,"href":"https:\/\/bitwallet.com\/it\/wp-json\/wp\/v2\/users\/5"}],"replies":[{"embeddable":true,"href":"https:\/\/bitwallet.com\/it\/wp-json\/wp\/v2\/comments?post=922"}],"version-history":[{"count":39,"href":"https:\/\/bitwallet.com\/it\/wp-json\/wp\/v2\/pages\/922\/revisions"}],"predecessor-version":[{"id":4701,"href":"https:\/\/bitwallet.com\/it\/wp-json\/wp\/v2\/pages\/922\/revisions\/4701"}],"up":[{"embeddable":true,"href":"https:\/\/bitwallet.com\/it\/wp-json\/wp\/v2\/pages\/32"}],"wp:attachment":[{"href":"https:\/\/bitwallet.com\/it\/wp-json\/wp\/v2\/media?parent=922"}],"curies":[{"name":"wp","href":"https:\/\/api.w.org\/{rel}","templated":true}]}}