{"id":78,"date":"2023-05-10T16:14:10","date_gmt":"2023-05-10T07:14:10","guid":{"rendered":"https:\/\/bitwallet.com\/?page_id=78"},"modified":"2025-09-17T16:28:16","modified_gmt":"2025-09-17T07:28:16","slug":"account-open","status":"publish","type":"page","link":"https:\/\/bitwallet.com\/it\/service\/account-open\/","title":{"rendered":"Nuovo account"},"content":{"rendered":"<div class=\"wp-block-cover alignwide is-light header\"><img loading=\"lazy\" decoding=\"async\" width=\"2000\" height=\"360\" class=\"wp-block-cover__image-background wp-image-1125\" alt=\"\" src=\"https:\/\/bitwallet.com\/wp-content\/uploads\/2023\/09\/mv-serivice_account-open-jpg.webp\" data-object-fit=\"cover\"\/><span aria-hidden=\"true\" class=\"wp-block-cover__background has-black-background-color has-background-dim-0 has-background-dim\"><\/span><div class=\"wp-block-cover__inner-container has-global-padding is-layout-constrained wp-block-cover-is-layout-constrained\">\n<h1 class=\"wp-block-heading has-text-align-left effect00\">Nuovo account<\/h1>\n\n\n\n<p class=\"effect00 fadeTimeA\">Registrazione dell&#039;account bitwallet<\/p>\n<\/div><\/div>\n\n\n\n<h2 class=\"wp-block-heading effect00\">Aprire un Conto con bitwallet: Il Requisito Base<\/h2>\n\n\n\n<p class=\"effect00 fadeTimeA\">Per la richiesta di un account bitwallet, dovrai seguire i requisiti di seguito.<\/p>\n\n\n\n<div class=\"wp-block-group effect00 fadeTimeB has-global-padding is-layout-constrained wp-block-group-is-layout-constrained\">\n<h4 class=\"wp-block-heading\">Applicazione per un conto personale<\/h4>\n\n\n\n<ul class=\"wp-block-list account-open\">\n<li>Il richiedente ha 20 anni o pi\u00f9.<\/li>\n\n\n\n<li>Il richiedente non \u00e8 una persona priva di capacit\u00e0 (in grado di prendere le proprie decisioni).<\/li>\n\n\n\n<li>Il richiedente non risiede negli Stati Uniti o in altri paesi in cui l&#039;uso del nostro servizio \u00e8 limitato.<\/li>\n\n\n\n<li>Le informazioni di base registrate non corrispondono a quelle degli altri utenti<\/li>\n\n\n\n<li>Il richiedente non \u00e8 una Persona Politicamente Esposta Straniera (PEP Straniera).<\/li>\n\n\n\n<li>Il ricorrente non appartiene n\u00e9 \u00e8 legato alle Forze Antisociali.<\/li>\n<\/ul>\n\n\n\n<h4 class=\"wp-block-heading\">Richiesta di conto aziendale<\/h4>\n\n\n\n<ul class=\"wp-block-list account-open\">\n<li>L&#039;azienda \u00e8 legalmente registrata ed \u00e8 in grado di presentare la prova (documento) a supporto.<\/li>\n\n\n\n<li>Il responsabile ha 20 anni o pi\u00f9 al momento della domanda.<\/li>\n\n\n\n<li>Il responsabile non \u00e8 una persona priva di capacit\u00e0 (in grado di prendere le proprie decisioni).<\/li>\n\n\n\n<li>Il responsabile non risiede negli Stati Uniti o in altri paesi in cui l&#039;uso del nostro servizio \u00e8 limitato.<\/li>\n\n\n\n<li>La persona responsabile non si trova fisicamente negli Stati Uniti o in altri paesi in cui l&#039;uso del nostro servizio \u00e8 limitato.<\/li>\n\n\n\n<li>Il responsabile non utilizza le stesse informazioni di contatto (indirizzo e-mail, numero di telefono, ecc.) degli altri utenti bitwallet durante la registrazione.<\/li>\n\n\n\n<li>Il responsabile non \u00e8 una Persona Politicamente Esposta Straniera (PEP Straniera)<\/li>\n\n\n\n<li>L&#039;azienda e il responsabile non appartengono n\u00e9 sono legati alle Forze Antisociali.<\/li>\n\n\n\n<li>La societ\u00e0 non \u00e8 insolvente o \u00e8 insolvente.<\/li>\n<\/ul>\n<\/div>\n\n\n\n<h2 class=\"wp-block-heading effect01\" id=\"certificate\">Documenti richiesti per un conto Wallet<\/h2>\n\n\n\n<p class=\"effect01 fadeTimeA\">Per utilizzare il tuo portafoglio, dovrai inviare i documenti richiesti di seguito.<\/p>\n\n\n\n<div class=\"wp-block-group box effect01 fadeTimeB has-global-padding is-layout-constrained wp-block-group-is-layout-constrained\">\n<h3 class=\"wp-block-heading\">Verifica la tua identit\u00e0 su bitwallet: i requisiti del documento<\/h3>\n\n\n\n<p>In conformit\u00e0 con la &quot;Legge sulla prevenzione del trasferimento dei proventi penali&quot;, bitwallet richiede un&#039;accurata verifica dell&#039;identit\u00e0 per proteggere i tuoi beni di valore. Pertanto, ti chiediamo di inviare il tuo &quot;Documento di verifica dell&#039;identit\u00e0&quot; e il &quot;Documento di verifica dell&#039;indirizzo corrente&quot;.<\/p>\n\n\n\n<hr class=\"wp-block-separator has-alpha-channel-opacity\"\/>\n\n\n\n<p>Si prega di fare riferimento all&#039;elenco seguente per una panoramica dei certificati che sar\u00e0 necessario inviare.<br>Puoi controllare i dettagli dei materiali inviati nel tuo account dopo aver aperto un nuovo portafoglio.<\/p>\n\n\n\n<hr class=\"wp-block-separator has-alpha-channel-opacity\"\/>\n\n\n\n<h4 class=\"wp-block-heading\">1\uff0e Documenti di verifica dell&#039;identit\u00e0<\/h4>\n\n\n\n<p>Ti chiederemo di inviare un documento d&#039;identit\u00e0 con foto della persona che ha registrato il portafoglio (individuale) e un selfie (riconoscimento facciale).<\/p>\n\n\n\n<p>Abbiamo introdotto i selfie (riconoscimento facciale) per confermare la tua candidatura. Ci\u00f2 ti consente di identificarti pi\u00f9 da vicino rispetto al faccia a faccia, anche online.<\/p>\n\n\n\n<hr class=\"wp-block-separator has-alpha-channel-opacity\"\/>\n\n\n\n<h4 class=\"wp-block-heading\">2\uff0e Prova dell&#039;indirizzo attuale<\/h4>\n\n\n\n<p>Si prega di inviare un documento con l&#039;indirizzo attuale del fondatore del portafoglio (individuo).<br>Deve avvenire entro 3 mesi da fatture di pubblica utilit\u00e0, ricevute, materiali emessi da uffici governativi, ecc.<\/p>\n\n\n\n<hr class=\"wp-block-separator has-alpha-channel-opacity\"\/>\n\n\n\n<h4 class=\"wp-block-heading anchor\" id=\"company01\">3\uff0e Documenti richiesti per l&#039;utente aziendale (solo account aziendale)<\/h4>\n\n\n\n<p>Ti chiediamo di inviare documenti relativi alla registrazione aziendale del fondatore del portafoglio (aziendale).<\/p>\n\n\n\n<hr class=\"wp-block-separator has-alpha-channel-opacity\"\/>\n\n\n\n<h4 class=\"wp-block-heading\">4\uff0e Certificati con sigillo ufficiale (solo conto Business)<\/h4>\n\n\n\n<p>Si prega di inviare i materiali di conferma del sigillo aziendale del fondatore del portafoglio (aziendale).<\/p>\n\n\n\n<hr class=\"wp-block-separator has-alpha-channel-opacity\"\/>\n\n\n\n<h4 class=\"wp-block-heading\">5\uff0e Prova dell&#039;indirizzo attuale della societ\u00e0 (conto aziendale)<\/h4>\n\n\n\n<p>Si prega di inviare un documento con il nome del fondatore del portafoglio (aziendale) e il suo indirizzo attuale.<\/p>\n\n\n\n<hr class=\"wp-block-separator has-alpha-channel-opacity\"\/>\n\n\n\n<h4 class=\"wp-block-heading\">6\uff0e Dichiarazione di titolarit\u00e0 effettiva (solo per conto Business)<\/h4>\n\n\n\n<p>Vi chiediamo di presentare diversi documenti sul sovrano sostanziale.<\/p>\n<\/div>\n\n\n\n<h2 class=\"wp-block-heading effect01\">Registrazione dell&#039;account<\/h2>\n\n\n\n<p class=\"effect01 fadeTimeA\">Il processo di registrazione per l&#039;account bitwallet \u00e8 il seguente:<\/p>\n\n\n\n<div class=\"wp-block-group box account-open effect01 fadeTimeB has-global-padding is-layout-constrained wp-block-group-is-layout-constrained\">\n<h3 class=\"wp-block-heading\">Processo di registrazione dell&#039;account<\/h3>\n\n\n\n<div class=\"wp-block-group has-global-padding is-layout-constrained wp-block-group-is-layout-constrained\">\n<h4 class=\"wp-block-heading\"><strong>PASSO 1<\/strong><\/h4>\n\n\n\n<figure class=\"wp-block-image size-full\"><img loading=\"lazy\" decoding=\"async\" width=\"321\" height=\"321\" src=\"https:\/\/bitwallet.com\/wp-content\/uploads\/2023\/06\/icon_step1.png\" alt=\"\" class=\"wp-image-190\"\/><\/figure>\n\n\n\n<p>Registrati da qualsiasi dispositivo. Inserisci le tue informazioni di base nella pagina di registrazione per iniziare.<\/p>\n\n\n\n<figure class=\"wp-block-image size-full is-resized\"><img loading=\"lazy\" decoding=\"async\" width=\"1440\" height=\"886\" src=\"https:\/\/bitwallet.com\/wp-content\/uploads\/2024\/01\/STEP1en.webp\" alt=\"\" class=\"wp-image-3134\" style=\"width:1000px;height:undefinedpx\"\/><\/figure>\n<\/div>\n\n\n\n<div class=\"wp-block-group has-global-padding is-layout-constrained wp-block-group-is-layout-constrained\">\n<h4 class=\"wp-block-heading\"><strong>PASSO 2<\/strong><\/h4>\n\n\n\n<figure class=\"wp-block-image size-full\"><img loading=\"lazy\" decoding=\"async\" width=\"321\" height=\"321\" src=\"https:\/\/bitwallet.com\/wp-content\/uploads\/2023\/06\/icon_step2.png\" alt=\"\" class=\"wp-image-191\"\/><\/figure>\n\n\n\n<p>Inserisci altre informazioni necessarie per procedere.<\/p>\n\n\n\n<figure class=\"wp-block-image size-full is-resized\"><img loading=\"lazy\" decoding=\"async\" width=\"1440\" height=\"1308\" src=\"https:\/\/bitwallet.com\/wp-content\/uploads\/2024\/01\/STEP2en.webp\" alt=\"\" class=\"wp-image-3135\" style=\"width:1000px;height:undefinedpx\"\/><\/figure>\n<\/div>\n\n\n\n<div class=\"wp-block-group has-global-padding is-layout-constrained wp-block-group-is-layout-constrained\">\n<h4 class=\"wp-block-heading\"><strong>PASSO-3<\/strong><\/h4>\n\n\n\n<figure class=\"wp-block-image size-full\"><img loading=\"lazy\" decoding=\"async\" width=\"321\" height=\"321\" src=\"https:\/\/bitwallet.com\/wp-content\/uploads\/2023\/06\/icon_step3.png\" alt=\"\" class=\"wp-image-192\"\/><\/figure>\n\n\n\n<p>Accedi e carica i tuoi documenti di verifica dell&#039;identit\u00e0, la prova dell&#039;indirizzo di residenza e il selfie identificativo sulla pagina di invio dei documenti di verifica.<\/p>\n\n\n\n<figure class=\"wp-block-image size-full is-resized\"><img loading=\"lazy\" decoding=\"async\" width=\"1074\" height=\"245\" src=\"https:\/\/bitwallet.com\/wp-content\/uploads\/2024\/01\/STEP3en.webp\" alt=\"\" class=\"wp-image-3136\" style=\"width:1000px;height:undefinedpx\"\/><\/figure>\n<\/div>\n\n\n\n<div class=\"wp-block-group has-global-padding is-layout-constrained wp-block-group-is-layout-constrained\">\n<h4 class=\"wp-block-heading\"><strong>PASSO-4<\/strong><\/h4>\n\n\n\n<figure class=\"wp-block-image size-full\"><img loading=\"lazy\" decoding=\"async\" width=\"321\" height=\"321\" src=\"https:\/\/bitwallet.com\/wp-content\/uploads\/2023\/06\/icon_step4.png\" alt=\"\" class=\"wp-image-193\"\/><\/figure>\n\n\n\n<p>La richiesta viene elaborata entro circa 24 ore nei giorni lavorativi. Una volta che \u00e8 stato verificato e approvato, le informazioni del tuo account ti verranno inviate via e-mail.<br>\u203bPotrebbe essere necessario del tempo a seconda dello stato della richiesta.<\/p>\n\n\n\n<p>ed \u00e8 fatto! Facile e veloce.<\/p>\n\n\n\n<p class=\"logo-bw step-goal\"><strong><em>bitwallet<\/em> Inizia a usarlo adesso!<\/strong><\/p>\n<\/div>\n<\/div>\n\n\n\n<div class=\"wp-block-cover alignwide is-light help\"><img loading=\"lazy\" decoding=\"async\" width=\"2048\" height=\"336\" class=\"wp-block-cover__image-background wp-image-289\" alt=\"\" src=\"https:\/\/bitwallet.com\/wp-content\/uploads\/2023\/06\/mv-support-jpg.webp\" style=\"object-position:50% 50%\" data-object-fit=\"cover\" data-object-position=\"50% 50%\"\/><span aria-hidden=\"true\" class=\"wp-block-cover__background has-background-dim-0 has-background-dim\"><\/span><div class=\"wp-block-cover__inner-container has-global-padding is-layout-constrained wp-block-cover-is-layout-constrained\">\n<p class=\"has-large-font-size translation-block\"><strong>Hai bisogno di aiuto?<\/strong><br> <strong>Siamo qui per aiutare.<\/strong><\/p>\n\n\n\n<p class=\"translation-block\">Il nostro team di supporto \u00e8 dedicato al tuo servizio.<br> Contattaci se hai domande riguardanti i nostri servizi.<\/p>\n\n\n\n<div class=\"wp-block-buttons is-layout-flex wp-block-buttons-is-layout-flex\">\n<div class=\"wp-block-button\"><a class=\"wp-block-button__link wp-element-button\" href=\"\/it\/support\/contact\/\">Contattaci<\/a><\/div>\n<\/div>\n<\/div><\/div>","protected":false},"excerpt":{"rendered":"<p>Apri un conto Bitwallet oggi e goditi transazioni veloci, sicure e convenienti. Supportiamo le valute USD, JPY, EUR e AUD. Iscriviti ora!<\/p>","protected":false},"author":5,"featured_media":0,"parent":32,"menu_order":28,"comment_status":"closed","ping_status":"closed","template":"","meta":{"footnotes":""},"class_list":["post-78","page","type-page","status-publish","hentry"],"_links":{"self":[{"href":"https:\/\/bitwallet.com\/it\/wp-json\/wp\/v2\/pages\/78","targetHints":{"allow":["GET"]}}],"collection":[{"href":"https:\/\/bitwallet.com\/it\/wp-json\/wp\/v2\/pages"}],"about":[{"href":"https:\/\/bitwallet.com\/it\/wp-json\/wp\/v2\/types\/page"}],"author":[{"embeddable":true,"href":"https:\/\/bitwallet.com\/it\/wp-json\/wp\/v2\/users\/5"}],"replies":[{"embeddable":true,"href":"https:\/\/bitwallet.com\/it\/wp-json\/wp\/v2\/comments?post=78"}],"version-history":[{"count":56,"href":"https:\/\/bitwallet.com\/it\/wp-json\/wp\/v2\/pages\/78\/revisions"}],"predecessor-version":[{"id":5205,"href":"https:\/\/bitwallet.com\/it\/wp-json\/wp\/v2\/pages\/78\/revisions\/5205"}],"up":[{"embeddable":true,"href":"https:\/\/bitwallet.com\/it\/wp-json\/wp\/v2\/pages\/32"}],"wp:attachment":[{"href":"https:\/\/bitwallet.com\/it\/wp-json\/wp\/v2\/media?parent=78"}],"curies":[{"name":"wp","href":"https:\/\/api.w.org\/{rel}","templated":true}]}}