{"id":62,"date":"2023-05-10T13:51:53","date_gmt":"2023-05-10T04:51:53","guid":{"rendered":"https:\/\/bitwallet.com\/?page_id=62"},"modified":"2024-02-21T13:46:11","modified_gmt":"2024-02-21T04:46:11","slug":"merchant","status":"publish","type":"page","link":"https:\/\/bitwallet.com\/it\/feature\/merchant\/","title":{"rendered":"Conto commerciante"},"content":{"rendered":"<div class=\"wp-block-cover alignwide is-light header\"><span aria-hidden=\"true\" class=\"wp-block-cover__background has-background-dim-0 has-background-dim\"><\/span><img loading=\"lazy\" decoding=\"async\" width=\"2000\" height=\"518\" class=\"wp-block-cover__image-background wp-image-1138\" alt=\"\" src=\"https:\/\/bitwallet.com\/wp-content\/uploads\/2023\/09\/mv-feature-merchant-jpg.webp\" data-object-fit=\"cover\"\/><div class=\"wp-block-cover__inner-container has-global-padding is-layout-constrained wp-block-cover-is-layout-constrained\">\n<h1 class=\"wp-block-heading has-text-align-left effect00\">Conto commerciante<\/h1>\n\n\n\n<p class=\"effect00 fadeTimeA\">Migliora il tuo servizio di deposito e prelievo esistente integrando la nostra soluzione di pagamento al tuo sito web. La gestione delle transazioni diventa pi\u00f9 semplice con bitwallet.<\/p>\n\n\n\n<div class=\"wp-block-buttons effect00 fadeTimeB is-layout-flex wp-block-buttons-is-layout-flex\">\n<div class=\"wp-block-button btn-merchant\"><a class=\"wp-block-button__link wp-element-button\" href=\"\/it\/support\/contact\/\">Informarsi ora<\/a><\/div>\n<\/div>\n<\/div><\/div>\n\n\n\n<div class=\"wp-block-cover alignwide is-light headcopy\" style=\"min-height:138px;aspect-ratio:unset;\" id=\"maincontetnts\"><span aria-hidden=\"true\" class=\"wp-block-cover__background has-background-dim-100 has-background-dim\" style=\"background-color:#f7f7f7\"><\/span><div class=\"wp-block-cover__inner-container has-global-padding is-layout-constrained wp-block-cover-is-layout-constrained\">\n<p class=\"has-text-align-center effect00\">Ciao semplicit\u00e0, addio complessit\u00e0.<br>Tutto ci\u00f2 di cui hai bisogno in bitwallet.<\/p>\n<\/div><\/div>\n\n\n\n<div class=\"wp-block-cover alignwide is-light case-merchant\"><span aria-hidden=\"true\" class=\"wp-block-cover__background has-background-dim-0 has-background-dim\"><\/span><div class=\"wp-block-cover__inner-container has-global-padding is-layout-constrained wp-block-cover-is-layout-constrained\">\n<h2 class=\"wp-block-heading has-text-align-center effect00\"><strong>Il tuo supporto assoluto per i pagamenti aziendali<\/strong><\/h2>\n\n\n\n<div class=\"wp-block-columns is-layout-flex wp-container-core-columns-is-layout-9d6595d7 wp-block-columns-is-layout-flex\">\n<div class=\"wp-block-column effect00 fadeTimeA is-layout-flow wp-block-column-is-layout-flow\">\n<div class=\"wp-block-group has-global-padding is-layout-constrained wp-block-group-is-layout-constrained\">\n<h3 class=\"wp-block-heading has-text-align-center\"><strong><strong><strong>Utenti<\/strong><\/strong><\/strong><\/h3>\n\n\n\n<figure class=\"wp-block-image aligncenter size-full\"><img loading=\"lazy\" decoding=\"async\" width=\"373\" height=\"209\" src=\"https:\/\/bitwallet.com\/wp-content\/uploads\/2023\/10\/service_merchant_case1.png\" alt=\"\" class=\"wp-image-1367\"\/><\/figure>\n\n\n\n<p>Fornire informazioni personali per registrarsi per un account sul sito Web del servizio online.<\/p>\n<\/div>\n<\/div>\n\n\n\n<div class=\"wp-block-column effect00 fadeTimeB is-layout-flow wp-block-column-is-layout-flow\">\n<div class=\"wp-block-group has-global-padding is-layout-constrained wp-block-group-is-layout-constrained\">\n<h3 class=\"wp-block-heading has-text-align-center\"><strong><strong><strong>Il tuo servizio online<\/strong><\/strong><\/strong><\/h3>\n\n\n\n<figure class=\"wp-block-image aligncenter size-full\"><img loading=\"lazy\" decoding=\"async\" width=\"373\" height=\"209\" src=\"https:\/\/bitwallet.com\/wp-content\/uploads\/2023\/10\/service_merchant_case2.png\" alt=\"\" class=\"wp-image-1369\"\/><\/figure>\n\n\n\n<p>Verifica le informazioni di base e dell&#039;account dell&#039;utente prima di approvare la registrazione.<\/p>\n<\/div>\n<\/div>\n\n\n\n<div class=\"wp-block-column effect00 fadeTimeC is-layout-flow wp-block-column-is-layout-flow\">\n<div class=\"wp-block-group has-global-padding is-layout-constrained wp-block-group-is-layout-constrained\">\n<h3 class=\"wp-block-heading has-text-align-center\"><strong><strong><strong>Pagamento e ritiro<\/strong><\/strong><\/strong><\/h3>\n\n\n\n<figure class=\"wp-block-image aligncenter size-full\"><img loading=\"lazy\" decoding=\"async\" width=\"373\" height=\"209\" src=\"https:\/\/bitwallet.com\/wp-content\/uploads\/2023\/10\/service_merchant_case3.png\" alt=\"\" class=\"wp-image-1370\"\/><\/figure>\n\n\n\n<p>Riscuotere il pagamento comprensivo delle spese di servizio e della merce, elaborare eventuali rimborsi e prelievi per il deposito.<\/p>\n<\/div>\n<\/div>\n<\/div>\n<\/div><\/div>\n\n\n\n<div class=\"wp-block-cover alignwide is-light available\"><span aria-hidden=\"true\" class=\"wp-block-cover__background has-background-dim-0 has-background-dim\"><\/span><div class=\"wp-block-cover__inner-container has-global-padding is-layout-constrained wp-block-cover-is-layout-constrained\">\n<h2 class=\"wp-block-heading has-text-align-center effect01\"><strong>Goditi i seguenti servizi quando passi a un account commerciante<\/strong><\/h2>\n\n\n\n<div class=\"wp-block-columns is-layout-flex wp-container-core-columns-is-layout-9d6595d7 wp-block-columns-is-layout-flex\">\n<div class=\"wp-block-column is-vertically-aligned-center is-layout-flow wp-block-column-is-layout-flow\" style=\"flex-basis:320px\">\n<figure class=\"wp-block-image aligncenter size-full is-resized\"><img loading=\"lazy\" decoding=\"async\" width=\"409\" height=\"85\" src=\"https:\/\/bitwallet.com\/wp-content\/uploads\/2023\/09\/guideline_img01.png\" alt=\"\" class=\"wp-image-1115\" style=\"width:200px;height:undefinedpx\"\/><\/figure>\n\n\n\n<h3 class=\"wp-block-heading has-text-align-center\">Soluzione perfetta, pensata per i commercianti<\/h3>\n\n\n\n<figure class=\"wp-block-image aligncenter size-full\"><img loading=\"lazy\" decoding=\"async\" width=\"100\" height=\"109\" src=\"https:\/\/bitwallet.com\/wp-content\/uploads\/2023\/10\/service_merchant_available.png\" alt=\"\" class=\"wp-image-1379\"\/><\/figure>\n<\/div>\n\n\n\n<div class=\"wp-block-column is-layout-flow wp-block-column-is-layout-flow\">\n<div class=\"wp-block-columns is-layout-flex wp-container-core-columns-is-layout-9d6595d7 wp-block-columns-is-layout-flex\">\n<div class=\"wp-block-column effect01 fadeTimeA is-layout-flow wp-block-column-is-layout-flow\">\n<h4 class=\"wp-block-heading has-text-align-center\"><strong>Verifica dell&#039;identit\u00e0<\/strong><\/h4>\n\n\n\n<p>I documenti di identit\u00e0 caricati e la prova dell&#039;indirizzo verranno esaminati attentamente e rifletteranno l&#039;identit\u00e0 comprovata prima dell&#039;uso.<\/p>\n<\/div>\n\n\n\n<div class=\"wp-block-column effect01 fadeTimeB is-layout-flow wp-block-column-is-layout-flow\">\n<h4 class=\"wp-block-heading has-text-align-center\"><strong>API del portafoglio<\/strong><\/h4>\n\n\n\n<p>Un&#039;integrazione API di portafoglio personalizzata che fornisce servizi di deposito e prelievo adatti al marchio del tuo prodotto.<\/p>\n<\/div>\n\n\n\n<div class=\"wp-block-column effect01 fadeTimeC is-layout-flow wp-block-column-is-layout-flow\">\n<h4 class=\"wp-block-heading has-text-align-center\"><strong>Servizio di riscossione pagamenti<\/strong><\/h4>\n\n\n\n<p>Supporta varie soluzioni di pagamento sulla piattaforma: pagamento con carta di credito e bonifico bancario.<\/p>\n<\/div>\n<\/div>\n\n\n\n<div class=\"wp-block-columns is-layout-flex wp-container-core-columns-is-layout-9d6595d7 wp-block-columns-is-layout-flex\">\n<div class=\"wp-block-column effect01 fadeTimeD is-layout-flow wp-block-column-is-layout-flow\">\n<h4 class=\"wp-block-heading has-text-align-center\"><strong>Accesso singolo (SSO)<\/strong><\/h4>\n\n\n\n<p>Accedi a pi\u00f9 applicazioni con il set di credenziali di accesso autenticate bitwallet. Aiuta a monitorare e organizzare le attivit\u00e0 dell&#039;account utente.<\/p>\n<\/div>\n\n\n\n<div class=\"wp-block-column effect01 fadeTimeE is-layout-flow wp-block-column-is-layout-flow\">\n<h4 class=\"wp-block-heading has-text-align-center\"><strong>Conto bancario di pagamento<\/strong><\/h4>\n\n\n\n<p>Il conto bancario viene assegnato al commerciante in base alla regione operativa.<\/p>\n<\/div>\n\n\n\n<div class=\"wp-block-column effect01 fadeTimeF is-layout-flow wp-block-column-is-layout-flow\">\n<h4 class=\"wp-block-heading has-text-align-center\"><strong>Sistema antifrode<\/strong><\/h4>\n\n\n\n<p>Raccogliere e fornire informazioni sull&#039;utente per eventuali casi di uso improprio di carte di credito come frodi con carte di credito e ottenimento di contanti dalla carta di credito.<\/p>\n<\/div>\n<\/div>\n<\/div>\n<\/div>\n<\/div><\/div>\n\n\n\n<div class=\"wp-block-cover alignwide has-parallax footer-mercahnt\"><span aria-hidden=\"true\" class=\"wp-block-cover__background has-cyan-bluish-gray-background-color has-background-dim-0 has-background-dim\"><\/span><div role=\"img\" class=\"wp-block-cover__image-background wp-image-1146 has-parallax\" style=\"background-position:50% 50%;background-image:url(https:\/\/bitwallet.com\/wp-content\/uploads\/2023\/09\/mv-feature-merchant-bg-jpg.webp)\"><\/div><div class=\"wp-block-cover__inner-container has-global-padding is-layout-constrained wp-block-cover-is-layout-constrained\">\n<p class=\"has-text-align-center effect01\">bitwallet \u00e8 stato creato per supportare e aumentare l&#039;efficienza dei servizi globali di deposito e prelievo.<\/p>\n\n\n\n<p class=\"has-text-align-center effect01 fadeTimeA\">Contattaci per passare all&#039;account commerciante. Sperimenta solo il premium.<\/p>\n\n\n\n<div class=\"wp-block-buttons effect01 fadeTimeB is-content-justification-center is-layout-flex wp-container-core-buttons-is-layout-16018d1d wp-block-buttons-is-layout-flex\">\n<div class=\"wp-block-button btn-merchant\"><a class=\"wp-block-button__link wp-element-button\" href=\"\/it\/support\/contact\/\">Informarsi ora<\/a><\/div>\n<\/div>\n<\/div><\/div>","protected":false},"excerpt":{"rendered":"","protected":false},"author":5,"featured_media":0,"parent":24,"menu_order":34,"comment_status":"closed","ping_status":"closed","template":"","meta":{"footnotes":""},"class_list":["post-62","page","type-page","status-publish","hentry"],"_links":{"self":[{"href":"https:\/\/bitwallet.com\/it\/wp-json\/wp\/v2\/pages\/62","targetHints":{"allow":["GET"]}}],"collection":[{"href":"https:\/\/bitwallet.com\/it\/wp-json\/wp\/v2\/pages"}],"about":[{"href":"https:\/\/bitwallet.com\/it\/wp-json\/wp\/v2\/types\/page"}],"author":[{"embeddable":true,"href":"https:\/\/bitwallet.com\/it\/wp-json\/wp\/v2\/users\/5"}],"replies":[{"embeddable":true,"href":"https:\/\/bitwallet.com\/it\/wp-json\/wp\/v2\/comments?post=62"}],"version-history":[{"count":45,"href":"https:\/\/bitwallet.com\/it\/wp-json\/wp\/v2\/pages\/62\/revisions"}],"predecessor-version":[{"id":4468,"href":"https:\/\/bitwallet.com\/it\/wp-json\/wp\/v2\/pages\/62\/revisions\/4468"}],"up":[{"embeddable":true,"href":"https:\/\/bitwallet.com\/it\/wp-json\/wp\/v2\/pages\/24"}],"wp:attachment":[{"href":"https:\/\/bitwallet.com\/it\/wp-json\/wp\/v2\/media?parent=62"}],"curies":[{"name":"wp","href":"https:\/\/api.w.org\/{rel}","templated":true}]}}