{"id":60,"date":"2023-05-10T13:51:13","date_gmt":"2023-05-10T04:51:13","guid":{"rendered":"https:\/\/bitwallet.com\/?page_id=60"},"modified":"2024-08-02T13:02:35","modified_gmt":"2024-08-02T04:02:35","slug":"business","status":"publish","type":"page","link":"https:\/\/bitwallet.com\/it\/feature\/business\/","title":{"rendered":"Conto commerciale"},"content":{"rendered":"<div class=\"wp-block-cover alignwide is-light header\"><span aria-hidden=\"true\" class=\"wp-block-cover__background has-background-dim-0 has-background-dim\"><\/span><img loading=\"lazy\" decoding=\"async\" width=\"2048\" height=\"518\" class=\"wp-block-cover__image-background wp-image-1134\" alt=\"\" src=\"https:\/\/bitwallet.com\/wp-content\/uploads\/2023\/09\/mv-feature-business-jpg.webp\" data-object-fit=\"cover\"\/><div class=\"wp-block-cover__inner-container has-global-padding is-layout-constrained wp-block-cover-is-layout-constrained\">\n<h1 class=\"wp-block-heading has-text-align-left effect00\">Conto commerciale<\/h1>\n\n\n\n<p class=\"effect00 fadeTimeA\">Semplifica le procedure di pagamento per il tuo negozio e-commerce. Ricevi tutti i pagamenti tramite banca, carta di credito o tramite i servizi valutari disponibili su bitwallet.<\/p>\n\n\n\n<div class=\"wp-block-buttons effect00 fadeTimeB is-layout-flex wp-block-buttons-is-layout-flex\">\n<div class=\"wp-block-button btn-signup\"><a class=\"wp-block-button__link wp-element-button\" href=\"https:\/\/secure.bitwallet.com\/signup\/certification?lang=en\" target=\"_blank\" rel=\"noreferrer noopener\">Crea portafoglio<\/a><\/div>\n<\/div>\n<\/div><\/div>\n\n\n\n<div class=\"wp-block-cover alignwide is-light headcopy\" style=\"min-height:138px;aspect-ratio:unset;\" id=\"maincontetnts\"><span aria-hidden=\"true\" class=\"wp-block-cover__background has-background-dim-100 has-background-dim\" style=\"background-color:#f7f7f7\"><\/span><div class=\"wp-block-cover__inner-container has-global-padding is-layout-constrained wp-block-cover-is-layout-constrained\">\n<p class=\"has-text-align-center effect00\">Dai il benvenuto a un&#039;esperienza di pagamento piacevole e semplice quando scegli bitwallet per il tuo negozio online.<br>Effettuare il pagamento in una variet\u00e0 di forme.<\/p>\n<\/div><\/div>\n\n\n\n<div class=\"wp-block-cover alignwide is-light business-point\"><span aria-hidden=\"true\" class=\"wp-block-cover__background has-background-dim-0 has-background-dim\"><\/span><div class=\"wp-block-cover__inner-container has-global-padding is-layout-constrained wp-block-cover-is-layout-constrained\">\n<div class=\"wp-block-columns tab is-layout-flex wp-container-core-columns-is-layout-9d6595d7 wp-block-columns-is-layout-flex\">\n<div class=\"wp-block-column is-layout-flow wp-block-column-is-layout-flow\" style=\"flex-basis:33.33%\">\n<div class=\"wp-block-buttons tab-menu is-horizontal is-content-justification-center is-layout-flex wp-container-core-buttons-is-layout-499968f5 wp-block-buttons-is-layout-flex\">\n<div class=\"wp-block-button current effect00\"><a class=\"wp-block-button__link has-text-align-left wp-element-button\">Realizza pagamenti con carta di credito e portafoglio<\/a><\/div>\n\n\n\n<div class=\"wp-block-button effect00 fadeTimeB\"><a class=\"wp-block-button__link has-text-align-left wp-element-button\">Invia fattura a individui specifici<\/a><\/div>\n\n\n\n<div class=\"wp-block-button effect00 fadeTimeC\"><a class=\"wp-block-button__link has-text-align-left wp-element-button\">Gestisci sotto il nome del negozio o dell&#039;azienda<\/a><\/div>\n<\/div>\n<\/div>\n\n\n\n<div class=\"wp-block-column tab-contents is-layout-flow wp-block-column-is-layout-flow\" style=\"flex-basis:66.66%\">\n<div class=\"wp-block-group has-global-padding is-layout-constrained wp-block-group-is-layout-constrained\">\n<div class=\"wp-block-columns has-background is-layout-flex wp-container-core-columns-is-layout-9d6595d7 wp-block-columns-is-layout-flex\" style=\"background-color:#f4f4f4\">\n<div class=\"wp-block-column is-layout-flow wp-block-column-is-layout-flow\">\n<h3 class=\"wp-block-heading\">Realizza pagamenti con carta di credito e portafoglio<\/h3>\n\n\n\n<p>Migliora le transazioni di pagamento per il tuo negozio di e-commerce o la vendita al dettaglio di prodotti informativi. Funzionalit\u00e0 aggiuntive come il pagamento con carta di credito e altro ancora verranno rese disponibili man mano che rafforzerai il livello di sicurezza del tuo account.<\/p>\n\n\n\n<p>bitwallet \u00e8 pienamente compatibile con PCI DSS(*) e aderisce rigorosamente allo standard PCI fornendo un livello pi\u00f9 elevato di sicurezza dei dati e proteggendo le informazioni dell&#039;utente sulla nostra piattaforma di pagamento.<\/p>\n\n\n\n<figure class=\"wp-block-image alignright size-full\"><img loading=\"lazy\" decoding=\"async\" width=\"95\" height=\"37\" src=\"https:\/\/bitwallet.com\/wp-content\/uploads\/2023\/06\/icon_pci01.png\" alt=\"\" class=\"wp-image-205\"\/><\/figure>\n<\/div>\n\n\n\n<div class=\"wp-block-column is-layout-flow wp-block-column-is-layout-flow\">\n<h4 class=\"wp-block-heading\">Carte di credito accettate<\/h4>\n\n\n\n<div class=\"wp-block-group gap20 has-white-background-color has-background is-content-justification-center is-nowrap is-layout-flex wp-container-core-group-is-layout-94bc23d7 wp-block-group-is-layout-flex\">\n<figure class=\"wp-block-image alignleft size-full\"><img loading=\"lazy\" decoding=\"async\" width=\"87\" height=\"28\" src=\"https:\/\/bitwallet.com\/wp-content\/uploads\/2023\/10\/logo_card_visa01.png\" alt=\"\" class=\"wp-image-1345\"\/><\/figure>\n\n\n\n<figure class=\"wp-block-image alignleft size-full\"><img loading=\"lazy\" decoding=\"async\" width=\"75\" height=\"59\" src=\"https:\/\/bitwallet.com\/wp-content\/uploads\/2023\/10\/logo_card_master01.png\" alt=\"\" class=\"wp-image-1349\"\/><\/figure>\n\n\n\n<figure class=\"wp-block-image alignleft size-full\"><img loading=\"lazy\" decoding=\"async\" width=\"86\" height=\"66\" src=\"https:\/\/bitwallet.com\/wp-content\/uploads\/2023\/10\/logo_card_jcb02.png\" alt=\"\" class=\"wp-image-1348\"\/><\/figure>\n\n\n\n<figure class=\"wp-block-image alignleft size-full\"><img loading=\"lazy\" decoding=\"async\" width=\"118\" height=\"32\" src=\"https:\/\/bitwallet.com\/wp-content\/uploads\/2023\/10\/logo_card_diners01.png\" alt=\"\" class=\"wp-image-1346\"\/><\/figure>\n\n\n\n<figure class=\"wp-block-image alignleft size-full\"><img loading=\"lazy\" decoding=\"async\" width=\"77\" height=\"48\" src=\"https:\/\/bitwallet.com\/wp-content\/uploads\/2023\/10\/logo_card_discover01.png\" alt=\"\" class=\"wp-image-1347\"\/><\/figure>\n<\/div>\n<\/div>\n<\/div>\n\n\n\n<ul class=\"wp-block-list note kome\">\n<li class=\"nonum\">PCI DSS (Payment Card Industry Data Security Standard) \u00e8 lo standard globale di sicurezza delle carte ed \u00e8 sviluppato e gestito dai 5 principali marchi internazionali di carte di credito: American Express, Discover, JCB, Mastercard e VISA per migliorare la sicurezza dei dati dei titolari di carta.<\/li>\n<\/ul>\n<\/div>\n\n\n\n<div class=\"wp-block-group has-global-padding is-layout-constrained wp-block-group-is-layout-constrained\">\n<div class=\"wp-block-columns has-background is-layout-flex wp-container-core-columns-is-layout-9d6595d7 wp-block-columns-is-layout-flex\" style=\"background-color:#f4f4f4\">\n<div class=\"wp-block-column is-layout-flow wp-block-column-is-layout-flow\">\n<h3 class=\"wp-block-heading\">Invia fattura a individui specifici<\/h3>\n\n\n\n<p>La funzione di richiesta di pagamento bitwallet consente ai commercianti e agli utenti di richiedere e riscuotere pagamenti online dai titolari di conti bitwallet. Tutte le richieste di pagamento forniscono il monitoraggio completo delle ricevute di pagamento inviate automaticamente a entrambe le parti. Personalizza la tua fattura con le informazioni necessarie come nome del prodotto, importo, numero di fattura, ecc. La fattura consente agli utenti di tracciare e monitorare il processo di pagamento in tempo reale.<\/p>\n<\/div>\n\n\n\n<div class=\"wp-block-column is-layout-flow wp-block-column-is-layout-flow\">\n<h4 class=\"wp-block-heading\">Informazioni da includere<\/h4>\n\n\n\n<ul class=\"wp-block-list ast\">\n<li>Informazioni da includere<\/li>\n\n\n\n<li>Indirizzo e-mail<\/li>\n\n\n\n<li>Quantit\u00e0<\/li>\n\n\n\n<li>Descrizione<br>Numero di fattura<br>Esporta come PDF<br>Modalit\u00e0 di pagamento (per conto bitwallet)<br>Promemoria<\/li>\n<\/ul>\n\n\n\n<p class=\"has-text-align-right\">* Campo obbligatorio<\/p>\n<\/div>\n<\/div>\n<\/div>\n\n\n\n<div class=\"wp-block-group has-global-padding is-layout-constrained wp-block-group-is-layout-constrained\">\n<div class=\"wp-block-columns has-background is-layout-flex wp-container-core-columns-is-layout-9d6595d7 wp-block-columns-is-layout-flex\" style=\"background-color:#f4f4f4\">\n<div class=\"wp-block-column is-layout-flow wp-block-column-is-layout-flow\">\n<h3 class=\"wp-block-heading w50pc\">Gestisci con il nome del negozio o dell&#039;azienda<\/h3>\n\n\n\n<p>Gli utenti dell&#039;account aziendale possono includere il nome del negozio e altre informazioni necessarie nel proprio profilo. Ci\u00f2 aiuta i clienti ad avere una visione migliore e una chiara comprensione della cronologia degli acquisti.<\/p>\n\n\n\n<p>bitwallet ha sempre improvvisato feedback e consigli raccolti dagli utenti per fornire un servizio e un&#039;esperienza di interfaccia migliori, soddisfatto da tutti.<\/p>\n<\/div>\n<\/div>\n<\/div>\n<\/div>\n<\/div>\n<\/div><\/div>\n\n\n\n<div class=\"wp-block-cover alignwide is-light superiority\"><span aria-hidden=\"true\" class=\"wp-block-cover__background has-background-dim-100 has-background-dim\" style=\"background-color:#f7f7f7\"><\/span><div class=\"wp-block-cover__inner-container has-global-padding is-layout-constrained wp-block-cover-is-layout-constrained\">\n<h2 class=\"wp-block-heading has-text-align-center effect01\">Cosa rende bitwallet una piattaforma d&#039;\u00e9lite?<\/h2>\n\n\n\n<div class=\"wp-block-columns is-layout-flex wp-container-core-columns-is-layout-9d6595d7 wp-block-columns-is-layout-flex\">\n<div class=\"wp-block-column effect01 is-layout-flow wp-block-column-is-layout-flow\">\n<h3 class=\"wp-block-heading has-text-align-center\">Tassa di registrazione<\/h3>\n\n\n\n<h3 class=\"wp-block-heading has-text-align-center\">Gratuito<\/h3>\n\n\n\n<p>\u00c8 gratis quando crei un portafoglio con noi. Non \u00e8 richiesta alcuna quota di registrazione.<\/p>\n<\/div>\n\n\n\n<div class=\"wp-block-column effect01 fadeTimeA is-layout-flow wp-block-column-is-layout-flow\">\n<h3 class=\"wp-block-heading has-text-align-center\">Utilizzo mensile<\/h3>\n\n\n\n<h3 class=\"wp-block-heading has-text-align-center\">Gratuito<\/h3>\n\n\n\n<p>Nessun costo aggiuntivo quando ci utilizzi.<\/p>\n<\/div>\n\n\n\n<div class=\"wp-block-column effect01 fadeTimeB is-layout-flow wp-block-column-is-layout-flow\">\n<h3 class=\"wp-block-heading has-text-align-center\">Costo della transazione<\/h3>\n\n\n\n<h3 class=\"wp-block-heading has-text-align-center\">Gratuito~<\/h3>\n\n\n\n<p>I pagamenti con bitwallet iniziano con 0 spese di gestione.<\/p>\n<\/div>\n\n\n\n<div class=\"wp-block-column effect01 fadeTimeC is-layout-flow wp-block-column-is-layout-flow\">\n<h3 class=\"wp-block-heading has-text-align-center\">Prelievo alle banche giapponesi<\/h3>\n\n\n\n<h3 class=\"wp-block-heading has-text-align-center translation-block\"><sub>824JPY<\/sub><br> \uff0b<br> 0,8 <sub>% del<br> importo del prelievo<br> ciascuno al minimo<\/sub><\/h3>\n<\/div>\n<\/div>\n\n\n\n<p class=\"effect01\">Goditi qualsiasi transazione al tasso minimo o gratuitamente. Solo su bitwallet, dove la soluzione di pagamento perfetta incontra un&#039;esperienza di pagamento incredibile. Il nostro obiettivo \u00e8 alleviare il peso dei pesanti costi di transazione offrendo servizi a tariffe accessibili a tutti.<\/p>\n\n\n\n<div class=\"wp-block-buttons effect01 fadeTimeB is-content-justification-center is-layout-flex wp-container-core-buttons-is-layout-16018d1d wp-block-buttons-is-layout-flex\">\n<div class=\"wp-block-button\"><a class=\"wp-block-button__link wp-element-button\" href=\"\/it\/service\/handling-fee\/\">Saperne di pi\u00f9<\/a><\/div>\n<\/div>\n<\/div><\/div>\n\n\n\n<div class=\"wp-block-cover alignwide is-light solution\"><span aria-hidden=\"true\" class=\"wp-block-cover__background has-background-dim-0 has-background-dim\"><\/span><img loading=\"lazy\" decoding=\"async\" width=\"3000\" height=\"460\" class=\"wp-block-cover__image-background wp-image-1154\" alt=\"\" src=\"https:\/\/bitwallet.com\/wp-content\/uploads\/2023\/09\/mv-feature-business2-jpg.webp\" data-object-fit=\"cover\"\/><div class=\"wp-block-cover__inner-container has-global-padding is-layout-constrained wp-block-cover-is-layout-constrained\">\n<h2 class=\"wp-block-heading has-text-align-center\"><strong>Soluzione di pagamento perfetta per affari all&#039;estero<\/strong><\/h2>\n\n\n\n<div class=\"wp-block-buttons is-content-justification-center is-layout-flex wp-container-core-buttons-is-layout-16018d1d wp-block-buttons-is-layout-flex\">\n<div class=\"wp-block-button btn-signup effect01\"><a class=\"wp-block-button__link wp-element-button\" href=\"https:\/\/secure.bitwallet.com\/signup\/certification?lang=en\" target=\"_blank\" rel=\"noreferrer noopener\">Crea portafoglio<\/a><\/div>\n<\/div>\n<\/div><\/div>\n\n\n\n<div class=\"wp-block-cover alignwide is-light case\"><span aria-hidden=\"true\" class=\"wp-block-cover__background has-background-dim-0 has-background-dim\"><\/span><img loading=\"lazy\" decoding=\"async\" width=\"3000\" height=\"484\" class=\"wp-block-cover__image-background wp-image-1297\" alt=\"\" src=\"https:\/\/bitwallet.com\/wp-content\/uploads\/2023\/10\/mv-business_example-jpg.webp\" data-object-fit=\"cover\"\/><div class=\"wp-block-cover__inner-container has-global-padding is-layout-constrained wp-block-cover-is-layout-constrained\">\n<h2 class=\"wp-block-heading alignwide has-text-align-center\"><strong>Implementazione del servizio Portafoglio<\/strong><\/h2>\n\n\n\n<div class=\"wp-block-group swiper business effect01 fadeTimeA has-global-padding is-layout-constrained wp-block-group-is-layout-constrained\">\n<div class=\"wp-block-group swiper-wrapper has-global-padding is-layout-constrained wp-block-group-is-layout-constrained\">\n<div class=\"wp-block-columns swiper-slide is-layout-flex wp-container-core-columns-is-layout-9d6595d7 wp-block-columns-is-layout-flex\">\n<div class=\"wp-block-column is-layout-flow wp-block-column-is-layout-flow\" style=\"flex-basis:470px\">\n<figure class=\"wp-block-image size-full\"><img loading=\"lazy\" decoding=\"async\" width=\"470\" height=\"383\" src=\"https:\/\/bitwallet.com\/wp-content\/uploads\/2023\/10\/business_case_fsg.png\" alt=\"\" class=\"wp-image-1301\"\/><\/figure>\n<\/div>\n\n\n\n<div class=\"wp-block-column is-layout-flow wp-block-column-is-layout-flow\">\n<p>Casi di pagamento online<\/p>\n\n\n\n<h3 class=\"wp-block-heading\">Gestione FSG<\/h3>\n\n\n\n<p>FSG Management Co., Ltd<\/p>\n\n\n\n<p>FSG Management \u00e8 una societ\u00e0 di consulenza specializzata nella gestione in vari campi, tra cui contabilit\u00e0 e psicologia. Le tariffe dei corsi e le spese di consulenza vengono elaborate con il sistema di pagamento online bitwallet, aumenta le opportunit\u00e0 di business e garantisce il pagamento immediato.<\/p>\n\n\n\n<div class=\"wp-block-columns is-layout-flex wp-container-core-columns-is-layout-9d6595d7 wp-block-columns-is-layout-flex\">\n<div class=\"wp-block-column is-layout-flow wp-block-column-is-layout-flow\" style=\"flex-basis:16em\">\n<p>Conto commerciale<\/p>\n<\/div>\n\n\n\n<div class=\"wp-block-column is-layout-flow wp-block-column-is-layout-flow\">\n<p><a href=\"http:\/\/www.fsg-group.co.jp\/\" target=\"_blank\" rel=\"noreferrer noopener\">http:\/\/www.fsg-group.co.jp\/<\/a><\/p>\n<\/div>\n<\/div>\n<\/div>\n<\/div>\n\n\n\n<div class=\"wp-block-columns swiper-slide is-layout-flex wp-container-core-columns-is-layout-9d6595d7 wp-block-columns-is-layout-flex\">\n<div class=\"wp-block-column is-layout-flow wp-block-column-is-layout-flow\" style=\"flex-basis:470px\">\n<figure class=\"wp-block-image size-full\"><img loading=\"lazy\" decoding=\"async\" width=\"470\" height=\"383\" src=\"https:\/\/bitwallet.com\/wp-content\/uploads\/2023\/10\/business_case_kensetsu.png\" alt=\"\" class=\"wp-image-1302\"\/><\/figure>\n<\/div>\n\n\n\n<div class=\"wp-block-column is-layout-flow wp-block-column-is-layout-flow\">\n<p>Casi di pagamento online<\/p>\n\n\n\n<h3 class=\"wp-block-heading\">Approvazione della costruzione.com<\/h3>\n\n\n\n<p>Obiettivo aziendale Scrivener amministrativo<\/p>\n\n\n\n<p>Construction Approval.com fornisce un servizio di richiesta di approvazione di lavori di costruzione semplice e veloce. La remunerazione per ogni richiesta accolta viene raccolta dal sistema di pagamento bitwallet.<\/p>\n\n\n\n<div class=\"wp-block-columns is-layout-flex wp-container-core-columns-is-layout-9d6595d7 wp-block-columns-is-layout-flex\">\n<div class=\"wp-block-column is-layout-flow wp-block-column-is-layout-flow\" style=\"flex-basis:16em\">\n<p>Conto commerciale<\/p>\n<\/div>\n\n\n\n<div class=\"wp-block-column is-layout-flow wp-block-column-is-layout-flow\">\n<p><a rel=\"noreferrer noopener\" href=\"https:\/\/www.kensetsu-kinki.com\/\" target=\"_blank\">https:\/\/www.kensetsu-kinki.com\/<\/a><\/p>\n<\/div>\n<\/div>\n<\/div>\n<\/div>\n<\/div>\n<\/div>\n<\/div><\/div>\n\n\n\n<div class=\"wp-block-cover alignwide has-parallax info-step\"><span aria-hidden=\"true\" class=\"wp-block-cover__background has-cyan-bluish-gray-background-color has-background-dim-0 has-background-dim\"><\/span><div class=\"wp-block-cover__image-background wp-image-1269 has-parallax\" style=\"background-position:50% 50%;background-image:url(https:\/\/bitwallet.com\/wp-content\/uploads\/2023\/10\/mv-feature-business-step-jpg.webp)\"><\/div><div class=\"wp-block-cover__inner-container has-global-padding is-layout-constrained wp-block-cover-is-layout-constrained\">\n<h3 class=\"wp-block-heading has-text-align-center effect01\"><strong>Solo 4 semplici passaggi.<\/strong><br> <strong>Il portafoglio richiede almeno 30 minuti per essere pronto.<\/strong><\/h3>\n\n\n\n<div class=\"wp-block-columns step is-layout-flex wp-container-core-columns-is-layout-9d6595d7 wp-block-columns-is-layout-flex\">\n<div class=\"wp-block-column effect01 is-layout-flow wp-block-column-is-layout-flow\">\n<p class=\"has-text-align-center\"><strong>PASSO 1<\/strong><\/p>\n\n\n\n<figure class=\"wp-block-image aligncenter size-full\"><img loading=\"lazy\" decoding=\"async\" width=\"321\" height=\"321\" src=\"https:\/\/bitwallet.com\/wp-content\/uploads\/2023\/10\/icon_step1-wh.png\" alt=\"\" class=\"wp-image-1275\"\/><\/figure>\n\n\n\n<p>Registrati da qualsiasi dispositivo. Inserisci le tue informazioni di base nella pagina di registrazione per iniziare.<\/p>\n<\/div>\n\n\n\n<div class=\"wp-block-column effect01 fadeTimeA is-layout-flow wp-block-column-is-layout-flow\">\n<p class=\"has-text-align-center\"><strong>PASSO 2<\/strong><\/p>\n\n\n\n<figure class=\"wp-block-image aligncenter size-full\"><img loading=\"lazy\" decoding=\"async\" width=\"321\" height=\"321\" src=\"https:\/\/bitwallet.com\/wp-content\/uploads\/2023\/10\/icon_step2-wh.png\" alt=\"\" class=\"wp-image-1276\"\/><\/figure>\n\n\n\n<p>Un collegamento di verifica verr\u00e0 inviato al tuo indirizzo e-mail registrato. Inserisci altre informazioni necessarie per procedere.<\/p>\n<\/div>\n\n\n\n<div class=\"wp-block-column effect01 fadeTimeB is-layout-flow wp-block-column-is-layout-flow\">\n<p class=\"has-text-align-center\"><strong>PASSO-3<\/strong><\/p>\n\n\n\n<figure class=\"wp-block-image aligncenter size-full\"><img loading=\"lazy\" decoding=\"async\" width=\"321\" height=\"321\" src=\"https:\/\/bitwallet.com\/wp-content\/uploads\/2023\/10\/icon_step3-wh.png\" alt=\"\" class=\"wp-image-1277\"\/><\/figure>\n\n\n\n<p>Accedi e carica i tuoi documenti di verifica dell&#039;identit\u00e0, la prova dell&#039;indirizzo di residenza e i selfie sulla pagina di invio dei documenti di verifica.<\/p>\n<\/div>\n\n\n\n<div class=\"wp-block-column effect01 fadeTimeC is-layout-flow wp-block-column-is-layout-flow\">\n<p class=\"has-text-align-center\"><strong>PASSO-4<\/strong><\/p>\n\n\n\n<figure class=\"wp-block-image aligncenter size-full\"><img loading=\"lazy\" decoding=\"async\" width=\"321\" height=\"321\" src=\"https:\/\/bitwallet.com\/wp-content\/uploads\/2023\/10\/icon_step4-wh.png\" alt=\"\" class=\"wp-image-1278\"\/><\/figure>\n\n\n\n<p>Durante il normale orario lavorativo, il lavoro di conferma sar\u00e0 completato in un minimo di 30 minuti. Una volta che \u00e8 stato verificato e approvato, le informazioni del tuo account ti verranno inviate via e-mail.<\/p>\n<\/div>\n<\/div>\n\n\n\n<div class=\"wp-block-columns frontpage-cv is-layout-flex wp-container-core-columns-is-layout-9d6595d7 wp-block-columns-is-layout-flex\">\n<div class=\"wp-block-column is-vertically-aligned-center is-layout-flow wp-block-column-is-layout-flow\"><\/div>\n\n\n\n<div class=\"wp-block-column is-layout-flow wp-block-column-is-layout-flow\">\n<div class=\"wp-block-buttons is-content-justification-center is-layout-flex wp-container-core-buttons-is-layout-16018d1d wp-block-buttons-is-layout-flex\">\n<div class=\"wp-block-button has-custom-width wp-block-button__width-100 btn-signup effect01\"><a class=\"wp-block-button__link wp-element-button\" href=\"https:\/\/secure.bitwallet.com\/signup\/certification?lang=en\" target=\"_blank\" rel=\"noreferrer noopener\">Crea portafoglio<\/a><\/div>\n<\/div>\n<\/div>\n\n\n\n<div class=\"wp-block-column is-vertically-aligned-center is-layout-flow wp-block-column-is-layout-flow\">\n<p class=\"has-text-align-center effect01 fadeTimeB only-en\"><a href=\"\/it\/service\/account-open\/\" data-type=\"page\" data-id=\"78\">Scopri di pi\u00f9<\/a><\/p>\n\n\n\n<p class=\"has-text-align-center effect01 fadeTimeB only-ja mt0\"><a href=\"\/it\/service\/account-open\/\" data-type=\"page\" data-id=\"78\">\u30a6\u30a9\u30ec\u30c3\u30c8\u958b\u8a2d\u624b\u9806\u3092\u8a73\u3057\u304f<\/a><\/p>\n<\/div>\n<\/div>\n<\/div><\/div>\n\n\n\n<div class=\"wp-block-cover alignwide is-light help\"><span aria-hidden=\"true\" class=\"wp-block-cover__background has-background-dim-0 has-background-dim\"><\/span><img loading=\"lazy\" decoding=\"async\" width=\"2048\" height=\"336\" class=\"wp-block-cover__image-background wp-image-289\" alt=\"\" src=\"https:\/\/bitwallet.com\/wp-content\/uploads\/2023\/06\/mv-support-jpg.webp\" style=\"object-position:50% 50%\" data-object-fit=\"cover\" data-object-position=\"50% 50%\"\/><div class=\"wp-block-cover__inner-container has-global-padding is-layout-constrained wp-block-cover-is-layout-constrained\">\n<p class=\"has-large-font-size translation-block\"><strong>Hai bisogno di aiuto?<\/strong><br> <strong>Siamo qui per aiutare.<\/strong><\/p>\n\n\n\n<p class=\"translation-block\">Il nostro team di supporto \u00e8 dedicato al tuo servizio.<br> Contattaci se hai domande riguardanti i nostri servizi.<\/p>\n\n\n\n<div class=\"wp-block-buttons is-layout-flex wp-block-buttons-is-layout-flex\">\n<div class=\"wp-block-button\"><a class=\"wp-block-button__link wp-element-button\" href=\"\/it\/support\/contact\/\">Contattaci<\/a><\/div>\n<\/div>\n<\/div><\/div>","protected":false},"excerpt":{"rendered":"","protected":false},"author":5,"featured_media":0,"parent":24,"menu_order":33,"comment_status":"closed","ping_status":"closed","template":"","meta":{"footnotes":""},"class_list":["post-60","page","type-page","status-publish","hentry"],"_links":{"self":[{"href":"https:\/\/bitwallet.com\/it\/wp-json\/wp\/v2\/pages\/60","targetHints":{"allow":["GET"]}}],"collection":[{"href":"https:\/\/bitwallet.com\/it\/wp-json\/wp\/v2\/pages"}],"about":[{"href":"https:\/\/bitwallet.com\/it\/wp-json\/wp\/v2\/types\/page"}],"author":[{"embeddable":true,"href":"https:\/\/bitwallet.com\/it\/wp-json\/wp\/v2\/users\/5"}],"replies":[{"embeddable":true,"href":"https:\/\/bitwallet.com\/it\/wp-json\/wp\/v2\/comments?post=60"}],"version-history":[{"count":132,"href":"https:\/\/bitwallet.com\/it\/wp-json\/wp\/v2\/pages\/60\/revisions"}],"predecessor-version":[{"id":4907,"href":"https:\/\/bitwallet.com\/it\/wp-json\/wp\/v2\/pages\/60\/revisions\/4907"}],"up":[{"embeddable":true,"href":"https:\/\/bitwallet.com\/it\/wp-json\/wp\/v2\/pages\/24"}],"wp:attachment":[{"href":"https:\/\/bitwallet.com\/it\/wp-json\/wp\/v2\/media?parent=60"}],"curies":[{"name":"wp","href":"https:\/\/api.w.org\/{rel}","templated":true}]}}