{"id":958,"date":"2023-09-20T15:52:03","date_gmt":"2023-09-20T06:52:03","guid":{"rendered":"https:\/\/bitwallet.com\/?page_id=958"},"modified":"2024-01-10T14:02:43","modified_gmt":"2024-01-10T05:02:43","slug":"payment","status":"publish","type":"page","link":"https:\/\/bitwallet.com\/fr\/aboutus\/payment\/","title":{"rendered":"Solution de paiement"},"content":{"rendered":"<div class=\"wp-block-cover alignwide header\"><span aria-hidden=\"true\" class=\"wp-block-cover__background has-black-background-color has-background-dim-0 has-background-dim\"><\/span><img loading=\"lazy\" decoding=\"async\" width=\"2000\" height=\"360\" class=\"wp-block-cover__image-background wp-image-962\" alt=\"\" src=\"https:\/\/bitwallet.com\/wp-content\/uploads\/2023\/09\/mv-aboutus-payment-jpg.webp\" data-object-fit=\"cover\"\/><div class=\"wp-block-cover__inner-container has-global-padding is-layout-constrained wp-block-cover-is-layout-constrained\">\n<h1 class=\"wp-block-heading has-text-align-left effect00\">Solution de paiement<\/h1>\n\n\n\n<p class=\"effect00 fadeTimeA\">Solution de paiement globale chez bitwallet<\/p>\n<\/div><\/div>\n\n\n\n<h2 class=\"wp-block-heading effect00\">Solution de paiement bitwallet<\/h2>\n\n\n\n<p class=\"effect00 fadeTimeA\">bitwallet fournit une solution de paiement destin\u00e9e aux entreprises en ligne, garantissant que des millions de transactions sont trait\u00e9es en toute s\u00e9curit\u00e9 sur notre plateforme. Notre infrastructure de paiement comprend un service de collecte des paiements par carte de cr\u00e9dit, l&#039;int\u00e9gration du portefeuille API et le service de passerelle d&#039;autorisation.<\/p>\n\n\n\n<div class=\"wp-block-group box effect00 fadeTimeB has-global-padding is-layout-constrained wp-block-group-is-layout-constrained\">\n<h3 class=\"wp-block-heading\">Toutes les solutions de paiement<\/h3>\n\n\n\n<div class=\"wp-block-columns payment-solution is-layout-flex wp-container-core-columns-is-layout-9d6595d7 wp-block-columns-is-layout-flex\">\n<div class=\"wp-block-column is-layout-flow wp-block-column-is-layout-flow\">\n<div class=\"wp-block-columns is-layout-flex wp-container-core-columns-is-layout-9d6595d7 wp-block-columns-is-layout-flex\">\n<div class=\"wp-block-column is-layout-flow wp-block-column-is-layout-flow\">\n<h4 class=\"wp-block-heading has-text-align-center\">Service de recouvrement des paiements par carte de cr\u00e9dit<\/h4>\n<\/div>\n\n\n\n<div class=\"wp-block-column is-layout-flow wp-block-column-is-layout-flow\">\n<div class=\"wp-block-cover is-light has-custom-content-position is-position-top-center\"><span aria-hidden=\"true\" class=\"wp-block-cover__background has-black-background-color has-background-dim-10 has-background-dim\"><\/span><img loading=\"lazy\" decoding=\"async\" width=\"566\" height=\"326\" class=\"wp-block-cover__image-background wp-image-1621\" alt=\"\" src=\"https:\/\/bitwallet.com\/wp-content\/uploads\/2023\/10\/payment_solution_img01-jpg.webp\" data-object-fit=\"cover\"\/><div class=\"wp-block-cover__inner-container has-global-padding is-layout-constrained wp-block-cover-is-layout-constrained\">\n<h5 class=\"wp-block-heading has-text-align-center\">Service de recouvrement des paiements par carte de cr\u00e9dit<\/h5>\n\n\n\n<p>bitwallet fournit un support de paiement frontal et back-end pour les clients et les commer\u00e7ants du commerce \u00e9lectronique et notre service de carte de cr\u00e9dit accepte les cartes de cr\u00e9dit prenant en charge les marques internationales telles que Visa, MasterCard, American Express, Diners Club International, Discover et JCB.<\/p>\n\n\n\n<div class=\"wp-block-buttons is-content-justification-center is-layout-flex wp-container-core-buttons-is-layout-16018d1d wp-block-buttons-is-layout-flex\">\n<div class=\"wp-block-button only-en\"><a class=\"wp-block-button__link wp-element-button\" href=\"https:\/\/bitwallet.com\/fr\/support\/contact\/\">En savoir plus<\/a><\/div>\n\n\n\n<div class=\"wp-block-button only-ja\"><a class=\"wp-block-button__link wp-element-button\" href=\"https:\/\/bitwallet.com\/fr\/support\/contact\/\">\u30da\u30a4\u30e1\u30f3\u30c8\u30bd\u30ea\u30e5\u30fc\u30b7\u30e7\u30f3 \u304a\u554f\u3044\u5408\u308f\u305b<\/a><\/div>\n<\/div>\n\n\n\n<div class=\"wp-block-columns are-vertically-aligned-center is-not-stacked-on-mobile is-layout-flex wp-container-core-columns-is-layout-9d6595d7 wp-block-columns-is-layout-flex\">\n<div class=\"wp-block-column is-vertically-aligned-center is-layout-flow wp-block-column-is-layout-flow\" style=\"flex-basis:70px\">\n<figure class=\"wp-block-image size-full is-resized\"><img loading=\"lazy\" decoding=\"async\" width=\"172\" height=\"66\" src=\"https:\/\/bitwallet.com\/wp-content\/uploads\/2023\/10\/logo_pcidss-wh.png\" alt=\"\" class=\"wp-image-1619\" style=\"width:70px\"\/><\/figure>\n<\/div>\n\n\n\n<div class=\"wp-block-column is-vertically-aligned-center is-layout-flow wp-block-column-is-layout-flow\">\n<p class=\"has-small-font-size\">Une conformit\u00e9 enti\u00e8rement approuv\u00e9e de PCI DSS version 3.2<\/p>\n<\/div>\n<\/div>\n<\/div><\/div>\n<\/div>\n<\/div>\n<\/div>\n\n\n\n<div class=\"wp-block-column is-layout-flow wp-block-column-is-layout-flow\">\n<div class=\"wp-block-columns is-layout-flex wp-container-core-columns-is-layout-9d6595d7 wp-block-columns-is-layout-flex\">\n<div class=\"wp-block-column is-layout-flow wp-block-column-is-layout-flow\">\n<h4 class=\"wp-block-heading has-text-align-center\">Int\u00e9gration du portefeuille API<\/h4>\n<\/div>\n\n\n\n<div class=\"wp-block-column is-layout-flow wp-block-column-is-layout-flow\">\n<div class=\"wp-block-cover has-custom-content-position is-position-top-center\"><span aria-hidden=\"true\" class=\"wp-block-cover__background has-pale-pink-background-color has-background-dim-0 has-background-dim\"><\/span><img loading=\"lazy\" decoding=\"async\" width=\"566\" height=\"326\" class=\"wp-block-cover__image-background wp-image-1623\" alt=\"\" src=\"https:\/\/bitwallet.com\/wp-content\/uploads\/2023\/10\/payment_solution_img02-jpg.webp\" data-object-fit=\"cover\"\/><div class=\"wp-block-cover__inner-container has-global-padding is-layout-constrained wp-block-cover-is-layout-constrained\">\n<h5 class=\"wp-block-heading has-text-align-center\">Int\u00e9gration du portefeuille API<\/h5>\n\n\n\n<p>bitwallet prend en charge l&#039;int\u00e9gration transparente de l&#039;API du service de paiement \u00e0 votre entreprise en ligne, permettant diverses fonctionnalit\u00e9s directes telles que le paiement par carte de cr\u00e9dit et bancaire, une plateforme de paiement tout-en-un.<\/p>\n\n\n\n<div class=\"wp-block-buttons is-content-justification-center is-layout-flex wp-container-core-buttons-is-layout-16018d1d wp-block-buttons-is-layout-flex\">\n<div class=\"wp-block-button only-en\"><a class=\"wp-block-button__link wp-element-button\" href=\"https:\/\/bitwallet.com\/fr\/support\/contact\/\">En savoir plus<\/a><\/div>\n\n\n\n<div class=\"wp-block-button only-ja\"><a class=\"wp-block-button__link wp-element-button\" href=\"https:\/\/bitwallet.com\/fr\/support\/contact\/\">\u30da\u30a4\u30e1\u30f3\u30c8\u30bd\u30ea\u30e5\u30fc\u30b7\u30e7\u30f3 \u304a\u554f\u3044\u5408\u308f\u305b<\/a><\/div>\n<\/div>\n<\/div><\/div>\n<\/div>\n<\/div>\n<\/div>\n<\/div>\n<\/div>","protected":false},"excerpt":{"rendered":"<p>Discover bitwallet, un fournisseur de portefeuille num\u00e9rique rapide, s\u00e9curis\u00e9 et pratique. Nous proposons des solutions de paiement pour votre transaction. Cr\u00e9ez un compte gratuit maintenant.<\/p>","protected":false},"author":5,"featured_media":0,"parent":322,"menu_order":8,"comment_status":"closed","ping_status":"closed","template":"","meta":{"footnotes":""},"class_list":["post-958","page","type-page","status-publish","hentry"],"_links":{"self":[{"href":"https:\/\/bitwallet.com\/fr\/wp-json\/wp\/v2\/pages\/958","targetHints":{"allow":["GET"]}}],"collection":[{"href":"https:\/\/bitwallet.com\/fr\/wp-json\/wp\/v2\/pages"}],"about":[{"href":"https:\/\/bitwallet.com\/fr\/wp-json\/wp\/v2\/types\/page"}],"author":[{"embeddable":true,"href":"https:\/\/bitwallet.com\/fr\/wp-json\/wp\/v2\/users\/5"}],"replies":[{"embeddable":true,"href":"https:\/\/bitwallet.com\/fr\/wp-json\/wp\/v2\/comments?post=958"}],"version-history":[{"count":36,"href":"https:\/\/bitwallet.com\/fr\/wp-json\/wp\/v2\/pages\/958\/revisions"}],"predecessor-version":[{"id":3175,"href":"https:\/\/bitwallet.com\/fr\/wp-json\/wp\/v2\/pages\/958\/revisions\/3175"}],"up":[{"embeddable":true,"href":"https:\/\/bitwallet.com\/fr\/wp-json\/wp\/v2\/pages\/322"}],"wp:attachment":[{"href":"https:\/\/bitwallet.com\/fr\/wp-json\/wp\/v2\/media?parent=958"}],"curies":[{"name":"wp","href":"https:\/\/api.w.org\/{rel}","templated":true}]}}