{"id":948,"date":"2023-09-20T15:36:40","date_gmt":"2023-09-20T06:36:40","guid":{"rendered":"https:\/\/bitwallet.com\/?page_id=948"},"modified":"2024-03-19T16:21:20","modified_gmt":"2024-03-19T07:21:20","slug":"company","status":"publish","type":"page","link":"https:\/\/bitwallet.com\/fr\/aboutus\/company\/","title":{"rendered":"Entreprise"},"content":{"rendered":"<div class=\"wp-block-cover alignwide header\"><span aria-hidden=\"true\" class=\"wp-block-cover__background has-black-background-color has-background-dim-0 has-background-dim\"><\/span><img loading=\"lazy\" decoding=\"async\" width=\"2000\" height=\"360\" class=\"wp-block-cover__image-background wp-image-956\" alt=\"\" src=\"https:\/\/bitwallet.com\/wp-content\/uploads\/2023\/09\/mv-aboutus-company-jpg.webp\" data-object-fit=\"cover\"\/><div class=\"wp-block-cover__inner-container has-global-padding is-layout-constrained wp-block-cover-is-layout-constrained\">\n<h1 class=\"wp-block-heading has-text-align-left\">Entreprise<\/h1>\n\n\n\n<p>Informations mondiales sur la soci\u00e9t\u00e9<\/p>\n<\/div><\/div>\n\n\n\n<div class=\"wp-block-group box has-global-padding is-layout-constrained wp-block-group-is-layout-constrained\">\n<h3 class=\"wp-block-heading\">\u00c0 propos de nous<\/h3>\n\n\n\n<p>Depuis notre cr\u00e9ation \u00e0 Singapour en 2012, nous proposons une large gamme de services de paiement aux pays asiatiques et \u00e0 d&#039;autres pays du monde. Nous avons continu\u00e9 \u00e0 rechercher les possibilit\u00e9s de fournir de meilleures solutions de paiement aux commer\u00e7ants et \u00e0 leurs clients, et nous avons commenc\u00e9 \u00e0 proposer des services \u00ab bitwallet \u00bb tout en am\u00e9liorant nos services. Nous comprenons et nous familiarisons avec les \u00e9carts entre les m\u00e9thodes de paiement internationales en ligne et les industries technologiques des march\u00e9s financiers, et reconnaissons que notre mission est de cr\u00e9er et de fournir une plateforme de paiement transparente pour tous les propri\u00e9taires d&#039;entreprise et leurs clients dans le monde entier.<\/p>\n<\/div>\n\n\n\n<p>Si vous avez des questions concernant le service bitwallet, veuillez nous contacter en s\u00e9lectionnant les options suivantes.<\/p>\n\n\n\n<div class=\"wp-block-group box has-global-padding is-layout-constrained wp-block-group-is-layout-constrained\">\n<h3 class=\"wp-block-heading\">Pour le support client<\/h3>\n\n\n\n<p>Si vous avez des questions concernant l&#039;ouverture d&#039;un compte, l&#039;utilisation de votre compte ou notre service, veuillez nous contacter ici.<\/p>\n\n\n\n<div class=\"wp-block-buttons is-content-justification-center is-layout-flex wp-container-core-buttons-is-layout-16018d1d wp-block-buttons-is-layout-flex\">\n<div class=\"wp-block-button effect01\"><a class=\"wp-block-button__link wp-element-button\" href=\"\/fr\/support\/contact\/customer-inquiry\/\">Pour le support client<\/a><\/div>\n<\/div>\n<\/div>\n\n\n\n<div class=\"wp-block-group box has-global-padding is-layout-constrained wp-block-group-is-layout-constrained\">\n<h3 class=\"wp-block-heading\">Pour les commer\u00e7ants<\/h3>\n\n\n\n<p>Si vous \u00eates membre du commer\u00e7ant ou envisagez de vous inscrire en tant que commer\u00e7ant, veuillez nous contacter ici.<\/p>\n\n\n\n<div class=\"wp-block-buttons is-content-justification-center is-layout-flex wp-container-core-buttons-is-layout-16018d1d wp-block-buttons-is-layout-flex\">\n<div class=\"wp-block-button effect01\"><a class=\"wp-block-button__link wp-element-button\" href=\"\/fr\/support\/contact\/merchant-inquiry\/\">Pour les commer\u00e7ants<\/a><\/div>\n<\/div>\n<\/div>\n\n\n\n<div class=\"wp-block-group box has-global-padding is-layout-constrained wp-block-group-is-layout-constrained\">\n<h3 class=\"wp-block-heading\">Pour les demandes des m\u00e9dias<\/h3>\n\n\n\n<p>Si vous \u00eates membre des m\u00e9dias ou souhaitez contacter \u00e0 des fins m\u00e9diatiques ou marketing, veuillez nous contacter.<\/p>\n\n\n\n<div class=\"wp-block-buttons is-content-justification-center is-layout-flex wp-container-core-buttons-is-layout-16018d1d wp-block-buttons-is-layout-flex\">\n<div class=\"wp-block-button effect01\"><a class=\"wp-block-button__link wp-element-button\" href=\"\/fr\/support\/contact\/media-inquiry\/\">Pour les demandes des m\u00e9dias<\/a><\/div>\n<\/div>\n<\/div>","protected":false},"excerpt":{"rendered":"<p>\u00c0 propos de nous Depuis notre cr\u00e9ation \u00e0 Singapour en 2012, nous fournissons une large gamme de services de paiement aux pays asiatiques et \u00e0 d&#039;autres pays du monde. Nous avons continu\u00e9 \u00e0 rechercher les possibilit\u00e9s de fournir de meilleures solutions de paiement aux commer\u00e7ants et \u00e0 leurs clients, et nous avons commenc\u00e9 \u00e0 proposer des services \u00ab bitwallet \u00bb tout en am\u00e9liorant nos services. Nous comprenons et nous familiarisons avec les \u00e9carts entre les m\u00e9thodes de paiement internationales en ligne et les industries technologiques des march\u00e9s financiers, et reconnaissons que notre mission est de cr\u00e9er et de fournir une plateforme de paiement transparente pour tous les propri\u00e9taires d&#039;entreprise et leurs clients dans le monde entier. Si vous avez des questions concernant le service bitwallet, veuillez nous contacter en s\u00e9lectionnant\u2026<\/p>","protected":false},"author":5,"featured_media":0,"parent":322,"menu_order":9,"comment_status":"closed","ping_status":"closed","template":"","meta":{"footnotes":""},"class_list":["post-948","page","type-page","status-publish","hentry"],"_links":{"self":[{"href":"https:\/\/bitwallet.com\/fr\/wp-json\/wp\/v2\/pages\/948","targetHints":{"allow":["GET"]}}],"collection":[{"href":"https:\/\/bitwallet.com\/fr\/wp-json\/wp\/v2\/pages"}],"about":[{"href":"https:\/\/bitwallet.com\/fr\/wp-json\/wp\/v2\/types\/page"}],"author":[{"embeddable":true,"href":"https:\/\/bitwallet.com\/fr\/wp-json\/wp\/v2\/users\/5"}],"replies":[{"embeddable":true,"href":"https:\/\/bitwallet.com\/fr\/wp-json\/wp\/v2\/comments?post=948"}],"version-history":[{"count":13,"href":"https:\/\/bitwallet.com\/fr\/wp-json\/wp\/v2\/pages\/948\/revisions"}],"predecessor-version":[{"id":4665,"href":"https:\/\/bitwallet.com\/fr\/wp-json\/wp\/v2\/pages\/948\/revisions\/4665"}],"up":[{"embeddable":true,"href":"https:\/\/bitwallet.com\/fr\/wp-json\/wp\/v2\/pages\/322"}],"wp:attachment":[{"href":"https:\/\/bitwallet.com\/fr\/wp-json\/wp\/v2\/media?parent=948"}],"curies":[{"name":"wp","href":"https:\/\/api.w.org\/{rel}","templated":true}]}}