{"id":927,"date":"2023-09-13T17:23:14","date_gmt":"2023-09-13T08:23:14","guid":{"rendered":"https:\/\/bitwallet.com\/?page_id=927"},"modified":"2024-03-06T15:57:43","modified_gmt":"2024-03-06T06:57:43","slug":"security","status":"publish","type":"page","link":"https:\/\/bitwallet.com\/fr\/service\/security\/","title":{"rendered":"S\u00e9curit\u00e9"},"content":{"rendered":"<div class=\"wp-block-cover alignwide header\"><span aria-hidden=\"true\" class=\"wp-block-cover__background has-black-background-color has-background-dim-0 has-background-dim\"><\/span><img loading=\"lazy\" decoding=\"async\" width=\"2000\" height=\"360\" class=\"wp-block-cover__image-background wp-image-2022\" alt=\"\" src=\"https:\/\/bitwallet.com\/wp-content\/uploads\/2023\/11\/mv-service_security-jpg.webp\" data-object-fit=\"cover\"\/><div class=\"wp-block-cover__inner-container has-global-padding is-layout-constrained wp-block-cover-is-layout-constrained\">\n<h1 class=\"wp-block-heading has-text-align-left effect00\">S\u00e9curit\u00e9<\/h1>\n\n\n\n<p class=\"effect00 fadeTimeA\">Notre aper\u00e7u de la s\u00e9curit\u00e9<\/p>\n<\/div><\/div>\n\n\n\n<h2 class=\"wp-block-heading effect00\">Mesures de s\u00e9curit\u00e9 bitwallet<\/h2>\n\n\n\n<div class=\"wp-block-group effect00 fadeTimeA has-global-padding is-layout-constrained wp-block-group-is-layout-constrained\">\n<p>bitwallet (Bitwallet Service Group) est l&#039;un des principaux fournisseurs de services de paiement qui poss\u00e8de des niveaux \u00e9lev\u00e9s de s\u00e9curit\u00e9 en ligne et hors ligne pour assurer la s\u00e9curit\u00e9 des fonds des clients sur notre plateforme. Notre mission est de rechercher continuellement l&#039;am\u00e9lioration de la s\u00e9curit\u00e9 tout en offrant une exp\u00e9rience de navigation intuitive \u00e0 tous les utilisateurs. L&#039;\u00e9quipe pense qu&#039;en \u00e9tablissant une meilleure s\u00e9curit\u00e9 sur notre plateforme, cela renforcera la confiance entre nos clients et nous.<\/p>\n\n\n\n<p>Notre \u00e9quipe prend au s\u00e9rieux les mesures de s\u00e9curit\u00e9 contre la fraude et l\u2019utilisation non autoris\u00e9e. Des r\u00e9glementations telles que AML (Anti-Money Laundering), KYC (Know Your Customer Identity Verification), etc. ont \u00e9t\u00e9 mises en \u0153uvre pour garantir la conformit\u00e9 aux normes internationales sur notre plateforme.<\/p>\n\n\n\n<p>Consultez les mesures de s\u00e9curit\u00e9 d\u00e9taill\u00e9es ci-dessous<\/p>\n<\/div>\n\n\n\n<div class=\"wp-block-group box security effect00 fadeTimeB has-global-padding is-layout-constrained wp-block-group-is-layout-constrained\">\n<h3 class=\"wp-block-heading\">S\u00e9curit\u00e9<\/h3>\n\n\n\n<p>Compromettre la cybers\u00e9curit\u00e9 peut constituer une menace importante pour vos actifs financiers personnels. bitwallet s&#039;appuie constamment sur des strat\u00e9gies pour prot\u00e9ger nos clients contre les menaces de s\u00e9curit\u00e9.<\/p>\n\n\n\n<p>bitwallet respecte les meilleures pratiques et principes de l\u2019industrie \u00e9nonc\u00e9s dans le d\u00e9cret intitul\u00e9 Am\u00e9liorer la cybers\u00e9curit\u00e9 des infrastructures critiques. Cela permet \u00e0 bitwallet de respecter les normes de s\u00e9curit\u00e9 internationales et d\u2019am\u00e9liorer la r\u00e9silience de l\u2019infrastructure. Voici les mesures de s\u00e9curit\u00e9 des informations bas\u00e9es sur le cadre du National Institute of Standards and Technology (NIST), qui se composent de trois parties\u00a0: le noyau du cadre, les niveaux de mise en \u0153uvre et les profils du cadre.<\/p>\n\n\n\n<h4 class=\"wp-block-heading\"><strong>Noyau du cadre<\/strong><\/h4>\n\n\n\n<p>Le Framwork Core est compos\u00e9 de cinq fonctions\u00a0:\u00a0Identifier, Prot\u00e9ger, D\u00e9tecter, R\u00e9pondre, R\u00e9cup\u00e9rer.<\/p>\n\n\n\n<h5 class=\"wp-block-heading\">1. Identifiez<\/h5>\n\n\n\n<h6 class=\"wp-block-heading\"><strong>(1) Offre de garde et de gestion des actifs des clients.<\/strong><\/h6>\n\n\n\n<p>Les actifs de l&#039;utilisateur sont prot\u00e9g\u00e9s en toute s\u00e9curit\u00e9 sur bitwallet. Les actifs tels que les devises sont g\u00e9r\u00e9s s\u00e9par\u00e9ment de mani\u00e8re s\u00e9curis\u00e9e.<\/p>\n\n\n\n<h6 class=\"wp-block-heading\"><strong>(2) Gestion des institutions financi\u00e8res de haut niveau<\/strong><\/h6>\n\n\n\n<p>Les courtiers d&#039;institutions financi\u00e8res de haut niveau doivent non seulement mettre en \u0153uvre des mesures de s\u00e9curit\u00e9 sur le syst\u00e8me lui-m\u00eame, mais \u00e9galement am\u00e9liorer l&#039;organisation et les processus. A ce titre, bitwallet a mis en place un cadre de s\u00e9curit\u00e9 capable de d\u00e9clencher un processus de r\u00e9cup\u00e9ration lors de la d\u00e9tection d&#039;une anomalie ; identifier la cause profonde et diagnostiquer l\u2019anomalie rapidement. Nous avons l&#039;intention de mettre en \u0153uvre cette fonctionnalit\u00e9 et de l&#039;affiner davantage.<\/p>\n\n\n\n<h5 class=\"wp-block-heading\">2. Prot\u00e9ger<\/h5>\n\n\n\n<h6 class=\"wp-block-heading\"><strong>2.1 Chiffrement<\/strong><\/h6>\n\n\n\n<h6 class=\"wp-block-heading\"><strong>(1) Certificat SSL<\/strong><\/h6>\n\n\n\n<p>bitwallet utilise la technologie de cryptage SSL pour les communications de donn\u00e9es. SSL est un certificat de s\u00e9curit\u00e9 qui permet une connexion s\u00e9curis\u00e9e entre notre plateforme et notre serveur tout en garantissant la confidentialit\u00e9 de toutes les donn\u00e9es.<\/p>\n\n\n\n<h6 class=\"wp-block-heading\"><strong>(2) Certificat SSL-VPN<\/strong><\/h6>\n\n\n\n<p>Notre serveur r\u00e9seau SSL-VPN est crypt\u00e9 pour emp\u00eacher tout acc\u00e8s non autoris\u00e9 par des tiers de voler des donn\u00e9es, car toutes les donn\u00e9es seront crypt\u00e9es avant la transmission.<\/p>\n\n\n\n<h6 class=\"wp-block-heading\"><strong>2.2 S\u00e9curit\u00e9 du r\u00e9seau par pare-feu<\/strong><\/h6>\n\n\n\n<h6 class=\"wp-block-heading\"><strong>(1) Pare-feu<\/strong><\/h6>\n\n\n\n<p>Le pare-feu agit comme un filtre entre le r\u00e9seau et Internet. Le pare-feu ajoute de la s\u00e9curit\u00e9 \u00e0 notre serveur car il emp\u00eache la transmission de menaces telles que les logiciels malveillants et les virus.<\/p>\n\n\n\n<h6 class=\"wp-block-heading\"><strong>(2) Pare-feu d&#039;applications Web<\/strong><\/h6>\n\n\n\n<p>bitwallet utilise un pare-feu d&#039;application Web (WAF) pour se prot\u00e9ger contre les tentatives malveillantes visant \u00e0 compromettre notre syst\u00e8me ou \u00e0 exfiltrer nos donn\u00e9es. bitwallet WAF bloque les mod\u00e8les d&#039;attaque courants pour notre syst\u00e8me d&#039;exploitation, nos logiciels et nos services.<\/p>\n\n\n\n<h6 class=\"wp-block-heading\"><strong>(3) IP Anycast<\/strong><\/h6>\n\n\n\n<p>Une attaque Dos (Denial of Service) est une tentative d&#039;inonder le r\u00e9seau de l&#039;utilisateur avec du trafic inutile, une attaque avec des courriers ind\u00e9sirables (mail bomb) et plusieurs paquets de requ\u00eates ping qui provoquent l&#039;arr\u00eat d&#039;une machine ou d&#039;un r\u00e9seau, le rendant inaccessible aux utilisateurs pr\u00e9vus. . Il existe \u00e9galement des attaques DDoS qui feront planter d\u00e9finitivement les fonctionnalit\u00e9s du r\u00e9seau. bitwallet utilise IP Anycast pour rediriger la demande.<\/p>\n\n\n\n<h6 class=\"wp-block-heading\"><strong>(4) Syst\u00e8me de d\u00e9tection d&#039;intrusion (IDS)<\/strong><\/h6>\n\n\n\n<p>Lors de la r\u00e9ception de plusieurs trafics r\u00e9seau vers le serveur, IDS est capable de surveiller et de d\u00e9tecter les activit\u00e9s suspectes et d&#039;\u00e9mettre des alertes parmi elles. Le syst\u00e8me est capable de prendre des mesures en cas d&#039;activit\u00e9 malveillante d\u00e9couverte et de trafic anormal. bitwallet utilise 2 types de syst\u00e8mes\u00a0: le syst\u00e8me de d\u00e9tection d&#039;intrusion dans le r\u00e9seau et le syst\u00e8me de d\u00e9tection d&#039;intrusion dans l&#039;h\u00f4te. La d\u00e9tection des intrusions r\u00e9seau surveille le trafic entrant et sortant, tandis que la d\u00e9tection des intrusions sur l&#039;h\u00f4te peut identifier le trafic malveillant provenant de l&#039;h\u00f4te lui-m\u00eame.<\/p>\n\n\n\n<h6 class=\"wp-block-heading\"><strong>(5) Gestion unifi\u00e9e des menaces (UTM)<\/strong><\/h6>\n\n\n\n<p>UTM consolide plusieurs services et fonctionnalit\u00e9s de s\u00e9curit\u00e9 tels que l&#039;IDS, l&#039;IPS et d&#039;autres contenus Web pour prot\u00e9ger bitwallet contre les menaces de s\u00e9curit\u00e9.<\/p>\n\n\n\n<h6 class=\"wp-block-heading\"><strong>2.3 V\u00e9rification de l&#039;identit\u00e9<\/strong><\/h6>\n\n\n\n<h6 class=\"wp-block-heading\"><strong>(1) Mot de passe fort<\/strong><\/h6>\n\n\n\n<p>R\u00e9utiliser ou cr\u00e9er un mot de passe simple avec uniquement des lettres telles que \u00ab bitcoin \u00bb le rend faible et facile \u00e0 casser. bitwallet autorise uniquement les mots de passe forts contenant une longue combinaison de caract\u00e8res majuscules et minuscules, de chiffres et de signes de ponctuation, ce qui rend plus difficile \u00e0 d\u00e9chiffrer.<\/p>\n\n\n\n<h6 class=\"wp-block-heading\"><strong>(2) Verrouillage du compte<\/strong><\/h6>\n\n\n\n<p>Si l&#039;utilisateur \u00e9choue \u00e0 plusieurs reprises pour se connecter, cela sera consid\u00e9r\u00e9 comme un acc\u00e8s non autoris\u00e9 d&#039;un tiers et, par cons\u00e9quent, le compte sera verrouill\u00e9. R\u00e9initialisez votre mot de passe si vous l&#039;avez oubli\u00e9. Votre compte ne sera r\u00e9cup\u00e9r\u00e9 qu&#039;apr\u00e8s avoir pass\u00e9 par l&#039;authentification de votre identit\u00e9.<\/p>\n\n\n\n<h6 class=\"wp-block-heading\"><strong>(3) Authentification \u00e0 2 facteurs<\/strong><\/h6>\n\n\n\n<p>Pour emp\u00eacher tout acc\u00e8s non autoris\u00e9 par des tiers, l&#039;authentification \u00e0 2 facteurs (2FA) agira comme une couche de s\u00e9curit\u00e9 suppl\u00e9mentaire lorsque vous vous connecterez \u00e0 bitwallet. L&#039;utilisateur aura besoin du mot de passe du compte et d&#039;une deuxi\u00e8me connexion avec son propre jeton pour acc\u00e9der \u00e0 son compte. Cela rend plus difficile l\u2019acc\u00e8s des intrus potentiels car ils ne disposent pas du jeton pour se connecter.<\/p>\n\n\n\n<h6 class=\"wp-block-heading\"><strong>(4) Surveiller l&#039;historique de connexion<\/strong><\/h6>\n\n\n\n<p>Votre historique de connexion sera enregistr\u00e9 sur le serveur chaque fois que vous vous connecterez \u00e0 partir d&#039;un appareil particulier ou via le Web, y compris l&#039;emplacement g\u00e9n\u00e9ral et l&#039;adresse IP. Affichez-les pour voir s&#039;il existe des connexions non reconnues.<\/p>\n\n\n\n<h6 class=\"wp-block-heading\"><strong>(5) Expiration de session<\/strong><\/h6>\n\n\n\n<p>Si vous restez inactif pendant un certain temps apr\u00e8s vous \u00eatre connect\u00e9, vous serez automatiquement d\u00e9connect\u00e9 de votre compte pour emp\u00eacher tout acc\u00e8s non autoris\u00e9.<\/p>\n\n\n\n<h6 class=\"wp-block-heading\"><strong>2.4 Mesures du programme<\/strong><\/h6>\n\n\n\n<h6 class=\"wp-block-heading\"><strong>(1) Scripts intersites<\/strong><\/h6>\n\n\n\n<p>Le cross-site scripting est une attaque de s\u00e9curit\u00e9 dans laquelle un attaquant peut s&#039;attaquer \u00e0 un site Web vuln\u00e9rable \u00e0 partir d&#039;un autre site Web de confiance. bitwallet est d\u00e9sinfect\u00e9 pour emp\u00eacher ce type d\u2019attaque. Les donn\u00e9es potentiellement dangereuses seront supprim\u00e9es ou modifi\u00e9es au cours du processus, les rendant inex\u00e9cutables.<\/p>\n\n\n\n<h6 class=\"wp-block-heading\"><strong>(2) Injection SQL<\/strong><\/h6>\n\n\n\n<p>L&#039;injection SQL est un langage de programmation utilis\u00e9 pour communiquer avec des bases de donn\u00e9es vuln\u00e9rables et open source. Il enverra des commandes au serveur pour divulguer les informations de l&#039;utilisateur. bitwallet utilise la d\u00e9sinfection des entr\u00e9es pour emp\u00eacher l&#039;ex\u00e9cution de communications malveillantes. Les donn\u00e9es seront modifi\u00e9es en langage SQL inex\u00e9cutable.<\/p>\n\n\n\n<h6 class=\"wp-block-heading\"><strong>(3) Contrefa\u00e7on de demande intersite<\/strong><\/h6>\n\n\n\n<p>La falsification de requ\u00eates intersites est une attaque de s\u00e9curit\u00e9 qui oblige l\u2019utilisateur \u00e0 ex\u00e9cuter des actions ind\u00e9sirables qui ne sont pas authentifi\u00e9es. bitwallet utilise un codage s\u00e9curis\u00e9 et WAF pour bloquer ces attaques potentiellement dangereuses tout en surveillant le syst\u00e8me de s\u00e9curit\u00e9.<\/p>\n\n\n\n<h6 class=\"wp-block-heading\"><strong>(4) Attaque par force brute<\/strong><\/h6>\n\n\n\n<p>L&#039;attaque par force brute est une m\u00e9thode de piratage de mot de passe par essais et erreurs en d\u00e9codant divers mots de passe pour forcer l&#039;acc\u00e8s \u00e0 votre compte. Utilisez un mot de passe fort et configurez 2FA pour renforcer votre compte contre cette attaque, car votre compte sera verrouill\u00e9 dans un nombre limit\u00e9 de tentatives.<\/p>\n\n\n\n<h6 class=\"wp-block-heading\"><strong>(5) Cryptage du mot de passe<\/strong><\/h6>\n\n\n\n<p>Le mot de passe que vous avez saisi sera crypt\u00e9 et enregistr\u00e9 dans la base de donn\u00e9es, subira un processus de hachage en ajoutant du sel au mot de passe, ce qui le rendra complexe \u00e0 lire.<\/p>\n\n\n\n<h6 class=\"wp-block-heading\"><strong>(6) Liste blanche IP<\/strong><\/h6>\n\n\n\n<p>Seule l&#039;adresse IP sur liste blanche peut proc\u00e9der \u00e0 une transaction de paiement sur bitwallet. L&#039;utilisation et l&#039;acc\u00e8s par toute adresse IP non reconnue seront bloqu\u00e9s.<\/p>\n\n\n\n<h6 class=\"wp-block-heading\"><strong>2.5 V\u00e9rification op\u00e9rationnelle<\/strong><\/h6>\n\n\n\n<h6 class=\"wp-block-heading\"><strong>(1) Soumission de selfies<\/strong><\/h6>\n\n\n\n<p>La pr\u00e9sentation d&#039;une pi\u00e8ce d&#039;identit\u00e9, d&#039;un justificatif d&#039;adresse r\u00e9sidentielle et d&#039;un selfie est requise. Le selfie a \u00e9t\u00e9 adopt\u00e9 par divers pays occidentaux \u00e0 des fins de v\u00e9rification d\u2019identit\u00e9 en ligne. Le but de cette v\u00e9rification d\u2019une telle proc\u00e9dure est d\u2019emp\u00eacher une fausse usurpation d\u2019identit\u00e9 de se produire.<\/p>\n\n\n\n<h6 class=\"wp-block-heading\"><strong>(2) Authentification par courrier ou SMS<\/strong><\/h6>\n\n\n\n<p>Un identifiant g\u00e9n\u00e9r\u00e9 vous sera envoy\u00e9 par courrier ou SMS pour authentification si vous souhaitez augmenter la limite de la carte de cr\u00e9dit. L&#039;authentification sera termin\u00e9e une fois que vous aurez saisi l&#039;identifiant dans le d\u00e9lai imparti.<\/p>\n\n\n\n<h6 class=\"wp-block-heading\"><strong>(3) Confirmation du compte bancaire de retrait<\/strong><\/h6>\n\n\n\n<p>Notre \u00e9quipe v\u00e9rifiera quotidiennement les informations de compte incorrectes telles que le nom de la banque, le nom de la succursale et le num\u00e9ro de compte.<\/p>\n\n\n\n<h6 class=\"wp-block-heading\"><strong>(4) Confirmation du compte \u00e9metteur<\/strong><\/h6>\n\n\n\n<p>Toutes les informations de transaction seront v\u00e9rifi\u00e9es avant l&#039;envoi et peuvent \u00eatre retard\u00e9es en raison du temps suppl\u00e9mentaire requis pour la v\u00e9rification. Veuillez inclure votre num\u00e9ro d&#039;identification de compte (ID de compte + 3 chiffres) dans le nom de l&#039;\u00e9metteur lors d&#039;un virement bancaire.<\/p>\n\n\n\n<h6 class=\"wp-block-heading\"><strong>(5) Externaliser les contr\u00f4les d\u2019utilisation non autoris\u00e9e<\/strong><\/h6>\n\n\n\n<p>Nous avons engag\u00e9 un service externalis\u00e9 pour surveiller l&#039;utilisation quotidienne de chaque utilisateur afin de d\u00e9tecter toute utilisation non autoris\u00e9e.<\/p>\n\n\n\n<h6 class=\"wp-block-heading\"><strong>(6) Directives de retrait et de remboursement<\/strong><\/h6>\n\n\n\n<p>Pour \u00e9viter les cas de blanchiment d&#039;argent et d&#039;utilisation abusive de la carte de cr\u00e9dit, nous examinerons d&#039;abord manuellement l&#039;historique d&#039;utilisation de l&#039;utilisateur avant qu&#039;une transaction de remboursement et de retrait puisse \u00eatre effectu\u00e9e. Cela aidera \u00e0 mettre fin \u00e0 toute fraude \u00e0 la carte \u00e0 temps.<\/p>\n\n\n\n<h5 class=\"wp-block-heading\">3. D\u00e9tecter<\/h5>\n\n\n\n<h6 class=\"wp-block-heading\"><strong>(1) Examen du serveur<\/strong><\/h6>\n\n\n\n<p>Une fois qu&#039;une erreur est d\u00e9tect\u00e9e sur notre serveur, un appel d&#039;urgence sera activ\u00e9 via notre examen automatique programm\u00e9 du serveur, arr\u00eatant tout le syst\u00e8me afin de minimiser les dommages qu&#039;il pourrait subir.<\/p>\n\n\n\n<h6 class=\"wp-block-heading\"><strong>(2) Cryptage de la base de donn\u00e9es<\/strong><\/h6>\n\n\n\n<p>Vos donn\u00e9es sensibles seront toutes crypt\u00e9es lors de leur stockage dans notre base de donn\u00e9es. Les donn\u00e9es crypt\u00e9es sont difficiles \u00e0 d\u00e9chiffrer.<\/p>\n\n\n\n<h6 class=\"wp-block-heading\"><strong>(3) Syst\u00e8me ind\u00e9pendant de d\u00e9tection de fraude<\/strong><\/h6>\n\n\n\n<p>Une blockchain publique est un r\u00e9seau cr\u00e9\u00e9 avec plusieurs n\u0153uds. Il est totalement ouvert et tout le monde peut rejoindre et participer au r\u00e9seau. Node n\u00e9cessite une surveillance de son processus et de ses performances. bitwallet a mis en place un serveur de surveillance qui permet de collecter en temps r\u00e9el les informations de chaque note tout en enregistrant son journal. Cela nous permet de v\u00e9rifier et de mettre en \u0153uvre tout acc\u00e8s non autoris\u00e9 ou transaction d\u00e9tect\u00e9e pr\u00e9cocement gr\u00e2ce \u00e0 la validation entre les transactions des n\u0153uds.<\/p>\n\n\n\n<h5 class=\"wp-block-heading\">4. R\u00e9pondez<\/h5>\n\n\n\n<h6 class=\"wp-block-heading\"><strong>(1) Plans d&#039;urgence<\/strong><\/h6>\n\n\n\n<p>Des plans d\u2019urgence sont en place pour rem\u00e9dier aux failles de s\u00e9curit\u00e9. Les contre-mesures et la pr\u00e9vention sont formul\u00e9es et ex\u00e9cut\u00e9es efficacement gr\u00e2ce \u00e0 de nombreux d\u00e9fis bas\u00e9s sur des sc\u00e9narios imitant les d\u00e9faillances de s\u00e9curit\u00e9.<\/p>\n\n\n\n<h6 class=\"wp-block-heading\"><strong>(2) Analyse des incidents<\/strong><\/h6>\n\n\n\n<p>bitwallet a subi de nombreux tests de validation et analyses au cours du processus de d\u00e9veloppement et continuera \u00e0 effectuer des contr\u00f4les de s\u00e9curit\u00e9 apr\u00e8s sa sortie. Si une faille de s\u00e9curit\u00e9 est d\u00e9couverte lors du contr\u00f4le, l\u2019\u00e9quipe s\u2019efforcera de localiser et de corriger rapidement le probl\u00e8me.<\/p>\n\n\n\n<h5 class=\"wp-block-heading\">5. R\u00e9cup\u00e9rer<\/h5>\n\n\n\n<h6 class=\"wp-block-heading\"><strong>(1) Plans de r\u00e9tablissement<\/strong><\/h6>\n\n\n\n<p>Des plans de r\u00e9cup\u00e9ration sont en place pour rem\u00e9dier aux failles de s\u00e9curit\u00e9 et sont ex\u00e9cut\u00e9s sur la base des \u00e9tapes d\u00e9taill\u00e9es et d\u00e9taill\u00e9es \u00e9crites dans le manuel de d\u00e9pannage qui permettent un temps de r\u00e9cup\u00e9ration plus rapide.<\/p>\n\n\n\n<h6 class=\"wp-block-heading\"><strong>(2) L&#039;\u00e9quipe d&#039;ing\u00e9nierie travaille constamment \u00e0 l&#039;am\u00e9lioration de la stabilit\u00e9 et \u00e0 la formulation de solutions pour les nouveaux risques.<\/strong><\/h6>\n\n\n\n<p>L&#039;\u00e9quipe bitwallet est compos\u00e9e de sp\u00e9cialistes du cryptage, de professionnels et d&#039;ing\u00e9nieurs comp\u00e9tents dans la lutte contre les risques inattendus gr\u00e2ce aux derni\u00e8res technologies.<\/p>\n\n\n\n<h6 class=\"wp-block-heading\"><strong>(3) Am\u00e9liorer le processus de r\u00e9ponse de s\u00e9curit\u00e9<\/strong><\/h6>\n\n\n\n<p>En cas de faille de s\u00e9curit\u00e9 commune entre plusieurs entreprises, les informations seront sauvegard\u00e9es et archiv\u00e9es pour \u00eatre partag\u00e9es afin d&#039;am\u00e9liorer la correspondance des donn\u00e9es. De plus, des examens et des am\u00e9liorations constants sont apport\u00e9s au processus de r\u00e9ponse pour faire face aux failles de s\u00e9curit\u00e9.<\/p>\n\n\n\n<h4 class=\"wp-block-heading\"><strong>Les niveaux de mise en \u0153uvre<\/strong><\/h4>\n\n\n\n<p>Les niveaux refl\u00e8tent la mani\u00e8re dont une organisation met en \u0153uvre les fonctions de base et g\u00e8re ses risques. bitwallet vise \u00e0 atteindre le niveau le plus \u00e9lev\u00e9 avec un processus de gestion am\u00e9lior\u00e9.<\/p>\n\n\n\n<h5 class=\"wp-block-heading\">1. Processus de gestion des risques<\/h5>\n\n\n\n<p>Chez bitwallet, les mesures de gestion des risques de s\u00e9curit\u00e9 sont approuv\u00e9es par la direction et \u00e9tablies sous forme de politique. Notre \u00e9quipe accordera la priorit\u00e9 absolue aux mesures de s\u00e9curit\u00e9.<\/p>\n\n\n\n<h5 class=\"wp-block-heading\">2. Programme de gestion int\u00e9gr\u00e9e des risques<\/h5>\n\n\n\n<p>Tous les collaborateurs de bitwallet participent \u00e0 la gestion des risques li\u00e9s aux informations de cybers\u00e9curit\u00e9.<\/p>\n\n\n\n<h4 class=\"wp-block-heading\"><strong>Profil de cadre<\/strong><\/h4>\n\n\n\n<p>Le profil qui aide bitwallet \u00e0 \u00e9tablir une feuille de route pour r\u00e9duire les risques de cybers\u00e9curit\u00e9 et \u00e0 d\u00e9crire notre \u00e9tat actuel, l&#039;\u00e9tat cible souhait\u00e9 et le processus de gestion des risques.<\/p>\n\n\n\n<p>bitwallet est bas\u00e9 sur le d\u00e9cret am\u00e9ricain \u00ab\u00a0Framework for Improving Critical Infrastructure Cybersecurity\u00a0\u00bb et combine les meilleures pratiques du secteur dans une perspective internationale.<\/p>\n\n\n\n<hr class=\"wp-block-separator has-alpha-channel-opacity\"\/>\n\n\n\n<p>Clauses suppl\u00e9mentaires<\/p>\n\n\n\n<p>Les frais affich\u00e9s d\u00e9buteront \u00e0 partir du 1er juillet 2018.<\/p>\n\n\n\n<p>R\u00e9vision<\/p>\n\n\n\n<p>La soumission de selfie 2.5 V\u00e9rification op\u00e9rationnelle (1) a \u00e9t\u00e9 r\u00e9vis\u00e9e le 1er ao\u00fbt 2018.<br>Le 1. Identifier a \u00e9t\u00e9 r\u00e9vis\u00e9 le 21 janvier 2022.<\/p>\n<\/div>\n\n\n\n<div class=\"wp-block-cover alignwide is-light help\"><span aria-hidden=\"true\" class=\"wp-block-cover__background has-background-dim-0 has-background-dim\"><\/span><img loading=\"lazy\" decoding=\"async\" width=\"2048\" height=\"336\" class=\"wp-block-cover__image-background wp-image-289\" alt=\"\" src=\"https:\/\/bitwallet.com\/wp-content\/uploads\/2023\/06\/mv-support-jpg.webp\" style=\"object-position:50% 50%\" data-object-fit=\"cover\" data-object-position=\"50% 50%\"\/><div class=\"wp-block-cover__inner-container has-global-padding is-layout-constrained wp-block-cover-is-layout-constrained\">\n<p class=\"has-large-font-size translation-block\"><strong>As-tu besoin d&#039;aide?<\/strong><br> <strong>Nous sommes l\u00e0 pour vous aider.<\/strong><\/p>\n\n\n\n<p class=\"translation-block\">Notre \u00e9quipe d&#039;assistance se consacre \u00e0 vous servir.<br> Contactez-nous si vous avez des questions concernant nos services.<\/p>\n\n\n\n<div class=\"wp-block-buttons is-layout-flex wp-block-buttons-is-layout-flex\">\n<div class=\"wp-block-button\"><a class=\"wp-block-button__link wp-element-button\" href=\"\/fr\/support\/contact\/\">Contactez-nous<\/a><\/div>\n<\/div>\n<\/div><\/div>","protected":false},"excerpt":{"rendered":"<p>Mesures de s\u00e9curit\u00e9 bitwallet bitwallet (Bitwallet Service Group) est l&#039;un des principaux fournisseurs de services de paiement qui poss\u00e8de des niveaux \u00e9lev\u00e9s de s\u00e9curit\u00e9 en ligne et hors ligne pour assurer la s\u00e9curit\u00e9 des fonds des clients sur notre plateforme. Notre mission est de rechercher continuellement l&#039;am\u00e9lioration de la s\u00e9curit\u00e9 tout en offrant une exp\u00e9rience de navigation intuitive \u00e0 tous les utilisateurs. L&#039;\u00e9quipe pense qu&#039;en \u00e9tablissant une meilleure s\u00e9curit\u00e9 sur notre plateforme, cela renforcera la confiance entre nos clients et nous. Notre \u00e9quipe prend au s\u00e9rieux les mesures de s\u00e9curit\u00e9 contre la fraude et l\u2019utilisation non autoris\u00e9e. Des r\u00e9glementations telles que AML (Anti-Money Laundering), KYC (Know Your Customer Identity Verification), etc. ont \u00e9t\u00e9 mises en \u0153uvre pour garantir la conformit\u00e9 aux normes internationales sur notre plateforme. Voir la\u2026<\/p>","protected":false},"author":5,"featured_media":0,"parent":32,"menu_order":21,"comment_status":"closed","ping_status":"closed","template":"","meta":{"footnotes":""},"class_list":["post-927","page","type-page","status-publish","hentry"],"_links":{"self":[{"href":"https:\/\/bitwallet.com\/fr\/wp-json\/wp\/v2\/pages\/927","targetHints":{"allow":["GET"]}}],"collection":[{"href":"https:\/\/bitwallet.com\/fr\/wp-json\/wp\/v2\/pages"}],"about":[{"href":"https:\/\/bitwallet.com\/fr\/wp-json\/wp\/v2\/types\/page"}],"author":[{"embeddable":true,"href":"https:\/\/bitwallet.com\/fr\/wp-json\/wp\/v2\/users\/5"}],"replies":[{"embeddable":true,"href":"https:\/\/bitwallet.com\/fr\/wp-json\/wp\/v2\/comments?post=927"}],"version-history":[{"count":26,"href":"https:\/\/bitwallet.com\/fr\/wp-json\/wp\/v2\/pages\/927\/revisions"}],"predecessor-version":[{"id":4648,"href":"https:\/\/bitwallet.com\/fr\/wp-json\/wp\/v2\/pages\/927\/revisions\/4648"}],"up":[{"embeddable":true,"href":"https:\/\/bitwallet.com\/fr\/wp-json\/wp\/v2\/pages\/32"}],"wp:attachment":[{"href":"https:\/\/bitwallet.com\/fr\/wp-json\/wp\/v2\/media?parent=927"}],"curies":[{"name":"wp","href":"https:\/\/api.w.org\/{rel}","templated":true}]}}