{"id":922,"date":"2023-09-13T16:55:29","date_gmt":"2023-09-13T07:55:29","guid":{"rendered":"https:\/\/bitwallet.com\/?page_id=922"},"modified":"2024-03-25T15:11:00","modified_gmt":"2024-03-25T06:11:00","slug":"status","status":"publish","type":"page","link":"https:\/\/bitwallet.com\/fr\/service\/status\/","title":{"rendered":"Statut du compte"},"content":{"rendered":"<div class=\"wp-block-cover alignwide header\"><span aria-hidden=\"true\" class=\"wp-block-cover__background has-black-background-color has-background-dim-0 has-background-dim\"><\/span><img loading=\"lazy\" decoding=\"async\" width=\"2000\" height=\"360\" class=\"wp-block-cover__image-background wp-image-1127\" alt=\"\" src=\"https:\/\/bitwallet.com\/wp-content\/uploads\/2023\/09\/mv-serive_status-jpg.webp\" data-object-fit=\"cover\"\/><div class=\"wp-block-cover__inner-container has-global-padding is-layout-constrained wp-block-cover-is-layout-constrained\">\n<h1 class=\"wp-block-heading has-text-align-left effect00\">Statut du compte<\/h1>\n\n\n\n<p class=\"effect00 fadeTimeA\">Plus de fonctionnalit\u00e9s suppl\u00e9mentaires disponibles au fur et \u00e0 mesure de votre utilisation<\/p>\n<\/div><\/div>\n\n\n\n<h2 class=\"wp-block-heading has-text-align-left effect00\">Statut du compte<\/h2>\n\n\n\n<p>Am\u00e9liorez le statut de votre compte en t\u00e9l\u00e9chargeant les documents de v\u00e9rification d&#039;identit\u00e9 requis. \u00c9largissez davantage de fonctionnalit\u00e9s ajout\u00e9es. B\u00e9n\u00e9ficiez de frais de d\u00e9p\u00f4t et de retrait \u00e0 moiti\u00e9 taux \u00e0 mesure que vous accumulez l\u2019utilisation de votre compte.<\/p>\n\n\n\n<p>Le statut du compte changera au fur et \u00e0 mesure de votre utilisation au cours de l&#039;ann\u00e9e. D&#039;autres fonctionnalit\u00e9s et privil\u00e8ges suppl\u00e9mentaires seront mis \u00e0 votre disposition.<\/p>\n\n\n\n<div class=\"wp-block-group box account-status effect00 fadeTimeB has-global-padding is-layout-constrained wp-block-group-is-layout-constrained\">\n<h3 class=\"wp-block-heading\">Afficher l&#039;\u00e9tat du compte<\/h3>\n\n\n\n<h4 class=\"wp-block-heading\">Statut d&#039;inscription et utilisation<\/h4>\n\n\n\n<div class=\"tblScrl\">\n<!-- table start -->\n<div class=\"statusTable01 statusTable01Information01 spaceCommon04\">\n\n<!-- table header start -->\n<div class=\"flexCommon01 statusTable01Header01 statusTable01Layout01\">\n<div class=\"statusTrial01\">\n<p class=\"statusTable01Header01Name01\">Proc\u00e8s<\/p>\n<p class=\"statusTable01Header01Txt01\">\nVotre compte a \u00e9t\u00e9 enregistr\u00e9. Le statut de votre compte sera am\u00e9lior\u00e9 si vous soumettez des documents de v\u00e9rification.\n<\/p>\n<\/div>\n<div class=\"statusBasic01\">\n<p class=\"statusTable01Header01Name01\">Basique<\/p>\n<p class=\"statusTable01Header01Txt01\">\nProfitez de toutes les fonctionnalit\u00e9s de bitwallet lors du t\u00e9l\u00e9chargement de tous les documents de v\u00e9rification.\n<\/p>\n<\/div>\n<div class=\"statusPro01\">\n<p class=\"statusTable01Header01Name01\">Pro<\/p>\n<p class=\"statusTable01Header01Txt01 translation-block\">Les utilisateurs disposant d&#039;un d\u00e9p\u00f4t fixe peuvent retirer avec 25% moins les frais habituels. <span class=\"pl10 fs07\">(\u203b1)<\/span><\/p>\n<\/div>\n<div class=\"statusUnlimited01\">\n<p class=\"statusTable01Header01Name01\"><span class=\"only-en\">Illimit\u00e9<\/span><span class=\"only-ja\">\u30a2\u30f3\u30ea\u30df\u30c6\u30c3\u30c9<\/span><\/p>\n<p class=\"statusTable01Header01Txt01 translation-block\">Profitez d&#039;un autre 50% moins de frais de retrait \u00e0 mesure que vous en utilisez davantage. <span class=\"pl10 fs07\">(\u203b1)<\/span><\/p>\n<\/div>\n<\/div>\n<!-- table header end -->\n\n<!-- table body start -->\n<div class=\"statusTable01Body01 statusTable01Layout01\">\n<div class=\"statusTable01Body01Inner01 statusTable01Layout01\">\n<div class=\"statusTable01Body01Inner02 statusTable01Layout01\">\n<div class=\"statusTable01Body01Inner03 statusTable01Layout01\">\n\n<ul class=\"listLayout30\">\n\n<!-- table tbody start -->\n<li class=\"statusTable01Tbody01\">\n\n<!-- table tbody chapter start -->\n<p class=\"statusTable01Tbody01Name02 chapterCommon01 styleA fcBlue01\">\nSoumission des documents de v\u00e9rification\n<\/p>\n<!-- table tbody chapter end -->\n\n<ul class=\"listLayout15\">\n\n<!-- table tr start -->\n<li class=\"statusTable01Tr01\">\n<div class=\"statusTable01Tr01Name01\"><p>\nV\u00e9rification de l&#039;identification par selfie termin\u00e9e\n<\/p><\/div>\n<p class=\"statusTable01Td01 tdColspan3 tdStart2\"><\/p>\n<\/li>\n<!-- table tr end -->\n\n<!-- table tr start -->\n<li class=\"statusTable01Tr01\">\n<div class=\"statusTable01Tr01Name01\"><p>\nPreuve de v\u00e9rification r\u00e9sidentielle actuelle compl\u00e9t\u00e9e (d\u00e9livr\u00e9e dans les 3 mois)\n<\/p><\/div>\n<p class=\"statusTable01Td01 tdColspan3 tdStart2\"><\/p>\n<\/li>\n<!-- table tr end -->\n\n<\/ul>\n\n<\/li>\n<!-- table tbody end -->\n\n<!-- table tbody start -->\n<li class=\"statusTable01Tbody01\">\n\n<!-- table tbody chapter start -->\n<p class=\"chapterCommon01 styleA fcBlue01 mb15\">\n<span class=\"only-en\">S\u00e9curit\u00e9<\/span><span class=\"only-ja\">\u30bb\u30ad\u30e5\u30ea\u30c6\u30a3<\/span>\n<\/p>\n<!-- table tbody chapter end -->\n\n<ul class=\"listLayout15\">\n\n<!-- table tr start -->\n<li class=\"statusTable01Tr01\">\n<div class=\"statusTable01Tr01Name01\"><p>\nAuthentification \u00e0 deux facteurs r\u00e9ussie avec jeton\n<\/p><\/div>\n<p class=\"statusTable01Td01 tdColspan3 tdStart2\"><\/p>\n<\/li>\n<!-- table tr end -->\n\n<\/ul>\n\n<\/li>\n<!-- table tbody end -->\n\n<!-- table tbody start -->\n<li class=\"statusTable01Tbody01\">\n\n<!-- table tbody chapter start -->\n<p class=\"chapterCommon01 styleA fcBlue01 mb15\">\nUsage\n<\/p>\n<!-- table tbody chapter end -->\n\n<ul class=\"listLayout15\">\n\n<!-- table tr start -->\n<li class=\"statusTable01Tr01\">\n<div class=\"statusTable01Tr01Name01\"><p>\nMontant du d\u00e9p\u00f4t dans un an\n<\/p><\/div>\n<p class=\"statusTable01Td01 tdColspan1 tdStart3\">\n10 000 USD et plus\n<\/p>\n<p class=\"statusTable01Td01 tdColspan1 tdStart4\">\n30 000 USD et plus\n<\/p>\n<\/li>\n<!-- table tr end -->\n\n<!-- table tr start -->\n<li class=\"statusTable01Tr01\">\n<div class=\"statusTable01Tr01Name01\"><p>\nD\u00e9lais de d\u00e9p\u00f4t, de retrait et d\u2019envoi des transactions dans un d\u00e9lai d\u2019un an\n<\/p><\/div>\n<p class=\"statusTable01Td01 tdColspan1 tdStart3\">\n10 fois et plus\n<\/p>\n<p class=\"statusTable01Td01 tdColspan1 tdStart4\">\n30 fois et plus\n<\/p>\n<\/li>\n<!-- table tr end -->\n\n<\/ul>\n\n<\/li>\n<!-- table tbody end -->\n\n<\/ul>\n\n<\/div>\n<\/div>\n<\/div>\n<\/div>\n<!-- table body end -->\n\n<\/div>\n<!-- table end -->\n<\/div>\n\n\n\n<ul class=\"note kome wp-block-list\">\n<li>La r\u00e9duction s&#039;applique uniquement aux frais de retrait fixes.<\/li>\n<\/ul>\n\n\n\n<h4 class=\"wp-block-heading\">Services disponibles<\/h4>\n\n\n\n<div class=\"tblScrl\">\n<!-- table start -->\n<div class=\"statusTable01 statusTable01Service01 spaceCommon04\">\n\n<!-- table header start -->\n<div class=\"flexCommon01 statusTable01Header01 statusTable01Layout01\">\n<div class=\"statusTrial01\">\n<p class=\"statusTable01Header01Name02\">Proc\u00e8s<span class=\"pl10 fs07\">(\u203b)<\/span><\/p>\n<\/div>\n<div class=\"statusBasic01\">\n<p class=\"statusTable01Header01Name02\">Basique<\/p>\n<\/div>\n<div class=\"statusPro01\">\n<p class=\"statusTable01Header01Name02\">Pro<\/p>\n<\/div>\n<div class=\"statusUnlimited01\">\n<p class=\"statusTable01Header01Name02\"><span class=\"only-en\">Illimit\u00e9<\/span><span class=\"only-ja\">\u30a2\u30f3\u30ea\u30df\u30c6\u30c3\u30c9<\/span><\/p>\n<\/div>\n<\/div>\n<!-- table header end -->\n\n<!-- table body start -->\n<div class=\"statusTable01Body01 statusTable01Layout01\">\n<div class=\"statusTable01Body01Inner01 statusTable01Layout01\">\n<div class=\"statusTable01Body01Inner02 statusTable01Layout01\">\n<div class=\"statusTable01Body01Inner03 statusTable01Layout01\">\n\n<ul class=\"listLayout30\">\n\n<!-- table tbody start -->\n<li class=\"statusTable01Tbody01\">\n\n<!-- table tbody chapter start -->\n<p class=\"statusTable01Tbody01Name01 chapterCommon01 styleA fcBlue01\">\n<span class=\"only-en\">D\u00e9p\u00f4t<\/span><span class=\"only-ja\">\u3054\u5165\u91d1<\/span>\n<\/p>\n<!-- table tbody chapter end -->\n\n<ul class=\"listLayout15\">\n\n<!-- table tr start -->\n<li class=\"statusTable01Tr01\">\n<div class=\"statusTable01Tr01Name01\"><p>\nD\u00e9p\u00f4t par toutes les cartes de cr\u00e9dit\/d\u00e9bit\n<span class=\"pl10 fs07\">(\u203b1)<\/span><\/p><\/div>\n<p class=\"statusTable01Td01 tdColspan1 tdStart2\">\nLimite 25 000 USD\/mois\n<\/p>\n<p class=\"statusTable01Td01 tdColspan1 tdStart3\">\nLimite 50 000 USD\/mois\n<\/p>\n<p class=\"statusTable01Td01 tdColspan1 tdStart4\">Illimit\u00e9<\/p>\n<\/li>\n<!-- table tr end -->\n\n<!-- table tr start -->\n<li class=\"statusTable01Tr01\">\n<div class=\"statusTable01Tr01Name01\"><p>\nD\u00e9p\u00f4t par virement bancaire\n<\/p><\/div>\n<p class=\"statusTable01Td01 tdColspan3 tdStart2\">Illimit\u00e9<\/p>\n<\/li>\n<!-- table tr end -->\n\t\n<\/ul>\n\n<\/li>\n<!-- table tbody end -->\n\n<!-- table tbody start -->\n<li class=\"statusTable01Tbody01\">\n\n<!-- table tbody chapter start -->\n<p class=\"chapterCommon01 styleA fcBlue01 mb15\">\n<span class=\"only-en\">Retirer<\/span><span class=\"only-ja\">\u3054\u51fa\u91d1<\/span>\n<\/p>\n<!-- table tbody chapter end -->\n\n<ul class=\"listLayout15\">\n\n<!-- table tr start -->\n<li class=\"statusTable01Tr01\">\n<div class=\"statusTable01Tr01Name01\"><p>\nRetirer par virement bancaire<\/p><\/div>\n<p class=\"statusTable01Td01 tdColspan1 tdStart2\">Illimit\u00e9<span class=\"fs07\">(\u203b2)<\/span><\/p>\n<p class=\"statusTable01Td01 tdColspan1 tdStart3\">\nIllimit\u00e9<span class=\"fs07\">(\u203b2)<\/span> &amp; 25% moins de frais\n<\/p>\n<p class=\"statusTable01Td01 tdColspan1 tdStart4\">\nIllimit\u00e9<span class=\"fs07\">(\u203b2)<\/span> &amp; 50% moins de frais\n<\/p>\n<\/li>\n<!-- table tr end -->\n\n<\/ul>\n\n<\/li>\n<!-- table tbody end -->\n\n<!-- table tbody start -->\n<li class=\"statusTable01Tbody01\">\n\n<!-- table tbody chapter start -->\n<p class=\"chapterCommon01 styleA fcBlue01 mb15\">\n<span class=\"only-en\">Paiement<\/span><span class=\"only-ja\">\u304a\u652f\u6255<\/span>\n<\/p>\n<!-- table tbody chapter end -->\n\n<ul class=\"listLayout15\">\n\n<!-- table tr start -->\n<li class=\"statusTable01Tr01\">\n<div class=\"statusTable01Tr01Name01\"><p>\nEnvoyer de la devise entre utilisateurs bitwallet\n<\/p><\/div>\n<p class=\"statusTable01Td01 tdColspan3 tdStart2\">Illimit\u00e9<\/p>\n<\/li>\n<!-- table tr end -->\n\n<\/ul>\n\n<\/li>\n<!-- table tbody end -->\n\n<!-- table tbody start -->\n<li class=\"statusTable01Tbody01\">\n\n<!-- table tbody chapter start -->\n<p class=\"chapterCommon01 styleA fcBlue01 mb15\">\n<span class=\"only-en\">\u00c9change<\/span><span class=\"only-ja\">\u4e21\u66ff<\/span>\n<\/p>\n<!-- table tbody chapter end -->\n\n<ul class=\"listLayout15\">\n\n<!-- table tr start -->\n<li class=\"statusTable01Tr01\">\n<div class=\"statusTable01Tr01Name01\"><p>\n\u00c9change entre devises\n<\/p><\/div>\n<p class=\"statusTable01Td01 tdColspan3 tdStart2\">Illimit\u00e9<\/p>\n<\/li>\n<!-- table tr end -->\n\n<\/ul>\n\n<\/li>\n<!-- table tbody end -->\n\n<\/ul>\n\n<\/div>\n<\/div>\n<\/div>\n<\/div>\n<!-- table body end -->\n\n<\/div>\n<!-- table end -->\n<\/div>\n\n\n\n<ul class=\"note kome wp-block-list\">\n<li class=\"nonum\">Accessible aux fonctionnalit\u00e9s limit\u00e9es de bitwallet.<\/li>\n<\/ul>\n\n\n\n<ul class=\"note kome wp-block-list\">\n<li>Une fois que vous avez termin\u00e9 le processus d&#039;approbation (t\u00e9l\u00e9chargez l&#039;image de la carte), vous pouvez utiliser la carte.<\/li>\n\n\n\n<li>Pour les comptes personnels (individuels), le montant maximum de retrait est de $5 000 US \u00e0 la fois et de $20 000 US par jour. Les conditions de retrait peuvent varier en fonction du pays et de la devise.<\/li>\n\n\n\n<li class=\"only-ja\">\u53d7\u53d6\u4eba\u306f\u3001\u767b\u9332\u306e\u3042\u308b\u6cd5\u4eba\u3082\u3057\u304f\u306f\u500b\u4eba\u4e8b\u696d\u4e3b\u3067\u3001\u30d3\u30b8\u30cd\u30b9\u76ee\u7684\u3067\u306e\u53d7\u53d6\u308a\u306b\u5229\u7528\u3055\u308c\u308b\u5834\u5408\u306b\u9650\u3089\u308c\u307e\u3059\u3002<\/li>\n<\/ul>\n<\/div>\n\n\n\n<div class=\"wp-block-cover alignwide is-light help\"><span aria-hidden=\"true\" class=\"wp-block-cover__background has-background-dim-0 has-background-dim\"><\/span><img loading=\"lazy\" decoding=\"async\" width=\"2048\" height=\"336\" class=\"wp-block-cover__image-background wp-image-289\" alt=\"\" src=\"https:\/\/bitwallet.com\/wp-content\/uploads\/2023\/06\/mv-support-jpg.webp\" style=\"object-position:50% 50%\" data-object-fit=\"cover\" data-object-position=\"50% 50%\"\/><div class=\"wp-block-cover__inner-container has-global-padding is-layout-constrained wp-block-cover-is-layout-constrained\">\n<p class=\"has-large-font-size translation-block\"><strong>As-tu besoin d&#039;aide?<\/strong><br> <strong>Nous sommes l\u00e0 pour vous aider.<\/strong><\/p>\n\n\n\n<p class=\"translation-block\">Notre \u00e9quipe d&#039;assistance se consacre \u00e0 vous servir.<br> Contactez-nous si vous avez des questions concernant nos services.<\/p>\n\n\n\n<div class=\"wp-block-buttons is-layout-flex wp-block-buttons-is-layout-flex\">\n<div class=\"wp-block-button\"><a class=\"wp-block-button__link wp-element-button\" href=\"\/fr\/support\/contact\/\">Contactez-nous<\/a><\/div>\n<\/div>\n<\/div><\/div>","protected":false},"excerpt":{"rendered":"<p>Passez \u00e0 des niveaux de statut de compte sup\u00e9rieurs pour b\u00e9n\u00e9ficier de r\u00e9ductions sur les frais de retrait. Surveillez facilement votre d\u00e9p\u00f4t et vos transactions. Inscrivez vous gratuitement aujourd&#039;hui.<\/p>","protected":false},"author":5,"featured_media":0,"parent":32,"menu_order":19,"comment_status":"closed","ping_status":"closed","template":"","meta":{"footnotes":""},"class_list":["post-922","page","type-page","status-publish","hentry"],"_links":{"self":[{"href":"https:\/\/bitwallet.com\/fr\/wp-json\/wp\/v2\/pages\/922","targetHints":{"allow":["GET"]}}],"collection":[{"href":"https:\/\/bitwallet.com\/fr\/wp-json\/wp\/v2\/pages"}],"about":[{"href":"https:\/\/bitwallet.com\/fr\/wp-json\/wp\/v2\/types\/page"}],"author":[{"embeddable":true,"href":"https:\/\/bitwallet.com\/fr\/wp-json\/wp\/v2\/users\/5"}],"replies":[{"embeddable":true,"href":"https:\/\/bitwallet.com\/fr\/wp-json\/wp\/v2\/comments?post=922"}],"version-history":[{"count":39,"href":"https:\/\/bitwallet.com\/fr\/wp-json\/wp\/v2\/pages\/922\/revisions"}],"predecessor-version":[{"id":4701,"href":"https:\/\/bitwallet.com\/fr\/wp-json\/wp\/v2\/pages\/922\/revisions\/4701"}],"up":[{"embeddable":true,"href":"https:\/\/bitwallet.com\/fr\/wp-json\/wp\/v2\/pages\/32"}],"wp:attachment":[{"href":"https:\/\/bitwallet.com\/fr\/wp-json\/wp\/v2\/media?parent=922"}],"curies":[{"name":"wp","href":"https:\/\/api.w.org\/{rel}","templated":true}]}}