{"id":80,"date":"2023-05-10T16:18:02","date_gmt":"2023-05-10T07:18:02","guid":{"rendered":"https:\/\/bitwallet.com\/?page_id=80"},"modified":"2026-01-08T10:28:41","modified_gmt":"2026-01-08T01:28:41","slug":"handling-fee","status":"publish","type":"page","link":"https:\/\/bitwallet.com\/fr\/service\/handling-fee\/","title":{"rendered":"Tous les frais"},"content":{"rendered":"<div class=\"wp-block-cover alignwide header\"><img loading=\"lazy\" decoding=\"async\" width=\"2000\" height=\"360\" class=\"wp-block-cover__image-background wp-image-92\" alt=\"\" src=\"https:\/\/bitwallet.com\/wp-content\/uploads\/2023\/05\/handlingfee_visual01-jpg.webp\" data-object-fit=\"cover\"\/><span aria-hidden=\"true\" class=\"wp-block-cover__background has-black-background-color has-background-dim-0 has-background-dim\"><\/span><div class=\"wp-block-cover__inner-container has-global-padding is-layout-constrained wp-block-cover-is-layout-constrained\">\n<h1 class=\"wp-block-heading has-text-align-left effect00\">Tous les frais<\/h1>\n\n\n\n<p class=\"effect00 fadeTimeA\">Liste des frais applicables<\/p>\n<\/div><\/div>\n\n\n\n<h2 class=\"wp-block-heading effect00\">Frais pour diff\u00e9rents types de comptes<\/h2>\n\n\n\n<p>Les frais suivants seront appliqu\u00e9s en fonction de vos types de compte (compte personnel, professionnel et marchand) lors de l&#039;utilisation de nos services bitwallet.<\/p>\n\n\n\n<div class=\"wp-block-group box effect00 fadeTimeB has-global-padding is-layout-constrained wp-block-group-is-layout-constrained\">\n<h3 class=\"wp-block-heading\">Liste des frais applicables<\/h3>\n\n\n\n<h4 class=\"wp-block-heading only-en\">PR\u00c9PARER LE PAIEMENT<\/h4>\n\n\n\n<h4 class=\"wp-block-heading only-ja\">Le site Web contient des informations sur le produit.<\/h4>\n\n\n\n<div class=\"wp-block-group tblScrl has-global-padding is-layout-constrained wp-block-group-is-layout-constrained\">\n<table style=\"width: 100%; height: 64px;\">\n<tbody>\n<tr style=\"height: 41px;\">\n<th class=\"w30p\" style=\"height: 41px;\"><span class=\"only-en\">M\u00e9thode<\/span><span class=\"only-ja\">Plus<span><\/th>\n<th class=\"w20p\" style=\"height: 41px;\">Canal<\/th>\n<th class=\"w25p bl translation-block\" style=\"height: 41px;\">Personnel\/Entreprise<br> Compte<\/th>\n<th class=\"w25p bl translation-block\" style=\"height: 41px;\">Marchand<br> Compte<\/th>\n<\/tr>\n<tr style=\"height: 23px;\">\n<td style=\"height: 23px;\" class=\"translation-block\">Virement bancaire <sub>\uff08\u203b1\uff09<\/sub><\/td>\n<td style=\"height: 23px;\" class=\"translation-block\">via diverses banques locales <sub>\uff08\u203b2\uff09<\/sub><\/td>\n<td style=\"height: 23px;\" colspan=\"2\">A partir de $0 selon pays<sub>\uff08\u203b2\uff09<\/sub><\/td>\n<\/tr>\n<\/tbody>\n<\/table>\n<\/div>\n\n\n\n<ul class=\"wp-block-list note kome\">\n<li>Des frais suppl\u00e9mentaires s&#039;appliquent pour les virements bancaires ou les frais de virement bancaire interm\u00e9diaire.<\/li>\n\n\n\n<li>Plus d\u2019informations peuvent \u00eatre trouv\u00e9es en vous connectant \u00e0 votre compte.<\/li>\n<\/ul>\n\n\n\n<h4 class=\"wp-block-heading only-en\">PAIEMENT<\/h4>\n\n\n\n<h4 class=\"wp-block-heading only-ja\">\u304a\u652f\u6255<\/h4>\n\n\n\n<div class=\"wp-block-group tblScrl has-global-padding is-layout-constrained wp-block-group-is-layout-constrained\">\n<table style=\"width: 100%; height: 128px;\">\n<tbody>\n<tr style=\"height: 20px;\">\n<th class=\"w30p\" style=\"height: 20px;\">M\u00e9thode<\/th>\n<th class=\"w20p\" style=\"height: 20px;\">Marque\/Devise<\/th>\n<th class=\"w25p bl translation-block\" style=\"height: 20px;\">Personnel\/Entreprise<br> Compte<\/th>\n<th class=\"w25p bl translation-block\" style=\"height: 20px;\">Marchand<br> Compte<\/th>\n<\/tr>\n<tr style=\"height: 88px;\">\n<td style=\"height: 88px;\">Paiement bitwallet<\/td>\n<td style=\"height: 88px;\">Toutes les devises disponibles<\/td>\n<td style=\"height: 88px;\" colspan=\"2\">\n<p>Aussi bas que $0<\/p>\n<\/td>\n<\/tr>\n<tr style=\"height: 20px;\">\n<td style=\"height: 20px;\">Carte de cr\u00e9dit \/ d\u00e9bit<\/td>\n<td style=\"height: 20px;\">Toutes les cartes principales<\/td>\n<td style=\"height: 20px;\" colspan=\"2\">Selon la marque de la carte<\/td>\n<\/tr>\n<\/tbody>\n<\/table>\n<\/div>\n\n\n\n<h4 class=\"wp-block-heading only-en\">RECEVOIR LE PAIEMENT<\/h4>\n\n\n\n<h4 class=\"wp-block-heading only-ja\">\u00c7a valait la peine<\/h4>\n\n\n\n<div class=\"wp-block-group tblScrl has-global-padding is-layout-constrained wp-block-group-is-layout-constrained\">\n<table style=\"width: 100%; height: 222px;\">\n<tbody>\n<tr style=\"height: 62px;\">\n<th class=\"w30p\" style=\"height: 62px;\">M\u00e9thode<\/th>\n<th class=\"w20p\" style=\"height: 62px;\"><span class=\"only-en\">Devise<\/span><span class=\"only-ja\">\u901a\u8ca8<\/span><\/th>\n<th class=\"w30p\" style=\"height: 62px;\">Frais<\/th>\n<th class=\"w20p\" style=\"height: 62px;\"><span class=\"only-en\">Minimum<br>paiement<br>montant<\/span><span class=\"only-ja\">Le prix du billet d&#039;avion est indiqu\u00e9<\/span><\/th>\n<\/tr>\n<tr style=\"height: 20px;\">\n<td style=\"height: 80px;\" rowspan=\"4\" class=\"translation-block\">Virement bancaire pour<br> personnes<br> <sub>(\u203b1)<\/sub><\/td>\n<td style=\"height: 20px;\">USD<\/td>\n<td style=\"height: 80px;\" rowspan=\"4\" class=\"translation-block\">USD 10 ou montant \u00e9quivalent selon le pays <sub>\uff08\u203b2\uff09<\/sub><\/td>\n<td style=\"height: 20px;\">USD10<\/td>\n<\/tr>\n<tr style=\"height: 20px;\">\n<td class=\"notfC\" style=\"height: 20px;\">EUR<\/td>\n<td style=\"height: 20px;\">EUR10<\/td>\n<\/tr>\n<tr style=\"height: 20px;\">\n<td class=\"notfC\" style=\"height: 20px;\">JPY<\/td>\n<td style=\"height: 20px;\">JPY 1 000<\/td>\n<\/tr>\n<tr style=\"height: 20px;\">\n<td class=\"notfC\" style=\"height: 20px;\">AUD<\/td>\n<td style=\"height: 20px;\">AUD10<\/td>\n<\/tr>\n<tr style=\"height: 20px;\">\n<td class=\"lRfC translation-block\" style=\"height: 80px;\" rowspan=\"4\">Virement bancaire<br> pour les entreprises <sub>\uff08\u203b1\uff09<\/sub><\/td>\n<td style=\"height: 20px;\">USD<\/td>\n<td style=\"height: 80px;\" rowspan=\"4\" class=\"translation-block\">\u00c0 partir de 0.8%, d\u00e9pend du type d&#039;entreprise <sub>\uff08\u203b2\uff09<\/sub> &amp; <sub>\uff08\u203b3\uff09<\/sub><\/td>\n<td style=\"height: 20px;\">USD10<\/td>\n<\/tr>\n<tr style=\"height: 20px;\">\n<td class=\"notfC\" style=\"height: 20px;\">EUR<\/td>\n<td style=\"height: 20px;\">EUR10<\/td>\n<\/tr>\n<tr style=\"height: 20px;\">\n<td class=\"notfC\" style=\"height: 20px;\">JPY<\/td>\n<td style=\"height: 20px;\">JPY 1 000<\/td>\n<\/tr>\n<tr style=\"height: 20px;\">\n<td class=\"notfC\" style=\"height: 20px;\">AUD<\/td>\n<td style=\"height: 20px;\">AUD10<\/td>\n<\/tr>\n<\/tbody>\n<\/table>\n<\/div>\n\n\n\n<ul class=\"wp-block-list note kome\">\n<li>Des frais suppl\u00e9mentaires s&#039;appliquent pour les virements bancaires ou les frais de virement bancaire interm\u00e9diaire.<\/li>\n\n\n\n<li>Plus d\u2019informations peuvent \u00eatre trouv\u00e9es en vous connectant \u00e0 votre compte.<\/li>\n\n\n\n<li>Pour les frais de compte professionnel et de compte marchand, veuillez nous envoyer une demande apr\u00e8s vous \u00eatre connect\u00e9 \u00e0 votre compte.<\/li>\n\n\n\n<li class=\"only-ja nothonyaku\" data-no-translation=\"\">\u53d7\u53d6\u9280\u884c\u307e\u305f\u306f\u4e2d\u7d99\u9280\u884c\u306b\u3088\u3063\u3066\u306f10\u65e5\u4ee5\u4e0a\u304b\u304b\u308b\u5834\u5408\u3082\u3054\u3056\u3044\u307e\u3059\u3002<\/li>\n\n\n\n<li class=\"nonum\">Afin d&#039;\u00e9viter toute fraude telle que le blanchiment d&#039;argent, l&#039;utilisation abusive de la carte de cr\u00e9dit et de l&#039;avance de fonds, les paiements et d\u00e9p\u00f4ts effectu\u00e9s par carte de cr\u00e9dit et carte pr\u00e9pay\u00e9e dans un d\u00e9lai d&#039;un mois seront soigneusement examin\u00e9s et transf\u00e9r\u00e9s sur le compte bancaire du destinataire \u00e0 la discr\u00e9tion de bitwallet. Un d\u00e9lai suppl\u00e9mentaire peut \u00eatre n\u00e9cessaire pour le traitement.<\/li>\n\n\n\n<li class=\"nonum translation-block\">Vous ne pouvez pas transf\u00e9rer d&#039;argent vers une banque dans les pays suivants o\u00f9 les transferts de fonds sont interdits.<br> Certains pays ne figurant pas sur cette liste seront examin\u00e9s au cas par cas.<br> Afghanistan, B\u00e9nin, Bonaire, Burundi, R\u00e9publique centrafricaine, Tchad, Congo, Crim\u00e9e, Cuba, Djibouti, Guin\u00e9e \u00e9quatoriale, \u00c9rythr\u00e9e, Gabon, Gambie, Guin\u00e9e, Guin\u00e9e-Bissau, Guyane, Iran, Irak, Kazakhstan, Kirghizistan, R\u00e9publique d\u00e9mocratique populaire lao, Lib\u00e9ria, Libye Madagascar, Malawi, Mali, Mauritanie, Montserrat, Myanmar, Nauru, Niger, \u00cele Norfolk, Cor\u00e9e du Nord, Palau, Papouasie-Nouvelle-Guin\u00e9e, Saint-Barth\u00e9lemy \u00cele, Saint-Kitts-et-Nevis, Saint-Martin, \u00cele de Saint-Martin, Sierra Leone, Soudan (Nord et Sud), Suriname, Syrie, Tadjikistan, Timor oriental, Togo, Turkm\u00e9nistan, Ouzb\u00e9kistan, Sahara occidental, Y\u00e9men, Russie, P\u00e9rou, Afrique du Sud, Bangladesh, G\u00e9orgie<\/li>\n<\/ul>\n\n\n\n<h4 class=\"wp-block-heading only-en\">\u00c9CHANGE<\/h4>\n\n\n\n<h4 class=\"wp-block-heading only-ja\">\u4e21\u66ff<\/h4>\n\n\n\n<div class=\"wp-block-group tblScrl has-global-padding is-layout-constrained wp-block-group-is-layout-constrained\">\n<table style=\"width: 100%; height: 61px;\">\n<tbody>\n<tr style=\"height: 41px;\">\n<th class=\"w50p\" style=\"height: 41px;\">M\u00e9thode<\/th>\n<th class=\"w25p bl translation-block\" style=\"height: 41px;\">Personnel\/Entreprise<br> Compte<\/th>\n<th class=\"w25p bl translation-block\" style=\"height: 41px;\">Marchand<br> Compte<\/th>\n<\/tr>\n<tr style=\"height: 20px;\">\n<td style=\"height: 20px;\">\u00c9change de devises<\/td>\n<td style=\"height: 20px;\" colspan=\"2\">Reportez-vous au taux de change apr\u00e8s vous \u00eatre connect\u00e9 au compte<\/td>\n<\/tr>\n<\/tbody>\n<\/table>\n<\/div>\n<\/div>\n\n\n\n<div class=\"wp-block-cover alignwide is-light help\"><span aria-hidden=\"true\" class=\"wp-block-cover__background has-background-dim-0 has-background-dim\"><\/span><img loading=\"lazy\" decoding=\"async\" width=\"2048\" height=\"336\" class=\"wp-block-cover__image-background wp-image-289\" alt=\"\" src=\"https:\/\/bitwallet.com\/wp-content\/uploads\/2023\/06\/mv-support-jpg.webp\" style=\"object-position:50% 50%\" data-object-fit=\"cover\" data-object-position=\"50% 50%\"\/><div class=\"wp-block-cover__inner-container has-global-padding is-layout-constrained wp-block-cover-is-layout-constrained\">\n<p class=\"has-large-font-size translation-block\"><strong>As-tu besoin d&#039;aide?<\/strong><br> <strong>Nous sommes l\u00e0 pour vous aider.<\/strong><\/p>\n\n\n\n<p class=\"translation-block\">Notre \u00e9quipe d&#039;assistance se consacre \u00e0 vous servir.<br> Contactez-nous si vous avez des questions concernant nos services.<\/p>\n\n\n\n<div class=\"wp-block-buttons is-layout-flex wp-block-buttons-is-layout-flex\">\n<div class=\"wp-block-button\"><a class=\"wp-block-button__link wp-element-button\" href=\"\/fr\/support\/contact\/\">Contactez-nous<\/a><\/div>\n<\/div>\n<\/div><\/div>","protected":false},"excerpt":{"rendered":"<p>Frais de traitement transparents et abordables avec bitwallet. Enregistrez-vous pour un compte gratuit aujourd&#039;hui! Faites l\u2019exp\u00e9rience d\u2019un service fiable avec bitwallet.<\/p>","protected":false},"author":5,"featured_media":0,"parent":32,"menu_order":27,"comment_status":"closed","ping_status":"closed","template":"","meta":{"footnotes":""},"class_list":["post-80","page","type-page","status-publish","hentry"],"_links":{"self":[{"href":"https:\/\/bitwallet.com\/fr\/wp-json\/wp\/v2\/pages\/80","targetHints":{"allow":["GET"]}}],"collection":[{"href":"https:\/\/bitwallet.com\/fr\/wp-json\/wp\/v2\/pages"}],"about":[{"href":"https:\/\/bitwallet.com\/fr\/wp-json\/wp\/v2\/types\/page"}],"author":[{"embeddable":true,"href":"https:\/\/bitwallet.com\/fr\/wp-json\/wp\/v2\/users\/5"}],"replies":[{"embeddable":true,"href":"https:\/\/bitwallet.com\/fr\/wp-json\/wp\/v2\/comments?post=80"}],"version-history":[{"count":97,"href":"https:\/\/bitwallet.com\/fr\/wp-json\/wp\/v2\/pages\/80\/revisions"}],"predecessor-version":[{"id":5764,"href":"https:\/\/bitwallet.com\/fr\/wp-json\/wp\/v2\/pages\/80\/revisions\/5764"}],"up":[{"embeddable":true,"href":"https:\/\/bitwallet.com\/fr\/wp-json\/wp\/v2\/pages\/32"}],"wp:attachment":[{"href":"https:\/\/bitwallet.com\/fr\/wp-json\/wp\/v2\/media?parent=80"}],"curies":[{"name":"wp","href":"https:\/\/api.w.org\/{rel}","templated":true}]}}