{"id":78,"date":"2023-05-10T16:14:10","date_gmt":"2023-05-10T07:14:10","guid":{"rendered":"https:\/\/bitwallet.com\/?page_id=78"},"modified":"2025-09-17T16:28:16","modified_gmt":"2025-09-17T07:28:16","slug":"account-open","status":"publish","type":"page","link":"https:\/\/bitwallet.com\/fr\/service\/account-open\/","title":{"rendered":"Nouveau compte"},"content":{"rendered":"<div class=\"wp-block-cover alignwide is-light header\"><img loading=\"lazy\" decoding=\"async\" width=\"2000\" height=\"360\" class=\"wp-block-cover__image-background wp-image-1125\" alt=\"\" src=\"https:\/\/bitwallet.com\/wp-content\/uploads\/2023\/09\/mv-serivice_account-open-jpg.webp\" data-object-fit=\"cover\"\/><span aria-hidden=\"true\" class=\"wp-block-cover__background has-black-background-color has-background-dim-0 has-background-dim\"><\/span><div class=\"wp-block-cover__inner-container has-global-padding is-layout-constrained wp-block-cover-is-layout-constrained\">\n<h1 class=\"wp-block-heading has-text-align-left effect00\">Nouveau compte<\/h1>\n\n\n\n<p class=\"effect00 fadeTimeA\">Enregistrement de compte bitwallet<\/p>\n<\/div><\/div>\n\n\n\n<h2 class=\"wp-block-heading effect00\">Ouvrir un compte avec bitwallet\u00a0: l&#039;exigence de base<\/h2>\n\n\n\n<p class=\"effect00 fadeTimeA\">Pour demander un compte bitwallet, vous devrez suivre les exigences ci-dessous.<\/p>\n\n\n\n<div class=\"wp-block-group effect00 fadeTimeB has-global-padding is-layout-constrained wp-block-group-is-layout-constrained\">\n<h4 class=\"wp-block-heading\">Demande de compte personnel<\/h4>\n\n\n\n<ul class=\"wp-block-list account-open\">\n<li>Le demandeur est \u00e2g\u00e9 de 20 ans et plus.<\/li>\n\n\n\n<li>Le demandeur n\u2019est pas une personne d\u00e9pourvue de capacit\u00e9 (capable de prendre ses propres d\u00e9cisions).<\/li>\n\n\n\n<li>Le candidat ne r\u00e9side pas aux \u00c9tats-Unis ou dans d&#039;autres pays o\u00f9 l&#039;utilisation de notre service est restreinte.<\/li>\n\n\n\n<li>Les informations de base que vous avez enregistr\u00e9es ne correspondent pas \u00e0 celles des autres utilisateurs<\/li>\n\n\n\n<li>Le demandeur n\u2019est pas une personne \u00e9trang\u00e8re politiquement expos\u00e9e (PPE \u00e9trang\u00e8re).<\/li>\n\n\n\n<li>Le demandeur n&#039;appartient pas ou n&#039;est pas li\u00e9 aux forces antisociales.<\/li>\n<\/ul>\n\n\n\n<h4 class=\"wp-block-heading\">Demande de compte professionnel<\/h4>\n\n\n\n<ul class=\"wp-block-list account-open\">\n<li>L&#039;entreprise est l\u00e9galement enregistr\u00e9e et est en mesure de soumettre la preuve (document) \u00e0 l&#039;appui.<\/li>\n\n\n\n<li>La personne responsable est \u00e2g\u00e9e de 20 ans et plus au moment de la candidature.<\/li>\n\n\n\n<li>Le responsable n\u2019est pas une personne d\u00e9pourvue de capacit\u00e9 (capable de prendre ses propres d\u00e9cisions).<\/li>\n\n\n\n<li>La personne responsable ne r\u00e9side pas aux \u00c9tats-Unis ou dans d&#039;autres pays o\u00f9 l&#039;utilisation de notre service est restreinte.<\/li>\n\n\n\n<li>La personne responsable n&#039;est pas physiquement aux \u00c9tats-Unis ou dans d&#039;autres pays o\u00f9 l&#039;utilisation de notre service est restreinte.<\/li>\n\n\n\n<li>Le responsable n&#039;utilise pas les m\u00eames coordonn\u00e9es (adresse email, num\u00e9ro de t\u00e9l\u00e9phone, etc.) que les autres utilisateurs de bitwallet lors de l&#039;inscription.<\/li>\n\n\n\n<li>Le responsable n\u2019est pas une Personne Politiquement Expos\u00e9e Etrang\u00e8re (PPE \u00c9trang\u00e8re)<\/li>\n\n\n\n<li>L&#039;entreprise et le responsable n&#039;appartiennent ni ne sont li\u00e9s aux Forces Antisociales.<\/li>\n\n\n\n<li>L\u2019entreprise n\u2019est pas confront\u00e9e \u00e0 l\u2019insolvabilit\u00e9 ou est insolvable.<\/li>\n<\/ul>\n<\/div>\n\n\n\n<h2 class=\"wp-block-heading effect01\" id=\"certificate\">Documents requis pour un compte portefeuille<\/h2>\n\n\n\n<p class=\"effect01 fadeTimeA\">Pour utiliser votre portefeuille, vous devrez soumettre les documents requis ci-dessous.<\/p>\n\n\n\n<div class=\"wp-block-group box effect01 fadeTimeB has-global-padding is-layout-constrained wp-block-group-is-layout-constrained\">\n<h3 class=\"wp-block-heading\">V\u00e9rifiez votre identit\u00e9 sur bitwallet\u00a0:\u00a0l&#039;exigence de documents<\/h3>\n\n\n\n<p>Conform\u00e9ment \u00e0 la \u00ab Loi sur la pr\u00e9vention du transfert des produits du crime \u00bb, bitwallet exige une v\u00e9rification d&#039;identit\u00e9 approfondie pour prot\u00e9ger vos actifs de valeur. Par cons\u00e9quent, nous vous demandons de soumettre votre \u00ab Document de v\u00e9rification d\u2019identit\u00e9 \u00bb et votre \u00ab Document de v\u00e9rification d\u2019adresse actuelle \u00bb.<\/p>\n\n\n\n<hr class=\"wp-block-separator has-alpha-channel-opacity\"\/>\n\n\n\n<p>Veuillez vous r\u00e9f\u00e9rer \u00e0 la liste ci-dessous pour un aper\u00e7u de la liste des certificats que vous devrez soumettre.<br>Vous pouvez v\u00e9rifier les d\u00e9tails des documents soumis sur votre compte apr\u00e8s avoir ouvert un nouveau portefeuille.<\/p>\n\n\n\n<hr class=\"wp-block-separator has-alpha-channel-opacity\"\/>\n\n\n\n<h4 class=\"wp-block-heading\">1. Documents de v\u00e9rification d&#039;identit\u00e9<\/h4>\n\n\n\n<p>Nous vous demanderons de soumettre une photo d&#039;identit\u00e9 de la personne qui enregistre le portefeuille (individuel) et un selfie (reconnaissance faciale).<\/p>\n\n\n\n<p>Nous avons introduit les selfies (reconnaissance faciale) pour confirmer votre soumission. Cela vous permet de vous identifier plus pr\u00e9cis\u00e9ment qu&#039;en face \u00e0 face, m\u00eame en ligne.<\/p>\n\n\n\n<hr class=\"wp-block-separator has-alpha-channel-opacity\"\/>\n\n\n\n<h4 class=\"wp-block-heading\">2. Preuve d&#039;adresse actuelle<\/h4>\n\n\n\n<p>Veuillez soumettre un document avec l&#039;adresse actuelle du fondateur du portefeuille (particulier).<br>Cela doit \u00eatre dans les 3 mois suivant les factures de services publics, les re\u00e7us, les documents \u00e9mis par les bureaux du gouvernement, etc.<\/p>\n\n\n\n<hr class=\"wp-block-separator has-alpha-channel-opacity\"\/>\n\n\n\n<h4 class=\"wp-block-heading anchor\" id=\"company01\">3. Documents requis pour l&#039;utilisateur professionnel (compte professionnel uniquement)<\/h4>\n\n\n\n<p>Nous vous demandons de soumettre des documents concernant l&#039;enregistrement de la soci\u00e9t\u00e9 du fondateur du portefeuille (entreprise).<\/p>\n\n\n\n<hr class=\"wp-block-separator has-alpha-channel-opacity\"\/>\n\n\n\n<h4 class=\"wp-block-heading\">4\uff0e Certificats avec sceau officiel (compte professionnel uniquement)<\/h4>\n\n\n\n<p>Veuillez soumettre les documents de confirmation du sceau d&#039;entreprise du fondateur du portefeuille (entreprise).<\/p>\n\n\n\n<hr class=\"wp-block-separator has-alpha-channel-opacity\"\/>\n\n\n\n<h4 class=\"wp-block-heading\">5. Preuve de l&#039;adresse actuelle de l&#039;entreprise (compte professionnel)<\/h4>\n\n\n\n<p>Veuillez soumettre un document avec le nom du fondateur du portefeuille (entreprise) et son adresse actuelle.<\/p>\n\n\n\n<hr class=\"wp-block-separator has-alpha-channel-opacity\"\/>\n\n\n\n<h4 class=\"wp-block-heading\">6. D\u00e9claration de propri\u00e9t\u00e9 effective (compte Business uniquement)<\/h4>\n\n\n\n<p>Nous vous demandons de pr\u00e9senter plusieurs documents sur la r\u00e8gle de fond.<\/p>\n<\/div>\n\n\n\n<h2 class=\"wp-block-heading effect01\">Enregistrement de compte<\/h2>\n\n\n\n<p class=\"effect01 fadeTimeA\">Le processus d&#039;inscription au compte bitwallet est le suivant :<\/p>\n\n\n\n<div class=\"wp-block-group box account-open effect01 fadeTimeB has-global-padding is-layout-constrained wp-block-group-is-layout-constrained\">\n<h3 class=\"wp-block-heading\">Processus d&#039;enregistrement de compte<\/h3>\n\n\n\n<div class=\"wp-block-group has-global-padding is-layout-constrained wp-block-group-is-layout-constrained\">\n<h4 class=\"wp-block-heading\"><strong>\u00c9TAPE 1<\/strong><\/h4>\n\n\n\n<figure class=\"wp-block-image size-full\"><img loading=\"lazy\" decoding=\"async\" width=\"321\" height=\"321\" src=\"https:\/\/bitwallet.com\/wp-content\/uploads\/2023\/06\/icon_step1.png\" alt=\"\" class=\"wp-image-190\"\/><\/figure>\n\n\n\n<p>Inscrivez-vous depuis n\u2019importe quel appareil. Entrez vos informations de base sur la page d\u2019inscription pour commencer.<\/p>\n\n\n\n<figure class=\"wp-block-image size-full is-resized\"><img loading=\"lazy\" decoding=\"async\" width=\"1440\" height=\"886\" src=\"https:\/\/bitwallet.com\/wp-content\/uploads\/2024\/01\/STEP1en.webp\" alt=\"\" class=\"wp-image-3134\" style=\"width:1000px;height:undefinedpx\"\/><\/figure>\n<\/div>\n\n\n\n<div class=\"wp-block-group has-global-padding is-layout-constrained wp-block-group-is-layout-constrained\">\n<h4 class=\"wp-block-heading\"><strong>\u00c9TAPE 2<\/strong><\/h4>\n\n\n\n<figure class=\"wp-block-image size-full\"><img loading=\"lazy\" decoding=\"async\" width=\"321\" height=\"321\" src=\"https:\/\/bitwallet.com\/wp-content\/uploads\/2023\/06\/icon_step2.png\" alt=\"\" class=\"wp-image-191\"\/><\/figure>\n\n\n\n<p>Saisissez les autres informations n\u00e9cessaires pour continuer.<\/p>\n\n\n\n<figure class=\"wp-block-image size-full is-resized\"><img loading=\"lazy\" decoding=\"async\" width=\"1440\" height=\"1308\" src=\"https:\/\/bitwallet.com\/wp-content\/uploads\/2024\/01\/STEP2en.webp\" alt=\"\" class=\"wp-image-3135\" style=\"width:1000px;height:undefinedpx\"\/><\/figure>\n<\/div>\n\n\n\n<div class=\"wp-block-group has-global-padding is-layout-constrained wp-block-group-is-layout-constrained\">\n<h4 class=\"wp-block-heading\"><strong>\u00c9TAPE 3<\/strong><\/h4>\n\n\n\n<figure class=\"wp-block-image size-full\"><img loading=\"lazy\" decoding=\"async\" width=\"321\" height=\"321\" src=\"https:\/\/bitwallet.com\/wp-content\/uploads\/2023\/06\/icon_step3.png\" alt=\"\" class=\"wp-image-192\"\/><\/figure>\n\n\n\n<p>Connectez-vous et t\u00e9l\u00e9chargez vos documents de v\u00e9rification d&#039;identit\u00e9, votre preuve d&#039;adresse r\u00e9sidentielle et votre selfie d&#039;identit\u00e9 sur la page de soumission des documents de v\u00e9rification.<\/p>\n\n\n\n<figure class=\"wp-block-image size-full is-resized\"><img loading=\"lazy\" decoding=\"async\" width=\"1074\" height=\"245\" src=\"https:\/\/bitwallet.com\/wp-content\/uploads\/2024\/01\/STEP3en.webp\" alt=\"\" class=\"wp-image-3136\" style=\"width:1000px;height:undefinedpx\"\/><\/figure>\n<\/div>\n\n\n\n<div class=\"wp-block-group has-global-padding is-layout-constrained wp-block-group-is-layout-constrained\">\n<h4 class=\"wp-block-heading\"><strong>\u00c9TAPE 4<\/strong><\/h4>\n\n\n\n<figure class=\"wp-block-image size-full\"><img loading=\"lazy\" decoding=\"async\" width=\"321\" height=\"321\" src=\"https:\/\/bitwallet.com\/wp-content\/uploads\/2023\/06\/icon_step4.png\" alt=\"\" class=\"wp-image-193\"\/><\/figure>\n\n\n\n<p>La demande est trait\u00e9e dans un d\u00e9lai d&#039;environ 24 heures les jours ouvrables. Une fois v\u00e9rifi\u00e9s et approuv\u00e9s, les informations de votre compte vous seront envoy\u00e9es par e-mail.<br>\u203bCela peut prendre un certain temps selon l&#039;\u00e9tat de la demande.<\/p>\n\n\n\n<p>et c&#039;est fait ! Rapide et facile.<\/p>\n\n\n\n<p class=\"logo-bw step-goal\"><strong><em>bitwallet<\/em> Commencez \u00e0 utiliser maintenant\u00a0!<\/strong><\/p>\n<\/div>\n<\/div>\n\n\n\n<div class=\"wp-block-cover alignwide is-light help\"><img loading=\"lazy\" decoding=\"async\" width=\"2048\" height=\"336\" class=\"wp-block-cover__image-background wp-image-289\" alt=\"\" src=\"https:\/\/bitwallet.com\/wp-content\/uploads\/2023\/06\/mv-support-jpg.webp\" style=\"object-position:50% 50%\" data-object-fit=\"cover\" data-object-position=\"50% 50%\"\/><span aria-hidden=\"true\" class=\"wp-block-cover__background has-background-dim-0 has-background-dim\"><\/span><div class=\"wp-block-cover__inner-container has-global-padding is-layout-constrained wp-block-cover-is-layout-constrained\">\n<p class=\"has-large-font-size translation-block\"><strong>As-tu besoin d&#039;aide?<\/strong><br> <strong>Nous sommes l\u00e0 pour vous aider.<\/strong><\/p>\n\n\n\n<p class=\"translation-block\">Notre \u00e9quipe d&#039;assistance se consacre \u00e0 vous servir.<br> Contactez-nous si vous avez des questions concernant nos services.<\/p>\n\n\n\n<div class=\"wp-block-buttons is-layout-flex wp-block-buttons-is-layout-flex\">\n<div class=\"wp-block-button\"><a class=\"wp-block-button__link wp-element-button\" href=\"\/fr\/support\/contact\/\">Contactez-nous<\/a><\/div>\n<\/div>\n<\/div><\/div>","protected":false},"excerpt":{"rendered":"<p>Ouvrez un compte Bitwallet aujourd&#039;hui et profitez de transactions rapides, s\u00e9curis\u00e9es et pratiques. Nous prenons en charge les devises USD, JPY, EUR et AUD. S&#039;inscrire maintenant!<\/p>","protected":false},"author":5,"featured_media":0,"parent":32,"menu_order":28,"comment_status":"closed","ping_status":"closed","template":"","meta":{"footnotes":""},"class_list":["post-78","page","type-page","status-publish","hentry"],"_links":{"self":[{"href":"https:\/\/bitwallet.com\/fr\/wp-json\/wp\/v2\/pages\/78","targetHints":{"allow":["GET"]}}],"collection":[{"href":"https:\/\/bitwallet.com\/fr\/wp-json\/wp\/v2\/pages"}],"about":[{"href":"https:\/\/bitwallet.com\/fr\/wp-json\/wp\/v2\/types\/page"}],"author":[{"embeddable":true,"href":"https:\/\/bitwallet.com\/fr\/wp-json\/wp\/v2\/users\/5"}],"replies":[{"embeddable":true,"href":"https:\/\/bitwallet.com\/fr\/wp-json\/wp\/v2\/comments?post=78"}],"version-history":[{"count":56,"href":"https:\/\/bitwallet.com\/fr\/wp-json\/wp\/v2\/pages\/78\/revisions"}],"predecessor-version":[{"id":5205,"href":"https:\/\/bitwallet.com\/fr\/wp-json\/wp\/v2\/pages\/78\/revisions\/5205"}],"up":[{"embeddable":true,"href":"https:\/\/bitwallet.com\/fr\/wp-json\/wp\/v2\/pages\/32"}],"wp:attachment":[{"href":"https:\/\/bitwallet.com\/fr\/wp-json\/wp\/v2\/media?parent=78"}],"curies":[{"name":"wp","href":"https:\/\/api.w.org\/{rel}","templated":true}]}}