{"id":74,"date":"2023-05-10T16:11:03","date_gmt":"2023-05-10T07:11:03","guid":{"rendered":"https:\/\/bitwallet.com\/?page_id=74"},"modified":"2024-12-04T10:53:08","modified_gmt":"2024-12-04T01:53:08","slug":"payment","status":"publish","type":"page","link":"https:\/\/bitwallet.com\/fr\/service\/payment\/","title":{"rendered":"PAIEMENT EN LIGNE"},"content":{"rendered":"<div class=\"wp-block-cover alignwide is-light header\"><span aria-hidden=\"true\" class=\"wp-block-cover__background has-background-dim-0 has-background-dim\"><\/span><img loading=\"lazy\" decoding=\"async\" width=\"2000\" height=\"360\" class=\"wp-block-cover__image-background wp-image-863\" alt=\"\" src=\"https:\/\/bitwallet.com\/wp-content\/uploads\/2023\/09\/mv-service_payment-jpg.webp\" data-object-fit=\"cover\"\/><div class=\"wp-block-cover__inner-container has-global-padding is-layout-constrained wp-block-cover-is-layout-constrained\">\n<h1 class=\"wp-block-heading effect00\">PAIEMENT EN LIGNE<\/h1>\n\n\n\n<p class=\"effect00 fadeTimeA\">Notre unique : le paiement en un clic<\/p>\n<\/div><\/div>\n\n\n\n<h2 class=\"wp-block-heading cur effect00\" id=\"fiat\">Paiement en temps r\u00e9el sans effort 24h\/24 et 7j\/7 <sup><span class=\"only-en\">PAIEMENT<\/span><span class=\"only-ja\">\u304a\u652f\u6255<\/span><\/sup><\/h2>\n\n\n\n<div class=\"wp-block-columns fdCRsp effect00 fadeTimeA is-layout-flex wp-container-core-columns-is-layout-9d6595d7 wp-block-columns-is-layout-flex\">\n<div class=\"wp-block-column is-layout-flow wp-block-column-is-layout-flow\">\n<p>Avec bitwallet, vous pouvez facilement payer USD, JPY, EUR ou AUD \u00e0 d&#039;autres utilisateurs en un seul clic.<\/p>\n\n\n\n<p>Traiter en temps r\u00e9el 24 heures, 365 jours.<\/p>\n\n\n\n<ul class=\"wp-block-list note kome mt2em\">\n<li class=\"only-ja\">\u53d7\u53d6\u4eba\u306f\u3001\u767b\u9332\u306e\u3042\u308b\u6cd5\u4eba\u3082\u3057\u304f\u306f\u500b\u4eba\u4e8b\u696d\u4e3b\u3067\u3001\u30d3\u30b8\u30cd\u30b9\u76ee\u7684\u3067\u306e\u53d7\u53d6\u308a\u306b\u5229\u7528\u3055\u308c\u308b\u5834\u5408\u306b\u9650\u3089\u308c\u307e\u3059\u3002<\/li>\n<\/ul>\n\n\n\n<div class=\"wp-block-columns are-vertically-aligned-center is-not-stacked-on-mobile oneclick payment is-layout-flex wp-container-core-columns-is-layout-9d6595d7 wp-block-columns-is-layout-flex\">\n<div class=\"wp-block-column is-vertically-aligned-center icon is-layout-flow wp-block-column-is-layout-flow\">\n<figure class=\"wp-block-image size-full is-resized\"><img loading=\"lazy\" decoding=\"async\" width=\"336\" height=\"235\" src=\"https:\/\/bitwallet.com\/wp-content\/uploads\/2024\/08\/icon_oneclickpayment.png\" alt=\"\" class=\"wp-image-4911\" style=\"width:80px\"\/><\/figure>\n<\/div>\n\n\n\n<div class=\"wp-block-column is-vertically-aligned-center text is-layout-flow wp-block-column-is-layout-flow\">\n<p class=\"has-small-font-size\">OneClick Payment est une marque d\u00e9pos\u00e9e de Bitwallet Service Group.<\/p>\n<\/div>\n<\/div>\n<\/div>\n\n\n\n<div class=\"wp-block-column fb280pxtb is-layout-flow wp-block-column-is-layout-flow\">\n<div class=\"wp-block-group service-payment-diagram has-global-padding is-layout-constrained wp-block-group-is-layout-constrained\">\n<figure class=\"wp-block-image aligncenter size-large\"><img decoding=\"async\" src=\"https:\/\/bitwallet.com\/wp-content\/uploads\/2023\/09\/transfer_img01.png?1\" alt=\"\"\/><\/figure>\n\n\n\n<h4 class=\"wp-block-heading has-text-align-center\"><strong>Paiement en un clic\u2122<\/strong><\/h4>\n<\/div>\n<\/div>\n<\/div>\n\n\n\n<div class=\"wp-block-cover alignwide is-light service\" style=\"min-height:255px;aspect-ratio:unset;\"><span aria-hidden=\"true\" class=\"wp-block-cover__background has-background-dim-0 has-background-dim\"><\/span><img loading=\"lazy\" decoding=\"async\" width=\"2000\" height=\"390\" class=\"wp-block-cover__image-background wp-image-864\" alt=\"\" src=\"https:\/\/bitwallet.com\/wp-content\/uploads\/2023\/09\/mv-service_payment2-jpg.webp\" data-object-fit=\"cover\"\/><div class=\"wp-block-cover__inner-container has-global-padding is-layout-constrained wp-block-cover-is-layout-constrained\">\n<h2 class=\"wp-block-heading effect01\">Pas de frais de paiement<\/h2>\n\n\n\n<p class=\"effect01 fadeTimeA\">Vous pouvez payer vos achats en commen\u00e7ant sans frais.<\/p>\n<\/div><\/div>\n\n\n\n<div class=\"wp-block-group box effect01 has-global-padding is-layout-constrained wp-block-group-is-layout-constrained\">\n<h3 class=\"wp-block-heading\">D\u00e9tail<\/h3>\n\n\n\n<div class=\"wp-block-group flex service-payout-select has-global-padding is-layout-constrained wp-block-group-is-layout-constrained\">\n<h4 class=\"wp-block-heading\">PAIEMENT<\/h4>\n\n\n\n<!--div>\n<label for=\"currency\">Shown\uff1a<\/label>\n<select name=\"currency\" id=\"currency\" class=\"selectNice01\">\n  <option value=\"USD\">USD<\/option>\n  <option value=\"JPY\" selected>JPY<\/option>\n  <option value=\"EUR\">EUR<\/option>\n  <option value=\"AUD\">AUD<\/option>\n<\/select>\n<\/div-->\n<\/div>\n\n\n\n<div class=\"wp-block-group tblScrl has-global-padding is-layout-constrained wp-block-group-is-layout-constrained\">\n<table id=\"tbl-payment\" style=\"width:100%;\">\n    <tbody>\n        <tr>\n            <th><span class=\"only-en\">M\u00e9thode<\/span><span class=\"only-ja\">Plus<span><\/th>\n            <th><span class=\"only-en\">Frais<\/span><span class=\"only-ja\">Plus de d\u00e9tails<span><\/th>\n            <th><span class=\"only-en\">Montant<\/span><span class=\"only-ja\">Le site Web de la soci\u00e9t\u00e9 est en construction<span><\/th>\n            <th>Il est temps de r\u00e9fl\u00e9chir<\/th>\n        <\/tr>\n        <tr>\n            <td>Paiement bitwallet<\/td>\n            <td>Aussi bas que $0<\/td>\n            <td class=\"amount\">\n                <table class=\"tbl-payment-inner\">\n                    <tr><th>USD<\/th><td>1,00 USD \uff5e Illimit\u00e9<\/td><\/tr>\n                    <tr><th>JPY<\/th><td>100 JPY \uff5e Illimit\u00e9<\/td><\/tr>\n                    <tr><th>EUR<\/th><td>1,00 EUR \uff5e Illimit\u00e9<\/td><\/tr>\n                    <tr><th>AUD<\/th><td>1,00 AUD \uff5e Illimit\u00e9<\/td><\/tr>\n                <\/table>\n            <\/td>\n            <td><img loading=\"lazy\" decoding=\"async\" class=\"alignnone size-full wp-image-861\" src=\"\/wp-content\/uploads\/2023\/09\/icon_pay_realtime01.png\" alt=\"\" width=\"135\" height=\"33\"><\/td>\n        <\/tr>\n    <\/tbody>\n<\/table>\n<style>\n    #tbl-payment td > table.tbl-payment-inner { width: auto !important; min-width: unset !important; margin: 1em auto !important; }\n    table.tbl-payment-inner th, table.tbl-payment-inner td { border: none !important; position: relative; }\n    table.tbl-payment-inner th { text-align: center !important; background-color: transparent !important; padding-right: 1em !important; }\n    table.tbl-payment-inner th::after { content: ':'; position: absolute; right: 0; }\n    table.tbl-payment-inner td { text-align: right !important; }\n<\/style>\n<\/div>\n<\/div>\n\n\n\n<div class=\"wp-block-cover alignwide is-light help\"><span aria-hidden=\"true\" class=\"wp-block-cover__background has-background-dim-0 has-background-dim\"><\/span><img loading=\"lazy\" decoding=\"async\" width=\"2048\" height=\"336\" class=\"wp-block-cover__image-background wp-image-289\" alt=\"\" src=\"https:\/\/bitwallet.com\/wp-content\/uploads\/2023\/06\/mv-support-jpg.webp\" style=\"object-position:50% 50%\" data-object-fit=\"cover\" data-object-position=\"50% 50%\"\/><div class=\"wp-block-cover__inner-container has-global-padding is-layout-constrained wp-block-cover-is-layout-constrained\">\n<p class=\"has-large-font-size translation-block\"><strong>As-tu besoin d&#039;aide?<\/strong><br> <strong>Nous sommes l\u00e0 pour vous aider.<\/strong><\/p>\n\n\n\n<p class=\"translation-block\">Notre \u00e9quipe d&#039;assistance se consacre \u00e0 vous servir.<br> Contactez-nous si vous avez des questions concernant nos services.<\/p>\n\n\n\n<div class=\"wp-block-buttons is-layout-flex wp-block-buttons-is-layout-flex\">\n<div class=\"wp-block-button\"><a class=\"wp-block-button__link wp-element-button\" href=\"\/fr\/support\/contact\/\">Contactez-nous<\/a><\/div>\n<\/div>\n<\/div><\/div>","protected":false},"excerpt":{"rendered":"<p>Les paiements internationaux facilit\u00e9s avec bitwallet pour les entreprises et les commer\u00e7ants gr\u00e2ce \u00e0 nos services de paiement rapides et s\u00e9curis\u00e9s. Enregistrez-vous pour un compte gratuit aujourd&#039;hui.<\/p>","protected":false},"author":5,"featured_media":0,"parent":32,"menu_order":25,"comment_status":"closed","ping_status":"closed","template":"","meta":{"footnotes":""},"class_list":["post-74","page","type-page","status-publish","hentry"],"_links":{"self":[{"href":"https:\/\/bitwallet.com\/fr\/wp-json\/wp\/v2\/pages\/74","targetHints":{"allow":["GET"]}}],"collection":[{"href":"https:\/\/bitwallet.com\/fr\/wp-json\/wp\/v2\/pages"}],"about":[{"href":"https:\/\/bitwallet.com\/fr\/wp-json\/wp\/v2\/types\/page"}],"author":[{"embeddable":true,"href":"https:\/\/bitwallet.com\/fr\/wp-json\/wp\/v2\/users\/5"}],"replies":[{"embeddable":true,"href":"https:\/\/bitwallet.com\/fr\/wp-json\/wp\/v2\/comments?post=74"}],"version-history":[{"count":83,"href":"https:\/\/bitwallet.com\/fr\/wp-json\/wp\/v2\/pages\/74\/revisions"}],"predecessor-version":[{"id":5045,"href":"https:\/\/bitwallet.com\/fr\/wp-json\/wp\/v2\/pages\/74\/revisions\/5045"}],"up":[{"embeddable":true,"href":"https:\/\/bitwallet.com\/fr\/wp-json\/wp\/v2\/pages\/32"}],"wp:attachment":[{"href":"https:\/\/bitwallet.com\/fr\/wp-json\/wp\/v2\/media?parent=74"}],"curies":[{"name":"wp","href":"https:\/\/api.w.org\/{rel}","templated":true}]}}