{"id":72,"date":"2023-05-10T16:08:34","date_gmt":"2023-05-10T07:08:34","guid":{"rendered":"https:\/\/bitwallet.com\/?page_id=72"},"modified":"2026-01-08T10:42:10","modified_gmt":"2026-01-08T01:42:10","slug":"receive","status":"publish","type":"page","link":"https:\/\/bitwallet.com\/fr\/service\/receive\/","title":{"rendered":"RECEVOIR LE PAIEMENT"},"content":{"rendered":"<div class=\"wp-block-cover alignwide is-light header\"><img loading=\"lazy\" decoding=\"async\" width=\"2000\" height=\"360\" class=\"wp-block-cover__image-background wp-image-934\" alt=\"\" src=\"https:\/\/bitwallet.com\/wp-content\/uploads\/2023\/09\/mv-service_payout-jpg.webp\" data-object-fit=\"cover\"\/><span aria-hidden=\"true\" class=\"wp-block-cover__background has-background-dim-0 has-background-dim\"><\/span><div class=\"wp-block-cover__inner-container has-global-padding is-layout-constrained wp-block-cover-is-layout-constrained\">\n<h1 class=\"wp-block-heading effect00\">RECEVOIR LE PAIEMENT<\/h1>\n\n\n\n<p class=\"effect00 fadeTimeA\">R\u00e9ception du paiement de notre part<\/p>\n<\/div><\/div>\n\n\n\n<h2 class=\"wp-block-heading cur effect00\">Recevez un paiement vers votre institution financi\u00e8re dans le monde entier<sup><span class=\"only-en\">RECEVOIR<\/span><span class=\"only-ja\">\u00c7a valait la peine<\/span><\/sup><\/h2>\n\n\n\n<div class=\"wp-block-columns fdCRsp effect00 fadeTimeA is-layout-flex wp-container-core-columns-is-layout-9d6595d7 wp-block-columns-is-layout-flex\">\n<div class=\"wp-block-column is-layout-flow wp-block-column-is-layout-flow\">\n<p>Avec bitwallet, nous traiterons rapidement votre demande de retrait en dollars am\u00e9ricains, en yens japonais, en euros europ\u00e9ens et en dollars australiens.<\/p>\n\n\n\n<p>Pour garantir que les utilisateurs peuvent recevoir un paiement instantan\u00e9ment, nous sommes connect\u00e9s aux principales banques du monde entier, permettant un traitement rapide des transactions.<\/p>\n\n\n\n<div class=\"wp-block-columns is-not-stacked-on-mobile cssctrl gap20 mt2em is-layout-flex wp-container-core-columns-is-layout-9d6595d7 wp-block-columns-is-layout-flex\">\n<div class=\"wp-block-column flexShrink0 is-layout-flow wp-block-column-is-layout-flow\" style=\"flex-basis:148px\">\n<figure class=\"wp-block-image size-full is-resized w100\"><img loading=\"lazy\" decoding=\"async\" width=\"148\" height=\"75\" src=\"https:\/\/bitwallet.com\/wp-content\/uploads\/2023\/07\/logo_aml01.png\" alt=\"\" class=\"wp-image-469\" style=\"width:148px;height:undefinedpx\"\/><\/figure>\n<\/div>\n\n\n\n<div class=\"wp-block-column is-layout-flow wp-block-column-is-layout-flow\">\n<ul class=\"wp-block-list note kome\">\n<li>Notre entreprise s&#039;efforce strictement de pr\u00e9venir le blanchiment d&#039;argent. A ce titre, les utilisateurs doivent d&#039;abord v\u00e9rifier leur identit\u00e9 avec des pi\u00e8ces d&#039;identit\u00e9 \u00e0 l&#039;appui et un justificatif de domicile lors de la collecte de Know-Your-Client (KYC). Les utilisateurs peuvent \u00e9galement devoir soumettre une copie des informations de leur carte de cr\u00e9dit et du compte bancaire du destinataire avant l&#039;activation du compte.<\/li>\n<\/ul>\n<\/div>\n<\/div>\n<\/div>\n\n\n\n<div class=\"wp-block-column fb280pxtb is-layout-flow wp-block-column-is-layout-flow\">\n<figure class=\"wp-block-image aligncenter size-full\"><img loading=\"lazy\" decoding=\"async\" width=\"800\" height=\"325\" src=\"https:\/\/bitwallet.com\/wp-content\/uploads\/2024\/12\/service_img_withdrawal_.png\" alt=\"\" class=\"wp-image-4965\"\/><\/figure>\n<\/div>\n<\/div>\n\n\n\n<div class=\"wp-block-cover alignwide is-light service\" style=\"min-height:255px;aspect-ratio:unset;\"><img loading=\"lazy\" decoding=\"async\" width=\"2000\" height=\"390\" class=\"wp-block-cover__image-background wp-image-838\" alt=\"\" src=\"https:\/\/bitwallet.com\/wp-content\/uploads\/2023\/09\/mv-service_payout2-jpg.webp\" data-object-fit=\"cover\"\/><span aria-hidden=\"true\" class=\"wp-block-cover__background has-background-dim-0 has-background-dim\"><\/span><div class=\"wp-block-cover__inner-container has-global-padding is-layout-constrained wp-block-cover-is-layout-constrained\">\n<h2 class=\"wp-block-heading effect01\">Frais de retrait abordables<\/h2>\n\n\n\n<p class=\"effect01 fadeTimeA\">Les frais Bitwallet peuvent \u00eatre aussi bas que 10 USD.<\/p>\n<\/div><\/div>\n\n\n\n<div class=\"wp-block-group box effect01 has-global-padding is-layout-constrained wp-block-group-is-layout-constrained\">\n<h3 class=\"wp-block-heading\"><span class=\"only-en\">D\u00e9tail<\/span><span class=\"only-ja\">Traduction en anglais :<\/span><\/h3>\n\n\n\n<h4 class=\"wp-block-heading\"><span class=\"only-en\">RECEVOIR LE PAIEMENT<\/span><span class=\"only-ja\">\u00c7a valait la peine<\/span><\/h4>\n\n\n\n<div class=\"wp-block-group tblScrl has-global-padding is-layout-constrained wp-block-group-is-layout-constrained\">\n<table>\n<tbody>\n<tr>\n<th class=\"w30p\">M\u00e9thode<\/th>\n<th class=\"w20p\">Devise<\/th>\n<th class=\"w30p\">Frais<\/th>\n<th class=\"w20p\"><span class=\"only-en\">Minimum<br \/>paiement<br \/>montant<\/span><span class=\"only-ja\">Le prix du billet d&#039;avion est indiqu\u00e9<\/span><\/th>\n<\/tr>\n<tr>\n<td rowspan=\"4\" class=\"translation-block\">Virement bancaire pour<br> personnes<br> <sub>(\u203b1)<\/sub><\/td>\n<td>USD<\/td>\n<td rowspan=\"4\" class=\"translation-block\">USD 10 ou montant \u00e9quivalent selon le pays <sub>\uff08\u203b2\uff09<\/sub><\/td>\n<td>USD10<\/td>\n<\/tr>\n<tr>\n<td class=\"notfC\">EUR<\/td>\n<td>EUR10<\/td>\n<\/tr>\n<tr>\n<td class=\"notfC\">JPY<\/td>\n<td>JPY 1 000<\/td>\n<\/tr>\n<tr>\n<td class=\"notfC\">AUD<\/td>\n<td>AUD10<\/td>\n<\/tr>\n<tr>\n<td class=\"lRfC translation-block\" rowspan=\"4\">Virement bancaire<br> pour les entreprises <sub>\uff08\u203b1\uff09<\/sub><\/td>\n<td>USD<\/td>\n<td rowspan=\"4\" class=\"translation-block\">\u00c0 partir de 0.8%, d\u00e9pend du type d&#039;entreprise <sub>\uff08\u203b2\uff09<\/sub> &amp; <sub>\uff08\u203b3\uff09<\/sub><\/td>\n<td>USD10<\/td>\n<\/tr>\n<tr>\n<td class=\"notfC\">EUR<\/td>\n<td>EUR10<\/td>\n<\/tr>\n<tr>\n<td class=\"notfC\">JPY<\/td>\n<td>JPY 1 000<\/td>\n<\/tr>\n<tr>\n<td class=\"notfC\">AUD<\/td>\n<td>AUD10<\/td>\n<\/tr>\n<\/tbody>\n<\/table>\n<\/div>\n\n\n\n<ul class=\"wp-block-list note kome\">\n<li>Des frais suppl\u00e9mentaires s&#039;appliquent pour les virements bancaires ou les frais de virement bancaire interm\u00e9diaire.<\/li>\n\n\n\n<li>Plus d\u2019informations peuvent \u00eatre trouv\u00e9es en vous connectant \u00e0 votre compte.<\/li>\n\n\n\n<li>Pour les frais de compte professionnel et de compte marchand, veuillez nous envoyer une demande apr\u00e8s vous \u00eatre connect\u00e9 \u00e0 votre compte.<\/li>\n\n\n\n<li class=\"nonum\">Afin d&#039;\u00e9viter toute fraude telle que le blanchiment d&#039;argent, l&#039;utilisation abusive de la carte de cr\u00e9dit et de l&#039;avance de fonds, les paiements et d\u00e9p\u00f4ts effectu\u00e9s par carte de cr\u00e9dit et carte pr\u00e9pay\u00e9e dans un d\u00e9lai d&#039;un mois seront soigneusement examin\u00e9s et transf\u00e9r\u00e9s sur le compte bancaire du destinataire \u00e0 la discr\u00e9tion de bitwallet. Un d\u00e9lai suppl\u00e9mentaire peut \u00eatre n\u00e9cessaire pour le traitement.<\/li>\n\n\n\n<li class=\"nonum translation-block\">Vous ne pouvez pas transf\u00e9rer d&#039;argent vers une banque dans les pays suivants o\u00f9 les transferts de fonds sont interdits.<br> Certains pays ne figurant pas sur cette liste seront examin\u00e9s au cas par cas.<br> Afghanistan, B\u00e9nin, Bonaire, Burundi, R\u00e9publique centrafricaine, Tchad, Congo, Crim\u00e9e, Cuba, Djibouti, Guin\u00e9e \u00e9quatoriale, \u00c9rythr\u00e9e, Gabon, Gambie, Guin\u00e9e, Guin\u00e9e-Bissau, Guyane, Iran, Irak, Kazakhstan, Kirghizistan, R\u00e9publique d\u00e9mocratique populaire lao, Lib\u00e9ria, Libye Madagascar, Malawi, Mali, Mauritanie, Montserrat, Myanmar, Nauru, Niger, \u00cele Norfolk, Cor\u00e9e du Nord, Palau, Papouasie-Nouvelle-Guin\u00e9e, Saint-Barth\u00e9lemy \u00cele, Saint-Kitts-et-Nevis, Saint-Martin, \u00cele de Saint-Martin, Sierra Leone, Soudan (Nord et Sud), Suriname, Syrie, Tadjikistan, Timor oriental, Togo, Turkm\u00e9nistan, Ouzb\u00e9kistan, Sahara occidental, Y\u00e9men, Russie, P\u00e9rou, Afrique du Sud, Bangladesh, G\u00e9orgie<\/li>\n<\/ul>\n<\/div>\n\n\n\n<div class=\"wp-block-cover alignwide is-light help\"><img loading=\"lazy\" decoding=\"async\" width=\"2048\" height=\"336\" class=\"wp-block-cover__image-background wp-image-289\" alt=\"\" src=\"https:\/\/bitwallet.com\/wp-content\/uploads\/2023\/06\/mv-support-jpg.webp\" style=\"object-position:50% 50%\" data-object-fit=\"cover\" data-object-position=\"50% 50%\"\/><span aria-hidden=\"true\" class=\"wp-block-cover__background has-background-dim-0 has-background-dim\"><\/span><div class=\"wp-block-cover__inner-container has-global-padding is-layout-constrained wp-block-cover-is-layout-constrained\">\n<p class=\"has-large-font-size translation-block\"><strong>As-tu besoin d&#039;aide?<\/strong><br> <strong>Nous sommes l\u00e0 pour vous aider.<\/strong><\/p>\n\n\n\n<p class=\"translation-block\">Notre \u00e9quipe d&#039;assistance se consacre \u00e0 vous servir.<br> Contactez-nous si vous avez des questions concernant nos services.<\/p>\n\n\n\n<div class=\"wp-block-buttons is-layout-flex wp-block-buttons-is-layout-flex\">\n<div class=\"wp-block-button\"><a class=\"wp-block-button__link wp-element-button\" href=\"\/fr\/support\/contact\/\">Contactez-nous<\/a><\/div>\n<\/div>\n<\/div><\/div>","protected":false},"excerpt":{"rendered":"<p>Inscrivez-vous pour un compte aujourd&#039;hui! Nous proposons des m\u00e9thodes de retrait rapides, s\u00e9curis\u00e9es et pratiques directement sur votre compte bancaire. D\u00e9couvrez de nouveaux paiements num\u00e9riques.<\/p>","protected":false},"author":5,"featured_media":0,"parent":32,"menu_order":20,"comment_status":"closed","ping_status":"closed","template":"","meta":{"footnotes":""},"class_list":["post-72","page","type-page","status-publish","hentry"],"_links":{"self":[{"href":"https:\/\/bitwallet.com\/fr\/wp-json\/wp\/v2\/pages\/72","targetHints":{"allow":["GET"]}}],"collection":[{"href":"https:\/\/bitwallet.com\/fr\/wp-json\/wp\/v2\/pages"}],"about":[{"href":"https:\/\/bitwallet.com\/fr\/wp-json\/wp\/v2\/types\/page"}],"author":[{"embeddable":true,"href":"https:\/\/bitwallet.com\/fr\/wp-json\/wp\/v2\/users\/5"}],"replies":[{"embeddable":true,"href":"https:\/\/bitwallet.com\/fr\/wp-json\/wp\/v2\/comments?post=72"}],"version-history":[{"count":76,"href":"https:\/\/bitwallet.com\/fr\/wp-json\/wp\/v2\/pages\/72\/revisions"}],"predecessor-version":[{"id":5765,"href":"https:\/\/bitwallet.com\/fr\/wp-json\/wp\/v2\/pages\/72\/revisions\/5765"}],"up":[{"embeddable":true,"href":"https:\/\/bitwallet.com\/fr\/wp-json\/wp\/v2\/pages\/32"}],"wp:attachment":[{"href":"https:\/\/bitwallet.com\/fr\/wp-json\/wp\/v2\/media?parent=72"}],"curies":[{"name":"wp","href":"https:\/\/api.w.org\/{rel}","templated":true}]}}