{"id":70,"date":"2023-05-10T16:07:16","date_gmt":"2023-05-10T07:07:16","guid":{"rendered":"https:\/\/bitwallet.com\/?page_id=70"},"modified":"2024-12-02T13:15:18","modified_gmt":"2024-12-02T04:15:18","slug":"prepare","status":"publish","type":"page","link":"https:\/\/bitwallet.com\/fr\/service\/prepare\/","title":{"rendered":"PR\u00c9PARER LE PAIEMENT"},"content":{"rendered":"<div class=\"wp-block-cover alignwide header\"><span aria-hidden=\"true\" class=\"wp-block-cover__background has-background-dim-0 has-background-dim\"><\/span><img loading=\"lazy\" decoding=\"async\" width=\"2000\" height=\"360\" class=\"wp-block-cover__image-background wp-image-728\" alt=\"\" src=\"https:\/\/bitwallet.com\/wp-content\/uploads\/2023\/08\/mv-service_payin-jpg.webp\" data-object-fit=\"cover\"\/><div class=\"wp-block-cover__inner-container has-global-padding is-layout-constrained wp-block-cover-is-layout-constrained\">\n<h1 class=\"wp-block-heading effect00\">PR\u00c9PARER LE PAIEMENT<\/h1>\n\n\n\n<p class=\"effect00 fadeTimeA\">Comment recharger pour payer<\/p>\n<\/div><\/div>\n\n\n\n<h2 class=\"wp-block-heading cur effect00\" id=\"fiat\">Recharge pour payer de diff\u00e9rentes mani\u00e8res <sup><span class=\"only-en\">PR\u00c9PARER<\/span><span class=\"only-ja\">Le prix<\/span><\/sup><\/h2>\n\n\n\n<div class=\"wp-block-columns fdCRsp effect00 fadeTimeA&quot;&gt; is-layout-flex wp-container-core-columns-is-layout-9d6595d7 wp-block-columns-is-layout-flex\">\n<div class=\"wp-block-column is-layout-flow wp-block-column-is-layout-flow\">\n<p>bitwallet prend en charge diverses m\u00e9thodes de virement bancaire, effectuant ainsi les paiements depuis votre compte bancaire vers les commer\u00e7ants de mani\u00e8re transparente et sans effort.<\/p>\n\n\n\n<p>bitwallet adh\u00e8re \u00e9galement au PCI DSS(*1) lors du traitement de toutes vos donn\u00e9es de paiement, garantissant ainsi la s\u00e9curit\u00e9 et la protection de vos informations financi\u00e8res.<\/p>\n\n\n\n<div class=\"wp-block-columns gap10 mt2em is-layout-flex wp-container-core-columns-is-layout-9d6595d7 wp-block-columns-is-layout-flex\">\n<div class=\"wp-block-column is-layout-flow wp-block-column-is-layout-flow\" style=\"flex-basis:130px\">\n<figure class=\"wp-block-image size-full taCsp\"><img loading=\"lazy\" decoding=\"async\" width=\"130\" height=\"50\" src=\"https:\/\/bitwallet.com\/wp-content\/uploads\/2023\/11\/logo_pcidss.png\" alt=\"\" class=\"wp-image-2039\"\/><\/figure>\n<\/div>\n\n\n\n<div class=\"wp-block-column is-layout-flow wp-block-column-is-layout-flow\">\n<ul class=\"wp-block-list note kome\">\n<li>Les PCI DSS (Payment Card Industry Data Security Standard) sont fond\u00e9s par American Express, Discover, JCB, Mastercard et VISA et partagent \u00e0 parts \u00e9gales la maintenance et la s\u00e9curisation des donn\u00e9es des titulaires de carte.<\/li>\n<\/ul>\n<\/div>\n<\/div>\n<\/div>\n\n\n\n<div class=\"wp-block-column fb180pxtb is-layout-flow wp-block-column-is-layout-flow\">\n<figure class=\"wp-block-image aligncenter size-full is-resized w180pxtb\"><img loading=\"lazy\" decoding=\"async\" width=\"630\" height=\"540\" src=\"https:\/\/bitwallet.com\/wp-content\/uploads\/2023\/09\/img_prepare.png\" alt=\"\" class=\"wp-image-756\" style=\"width:420px\"\/><\/figure>\n<\/div>\n<\/div>\n\n\n\n<h2 class=\"wp-block-heading cur effect01\" id=\"both\">R\u00e9flexion instantan\u00e9e ! <sup><span class=\"only-en\">PR\u00c9PARER<\/span><span class=\"only-ja\">Le prix<\/span><\/sup><\/h2>\n\n\n\n<p class=\"effect01\">Avec bitwallet, nous nous engageons \u00e0 recharger votre compte en temps r\u00e9el pour toutes les transactions de paiement.<\/p>\n\n\n\n<div class=\"wp-block-cover alignwide is-light service only-ja\" style=\"min-height:255px;aspect-ratio:unset;\"><span aria-hidden=\"true\" class=\"wp-block-cover__background has-background-dim-0 has-background-dim\"><\/span><img loading=\"lazy\" decoding=\"async\" width=\"2000\" height=\"390\" class=\"wp-block-cover__image-background wp-image-750\" alt=\"\" src=\"https:\/\/bitwallet.com\/wp-content\/uploads\/2023\/09\/mv-service_payin2-jpg.webp\" data-object-fit=\"cover\"\/><div class=\"wp-block-cover__inner-container has-global-padding is-layout-constrained wp-block-cover-is-layout-constrained\">\n<h2 class=\"wp-block-heading effect01\">bitwallet\u306a\u3089\u3001\u7121\u6599\u3067\u901a\u8ca8\u30a6\u30a9\u30ec\u30c3\u30c8\u304c\u5229\u7528\u3067\u304d\u307e\u3059<\/h2>\n\n\n\n<p class=\"effect01 fadeTimeA nothonyaku\" data-no-translation=\"\">bitwallet\u306f\u3001\u591a\u901a\u8ca8\u30aa\u30f3\u30e9\u30a4\u30f3\u30a6\u30a9\u30ec\u30c3\u30c8\u3068\u3057\u3066\u3001\u4e16\u754c\u6700\u9ad8\u6c34\u6e96\u306e\u30bb\u30ad\u30e5\u30ea\u30c6\u30a3\u3068\u3001\u9ad8\u3044\u67d4\u8edf\u6027\u3092\u5099\u3048\u3066\u3044\u307e\u3059\u3002\u5f53\u793e\u3067\u306f\u3001\u304a\u5ba2\u69d8\u306e\u5927\u5207\u306a\u901a\u8ca8\u3092\u3001\u5916\u90e8\u74b0\u5883\u306b\u3055\u3089\u3055\u308c\u308b\u3053\u3068\u306a\u304f\u3001\u5b89\u5168\u304b\u3064\u4fbf\u5229\u306b\u7ba1\u7406\u3059\u308b\u30d7\u30e9\u30c3\u30c8\u30d5\u30a9\u30fc\u30e0\u3092\u63d0\u4f9b\u3057\u3066\u3044\u307e\u3059\u3002<\/p>\n<\/div><\/div>\n\n\n\n<div class=\"wp-block-group box effect01 has-global-padding is-layout-constrained wp-block-group-is-layout-constrained\">\n<h3 class=\"wp-block-heading\"><span class=\"only-en\">D\u00e9tail<\/span><span class=\"only-ja\">Traduction en anglais :<\/span><\/h3>\n\n\n\n<h4 class=\"wp-block-heading\"><span class=\"only-en\">PR\u00c9PARER LE PAIEMENT<\/span><span class=\"only-ja\">Le prix est indiqu\u00e9<\/span><\/h4>\n\n\n\n<div class=\"wp-block-group tblScrl has-global-padding is-layout-constrained wp-block-group-is-layout-constrained\">\n<table style=\"width: 100%; height: 64px;\">\n<tbody>\n<tr style=\"height: 41px;\">\n<th style=\"height: 41px; width: 28.7692%;\"><span class=\"only-en\">M\u00e9thode<\/span><span class=\"only-ja\">Plus<span><\/th>\n<th style=\"height: 41px; width: 20.5385%;\">Canal<\/th>\n<th style=\"height: 41px; width: 33.2308%;\">Frais<\/th>\n<th style=\"height: 41px; width: 16.5385%;\" class=\"translation-block\">Montant limite de recharge<br> par transaction<\/th>\n<\/tr>\n<tr style=\"height: 23px;\">\n<td style=\"height: 23px; width: 28.7692%;\">Virement bancaire<sub>(\u203b1)<\/sub><\/td>\n<td style=\"height: 23px; width: 20.5385%;\" class=\"translation-block\">via diverses banques locales <sub>(\u203b2)<\/sub><\/td>\n<td class=\"notlC\" style=\"height: 23px; width: 33.2308%;\">A partir de $0 selon pays<sub>(\u203b2)<\/sub><\/td>\n<td class=\"lRlC\" style=\"height: 23px; width: 16.5385%;\"><sub>(\u203b2)<\/sub><\/td>\n<\/tr>\n<\/tbody>\n<\/table>\n<\/div>\n\n\n\n<ul class=\"wp-block-list note kome\">\n<li>Des frais suppl\u00e9mentaires s&#039;appliquent pour les virements bancaires ou les frais de virement bancaire interm\u00e9diaire.<\/li>\n\n\n\n<li>Plus d\u2019informations peuvent \u00eatre trouv\u00e9es en vous connectant \u00e0 votre compte.<\/li>\n<\/ul>\n<\/div>\n\n\n\n<div class=\"wp-block-cover alignwide is-light help\"><span aria-hidden=\"true\" class=\"wp-block-cover__background has-background-dim-0 has-background-dim\"><\/span><img loading=\"lazy\" decoding=\"async\" width=\"2048\" height=\"336\" class=\"wp-block-cover__image-background wp-image-289\" alt=\"\" src=\"https:\/\/bitwallet.com\/wp-content\/uploads\/2023\/06\/mv-support-jpg.webp\" style=\"object-position:50% 50%\" data-object-fit=\"cover\" data-object-position=\"50% 50%\"\/><div class=\"wp-block-cover__inner-container has-global-padding is-layout-constrained wp-block-cover-is-layout-constrained\">\n<p class=\"has-large-font-size translation-block\"><strong>As-tu besoin d&#039;aide?<\/strong><br> <strong>Nous sommes l\u00e0 pour vous aider.<\/strong><\/p>\n\n\n\n<p class=\"translation-block\">Notre \u00e9quipe d&#039;assistance se consacre \u00e0 vous servir.<br> Contactez-nous si vous avez des questions concernant nos services.<\/p>\n\n\n\n<div class=\"wp-block-buttons is-layout-flex wp-block-buttons-is-layout-flex\">\n<div class=\"wp-block-button\"><a class=\"wp-block-button__link wp-element-button\" href=\"\/fr\/support\/contact\/\">Contactez-nous<\/a><\/div>\n<\/div>\n<\/div><\/div>","protected":false},"excerpt":{"rendered":"<p>Solutions de paiement en ligne rapides et s\u00e9curis\u00e9es pour les particuliers et les entreprises. Inscrivez-vous maintenant pour profiter des services de d\u00e9p\u00f4t rapides avec Bitwallet\u00a0!<\/p>","protected":false},"author":5,"featured_media":0,"parent":32,"menu_order":23,"comment_status":"closed","ping_status":"closed","template":"","meta":{"footnotes":""},"class_list":["post-70","page","type-page","status-publish","hentry"],"_links":{"self":[{"href":"https:\/\/bitwallet.com\/fr\/wp-json\/wp\/v2\/pages\/70","targetHints":{"allow":["GET"]}}],"collection":[{"href":"https:\/\/bitwallet.com\/fr\/wp-json\/wp\/v2\/pages"}],"about":[{"href":"https:\/\/bitwallet.com\/fr\/wp-json\/wp\/v2\/types\/page"}],"author":[{"embeddable":true,"href":"https:\/\/bitwallet.com\/fr\/wp-json\/wp\/v2\/users\/5"}],"replies":[{"embeddable":true,"href":"https:\/\/bitwallet.com\/fr\/wp-json\/wp\/v2\/comments?post=70"}],"version-history":[{"count":214,"href":"https:\/\/bitwallet.com\/fr\/wp-json\/wp\/v2\/pages\/70\/revisions"}],"predecessor-version":[{"id":5024,"href":"https:\/\/bitwallet.com\/fr\/wp-json\/wp\/v2\/pages\/70\/revisions\/5024"}],"up":[{"embeddable":true,"href":"https:\/\/bitwallet.com\/fr\/wp-json\/wp\/v2\/pages\/32"}],"wp:attachment":[{"href":"https:\/\/bitwallet.com\/fr\/wp-json\/wp\/v2\/media?parent=70"}],"curies":[{"name":"wp","href":"https:\/\/api.w.org\/{rel}","templated":true}]}}