{"id":60,"date":"2023-05-10T13:51:13","date_gmt":"2023-05-10T04:51:13","guid":{"rendered":"https:\/\/bitwallet.com\/?page_id=60"},"modified":"2024-08-02T13:02:35","modified_gmt":"2024-08-02T04:02:35","slug":"business","status":"publish","type":"page","link":"https:\/\/bitwallet.com\/fr\/feature\/business\/","title":{"rendered":"Compte professionnel"},"content":{"rendered":"<div class=\"wp-block-cover alignwide is-light header\"><span aria-hidden=\"true\" class=\"wp-block-cover__background has-background-dim-0 has-background-dim\"><\/span><img loading=\"lazy\" decoding=\"async\" width=\"2048\" height=\"518\" class=\"wp-block-cover__image-background wp-image-1134\" alt=\"\" src=\"https:\/\/bitwallet.com\/wp-content\/uploads\/2023\/09\/mv-feature-business-jpg.webp\" data-object-fit=\"cover\"\/><div class=\"wp-block-cover__inner-container has-global-padding is-layout-constrained wp-block-cover-is-layout-constrained\">\n<h1 class=\"wp-block-heading has-text-align-left effect00\">Compte professionnel<\/h1>\n\n\n\n<p class=\"effect00 fadeTimeA\">Simplifiez les proc\u00e9dures de paiement pour votre boutique e-commerce. Recevez tous les paiements par banque, carte de cr\u00e9dit ou via les services de change disponibles au bitwallet.<\/p>\n\n\n\n<div class=\"wp-block-buttons effect00 fadeTimeB is-layout-flex wp-block-buttons-is-layout-flex\">\n<div class=\"wp-block-button btn-signup\"><a class=\"wp-block-button__link wp-element-button\" href=\"https:\/\/secure.bitwallet.com\/signup\/certification?lang=en\" target=\"_blank\" rel=\"noreferrer noopener\">Cr\u00e9er un portefeuille<\/a><\/div>\n<\/div>\n<\/div><\/div>\n\n\n\n<div class=\"wp-block-cover alignwide is-light headcopy\" style=\"min-height:138px;aspect-ratio:unset;\" id=\"maincontetnts\"><span aria-hidden=\"true\" class=\"wp-block-cover__background has-background-dim-100 has-background-dim\" style=\"background-color:#f7f7f7\"><\/span><div class=\"wp-block-cover__inner-container has-global-padding is-layout-constrained wp-block-cover-is-layout-constrained\">\n<p class=\"has-text-align-center effect00\">B\u00e9n\u00e9ficiez d\u2019une exp\u00e9rience de paiement agr\u00e9able et simple lorsque vous choisissez bitwallet pour votre boutique en ligne.<br>R\u00e9glez le paiement sous diverses formes.<\/p>\n<\/div><\/div>\n\n\n\n<div class=\"wp-block-cover alignwide is-light business-point\"><span aria-hidden=\"true\" class=\"wp-block-cover__background has-background-dim-0 has-background-dim\"><\/span><div class=\"wp-block-cover__inner-container has-global-padding is-layout-constrained wp-block-cover-is-layout-constrained\">\n<div class=\"wp-block-columns tab is-layout-flex wp-container-core-columns-is-layout-9d6595d7 wp-block-columns-is-layout-flex\">\n<div class=\"wp-block-column is-layout-flow wp-block-column-is-layout-flow\" style=\"flex-basis:33.33%\">\n<div class=\"wp-block-buttons tab-menu is-horizontal is-content-justification-center is-layout-flex wp-container-core-buttons-is-layout-499968f5 wp-block-buttons-is-layout-flex\">\n<div class=\"wp-block-button current effect00\"><a class=\"wp-block-button__link has-text-align-left wp-element-button\">R\u00e9aliser le paiement par carte de cr\u00e9dit et portefeuille<\/a><\/div>\n\n\n\n<div class=\"wp-block-button effect00 fadeTimeB\"><a class=\"wp-block-button__link has-text-align-left wp-element-button\">Envoyer une facture \u00e0 des personnes sp\u00e9cifiques<\/a><\/div>\n\n\n\n<div class=\"wp-block-button effect00 fadeTimeC\"><a class=\"wp-block-button__link has-text-align-left wp-element-button\">G\u00e9rer sous le nom du magasin ou de l&#039;entreprise<\/a><\/div>\n<\/div>\n<\/div>\n\n\n\n<div class=\"wp-block-column tab-contents is-layout-flow wp-block-column-is-layout-flow\" style=\"flex-basis:66.66%\">\n<div class=\"wp-block-group has-global-padding is-layout-constrained wp-block-group-is-layout-constrained\">\n<div class=\"wp-block-columns has-background is-layout-flex wp-container-core-columns-is-layout-9d6595d7 wp-block-columns-is-layout-flex\" style=\"background-color:#f4f4f4\">\n<div class=\"wp-block-column is-layout-flow wp-block-column-is-layout-flow\">\n<h3 class=\"wp-block-heading\">R\u00e9aliser le paiement par carte de cr\u00e9dit et portefeuille<\/h3>\n\n\n\n<p>Am\u00e9liorez les transactions de paiement pour votre boutique de commerce \u00e9lectronique ou votre vente au d\u00e9tail de produits d&#039;information. Des fonctionnalit\u00e9s ajout\u00e9es telles que le paiement par carte de cr\u00e9dit et bien plus encore seront disponibles \u00e0 mesure que vous renforcerez le niveau de s\u00e9curit\u00e9 de votre compte.<\/p>\n\n\n\n<p>bitwallet est enti\u00e8rement conforme \u00e0 PCI DSS(*) et adh\u00e8re strictement \u00e0 la norme PCI en offrant un niveau plus \u00e9lev\u00e9 de s\u00e9curit\u00e9 des donn\u00e9es et en prot\u00e9geant les informations des utilisateurs sur notre plateforme de paiement.<\/p>\n\n\n\n<figure class=\"wp-block-image alignright size-full\"><img loading=\"lazy\" decoding=\"async\" width=\"95\" height=\"37\" src=\"https:\/\/bitwallet.com\/wp-content\/uploads\/2023\/06\/icon_pci01.png\" alt=\"\" class=\"wp-image-205\"\/><\/figure>\n<\/div>\n\n\n\n<div class=\"wp-block-column is-layout-flow wp-block-column-is-layout-flow\">\n<h4 class=\"wp-block-heading\">Cartes de cr\u00e9dit accept\u00e9es<\/h4>\n\n\n\n<div class=\"wp-block-group gap20 has-white-background-color has-background is-content-justification-center is-nowrap is-layout-flex wp-container-core-group-is-layout-94bc23d7 wp-block-group-is-layout-flex\">\n<figure class=\"wp-block-image alignleft size-full\"><img loading=\"lazy\" decoding=\"async\" width=\"87\" height=\"28\" src=\"https:\/\/bitwallet.com\/wp-content\/uploads\/2023\/10\/logo_card_visa01.png\" alt=\"\" class=\"wp-image-1345\"\/><\/figure>\n\n\n\n<figure class=\"wp-block-image alignleft size-full\"><img loading=\"lazy\" decoding=\"async\" width=\"75\" height=\"59\" src=\"https:\/\/bitwallet.com\/wp-content\/uploads\/2023\/10\/logo_card_master01.png\" alt=\"\" class=\"wp-image-1349\"\/><\/figure>\n\n\n\n<figure class=\"wp-block-image alignleft size-full\"><img loading=\"lazy\" decoding=\"async\" width=\"86\" height=\"66\" src=\"https:\/\/bitwallet.com\/wp-content\/uploads\/2023\/10\/logo_card_jcb02.png\" alt=\"\" class=\"wp-image-1348\"\/><\/figure>\n\n\n\n<figure class=\"wp-block-image alignleft size-full\"><img loading=\"lazy\" decoding=\"async\" width=\"118\" height=\"32\" src=\"https:\/\/bitwallet.com\/wp-content\/uploads\/2023\/10\/logo_card_diners01.png\" alt=\"\" class=\"wp-image-1346\"\/><\/figure>\n\n\n\n<figure class=\"wp-block-image alignleft size-full\"><img loading=\"lazy\" decoding=\"async\" width=\"77\" height=\"48\" src=\"https:\/\/bitwallet.com\/wp-content\/uploads\/2023\/10\/logo_card_discover01.png\" alt=\"\" class=\"wp-image-1347\"\/><\/figure>\n<\/div>\n<\/div>\n<\/div>\n\n\n\n<ul class=\"wp-block-list note kome\">\n<li class=\"nonum\">Le PCI DSS (Payment Card Industry Data Security Standard) est la norme mondiale de s\u00e9curit\u00e9 des cartes et est d\u00e9velopp\u00e9 et maintenu par 5 grandes marques internationales de cartes de cr\u00e9dit : American Express, Discover, JCB, Mastercard et VISA pour am\u00e9liorer la s\u00e9curit\u00e9 des donn\u00e9es des titulaires de cartes.<\/li>\n<\/ul>\n<\/div>\n\n\n\n<div class=\"wp-block-group has-global-padding is-layout-constrained wp-block-group-is-layout-constrained\">\n<div class=\"wp-block-columns has-background is-layout-flex wp-container-core-columns-is-layout-9d6595d7 wp-block-columns-is-layout-flex\" style=\"background-color:#f4f4f4\">\n<div class=\"wp-block-column is-layout-flow wp-block-column-is-layout-flow\">\n<h3 class=\"wp-block-heading\">Envoyer une facture \u00e0 des personnes sp\u00e9cifiques<\/h3>\n\n\n\n<p>La fonction de demande de paiement bitwallet permet aux commer\u00e7ants et aux utilisateurs de demander et de collecter des paiements en ligne aupr\u00e8s des titulaires de comptes bitwallet. Toutes les demandes de paiement fournissent un suivi complet des re\u00e7us de paiement automatiquement envoy\u00e9s aux deux parties. Personnalisez votre facture avec les informations n\u00e9cessaires telles que le nom du produit, le montant, le num\u00e9ro de facture, etc. Invoice permet aux utilisateurs de suivre et de surveiller le processus de paiement en temps r\u00e9el.<\/p>\n<\/div>\n\n\n\n<div class=\"wp-block-column is-layout-flow wp-block-column-is-layout-flow\">\n<h4 class=\"wp-block-heading\">Informations \u00e0 inclure<\/h4>\n\n\n\n<ul class=\"wp-block-list ast\">\n<li>Informations \u00e0 inclure<\/li>\n\n\n\n<li>Adresse e-mail<\/li>\n\n\n\n<li>Montant<\/li>\n\n\n\n<li>Description<br>Num\u00e9ro de facture<br>Exporter au format PDF<br>Mode de paiement (pour le compte bitwallet)<br>Note<\/li>\n<\/ul>\n\n\n\n<p class=\"has-text-align-right\">* Champs requis<\/p>\n<\/div>\n<\/div>\n<\/div>\n\n\n\n<div class=\"wp-block-group has-global-padding is-layout-constrained wp-block-group-is-layout-constrained\">\n<div class=\"wp-block-columns has-background is-layout-flex wp-container-core-columns-is-layout-9d6595d7 wp-block-columns-is-layout-flex\" style=\"background-color:#f4f4f4\">\n<div class=\"wp-block-column is-layout-flow wp-block-column-is-layout-flow\">\n<h3 class=\"wp-block-heading w50pc\">G\u00e9rer avec le nom du magasin ou de l&#039;entreprise<\/h3>\n\n\n\n<p>Les utilisateurs d&#039;un compte professionnel peuvent inclure le nom de leur boutique et d&#039;autres informations n\u00e9cessaires dans leur profil. Cela aide les clients \u00e0 avoir un meilleur aper\u00e7u et une compr\u00e9hension claire de leur historique d\u2019achat.<\/p>\n\n\n\n<p>bitwallet a toujours improvis\u00e9 les retours et conseils recueillis aupr\u00e8s des utilisateurs pour offrir une meilleure exp\u00e9rience de service et d&#039;interface, ravie de tous.<\/p>\n<\/div>\n<\/div>\n<\/div>\n<\/div>\n<\/div>\n<\/div><\/div>\n\n\n\n<div class=\"wp-block-cover alignwide is-light superiority\"><span aria-hidden=\"true\" class=\"wp-block-cover__background has-background-dim-100 has-background-dim\" style=\"background-color:#f7f7f7\"><\/span><div class=\"wp-block-cover__inner-container has-global-padding is-layout-constrained wp-block-cover-is-layout-constrained\">\n<h2 class=\"wp-block-heading has-text-align-center effect01\">Qu\u2019est-ce qui fait du bitwallet une plateforme d\u2019\u00e9lite ?<\/h2>\n\n\n\n<div class=\"wp-block-columns is-layout-flex wp-container-core-columns-is-layout-9d6595d7 wp-block-columns-is-layout-flex\">\n<div class=\"wp-block-column effect01 is-layout-flow wp-block-column-is-layout-flow\">\n<h3 class=\"wp-block-heading has-text-align-center\">Frais d&#039;inscription<\/h3>\n\n\n\n<h3 class=\"wp-block-heading has-text-align-center\">Gratuit<\/h3>\n\n\n\n<p>C&#039;est gratuit lorsque vous cr\u00e9ez un portefeuille avec nous. Aucun frais d&#039;inscription requis.<\/p>\n<\/div>\n\n\n\n<div class=\"wp-block-column effect01 fadeTimeA is-layout-flow wp-block-column-is-layout-flow\">\n<h3 class=\"wp-block-heading has-text-align-center\">Utilisation mensuelle<\/h3>\n\n\n\n<h3 class=\"wp-block-heading has-text-align-center\">Gratuit<\/h3>\n\n\n\n<p>Aucun frais suppl\u00e9mentaire lorsque vous nous utilisez.<\/p>\n<\/div>\n\n\n\n<div class=\"wp-block-column effect01 fadeTimeB is-layout-flow wp-block-column-is-layout-flow\">\n<h3 class=\"wp-block-heading has-text-align-center\">Frais de transaction<\/h3>\n\n\n\n<h3 class=\"wp-block-heading has-text-align-center\">Gratuit ~<\/h3>\n\n\n\n<p>Les paiements avec bitwallet commencent avec 0 frais de traitement.<\/p>\n<\/div>\n\n\n\n<div class=\"wp-block-column effect01 fadeTimeC is-layout-flow wp-block-column-is-layout-flow\">\n<h3 class=\"wp-block-heading has-text-align-center\">Retrait vers les banques japonaises<\/h3>\n\n\n\n<h3 class=\"wp-block-heading has-text-align-center translation-block\">824 <sub>JPY<\/sub><br> \uff0b<br> 0,8 <sub>% du<br> montant de retrait<br> chacun au plus bas<\/sub><\/h3>\n<\/div>\n<\/div>\n\n\n\n<p class=\"effect01\">Profitez de toute transaction au tarif minimum ou gratuitement. Uniquement chez bitwallet, o\u00f9 une solution de paiement parfaite rencontre une exp\u00e9rience de paiement incroyable. Nous visons \u00e0 all\u00e9ger le fardeau des co\u00fbts de transaction \u00e9lev\u00e9s en offrant un service \u00e0 des tarifs abordables pour tous.<\/p>\n\n\n\n<div class=\"wp-block-buttons effect01 fadeTimeB is-content-justification-center is-layout-flex wp-container-core-buttons-is-layout-16018d1d wp-block-buttons-is-layout-flex\">\n<div class=\"wp-block-button\"><a class=\"wp-block-button__link wp-element-button\" href=\"\/fr\/service\/handling-fee\/\">Apprendre encore plus<\/a><\/div>\n<\/div>\n<\/div><\/div>\n\n\n\n<div class=\"wp-block-cover alignwide is-light solution\"><span aria-hidden=\"true\" class=\"wp-block-cover__background has-background-dim-0 has-background-dim\"><\/span><img loading=\"lazy\" decoding=\"async\" width=\"3000\" height=\"460\" class=\"wp-block-cover__image-background wp-image-1154\" alt=\"\" src=\"https:\/\/bitwallet.com\/wp-content\/uploads\/2023\/09\/mv-feature-business2-jpg.webp\" data-object-fit=\"cover\"\/><div class=\"wp-block-cover__inner-container has-global-padding is-layout-constrained wp-block-cover-is-layout-constrained\">\n<h2 class=\"wp-block-heading has-text-align-center\"><strong>Solution de paiement parfaite pour les entreprises \u00e0 l&#039;\u00e9tranger<\/strong><\/h2>\n\n\n\n<div class=\"wp-block-buttons is-content-justification-center is-layout-flex wp-container-core-buttons-is-layout-16018d1d wp-block-buttons-is-layout-flex\">\n<div class=\"wp-block-button btn-signup effect01\"><a class=\"wp-block-button__link wp-element-button\" href=\"https:\/\/secure.bitwallet.com\/signup\/certification?lang=en\" target=\"_blank\" rel=\"noreferrer noopener\">Cr\u00e9er un portefeuille<\/a><\/div>\n<\/div>\n<\/div><\/div>\n\n\n\n<div class=\"wp-block-cover alignwide is-light case\"><span aria-hidden=\"true\" class=\"wp-block-cover__background has-background-dim-0 has-background-dim\"><\/span><img loading=\"lazy\" decoding=\"async\" width=\"3000\" height=\"484\" class=\"wp-block-cover__image-background wp-image-1297\" alt=\"\" src=\"https:\/\/bitwallet.com\/wp-content\/uploads\/2023\/10\/mv-business_example-jpg.webp\" data-object-fit=\"cover\"\/><div class=\"wp-block-cover__inner-container has-global-padding is-layout-constrained wp-block-cover-is-layout-constrained\">\n<h2 class=\"wp-block-heading alignwide has-text-align-center\"><strong>Impl\u00e9mentation du service de portefeuille<\/strong><\/h2>\n\n\n\n<div class=\"wp-block-group swiper business effect01 fadeTimeA has-global-padding is-layout-constrained wp-block-group-is-layout-constrained\">\n<div class=\"wp-block-group swiper-wrapper has-global-padding is-layout-constrained wp-block-group-is-layout-constrained\">\n<div class=\"wp-block-columns swiper-slide is-layout-flex wp-container-core-columns-is-layout-9d6595d7 wp-block-columns-is-layout-flex\">\n<div class=\"wp-block-column is-layout-flow wp-block-column-is-layout-flow\" style=\"flex-basis:470px\">\n<figure class=\"wp-block-image size-full\"><img loading=\"lazy\" decoding=\"async\" width=\"470\" height=\"383\" src=\"https:\/\/bitwallet.com\/wp-content\/uploads\/2023\/10\/business_case_fsg.png\" alt=\"\" class=\"wp-image-1301\"\/><\/figure>\n<\/div>\n\n\n\n<div class=\"wp-block-column is-layout-flow wp-block-column-is-layout-flow\">\n<p>Cas de paiement en ligne<\/p>\n\n\n\n<h3 class=\"wp-block-heading\">Gestion FSG<\/h3>\n\n\n\n<p>FSG Management Co., Ltd.<\/p>\n\n\n\n<p>FSG Management est un cabinet de conseil sp\u00e9cialis\u00e9 en gestion dans divers domaines, dont la comptabilit\u00e9 ainsi que la psychologie. Les frais de cours et les frais de consultation sont trait\u00e9s avec le syst\u00e8me de paiement en ligne bitwallet, ce qui augmente les opportunit\u00e9s commerciales et garantit le paiement instantan\u00e9.<\/p>\n\n\n\n<div class=\"wp-block-columns is-layout-flex wp-container-core-columns-is-layout-9d6595d7 wp-block-columns-is-layout-flex\">\n<div class=\"wp-block-column is-layout-flow wp-block-column-is-layout-flow\" style=\"flex-basis:16em\">\n<p>Compte professionnel<\/p>\n<\/div>\n\n\n\n<div class=\"wp-block-column is-layout-flow wp-block-column-is-layout-flow\">\n<p><a href=\"http:\/\/www.fsg-group.co.jp\/\" target=\"_blank\" rel=\"noreferrer noopener\">http:\/\/www.fsg-group.co.jp\/<\/a><\/p>\n<\/div>\n<\/div>\n<\/div>\n<\/div>\n\n\n\n<div class=\"wp-block-columns swiper-slide is-layout-flex wp-container-core-columns-is-layout-9d6595d7 wp-block-columns-is-layout-flex\">\n<div class=\"wp-block-column is-layout-flow wp-block-column-is-layout-flow\" style=\"flex-basis:470px\">\n<figure class=\"wp-block-image size-full\"><img loading=\"lazy\" decoding=\"async\" width=\"470\" height=\"383\" src=\"https:\/\/bitwallet.com\/wp-content\/uploads\/2023\/10\/business_case_kensetsu.png\" alt=\"\" class=\"wp-image-1302\"\/><\/figure>\n<\/div>\n\n\n\n<div class=\"wp-block-column is-layout-flow wp-block-column-is-layout-flow\">\n<p>Cas de paiement en ligne<\/p>\n\n\n\n<h3 class=\"wp-block-heading\">Approbation de la construction.com<\/h3>\n\n\n\n<p>Objectif de l&#039;entreprise du Scrivener administratif<\/p>\n\n\n\n<p>Construction Approval.com fournit un service de demande d&#039;approbation de travaux de construction rapide et facile. La r\u00e9mun\u00e9ration de chaque candidature retenue est collect\u00e9e par le syst\u00e8me de paiement bitwallet.<\/p>\n\n\n\n<div class=\"wp-block-columns is-layout-flex wp-container-core-columns-is-layout-9d6595d7 wp-block-columns-is-layout-flex\">\n<div class=\"wp-block-column is-layout-flow wp-block-column-is-layout-flow\" style=\"flex-basis:16em\">\n<p>Compte professionnel<\/p>\n<\/div>\n\n\n\n<div class=\"wp-block-column is-layout-flow wp-block-column-is-layout-flow\">\n<p><a rel=\"noreferrer noopener\" href=\"https:\/\/www.kensetsu-kinki.com\/\" target=\"_blank\">https:\/\/www.kensetsu-kinki.com\/<\/a><\/p>\n<\/div>\n<\/div>\n<\/div>\n<\/div>\n<\/div>\n<\/div>\n<\/div><\/div>\n\n\n\n<div class=\"wp-block-cover alignwide has-parallax info-step\"><span aria-hidden=\"true\" class=\"wp-block-cover__background has-cyan-bluish-gray-background-color has-background-dim-0 has-background-dim\"><\/span><div class=\"wp-block-cover__image-background wp-image-1269 has-parallax\" style=\"background-position:50% 50%;background-image:url(https:\/\/bitwallet.com\/wp-content\/uploads\/2023\/10\/mv-feature-business-step-jpg.webp)\"><\/div><div class=\"wp-block-cover__inner-container has-global-padding is-layout-constrained wp-block-cover-is-layout-constrained\">\n<h3 class=\"wp-block-heading has-text-align-center effect01\"><strong>Seulement 4 \u00e9tapes simples.<\/strong><br> <strong>Le portefeuille n\u00e9cessite au moins 30 minutes pour \u00eatre pr\u00eat.<\/strong><\/h3>\n\n\n\n<div class=\"wp-block-columns step is-layout-flex wp-container-core-columns-is-layout-9d6595d7 wp-block-columns-is-layout-flex\">\n<div class=\"wp-block-column effect01 is-layout-flow wp-block-column-is-layout-flow\">\n<p class=\"has-text-align-center\"><strong>\u00c9TAPE 1<\/strong><\/p>\n\n\n\n<figure class=\"wp-block-image aligncenter size-full\"><img loading=\"lazy\" decoding=\"async\" width=\"321\" height=\"321\" src=\"https:\/\/bitwallet.com\/wp-content\/uploads\/2023\/10\/icon_step1-wh.png\" alt=\"\" class=\"wp-image-1275\"\/><\/figure>\n\n\n\n<p>Inscrivez-vous depuis n\u2019importe quel appareil. Entrez vos informations de base sur la page d\u2019inscription pour commencer.<\/p>\n<\/div>\n\n\n\n<div class=\"wp-block-column effect01 fadeTimeA is-layout-flow wp-block-column-is-layout-flow\">\n<p class=\"has-text-align-center\"><strong>\u00c9TAPE 2<\/strong><\/p>\n\n\n\n<figure class=\"wp-block-image aligncenter size-full\"><img loading=\"lazy\" decoding=\"async\" width=\"321\" height=\"321\" src=\"https:\/\/bitwallet.com\/wp-content\/uploads\/2023\/10\/icon_step2-wh.png\" alt=\"\" class=\"wp-image-1276\"\/><\/figure>\n\n\n\n<p>Un lien de v\u00e9rification sera envoy\u00e9 \u00e0 votre adresse e-mail enregistr\u00e9e. Saisissez les autres informations n\u00e9cessaires pour continuer.<\/p>\n<\/div>\n\n\n\n<div class=\"wp-block-column effect01 fadeTimeB is-layout-flow wp-block-column-is-layout-flow\">\n<p class=\"has-text-align-center\"><strong>\u00c9TAPE 3<\/strong><\/p>\n\n\n\n<figure class=\"wp-block-image aligncenter size-full\"><img loading=\"lazy\" decoding=\"async\" width=\"321\" height=\"321\" src=\"https:\/\/bitwallet.com\/wp-content\/uploads\/2023\/10\/icon_step3-wh.png\" alt=\"\" class=\"wp-image-1277\"\/><\/figure>\n\n\n\n<p>Connectez-vous et t\u00e9l\u00e9chargez vos documents de v\u00e9rification d&#039;identit\u00e9, votre preuve d&#039;adresse r\u00e9sidentielle et votre selfie sur la page de soumission des documents de v\u00e9rification.<\/p>\n<\/div>\n\n\n\n<div class=\"wp-block-column effect01 fadeTimeC is-layout-flow wp-block-column-is-layout-flow\">\n<p class=\"has-text-align-center\"><strong>\u00c9TAPE 4<\/strong><\/p>\n\n\n\n<figure class=\"wp-block-image aligncenter size-full\"><img loading=\"lazy\" decoding=\"async\" width=\"321\" height=\"321\" src=\"https:\/\/bitwallet.com\/wp-content\/uploads\/2023\/10\/icon_step4-wh.png\" alt=\"\" class=\"wp-image-1278\"\/><\/figure>\n\n\n\n<p>Aux heures normales de travail, le travail de confirmation sera effectu\u00e9 en un minimum de 30 minutes. Une fois v\u00e9rifi\u00e9s et approuv\u00e9s, les informations de votre compte vous seront envoy\u00e9es par e-mail.<\/p>\n<\/div>\n<\/div>\n\n\n\n<div class=\"wp-block-columns frontpage-cv is-layout-flex wp-container-core-columns-is-layout-9d6595d7 wp-block-columns-is-layout-flex\">\n<div class=\"wp-block-column is-vertically-aligned-center is-layout-flow wp-block-column-is-layout-flow\"><\/div>\n\n\n\n<div class=\"wp-block-column is-layout-flow wp-block-column-is-layout-flow\">\n<div class=\"wp-block-buttons is-content-justification-center is-layout-flex wp-container-core-buttons-is-layout-16018d1d wp-block-buttons-is-layout-flex\">\n<div class=\"wp-block-button has-custom-width wp-block-button__width-100 btn-signup effect01\"><a class=\"wp-block-button__link wp-element-button\" href=\"https:\/\/secure.bitwallet.com\/signup\/certification?lang=en\" target=\"_blank\" rel=\"noreferrer noopener\">Cr\u00e9er un portefeuille<\/a><\/div>\n<\/div>\n<\/div>\n\n\n\n<div class=\"wp-block-column is-vertically-aligned-center is-layout-flow wp-block-column-is-layout-flow\">\n<p class=\"has-text-align-center effect01 fadeTimeB only-en\"><a href=\"\/fr\/service\/account-open\/\" data-type=\"page\" data-id=\"78\">En savoir plus<\/a><\/p>\n\n\n\n<p class=\"has-text-align-center effect01 fadeTimeB only-ja mt0\"><a href=\"\/fr\/service\/account-open\/\" data-type=\"page\" data-id=\"78\">\u30a6\u30a9\u30ec\u30c3\u30c8\u958b\u8a2d\u624b\u9806\u3092\u8a73\u3057\u304f<\/a><\/p>\n<\/div>\n<\/div>\n<\/div><\/div>\n\n\n\n<div class=\"wp-block-cover alignwide is-light help\"><span aria-hidden=\"true\" class=\"wp-block-cover__background has-background-dim-0 has-background-dim\"><\/span><img loading=\"lazy\" decoding=\"async\" width=\"2048\" height=\"336\" class=\"wp-block-cover__image-background wp-image-289\" alt=\"\" src=\"https:\/\/bitwallet.com\/wp-content\/uploads\/2023\/06\/mv-support-jpg.webp\" style=\"object-position:50% 50%\" data-object-fit=\"cover\" data-object-position=\"50% 50%\"\/><div class=\"wp-block-cover__inner-container has-global-padding is-layout-constrained wp-block-cover-is-layout-constrained\">\n<p class=\"has-large-font-size translation-block\"><strong>As-tu besoin d&#039;aide?<\/strong><br> <strong>Nous sommes l\u00e0 pour vous aider.<\/strong><\/p>\n\n\n\n<p class=\"translation-block\">Notre \u00e9quipe d&#039;assistance se consacre \u00e0 vous servir.<br> Contactez-nous si vous avez des questions concernant nos services.<\/p>\n\n\n\n<div class=\"wp-block-buttons is-layout-flex wp-block-buttons-is-layout-flex\">\n<div class=\"wp-block-button\"><a class=\"wp-block-button__link wp-element-button\" href=\"\/fr\/support\/contact\/\">Contactez-nous<\/a><\/div>\n<\/div>\n<\/div><\/div>","protected":false},"excerpt":{"rendered":"","protected":false},"author":5,"featured_media":0,"parent":24,"menu_order":33,"comment_status":"closed","ping_status":"closed","template":"","meta":{"footnotes":""},"class_list":["post-60","page","type-page","status-publish","hentry"],"_links":{"self":[{"href":"https:\/\/bitwallet.com\/fr\/wp-json\/wp\/v2\/pages\/60","targetHints":{"allow":["GET"]}}],"collection":[{"href":"https:\/\/bitwallet.com\/fr\/wp-json\/wp\/v2\/pages"}],"about":[{"href":"https:\/\/bitwallet.com\/fr\/wp-json\/wp\/v2\/types\/page"}],"author":[{"embeddable":true,"href":"https:\/\/bitwallet.com\/fr\/wp-json\/wp\/v2\/users\/5"}],"replies":[{"embeddable":true,"href":"https:\/\/bitwallet.com\/fr\/wp-json\/wp\/v2\/comments?post=60"}],"version-history":[{"count":132,"href":"https:\/\/bitwallet.com\/fr\/wp-json\/wp\/v2\/pages\/60\/revisions"}],"predecessor-version":[{"id":4907,"href":"https:\/\/bitwallet.com\/fr\/wp-json\/wp\/v2\/pages\/60\/revisions\/4907"}],"up":[{"embeddable":true,"href":"https:\/\/bitwallet.com\/fr\/wp-json\/wp\/v2\/pages\/24"}],"wp:attachment":[{"href":"https:\/\/bitwallet.com\/fr\/wp-json\/wp\/v2\/media?parent=60"}],"curies":[{"name":"wp","href":"https:\/\/api.w.org\/{rel}","templated":true}]}}