{"id":26,"date":"2023-05-10T02:44:42","date_gmt":"2023-05-10T02:44:42","guid":{"rendered":"https:\/\/bitwallet.com\/?page_id=26"},"modified":"2025-10-27T11:14:43","modified_gmt":"2025-10-27T02:14:43","slug":"personal","status":"publish","type":"page","link":"https:\/\/bitwallet.com\/fr\/feature\/personal\/","title":{"rendered":"Compte personnel"},"content":{"rendered":"<div class=\"wp-block-cover alignwide is-light header\"><img loading=\"lazy\" decoding=\"async\" width=\"2048\" height=\"518\" class=\"wp-block-cover__image-background wp-image-105\" alt=\"\" src=\"https:\/\/bitwallet.com\/wp-content\/uploads\/2023\/05\/mv-feature-personal-jpg.webp\" style=\"object-position:76% 41%\" data-object-fit=\"cover\" data-object-position=\"76% 41%\"\/><span aria-hidden=\"true\" class=\"wp-block-cover__background has-background-dim-0 has-background-dim\"><\/span><div class=\"wp-block-cover__inner-container has-global-padding is-layout-constrained wp-block-cover-is-layout-constrained\">\n<h1 class=\"wp-block-heading has-text-align-left effect00\">Compte personnel<\/h1>\n\n\n\n<p class=\"effect00 fadeTimeA\">Discover, une exp\u00e9rience simple et transparente lorsque vous effectuez des paiements \u00e0 des utilisateurs ou \u00e0 des commer\u00e7ants avec bitwallet. Votre compte portefeuille de devises personnel \u00e9quip\u00e9 des normes de s\u00e9curit\u00e9 les plus \u00e9lev\u00e9es du secteur.<\/p>\n\n\n\n<div class=\"wp-block-buttons is-layout-flex wp-block-buttons-is-layout-flex\">\n<div class=\"wp-block-button btn-signup effect00 fadeTimeB\"><a class=\"wp-block-button__link wp-element-button\" href=\"https:\/\/secure.bitwallet.com\/signup\/certification?lang=en\" target=\"_blank\" rel=\"noreferrer noopener\">Cr\u00e9er un portefeuille<\/a><\/div>\n<\/div>\n<\/div><\/div>\n\n\n\n<div class=\"wp-block-cover alignwide is-light headcopy\" style=\"min-height:138px;aspect-ratio:unset;\" id=\"maincontetnts\"><span aria-hidden=\"true\" class=\"wp-block-cover__background has-background-dim-100 has-background-dim\" style=\"background-color:#f7f7f7\"><\/span><div class=\"wp-block-cover__inner-container has-global-padding is-layout-constrained wp-block-cover-is-layout-constrained\">\n<p class=\"has-text-align-center effect00\">bitwallet, fournissant des solutions de paiement dans les 4 devises les plus n\u00e9goci\u00e9es (USD, JPY, EUR et AUD). Un portefeuille num\u00e9rique \u00e9quip\u00e9 d&#039;une s\u00e9curit\u00e9 de classe mondiale.<\/p>\n<\/div><\/div>\n\n\n\n<div class=\"wp-block-cover alignwide is-light\"><span aria-hidden=\"true\" class=\"wp-block-cover__background has-background-dim-0 has-background-dim\"><\/span><div class=\"wp-block-cover__inner-container has-global-padding is-layout-constrained wp-block-cover-is-layout-constrained\">\n<div class=\"wp-block-group swiper feature effect01 fadeTimeA has-global-padding is-layout-constrained wp-block-group-is-layout-constrained\">\n<div class=\"wp-block-group swiper-wrapper has-global-padding is-layout-constrained wp-block-group-is-layout-constrained\">\n<div class=\"wp-block-columns swiper-slide is-layout-flex wp-container-core-columns-is-layout-9d6595d7 wp-block-columns-is-layout-flex\">\n<div class=\"wp-block-column is-layout-flow wp-block-column-is-layout-flow\">\n<figure class=\"wp-block-image size-full personalAnime01\"><img loading=\"lazy\" decoding=\"async\" width=\"616\" height=\"492\" src=\"https:\/\/bitwallet.com\/wp-content\/uploads\/2023\/06\/personal_quality_img01.png\" alt=\"\" class=\"wp-image-195\"\/><\/figure>\n<\/div>\n\n\n\n<div class=\"wp-block-column is-layout-flow wp-block-column-is-layout-flow\">\n<h2 class=\"wp-block-heading personalAnime02\">Le portefeuille le plus intuitif<\/h2>\n\n\n\n<p class=\"personalAnime03\">bitwallet permet aux utilisateurs d&#039;effectuer des transactions dans diff\u00e9rentes devises. Le service de portefeuille num\u00e9rique le plus s\u00fbr et le plus polyvalent.<\/p>\n\n\n\n<p class=\"personalAnime03\">bitwallet est enti\u00e8rement conforme \u00e0 PCI DSS(*) et adh\u00e8re strictement \u00e0 la norme PCI en offrant un niveau plus \u00e9lev\u00e9 de s\u00e9curit\u00e9 des donn\u00e9es et en prot\u00e9geant les informations des utilisateurs sur la plateforme de paiement. D\u00e9posez dans 4 devises principales (USD, JPY, EUR, AUD) en toute s\u00e9curit\u00e9.<\/p>\n\n\n\n<div class=\"wp-block-columns is-not-stacked-on-mobile gap20 mt2em personalAnime04 is-layout-flex wp-container-core-columns-is-layout-9d6595d7 wp-block-columns-is-layout-flex\">\n<div class=\"wp-block-column is-layout-flow wp-block-column-is-layout-flow\" style=\"flex-basis:95px\">\n<figure class=\"wp-block-image size-full w100\"><img loading=\"lazy\" decoding=\"async\" width=\"95\" height=\"37\" src=\"https:\/\/bitwallet.com\/wp-content\/uploads\/2023\/06\/icon_pci01.png\" alt=\"\" class=\"wp-image-205\"\/><\/figure>\n<\/div>\n\n\n\n<div class=\"wp-block-column is-layout-flow wp-block-column-is-layout-flow\">\n<p class=\"note has-small-font-size\">PCI DSS (Payment Card Industry Data Security Standard) est la norme mondiale de s\u00e9curit\u00e9 des cartes et est d\u00e9velopp\u00e9e et maintenue par 5 grandes marques internationales de cartes de cr\u00e9dit : American Express, Discover, JCB, Mastercard et VISA pour am\u00e9liorer la s\u00e9curit\u00e9 des donn\u00e9es des titulaires de cartes.<\/p>\n<\/div>\n<\/div>\n<\/div>\n<\/div>\n\n\n\n<div class=\"wp-block-columns swiper-slide is-layout-flex wp-container-core-columns-is-layout-9d6595d7 wp-block-columns-is-layout-flex\">\n<div class=\"wp-block-column is-layout-flow wp-block-column-is-layout-flow\">\n<figure class=\"wp-block-image size-full personalAnime01\"><img loading=\"lazy\" decoding=\"async\" width=\"690\" height=\"490\" src=\"https:\/\/bitwallet.com\/wp-content\/uploads\/2023\/06\/personal_quality_img03.png\" alt=\"\" class=\"wp-image-199\"\/><\/figure>\n<\/div>\n\n\n\n<div class=\"wp-block-column is-layout-flow wp-block-column-is-layout-flow\">\n<h2 class=\"wp-block-heading personalAnime02\">Diff\u00e9rents choix de paiement<\/h2>\n\n\n\n<p class=\"personalAnime03\">bitwallet prend en charge diverses m\u00e9thodes de virement bancaire, effectuant ainsi les paiements depuis votre compte bancaire vers les commer\u00e7ants de mani\u00e8re transparente et sans effort.<\/p>\n\n\n\n<p class=\"personalAnime03\">Avec bitwallet, vous pouvez effectuer et recevoir des paiements rapidement avec des frais comp\u00e9titifs.<\/p>\n<\/div>\n<\/div>\n<\/div>\n<\/div>\n\n<\/div><\/div>\n\n\n\n<div class=\"wp-block-cover alignwide is-light info-feature\" style=\"min-height:140px;aspect-ratio:unset;\"><span aria-hidden=\"true\" class=\"wp-block-cover__background has-background-dim-100 has-background-dim\" style=\"background-color:#f1f1f1\"><\/span><div class=\"wp-block-cover__inner-container has-global-padding is-layout-constrained wp-block-cover-is-layout-constrained\">\n<div class=\"wp-block-columns is-layout-flex wp-container-core-columns-is-layout-9d6595d7 wp-block-columns-is-layout-flex\">\n<div class=\"wp-block-column effect01 is-layout-flow wp-block-column-is-layout-flow\" style=\"flex-basis:25%\">\n<div class=\"wp-block-buttons is-horizontal is-content-justification-center is-layout-flex wp-container-core-buttons-is-layout-499968f5 wp-block-buttons-is-layout-flex\">\n<div class=\"wp-block-button is-style-fill only-en\"><a class=\"wp-block-button__link wp-element-button\" href=\"https:\/\/bitwallet.com\/fr\/service\/deposit\/\" style=\"border-radius:0px\"><img loading=\"lazy\" decoding=\"async\" width=\"180\" height=\"128\" class=\"wp-image-5015\" style=\"width: 180px;\" src=\"https:\/\/bitwallet.com\/wp-content\/uploads\/2024\/12\/icon_personal_prepare.png\" alt=\"\"><br>PR\u00c9PARER<\/a><\/div>\n\n\n\n<div class=\"wp-block-button is-style-fill only-ja\"><a class=\"wp-block-button__link wp-element-button\" href=\"https:\/\/bitwallet.com\/fr\/service\/prepare\/\" style=\"border-radius:0px\"><img loading=\"lazy\" decoding=\"async\" width=\"180\" height=\"128\" class=\"wp-image-5015\" style=\"width: 180px;\" src=\"https:\/\/bitwallet.com\/wp-content\/uploads\/2024\/12\/icon_personal_prepare.png\" alt=\"\"><br>Le prix<\/a><\/div>\n<\/div>\n\n\n\n<p>Prend en charge un mode de paiement simple via carte de cr\u00e9dit, services bancaires en ligne et distributeurs automatiques de billets aupr\u00e8s d&#039;institutions financi\u00e8res du monde entier.<\/p>\n<\/div>\n\n\n\n<div class=\"wp-block-column effect01 fadeTimeB is-layout-flow wp-block-column-is-layout-flow\" style=\"flex-basis:25%\">\n<div class=\"wp-block-buttons is-horizontal is-content-justification-center is-layout-flex wp-container-core-buttons-is-layout-499968f5 wp-block-buttons-is-layout-flex\">\n<div class=\"wp-block-button is-style-fill only-en\"><a class=\"wp-block-button__link wp-element-button\" href=\"https:\/\/bitwallet.com\/fr\/service\/payment\/\" style=\"border-radius:0px\"><img loading=\"lazy\" decoding=\"async\" width=\"180\" height=\"128\" class=\"wp-image-5014\" style=\"width: 180px;\" src=\"https:\/\/bitwallet.com\/wp-content\/uploads\/2024\/12\/icon_personal_payment.png\" alt=\"\"><br>PAIEMENT<\/a><\/div>\n\n\n\n<div class=\"wp-block-button is-style-fill only-ja\"><a class=\"wp-block-button__link wp-element-button\" href=\"https:\/\/bitwallet.com\/fr\/service\/payment\/\" style=\"border-radius:0px\"><img loading=\"lazy\" decoding=\"async\" width=\"180\" height=\"128\" class=\"wp-image-5014\" style=\"width: 180px;\" src=\"https:\/\/bitwallet.com\/wp-content\/uploads\/2024\/12\/icon_personal_payment.png\" alt=\"\"><br>\u304a\u652f\u6255<\/a><\/div>\n<\/div>\n\n\n\n<p>Avec bitwallet, vous pouvez facilement payer USD, JPY, EUR ou AUD \u00e0 d&#039;autres utilisateurs en un seul clic. Les transactions sont trait\u00e9es 24h\/24 et 7j\/7, 365 jours.<\/p>\n<\/div>\n\n\n\n<div class=\"wp-block-column effect01 fadeTimeA is-layout-flow wp-block-column-is-layout-flow\" style=\"flex-basis:25%\">\n<div class=\"wp-block-buttons is-horizontal is-content-justification-center is-layout-flex wp-container-core-buttons-is-layout-499968f5 wp-block-buttons-is-layout-flex\">\n<div class=\"wp-block-button is-style-fill only-en\"><a class=\"wp-block-button__link wp-element-button\" href=\"https:\/\/bitwallet.com\/fr\/service\/receive\/\" style=\"border-radius:0px\"><img loading=\"lazy\" decoding=\"async\" width=\"180\" height=\"128\" class=\"wp-image-5012\" style=\"width: 180px;\" src=\"https:\/\/bitwallet.com\/wp-content\/uploads\/2024\/12\/icon_personal_recieve.png\" alt=\"\"><br>RECEVOIR<\/a><\/div>\n\n\n\n<div class=\"wp-block-button is-style-fill only-ja\"><a class=\"wp-block-button__link wp-element-button\" href=\"https:\/\/bitwallet.com\/fr\/service\/receive\/\" style=\"border-radius:0px\"><img loading=\"lazy\" decoding=\"async\" width=\"180\" height=\"128\" class=\"wp-image-5012\" style=\"width: 180px;\" src=\"https:\/\/bitwallet.com\/wp-content\/uploads\/2024\/12\/icon_personal_recieve.png\" alt=\"\"><br>\u00c7a valait la peine<\/a><\/div>\n<\/div>\n\n\n\n<p>Retirez sur votre compte bancaire d\u00e9sign\u00e9 dans les devises disponibles\u00a0: USD, JPY, EUR, AUD(\u203b1).<\/p>\n<\/div>\n\n\n\n<div class=\"wp-block-column effect01 fadeTimeC is-layout-flow wp-block-column-is-layout-flow\" style=\"flex-basis:25%\">\n<div class=\"wp-block-buttons is-horizontal is-content-justification-center is-layout-flex wp-container-core-buttons-is-layout-499968f5 wp-block-buttons-is-layout-flex\">\n<div class=\"wp-block-button is-style-fill only-en\"><a class=\"wp-block-button__link wp-element-button\" href=\"https:\/\/bitwallet.com\/fr\/service\/exchange\/\" style=\"border-radius:0px\"><img loading=\"lazy\" decoding=\"async\" width=\"180\" height=\"128\" class=\"wp-image-5013\" style=\"width: 180px;\" src=\"https:\/\/bitwallet.com\/wp-content\/uploads\/2024\/12\/icon_personal_exchange.png\" alt=\"\"><br>\u00c9CHANGE<\/a><\/div>\n\n\n\n<div class=\"wp-block-button is-style-fill only-ja\"><a class=\"wp-block-button__link wp-element-button\" href=\"https:\/\/bitwallet.com\/fr\/service\/exchange\/\" style=\"border-radius:0px\"><img loading=\"lazy\" decoding=\"async\" width=\"180\" height=\"128\" class=\"wp-image-5013\" style=\"width: 180px;\" src=\"https:\/\/bitwallet.com\/wp-content\/uploads\/2024\/12\/icon_personal_exchange.png\" alt=\"\"><br>\u4e21\u66ff<\/a><\/div>\n<\/div>\n\n\n\n<p>\u00c9changez des devises \u00e0 des taux pr\u00e9f\u00e9rentiels. bitwallet propose un service de change USD, JPY, EUR et AUD 24 heures sur 24. Traitement des \u00e9changes en temps r\u00e9el 24h\/24 et 7j\/7.<\/p>\n<\/div>\n<\/div>\n\n\n\n<ul class=\"wp-block-list note mt2em\">\n<li class=\"has-small-font-size\">(\u203b1) Disponible uniquement pendant les heures normales de banque.<\/li>\n<\/ul>\n<\/div><\/div>\n\n\n\n<div class=\"wp-block-cover alignwide is-light point-personal1 effect01\"><img loading=\"lazy\" decoding=\"async\" width=\"3000\" height=\"525\" class=\"wp-block-cover__image-background wp-image-127\" alt=\"\" src=\"https:\/\/bitwallet.com\/wp-content\/uploads\/2023\/05\/mv-feature-personal1.jpg\" data-object-fit=\"cover\"\/><span aria-hidden=\"true\" class=\"wp-block-cover__background has-background-dim-0 has-background-dim\"><\/span><div class=\"wp-block-cover__inner-container has-global-padding is-layout-constrained wp-block-cover-is-layout-constrained\">\n<p class=\"has-text-align-left has-large-font-size\">\u00c9change de devises mondial instantan\u00e9<\/p>\n\n\n\n<p>Dites adieu aux frais de change co\u00fbteux. B\u00e9n\u00e9ficiez gratuitement du service de change bitwallet.<\/p>\n<\/div><\/div>\n\n\n\n<div class=\"wp-block-cover alignwide is-light point-personal2 effect01\"><img loading=\"lazy\" decoding=\"async\" width=\"3000\" height=\"525\" class=\"wp-block-cover__image-background wp-image-129\" alt=\"\" src=\"https:\/\/bitwallet.com\/wp-content\/uploads\/2023\/05\/mv-feature-personal2-jpg.webp\" data-object-fit=\"cover\"\/><span aria-hidden=\"true\" class=\"wp-block-cover__background has-background-dim-0 has-background-dim\"><\/span><div class=\"wp-block-cover__inner-container has-global-padding is-layout-constrained wp-block-cover-is-layout-constrained\">\n<p class=\"has-text-align-left has-large-font-size\">Plateforme pr\u00e9f\u00e9r\u00e9e pour les paiements \u00e0 l\u2019\u00e9tranger.<\/p>\n\n\n\n<p>bitwallet est choisi comme la solution de paiement la plus id\u00e9ale par de nombreuses personnes pour fournir des services de d\u00e9p\u00f4t et de retrait rapides.<\/p>\n<\/div><\/div>\n\n\n\n<div class=\"wp-block-cover alignwide is-light point-personal3 effect01\" style=\"min-height:430px;aspect-ratio:unset;\"><img loading=\"lazy\" decoding=\"async\" width=\"3000\" height=\"525\" class=\"wp-block-cover__image-background wp-image-130\" alt=\"\" src=\"https:\/\/bitwallet.com\/wp-content\/uploads\/2023\/05\/mv-feature-personal3-jpg.webp\" data-object-fit=\"cover\"\/><span aria-hidden=\"true\" class=\"wp-block-cover__background has-background-dim-0 has-background-dim\"><\/span><div class=\"wp-block-cover__inner-container has-global-padding is-layout-constrained wp-block-cover-is-layout-constrained\">\n<p class=\"has-text-align-left has-large-font-size\">Retirer de n&#039;importe o\u00f9<\/p>\n\n\n\n<p>Retirez sur n&#039;importe quel compte bancaire et recevez dans un d\u00e9lai d&#039;un jour ouvrable. Transf\u00e9rez vers n\u2019importe quel pays pr\u00e9f\u00e9r\u00e9 au tarif que vous souhaitez.<\/p>\n<\/div><\/div>\n\n\n\n<div class=\"wp-block-group alignwide info-lets is-layout-flow wp-block-group-is-layout-flow\">\n<p class=\"has-text-align-center effect01\">D\u00e9couvrez le portefeuille num\u00e9rique le plus performant au monde<\/p>\n\n\n\n<h2 class=\"wp-block-heading has-text-align-center effect01\">Rejoignez nous maintenant<\/h2>\n\n\n\n<div class=\"wp-block-columns alignwide are-vertically-aligned-center is-not-stacked-on-mobile effect01 fadeTimeB is-layout-flex wp-container-core-columns-is-layout-9d6595d7 wp-block-columns-is-layout-flex\">\n<div class=\"wp-block-column is-vertically-aligned-center has-vivid-cyan-blue-background-color has-background is-layout-flow wp-block-column-is-layout-flow\">\n<p class=\"has-text-align-right translation-block\">Frais d&#039;inscription<br> Redevance mensuelle<\/p>\n<\/div>\n\n\n\n<div class=\"wp-block-column is-vertically-aligned-center has-pale-cyan-blue-background-color has-background is-layout-flow wp-block-column-is-layout-flow\">\n<p>0Yen<\/p>\n<\/div>\n<\/div>\n<\/div>\n\n\n\n<div class=\"wp-block-cover alignwide is-light info-step\"><span aria-hidden=\"true\" class=\"wp-block-cover__background has-background-dim-0 has-background-dim\"><\/span><div class=\"wp-block-cover__inner-container has-global-padding is-layout-constrained wp-block-cover-is-layout-constrained\">\n<h3 class=\"wp-block-heading has-text-align-center effect01\"><strong>Seulement 4 \u00e9tapes simples.<\/strong><br> <strong>Le portefeuille n\u00e9cessite au moins 30 minutes pour \u00eatre pr\u00eat.<\/strong><\/h3>\n\n\n\n<div class=\"wp-block-columns step is-layout-flex wp-container-core-columns-is-layout-9d6595d7 wp-block-columns-is-layout-flex\">\n<div class=\"wp-block-column effect01 is-layout-flow wp-block-column-is-layout-flow\">\n<p class=\"has-text-align-center\"><strong>\u00c9TAPE 1<\/strong><\/p>\n\n\n\n<figure class=\"wp-block-image aligncenter size-full\"><img loading=\"lazy\" decoding=\"async\" width=\"321\" height=\"321\" src=\"https:\/\/bitwallet.com\/wp-content\/uploads\/2023\/06\/icon_step1.png\" alt=\"\" class=\"wp-image-190\"\/><\/figure>\n\n\n\n<p>Inscrivez-vous depuis n\u2019importe quel appareil. Entrez vos informations de base sur la page d\u2019inscription pour commencer.<\/p>\n<\/div>\n\n\n\n<div class=\"wp-block-column effect01 fadeTimeA is-layout-flow wp-block-column-is-layout-flow\">\n<p class=\"has-text-align-center\"><strong>\u00c9TAPE 2<\/strong><\/p>\n\n\n\n<figure class=\"wp-block-image aligncenter size-full\"><img loading=\"lazy\" decoding=\"async\" width=\"321\" height=\"321\" src=\"https:\/\/bitwallet.com\/wp-content\/uploads\/2023\/06\/icon_step2.png\" alt=\"\" class=\"wp-image-191\"\/><\/figure>\n\n\n\n<p>Un lien de v\u00e9rification sera envoy\u00e9 \u00e0 votre adresse e-mail enregistr\u00e9e. Saisissez les autres informations n\u00e9cessaires pour continuer.<\/p>\n<\/div>\n\n\n\n<div class=\"wp-block-column effect01 fadeTimeB is-layout-flow wp-block-column-is-layout-flow\">\n<p class=\"has-text-align-center\"><strong>\u00c9TAPE 3<\/strong><\/p>\n\n\n\n<figure class=\"wp-block-image aligncenter size-full\"><img loading=\"lazy\" decoding=\"async\" width=\"321\" height=\"321\" src=\"https:\/\/bitwallet.com\/wp-content\/uploads\/2023\/06\/icon_step3.png\" alt=\"\" class=\"wp-image-192\"\/><\/figure>\n\n\n\n<p>Connectez-vous et t\u00e9l\u00e9chargez vos documents de v\u00e9rification d&#039;identit\u00e9, votre preuve d&#039;adresse r\u00e9sidentielle et votre selfie sur la page de soumission des documents de v\u00e9rification.<\/p>\n<\/div>\n\n\n\n<div class=\"wp-block-column effect01 fadeTimeC is-layout-flow wp-block-column-is-layout-flow\">\n<p class=\"has-text-align-center\"><strong>\u00c9TAPE 4<\/strong><\/p>\n\n\n\n<figure class=\"wp-block-image aligncenter size-full\"><img loading=\"lazy\" decoding=\"async\" width=\"321\" height=\"321\" src=\"https:\/\/bitwallet.com\/wp-content\/uploads\/2023\/06\/icon_step4.png\" alt=\"\" class=\"wp-image-193\"\/><\/figure>\n\n\n\n<p>Aux heures normales de travail, le travail de confirmation sera effectu\u00e9 en un minimum de 30 minutes. Une fois v\u00e9rifi\u00e9s et approuv\u00e9s, les informations de votre compte vous seront envoy\u00e9es par e-mail.<\/p>\n<\/div>\n<\/div>\n\n\n\n<div class=\"wp-block-columns frontpage-cv is-layout-flex wp-container-core-columns-is-layout-9d6595d7 wp-block-columns-is-layout-flex\">\n<div class=\"wp-block-column is-vertically-aligned-center is-layout-flow wp-block-column-is-layout-flow\"><\/div>\n\n\n\n<div class=\"wp-block-column is-layout-flow wp-block-column-is-layout-flow\">\n<div class=\"wp-block-buttons is-content-justification-center is-layout-flex wp-container-core-buttons-is-layout-16018d1d wp-block-buttons-is-layout-flex\">\n<div class=\"wp-block-button has-custom-width wp-block-button__width-100 btn-signup effect01\"><a class=\"wp-block-button__link wp-element-button\" href=\"https:\/\/secure.bitwallet.com\/signup\/certification?lang=en\" target=\"_blank\" rel=\"noreferrer noopener\">Cr\u00e9er un portefeuille<\/a><\/div>\n<\/div>\n<\/div>\n\n\n\n<div class=\"wp-block-column is-vertically-aligned-center is-layout-flow wp-block-column-is-layout-flow\">\n<p class=\"has-text-align-center effect01 fadeTimeB\"><a href=\"\/fr\/service\/account-open\/\" data-type=\"page\" data-id=\"78\"><span class=\"only-en\">En savoir plus<\/span><span class=\"only-ja\">\u30a6\u30a9\u30ec\u30c3\u30c8\u958b\u8a2d\u624b\u9806\u3092\u8a73\u3057\u304f<\/span><\/a><\/p>\n<\/div>\n<\/div>\n<\/div><\/div>\n\n\n\n<div class=\"wp-block-cover alignwide is-light help\"><img loading=\"lazy\" decoding=\"async\" width=\"2048\" height=\"336\" class=\"wp-block-cover__image-background wp-image-289\" alt=\"\" src=\"https:\/\/bitwallet.com\/wp-content\/uploads\/2023\/06\/mv-support-jpg.webp\" style=\"object-position:50% 50%\" data-object-fit=\"cover\" data-object-position=\"50% 50%\"\/><span aria-hidden=\"true\" class=\"wp-block-cover__background has-background-dim-0 has-background-dim\"><\/span><div class=\"wp-block-cover__inner-container has-global-padding is-layout-constrained wp-block-cover-is-layout-constrained\">\n<p class=\"has-large-font-size translation-block\"><strong>As-tu besoin d&#039;aide?<\/strong><br> <strong>Nous sommes l\u00e0 pour vous aider.<\/strong><\/p>\n\n\n\n<p class=\"translation-block\">Notre \u00e9quipe d&#039;assistance se consacre \u00e0 vous servir.<br> Contactez-nous si vous avez des questions concernant nos services.<\/p>\n\n\n\n<div class=\"wp-block-buttons is-layout-flex wp-block-buttons-is-layout-flex\">\n<div class=\"wp-block-button\"><a class=\"wp-block-button__link wp-element-button\" href=\"\/fr\/support\/contact\/\">Contactez-nous<\/a><\/div>\n<\/div>\n<\/div><\/div>","protected":false},"excerpt":{"rendered":"<p>G\u00e9rez vos finances personnelles sur bitwallet. Notre plateforme offre des solutions rapides, s\u00e9curis\u00e9es et pratiques pour g\u00e9rer votre argent. Inscrivez-vous pour un compte gratuit aujourd&#039;hui.<\/p>","protected":false},"author":5,"featured_media":0,"parent":24,"menu_order":32,"comment_status":"closed","ping_status":"closed","template":"","meta":{"footnotes":""},"class_list":["post-26","page","type-page","status-publish","hentry"],"_links":{"self":[{"href":"https:\/\/bitwallet.com\/fr\/wp-json\/wp\/v2\/pages\/26","targetHints":{"allow":["GET"]}}],"collection":[{"href":"https:\/\/bitwallet.com\/fr\/wp-json\/wp\/v2\/pages"}],"about":[{"href":"https:\/\/bitwallet.com\/fr\/wp-json\/wp\/v2\/types\/page"}],"author":[{"embeddable":true,"href":"https:\/\/bitwallet.com\/fr\/wp-json\/wp\/v2\/users\/5"}],"replies":[{"embeddable":true,"href":"https:\/\/bitwallet.com\/fr\/wp-json\/wp\/v2\/comments?post=26"}],"version-history":[{"count":108,"href":"https:\/\/bitwallet.com\/fr\/wp-json\/wp\/v2\/pages\/26\/revisions"}],"predecessor-version":[{"id":5688,"href":"https:\/\/bitwallet.com\/fr\/wp-json\/wp\/v2\/pages\/26\/revisions\/5688"}],"up":[{"embeddable":true,"href":"https:\/\/bitwallet.com\/fr\/wp-json\/wp\/v2\/pages\/24"}],"wp:attachment":[{"href":"https:\/\/bitwallet.com\/fr\/wp-json\/wp\/v2\/media?parent=26"}],"curies":[{"name":"wp","href":"https:\/\/api.w.org\/{rel}","templated":true}]}}