{"id":24,"date":"2023-05-10T02:36:22","date_gmt":"2023-05-10T02:36:22","guid":{"rendered":"https:\/\/bitwallet.com\/?page_id=24"},"modified":"2024-09-26T10:00:57","modified_gmt":"2024-09-26T01:00:57","slug":"feature","status":"publish","type":"page","link":"https:\/\/bitwallet.com\/fr\/feature\/","title":{"rendered":"Caract\u00e9ristiques"},"content":{"rendered":"<div class=\"wp-block-cover alignwide is-light header\"><span aria-hidden=\"true\" class=\"wp-block-cover__background has-background-dim-0 has-background-dim\"><\/span><div class=\"wp-block-cover__inner-container has-global-padding is-layout-constrained wp-block-cover-is-layout-constrained\">\n<h1 class=\"wp-block-heading has-text-align-left effect00 has-large-font-size\">Caract\u00e9ristiques<\/h1>\n\n\n\n<p class=\"effect00 fadeTimeA\">Pr\u00e9sentation des comptes bitwallet<\/p>\n<\/div><\/div>\n\n\n\n<div class=\"wp-block-group alignfull menu has-global-padding is-layout-constrained wp-block-group-is-layout-constrained\">\n<div class=\"wp-block-cover alignwide is-light\"><span aria-hidden=\"true\" class=\"wp-block-cover__background has-background-dim-100 has-background-dim\" style=\"background-color:#2bc0ef\"><\/span><div class=\"wp-block-cover__inner-container has-global-padding is-layout-constrained wp-block-cover-is-layout-constrained\">\n<div class=\"wp-block-columns is-layout-flex wp-container-core-columns-is-layout-9d6595d7 wp-block-columns-is-layout-flex\">\n<div class=\"wp-block-column img is-layout-flow wp-block-column-is-layout-flow\" style=\"flex-basis:50%\">\n<p class=\"has-text-align-center effect00\"><a href=\"https:\/\/bitwallet.com\/fr\/feature\/personal\/\" data-type=\"page\" data-id=\"26\"><img loading=\"lazy\" decoding=\"async\" width=\"150\" height=\"38\" class=\"wp-image-105\" style=\"width: 150px;\" src=\"https:\/\/bitwallet.com\/wp-content\/uploads\/2023\/05\/mv-feature-personal-jpg.webp\" alt=\"\"><\/a><\/p>\n<\/div>\n\n\n\n<div class=\"wp-block-column effect00 fadeTimeA is-layout-flow wp-block-column-is-layout-flow\" style=\"flex-basis:50%\">\n<h2 class=\"wp-block-heading\"><a href=\"https:\/\/bitwallet.com\/fr\/feature\/personal\/\" data-type=\"page\" data-id=\"26\">Compte personnel<\/a><\/h2>\n\n\n\n<p>Discover, une exp\u00e9rience simple et transparente lorsque vous effectuez des paiements \u00e0 des utilisateurs ou \u00e0 des commer\u00e7ants avec bitwallet. Votre compte portefeuille de devises personnel \u00e9quip\u00e9 des normes de s\u00e9curit\u00e9 les plus \u00e9lev\u00e9es du secteur.<\/p>\n<\/div>\n<\/div>\n<\/div><\/div>\n\n\n\n<div class=\"wp-block-cover alignwide\"><span aria-hidden=\"true\" class=\"wp-block-cover__background has-background-dim-100 has-background-dim\" style=\"background-color:#003f97\"><\/span><div class=\"wp-block-cover__inner-container has-global-padding is-layout-constrained wp-block-cover-is-layout-constrained\">\n<div class=\"wp-block-columns is-layout-flex wp-container-core-columns-is-layout-9d6595d7 wp-block-columns-is-layout-flex\">\n<div class=\"wp-block-column effect00 fadeTimeA is-layout-flow wp-block-column-is-layout-flow\" style=\"flex-basis:50%\">\n<h2 class=\"wp-block-heading\"><a href=\"https:\/\/bitwallet.com\/fr\/feature\/business\/\" data-type=\"page\" data-id=\"60\">Compte professionnel<\/a><\/h2>\n\n\n\n<p>Simplifiez les proc\u00e9dures de paiement pour votre boutique e-commerce. Recevez tous les paiements par banque, carte de cr\u00e9dit ou via les services de change disponibles au bitwallet.<\/p>\n<\/div>\n\n\n\n<div class=\"wp-block-column img is-layout-flow wp-block-column-is-layout-flow\" style=\"flex-basis:50%\">\n<p class=\"has-text-align-center effect00\"><a href=\"https:\/\/bitwallet.com\/fr\/feature\/business\/\"><img loading=\"lazy\" decoding=\"async\" width=\"150\" height=\"38\" class=\"wp-image-1134\" style=\"width: 150px;\" src=\"https:\/\/bitwallet.com\/wp-content\/uploads\/2023\/09\/mv-feature-business-jpg.webp\" alt=\"\"><\/a><\/p>\n<\/div>\n<\/div>\n<\/div><\/div>\n\n\n\n<div class=\"wp-block-cover alignwide\"><span aria-hidden=\"true\" class=\"wp-block-cover__background has-background-dim-100 has-background-dim\" style=\"background-color:#15305b\"><\/span><div class=\"wp-block-cover__inner-container has-global-padding is-layout-constrained wp-block-cover-is-layout-constrained\">\n<div class=\"wp-block-columns is-layout-flex wp-container-core-columns-is-layout-9d6595d7 wp-block-columns-is-layout-flex\">\n<div class=\"wp-block-column img is-layout-flow wp-block-column-is-layout-flow\" style=\"flex-basis:50%\">\n<p class=\"has-text-align-center effect00\"><a href=\"https:\/\/bitwallet.com\/fr\/feature\/merchant\/\"><img loading=\"lazy\" decoding=\"async\" width=\"150\" height=\"39\" class=\"wp-image-1138\" style=\"width: 150px;\" src=\"https:\/\/bitwallet.com\/wp-content\/uploads\/2023\/09\/mv-feature-merchant-jpg.webp\" alt=\"\"><\/a><\/p>\n<\/div>\n\n\n\n<div class=\"wp-block-column effect00 fadeTimeA is-layout-flow wp-block-column-is-layout-flow\" style=\"flex-basis:50%\">\n<h2 class=\"wp-block-heading\"><a href=\"https:\/\/bitwallet.com\/fr\/feature\/merchant\/\" data-type=\"page\" data-id=\"62\">Compte marchand<\/a><\/h2>\n\n\n\n<p>Am\u00e9liorez votre service de d\u00e9p\u00f4t et de retrait existant en int\u00e9grant notre solution de paiement \u00e0 votre site Web. Gestion des transactions simplifi\u00e9e avec bitwallet.<\/p>\n<\/div>\n<\/div>\n<\/div><\/div>\n<\/div>","protected":false},"excerpt":{"rendered":"<p>Caract\u00e9ristiques et avantages uniques du Discover du bitwallet. Notre plateforme offre une s\u00e9curit\u00e9, une flexibilit\u00e9 et une commodit\u00e9 avanc\u00e9es. Enregistrez-vous pour un compte gratuit aujourd&#039;hui.<\/p>","protected":false},"author":5,"featured_media":0,"parent":0,"menu_order":31,"comment_status":"closed","ping_status":"closed","template":"","meta":{"footnotes":""},"class_list":["post-24","page","type-page","status-publish","hentry"],"_links":{"self":[{"href":"https:\/\/bitwallet.com\/fr\/wp-json\/wp\/v2\/pages\/24","targetHints":{"allow":["GET"]}}],"collection":[{"href":"https:\/\/bitwallet.com\/fr\/wp-json\/wp\/v2\/pages"}],"about":[{"href":"https:\/\/bitwallet.com\/fr\/wp-json\/wp\/v2\/types\/page"}],"author":[{"embeddable":true,"href":"https:\/\/bitwallet.com\/fr\/wp-json\/wp\/v2\/users\/5"}],"replies":[{"embeddable":true,"href":"https:\/\/bitwallet.com\/fr\/wp-json\/wp\/v2\/comments?post=24"}],"version-history":[{"count":35,"href":"https:\/\/bitwallet.com\/fr\/wp-json\/wp\/v2\/pages\/24\/revisions"}],"predecessor-version":[{"id":4951,"href":"https:\/\/bitwallet.com\/fr\/wp-json\/wp\/v2\/pages\/24\/revisions\/4951"}],"wp:attachment":[{"href":"https:\/\/bitwallet.com\/fr\/wp-json\/wp\/v2\/media?parent=24"}],"curies":[{"name":"wp","href":"https:\/\/api.w.org\/{rel}","templated":true}]}}