{"id":1593,"date":"2023-10-16T14:43:05","date_gmt":"2023-10-16T05:43:05","guid":{"rendered":"https:\/\/bitwallet.com\/?page_id=1593"},"modified":"2024-08-16T12:21:01","modified_gmt":"2024-08-16T03:21:01","slug":"media-inquiry","status":"publish","type":"page","link":"https:\/\/bitwallet.com\/fr\/support\/contact\/media-inquiry\/","title":{"rendered":"Pour les demandes des m\u00e9dias"},"content":{"rendered":"<div class=\"wp-block-cover alignwide header\"><span aria-hidden=\"true\" class=\"wp-block-cover__background has-background-dim-0 has-background-dim\"><\/span><img loading=\"lazy\" decoding=\"async\" width=\"2000\" height=\"360\" class=\"wp-block-cover__image-background wp-image-1033\" alt=\"\" src=\"https:\/\/bitwallet.com\/wp-content\/uploads\/2023\/09\/mv-support-contact-jpg.webp\" data-object-fit=\"cover\"\/><div class=\"wp-block-cover__inner-container has-global-padding is-layout-constrained wp-block-cover-is-layout-constrained\">\n<h1 class=\"wp-block-heading has-text-align-left effect00\">Contactez-nous<\/h1>\n\n\n\n<p class=\"effect00 fadeTimeA\">Demande de service<\/p>\n<\/div><\/div>\n\n\n\n<h2 class=\"wp-block-heading effect01\">Pour les demandes des m\u00e9dias<\/h2>\n\n\n\n<p><\/p>\n\n\n\n<div class=\"wp-block-group box effect01 has-global-padding is-layout-constrained wp-block-group-is-layout-constrained\">\n<h3 class=\"wp-block-heading\">Pour les demandes des m\u00e9dias<\/h3>\n\n\n\n<p>Si vous \u00eates membre des m\u00e9dias ou souhaitez contacter \u00e0 des fins m\u00e9diatiques ou marketing, veuillez nous contacter.<\/p>\n\n\n\n<h4 class=\"wp-block-heading\">E-mail<\/h4>\n\n\n\n<p>Disponible: 24 heures<br>Heures d&#039;ouverture\u00a0: du lundi au samedi, de 9h00 \u00e0 17h00 (JST)<\/p>\n\n\n\n<p class=\"has-text-align-center media-inquiry not-honyaku\"><strong>m\u00e9dias\uff20bitwallet.com<\/strong><\/p>\n\n\n\n<p class=\"has-text-align-center has-small-font-size\">(Veuillez remplacer \u00ab\u00a0@\u00a0\u00bb par des caract\u00e8res demi-chasse pour envoyer un e-mail)<\/p>\n\n\n\n<h4 class=\"wp-block-heading\">Appelez-nous<\/h4>\n\n\n\n<p class=\"only-en\">Disponible: 24 heures<\/p>\n\n\n\n<p class=\"only-ja\">Horaires d&#039;ouverture\u00a0: 9h00 ~ 17h00 *heures d&#039;ouverture<\/p>\n\n\n\n<p class=\"has-text-align-center media-inquiry\"><strong><strong>+65-6221-0111<\/strong><\/strong><\/p>\n\n\n\n<p class=\"has-text-align-center has-small-font-size\">(Appel international : Singapour)<\/p>\n\n\n\n<p class=\"mx0 mt3em has-vivid-red-color has-text-color\">Afin de pr\u00e9venir la propagation du nouveau coronavirus (COVID-19), nous suspendrons pour le moment l&#039;assistance t\u00e9l\u00e9phonique \u00e0 la demande du gouvernement. Pour toute demande de renseignements, veuillez envoyer votre demande \u00e0 l&#039;adresse e-mail ci-dessus. Nous nous excusons pour le la g\u00eane occasionn\u00e9e, et merci de votre compr\u00e9hension.<\/p>\n<\/div>\n\n\n\n<div class=\"wp-block-cover alignwide is-light help\"><span aria-hidden=\"true\" class=\"wp-block-cover__background has-background-dim-0 has-background-dim\"><\/span><img loading=\"lazy\" decoding=\"async\" width=\"2048\" height=\"336\" class=\"wp-block-cover__image-background wp-image-289\" alt=\"\" src=\"https:\/\/bitwallet.com\/wp-content\/uploads\/2023\/06\/mv-support-jpg.webp\" style=\"object-position:50% 50%\" data-object-fit=\"cover\" data-object-position=\"50% 50%\"\/><div class=\"wp-block-cover__inner-container has-global-padding is-layout-constrained wp-block-cover-is-layout-constrained\">\n<p class=\"has-large-font-size translation-block\"><strong>As-tu besoin d&#039;aide?<\/strong><br> <strong>Nous sommes l\u00e0 pour vous aider.<\/strong><\/p>\n\n\n\n<p class=\"translation-block\">Notre \u00e9quipe d&#039;assistance se consacre \u00e0 vous servir.<br> Contactez-nous si vous avez des questions concernant nos services.<\/p>\n\n\n\n<div class=\"wp-block-buttons is-layout-flex wp-block-buttons-is-layout-flex\">\n<div class=\"wp-block-button\"><a class=\"wp-block-button__link wp-element-button\" href=\"\/fr\/support\/contact\/\">Contactez-nous<\/a><\/div>\n<\/div>\n<\/div><\/div>","protected":false},"excerpt":{"rendered":"<p>Pour les demandes des m\u00e9dias et autres questions li\u00e9es \u00e0 la presse, contactez media@bitwallet.com pour plus d\u2019informations. Contactez-nous d\u00e8s maintenant !<\/p>","protected":false},"author":5,"featured_media":0,"parent":1028,"menu_order":14,"comment_status":"closed","ping_status":"closed","template":"","meta":{"footnotes":""},"class_list":["post-1593","page","type-page","status-publish","hentry"],"_links":{"self":[{"href":"https:\/\/bitwallet.com\/fr\/wp-json\/wp\/v2\/pages\/1593","targetHints":{"allow":["GET"]}}],"collection":[{"href":"https:\/\/bitwallet.com\/fr\/wp-json\/wp\/v2\/pages"}],"about":[{"href":"https:\/\/bitwallet.com\/fr\/wp-json\/wp\/v2\/types\/page"}],"author":[{"embeddable":true,"href":"https:\/\/bitwallet.com\/fr\/wp-json\/wp\/v2\/users\/5"}],"replies":[{"embeddable":true,"href":"https:\/\/bitwallet.com\/fr\/wp-json\/wp\/v2\/comments?post=1593"}],"version-history":[{"count":18,"href":"https:\/\/bitwallet.com\/fr\/wp-json\/wp\/v2\/pages\/1593\/revisions"}],"predecessor-version":[{"id":4927,"href":"https:\/\/bitwallet.com\/fr\/wp-json\/wp\/v2\/pages\/1593\/revisions\/4927"}],"up":[{"embeddable":true,"href":"https:\/\/bitwallet.com\/fr\/wp-json\/wp\/v2\/pages\/1028"}],"wp:attachment":[{"href":"https:\/\/bitwallet.com\/fr\/wp-json\/wp\/v2\/media?parent=1593"}],"curies":[{"name":"wp","href":"https:\/\/api.w.org\/{rel}","templated":true}]}}