{"id":1118,"date":"2023-09-21T18:00:22","date_gmt":"2023-09-21T09:00:22","guid":{"rendered":"https:\/\/bitwallet.com\/?page_id=1118"},"modified":"2026-03-25T12:58:20","modified_gmt":"2026-03-25T03:58:20","slug":"api","status":"publish","type":"page","link":"https:\/\/bitwallet.com\/fr\/support\/api\/","title":{"rendered":"Sp\u00e9cification de l&#039;API"},"content":{"rendered":"<div class=\"wp-block-cover alignwide header\"><img loading=\"lazy\" decoding=\"async\" width=\"2000\" height=\"360\" class=\"wp-block-cover__image-background wp-image-1120\" alt=\"\" src=\"https:\/\/bitwallet.com\/wp-content\/uploads\/2023\/09\/mv-support-api-jpg.webp\" data-object-fit=\"cover\"\/><span aria-hidden=\"true\" class=\"wp-block-cover__background has-background-dim-0 has-background-dim\"><\/span><div class=\"wp-block-cover__inner-container has-global-padding is-layout-constrained wp-block-cover-is-layout-constrained\">\n<h1 class=\"wp-block-heading has-text-align-left effect00\">Sp\u00e9cification de l&#039;API<\/h1>\n\n\n\n<p class=\"effect00 fadeTimeA\">Sp\u00e9cification du programme pour les d\u00e9veloppeurs<\/p>\n<\/div><\/div>\n\n\n\n<h2 class=\"wp-block-heading effect00\">API Web bitwallet<\/h2>\n\n\n\n<p class=\"effect00 fadeTimeA\">bitwallet fournit une explication globale dans la sp\u00e9cification API telle que l&#039;API bitwallet et l&#039;API Exchange bitwallet pour les d\u00e9veloppeurs. L&#039;API marchand bitwallet permet au compte marchand de se connecter \u00e0 nos services de paiement et d&#039;authentification pour un environnement de paiement transparent.<\/p>\n\n\n\n<div class=\"wp-block-group box effect00 fadeTimeB has-global-padding is-layout-constrained wp-block-group-is-layout-constrained\">\n<h3 class=\"wp-block-heading fiat\">API Web bitwallet<\/h3>\n\n\n\n<h4 class=\"wp-block-heading\">API de paiement bitwallet (BPA)<\/h4>\n\n\n\n<p>BPA est une passerelle API pour les transactions par carte de cr\u00e9dit bitwallet, permettant un processus de paiement simple (carte de cr\u00e9dit et virement bancaire) sur la plateforme bitwallet.<\/p>\n\n\n\n<p class=\"blank\"><a href=\"#\">Sp\u00e9cification BPA (pr\u00e9paration)<\/a><\/p>\n\n\n\n<hr class=\"wp-block-separator has-alpha-channel-opacity\"\/>\n\n\n\n<h4 class=\"wp-block-heading\">API d&#039;\u00e9change bitwallet (BEA)<\/h4>\n\n\n\n<p>BEA est une API sp\u00e9cialis\u00e9e dans le change de devises disponible sur la plateforme bitwallet. BEA est divis\u00e9 en deux types, API publique et API s\u00e9curis\u00e9e. L&#039;API publique n&#039;utilise pas l&#039;authentification des utilisateurs tandis que l&#039;API s\u00e9curis\u00e9e n\u00e9cessite une authentification. L&#039;API publique fournit des donn\u00e9es hybrides telles que les informations sur les prix et l&#039;API s\u00e9curis\u00e9e garantit la confidentialit\u00e9 des informations, des d\u00e9p\u00f4ts et des retraits qu&#039;elle traite via l&#039;API.<\/p>\n\n\n\n<p class=\"blank\"><a href=\"#\">Sp\u00e9cification BEA (Pr\u00e9paration) <\/a><\/p>\n\n\n\n<hr class=\"wp-block-separator has-alpha-channel-opacity\"\/>\n\n\n\n<h4 class=\"wp-block-heading\">API marchand bitwallet (BMA)<\/h4>\n\n\n\n<p>BMA est une API que bitwallet a impl\u00e9ment\u00e9e avec une fonctionnalit\u00e9 de portefeuille sur sa plateforme. L&#039;API est sp\u00e9cialis\u00e9e et cibl\u00e9e pour les comptes marchands en int\u00e9grant le syst\u00e8me de paiement bitwallet, les fonctionnalit\u00e9s de portefeuille et en permettant l&#039;authentification d&#039;identit\u00e9 OpenID Connect sur leurs sites Web.<\/p>\n\n\n\n<p class=\"blank\"><a href=\"https:\/\/secure.bitwallet.com\/docs\/merchant?lang=en\" target=\"_blank\" rel=\"noreferrer noopener\">Sp\u00e9cification BMA (25\/03\/2026) version 2.06<\/a><\/p>\n<\/div>","protected":false},"excerpt":{"rendered":"<p>API Web bitwallet bitwallet fournit une explication globale dans la sp\u00e9cification API telle que l&#039;API bitwallet et l&#039;API Exchange bitwallet pour les d\u00e9veloppeurs. L&#039;API marchand bitwallet permet au compte marchand de se connecter \u00e0 nos services de paiement et d&#039;authentification pour un environnement de paiement transparent. API Web bitwallet API de paiement bitwallet (BPA) BPA est une API de passerelle pour les transactions par carte de cr\u00e9dit bitwallet, permettant un processus de paiement facile (carte de cr\u00e9dit et virement bancaire) sur la plateforme bitwallet. Sp\u00e9cification BPA (Pr\u00e9paration) API d&#039;\u00e9change bitwallet (BEA) BEA est une API sp\u00e9cialis\u00e9e dans le change de devises disponible sur la plateforme bitwallet. BEA est divis\u00e9 en deux types, API publique et API s\u00e9curis\u00e9e. L&#039;API publique n&#039;utilise pas l&#039;authentification des utilisateurs tandis que l&#039;API s\u00e9curis\u00e9e n\u00e9cessite une authentification. API publique\u2026<\/p>","protected":false},"author":5,"featured_media":0,"parent":310,"menu_order":17,"comment_status":"closed","ping_status":"closed","template":"","meta":{"footnotes":""},"class_list":["post-1118","page","type-page","status-publish","hentry"],"_links":{"self":[{"href":"https:\/\/bitwallet.com\/fr\/wp-json\/wp\/v2\/pages\/1118","targetHints":{"allow":["GET"]}}],"collection":[{"href":"https:\/\/bitwallet.com\/fr\/wp-json\/wp\/v2\/pages"}],"about":[{"href":"https:\/\/bitwallet.com\/fr\/wp-json\/wp\/v2\/types\/page"}],"author":[{"embeddable":true,"href":"https:\/\/bitwallet.com\/fr\/wp-json\/wp\/v2\/users\/5"}],"replies":[{"embeddable":true,"href":"https:\/\/bitwallet.com\/fr\/wp-json\/wp\/v2\/comments?post=1118"}],"version-history":[{"count":18,"href":"https:\/\/bitwallet.com\/fr\/wp-json\/wp\/v2\/pages\/1118\/revisions"}],"predecessor-version":[{"id":5774,"href":"https:\/\/bitwallet.com\/fr\/wp-json\/wp\/v2\/pages\/1118\/revisions\/5774"}],"up":[{"embeddable":true,"href":"https:\/\/bitwallet.com\/fr\/wp-json\/wp\/v2\/pages\/310"}],"wp:attachment":[{"href":"https:\/\/bitwallet.com\/fr\/wp-json\/wp\/v2\/media?parent=1118"}],"curies":[{"name":"wp","href":"https:\/\/api.w.org\/{rel}","templated":true}]}}