{"id":1045,"date":"2023-09-21T10:05:37","date_gmt":"2023-09-21T01:05:37","guid":{"rendered":"https:\/\/bitwallet.com\/?page_id=1045"},"modified":"2024-08-16T12:19:15","modified_gmt":"2024-08-16T03:19:15","slug":"customer-inquiry","status":"publish","type":"page","link":"https:\/\/bitwallet.com\/fr\/support\/contact\/customer-inquiry\/","title":{"rendered":"Pour le support client"},"content":{"rendered":"<div class=\"wp-block-cover alignwide header\"><span aria-hidden=\"true\" class=\"wp-block-cover__background has-background-dim-0 has-background-dim\"><\/span><img loading=\"lazy\" decoding=\"async\" width=\"2000\" height=\"360\" class=\"wp-block-cover__image-background wp-image-1033\" alt=\"\" src=\"https:\/\/bitwallet.com\/wp-content\/uploads\/2023\/09\/mv-support-contact-jpg.webp\" data-object-fit=\"cover\"\/><div class=\"wp-block-cover__inner-container has-global-padding is-layout-constrained wp-block-cover-is-layout-constrained\">\n<h1 class=\"wp-block-heading has-text-align-left effect00\">Contactez-nous<\/h1>\n\n\n\n<p class=\"effect00 fadeTimeA\">Demande de service<\/p>\n<\/div><\/div>\n\n\n\n<h2 class=\"wp-block-heading effect01\">Pour le support client<\/h2>\n\n\n\n<p><\/p>\n\n\n\n<div class=\"wp-block-group box effect01 has-global-padding is-layout-constrained wp-block-group-is-layout-constrained\">\n<h3 class=\"wp-block-heading\">Pour le support client<\/h3>\n\n\n\n<p>Si vous avez des questions concernant l&#039;ouverture d&#039;un compte, l&#039;utilisation de votre compte ou notre service, veuillez nous contacter ici.<\/p>\n\n\n\n<h4 class=\"wp-block-heading\">Formulaire de contact<\/h4>\n\n\n\n<p>Disponible: 24 heures<br>Heures d&#039;ouverture\u00a0: du lundi au samedi, de 9h00 \u00e0 17h00 (JST)<\/p>\n\n\n\n<p>Si vous avez d\u00e9j\u00e0 un compte, veuillez vous connecter en s\u00e9lectionnant le bouton ci-dessous et contactez-nous.<\/p>\n\n\n\n<div class=\"wp-block-buttons is-content-justification-center is-layout-flex wp-container-core-buttons-is-layout-16018d1d wp-block-buttons-is-layout-flex\">\n<div class=\"wp-block-button effect01\"><a class=\"wp-block-button__link wp-element-button\" href=\"https:\/\/secure.bitwallet.com\/signin\/?a=contact\/lists&amp;lang=en\" target=\"_blank\" rel=\"noreferrer noopener\">Utilisateurs disposant d&#039;un compte bitwallet<\/a><\/div>\n<\/div>\n\n\n\n<p>Si vous n&#039;avez pas de compte ou ne parvenez pas \u00e0 vous connecter, veuillez nous contacter en s\u00e9lectionnant les options suivantes.<\/p>\n\n\n\n<div class=\"wp-block-buttons is-content-justification-center is-layout-flex wp-container-core-buttons-is-layout-16018d1d wp-block-buttons-is-layout-flex\">\n<div class=\"wp-block-button effect01 translation-block\"><a class=\"wp-block-button__link wp-element-button\" href=\"https:\/\/secure.bitwallet.com\/contact\/inquiry\/?lang=en\" target=\"_blank\" rel=\"noreferrer noopener\">Clients qui n&#039;ont pas de compte<br> Utilisateurs qui ne peuvent pas se connecter<\/a><\/div>\n<\/div>\n\n\n\n<h4 class=\"wp-block-heading\">Assistance aux demandes de renseignements par guidage vocal (langue japonaise)<\/h4>\n\n\n\n<p>Pour des questions d\u2019ordre g\u00e9n\u00e9ral, vous pouvez \u00e9galement utiliser l\u2019assistance t\u00e9l\u00e9phonique. Si vous avez des questions sp\u00e9cifiques concernant votre compte, veuillez nous contacter via le formulaire de demande ci-dessus.<\/p>\n\n\n\n<p>Disponible: 24 heures<br><span class=\"only-en\">Heures d&#039;ouverture\u00a0: du lundi au samedi, de 9h00 \u00e0 17h00 (JST)<br><\/span><span class=\"only-ja\">Horaires d&#039;ouverture : de 9h00 \u00e0 17h00 *heures d&#039;ouverture<\/span><\/p>\n\n\n\n<p class=\"has-text-align-center customer-inquiry\">(+81) 050-3204-0823<\/p>\n\n\n\n<p class=\"note has-small-font-size translation-block\">Les informations personnelles que vous fournissez ne seront utilis\u00e9es que pour r\u00e9pondre \u00e0 votre demande. Nous ne les utilisons \u00e0 aucune autre fin ni ne les fournissons \u00e0 des tiers sans autorisation. Nous traiterons vos informations personnelles avec soin conform\u00e9ment \u00e0 notre <a href=\"https:\/\/bitwallet.com\/fr\/aboutus\/privacy\/\" target=\"_self\">Politique de confidentialit\u00e9<\/a> .<\/p>\n<\/div>\n\n\n\n<div class=\"wp-block-cover alignwide is-light help\"><span aria-hidden=\"true\" class=\"wp-block-cover__background has-background-dim-0 has-background-dim\"><\/span><img loading=\"lazy\" decoding=\"async\" width=\"2048\" height=\"336\" class=\"wp-block-cover__image-background wp-image-289\" alt=\"\" src=\"https:\/\/bitwallet.com\/wp-content\/uploads\/2023\/06\/mv-support-jpg.webp\" style=\"object-position:50% 50%\" data-object-fit=\"cover\" data-object-position=\"50% 50%\"\/><div class=\"wp-block-cover__inner-container has-global-padding is-layout-constrained wp-block-cover-is-layout-constrained\">\n<p class=\"has-large-font-size translation-block\"><strong>As-tu besoin d&#039;aide?<\/strong><br> <strong>Nous sommes l\u00e0 pour vous aider.<\/strong><\/p>\n\n\n\n<p class=\"translation-block\">Notre \u00e9quipe d&#039;assistance se consacre \u00e0 vous servir.<br> Contactez-nous si vous avez des questions concernant nos services.<\/p>\n\n\n\n<div class=\"wp-block-buttons is-layout-flex wp-block-buttons-is-layout-flex\">\n<div class=\"wp-block-button\"><a class=\"wp-block-button__link wp-element-button\" href=\"\/fr\/support\/contact\/\">Contactez-nous<\/a><\/div>\n<\/div>\n<\/div><\/div>","protected":false},"excerpt":{"rendered":"<p>Pour le support client Pour le support client Si vous avez des questions concernant l&#039;ouverture d&#039;un compte, l&#039;utilisation de votre compte ou notre service, veuillez nous contacter ici. Formulaire de contact Disponible : 24 heures sur 24 Heures d&#039;ouverture : du lundi au samedi, de 9h00 \u00e0 17h00 (JST) Si vous avez d\u00e9j\u00e0 un compte, veuillez vous connecter en s\u00e9lectionnant le bouton ci-dessous et nous contacter. Si vous n&#039;avez pas de compte ou ne pouvez pas vous connecter, veuillez nous contacter en s\u00e9lectionnant les options suivantes. Assistance aux demandes de renseignements par guidage vocal (langue japonaise) Pour les questions g\u00e9n\u00e9rales, vous pouvez \u00e9galement utiliser le guidage t\u00e9l\u00e9phonique. Si vous avez des questions sp\u00e9cifiques sur votre compte, veuillez nous contacter via le formulaire de demande de renseignements ci-dessus. Disponible :\u2026<\/p>","protected":false},"author":5,"featured_media":0,"parent":1028,"menu_order":12,"comment_status":"closed","ping_status":"closed","template":"","meta":{"footnotes":""},"class_list":["post-1045","page","type-page","status-publish","hentry"],"_links":{"self":[{"href":"https:\/\/bitwallet.com\/fr\/wp-json\/wp\/v2\/pages\/1045","targetHints":{"allow":["GET"]}}],"collection":[{"href":"https:\/\/bitwallet.com\/fr\/wp-json\/wp\/v2\/pages"}],"about":[{"href":"https:\/\/bitwallet.com\/fr\/wp-json\/wp\/v2\/types\/page"}],"author":[{"embeddable":true,"href":"https:\/\/bitwallet.com\/fr\/wp-json\/wp\/v2\/users\/5"}],"replies":[{"embeddable":true,"href":"https:\/\/bitwallet.com\/fr\/wp-json\/wp\/v2\/comments?post=1045"}],"version-history":[{"count":36,"href":"https:\/\/bitwallet.com\/fr\/wp-json\/wp\/v2\/pages\/1045\/revisions"}],"predecessor-version":[{"id":4925,"href":"https:\/\/bitwallet.com\/fr\/wp-json\/wp\/v2\/pages\/1045\/revisions\/4925"}],"up":[{"embeddable":true,"href":"https:\/\/bitwallet.com\/fr\/wp-json\/wp\/v2\/pages\/1028"}],"wp:attachment":[{"href":"https:\/\/bitwallet.com\/fr\/wp-json\/wp\/v2\/media?parent=1045"}],"curies":[{"name":"wp","href":"https:\/\/api.w.org\/{rel}","templated":true}]}}