{"id":948,"date":"2023-09-20T15:36:40","date_gmt":"2023-09-20T06:36:40","guid":{"rendered":"https:\/\/bitwallet.com\/?page_id=948"},"modified":"2024-03-19T16:21:20","modified_gmt":"2024-03-19T07:21:20","slug":"company","status":"publish","type":"page","link":"https:\/\/bitwallet.com\/et\/aboutus\/company\/","title":{"rendered":"Ettev\u00f5te"},"content":{"rendered":"<div class=\"wp-block-cover alignwide header\"><span aria-hidden=\"true\" class=\"wp-block-cover__background has-black-background-color has-background-dim-0 has-background-dim\"><\/span><img loading=\"lazy\" decoding=\"async\" width=\"2000\" height=\"360\" class=\"wp-block-cover__image-background wp-image-956\" alt=\"\" src=\"https:\/\/bitwallet.com\/wp-content\/uploads\/2023\/09\/mv-aboutus-company-jpg.webp\" data-object-fit=\"cover\"\/><div class=\"wp-block-cover__inner-container has-global-padding is-layout-constrained wp-block-cover-is-layout-constrained\">\n<h1 class=\"wp-block-heading has-text-align-left\">Ettev\u00f5te<\/h1>\n\n\n\n<p>\u00dclemaailmne ettev\u00f5tteteave<\/p>\n<\/div><\/div>\n\n\n\n<div class=\"wp-block-group box has-global-padding is-layout-constrained wp-block-group-is-layout-constrained\">\n<h3 class=\"wp-block-heading\">Meist<\/h3>\n\n\n\n<p>Alates meie asutamisest Singapuris 2012. aastal oleme pakkunud laia valikut makseteenuseid Aasia riikidele ja teistele riikidele \u00fcle maailma. Oleme j\u00e4tkanud v\u00f5imaluste otsimist pakkuda kaupmeestele ja nende klientidele paremaid makselahendusi ning oma teenuste uuendamisel oleme hakanud pakkuma \u201cbitwallet\u201d teenuseid. M\u00f5istame ja tunneme end l\u00fcnkadega rahvusvaheliste online-makseviiside ja tehnoloogiat\u00f6\u00f6stuse vahel finantsturgudel ning tunnistame, et meie missiooniks on luua ja pakkuda sujuvat makseplatvormi k\u00f5ikidele ettev\u00f5tete omanikele ja nende klientidele kogu maailmas.<\/p>\n<\/div>\n\n\n\n<p>Kui teil on bitwallet teenuse kohta k\u00fcsimusi, v\u00f5tke meiega \u00fchendust, valides j\u00e4rgmised valikud.<\/p>\n\n\n\n<div class=\"wp-block-group box has-global-padding is-layout-constrained wp-block-group-is-layout-constrained\">\n<h3 class=\"wp-block-heading\">Klienditoe jaoks<\/h3>\n\n\n\n<p>Kui teil on k\u00fcsimusi konto avamise, konto kasutamise v\u00f5i meie teenuse kohta, v\u00f5tke meiega \u00fchendust siin.<\/p>\n\n\n\n<div class=\"wp-block-buttons is-content-justification-center is-layout-flex wp-container-core-buttons-is-layout-16018d1d wp-block-buttons-is-layout-flex\">\n<div class=\"wp-block-button effect01\"><a class=\"wp-block-button__link wp-element-button\" href=\"\/et\/support\/contact\/customer-inquiry\/\">Klienditoe jaoks<\/a><\/div>\n<\/div>\n<\/div>\n\n\n\n<div class=\"wp-block-group box has-global-padding is-layout-constrained wp-block-group-is-layout-constrained\">\n<h3 class=\"wp-block-heading\">Kaupmeestele<\/h3>\n\n\n\n<p>Kui olete kaupmehe liige v\u00f5i kaalute end kaupmeheks registreerida, v\u00f5tke meiega \u00fchendust siin.<\/p>\n\n\n\n<div class=\"wp-block-buttons is-content-justification-center is-layout-flex wp-container-core-buttons-is-layout-16018d1d wp-block-buttons-is-layout-flex\">\n<div class=\"wp-block-button effect01\"><a class=\"wp-block-button__link wp-element-button\" href=\"\/et\/support\/contact\/merchant-inquiry\/\">Kaupmeestele<\/a><\/div>\n<\/div>\n<\/div>\n\n\n\n<div class=\"wp-block-group box has-global-padding is-layout-constrained wp-block-group-is-layout-constrained\">\n<h3 class=\"wp-block-heading\">Meediap\u00e4ringuteks<\/h3>\n\n\n\n<p>Kui olete meedia liige v\u00f5i soovite meedia v\u00f5i turunduse eesm\u00e4rgil \u00fchendust v\u00f5tta, v\u00f5tke meiega \u00fchendust.<\/p>\n\n\n\n<div class=\"wp-block-buttons is-content-justification-center is-layout-flex wp-container-core-buttons-is-layout-16018d1d wp-block-buttons-is-layout-flex\">\n<div class=\"wp-block-button effect01\"><a class=\"wp-block-button__link wp-element-button\" href=\"\/et\/support\/contact\/media-inquiry\/\">Meediap\u00e4ringuteks<\/a><\/div>\n<\/div>\n<\/div>","protected":false},"excerpt":{"rendered":"<p>Meist Alates meie asutamisest Singapuris 2012. aastal oleme pakkunud laia valikut makseteenuseid Aasia riikidele ja teistele riikidele \u00fcle maailma. Oleme j\u00e4tkanud v\u00f5imaluste otsimist pakkuda kaupmeestele ja nende klientidele paremaid makselahendusi ning teenuste uuendamisel oleme hakanud pakkuma \u201cbitwallet\u201d teenuseid. M\u00f5istame ja tunneme end l\u00fcnkadega rahvusvaheliste veebip\u00f5histe makseviiside ja tehnoloogiat\u00f6\u00f6stuse vahel finantsturgudel ning tunnistame, et meie missiooniks on luua ja pakkuda sujuvat makseplatvormi k\u00f5ikidele ettev\u00f5tete omanikele ja nende klientidele kogu maailmas. Kui teil on bitwallet teenuse kohta k\u00fcsimusi, v\u00f5tke meiega \u00fchendust, valides\u2026<\/p>","protected":false},"author":5,"featured_media":0,"parent":322,"menu_order":9,"comment_status":"closed","ping_status":"closed","template":"","meta":{"footnotes":""},"class_list":["post-948","page","type-page","status-publish","hentry"],"_links":{"self":[{"href":"https:\/\/bitwallet.com\/et\/wp-json\/wp\/v2\/pages\/948","targetHints":{"allow":["GET"]}}],"collection":[{"href":"https:\/\/bitwallet.com\/et\/wp-json\/wp\/v2\/pages"}],"about":[{"href":"https:\/\/bitwallet.com\/et\/wp-json\/wp\/v2\/types\/page"}],"author":[{"embeddable":true,"href":"https:\/\/bitwallet.com\/et\/wp-json\/wp\/v2\/users\/5"}],"replies":[{"embeddable":true,"href":"https:\/\/bitwallet.com\/et\/wp-json\/wp\/v2\/comments?post=948"}],"version-history":[{"count":13,"href":"https:\/\/bitwallet.com\/et\/wp-json\/wp\/v2\/pages\/948\/revisions"}],"predecessor-version":[{"id":4665,"href":"https:\/\/bitwallet.com\/et\/wp-json\/wp\/v2\/pages\/948\/revisions\/4665"}],"up":[{"embeddable":true,"href":"https:\/\/bitwallet.com\/et\/wp-json\/wp\/v2\/pages\/322"}],"wp:attachment":[{"href":"https:\/\/bitwallet.com\/et\/wp-json\/wp\/v2\/media?parent=948"}],"curies":[{"name":"t\u00f6\u00f6leht","href":"https:\/\/api.w.org\/{rel}","templated":true}]}}