{"id":927,"date":"2023-09-13T17:23:14","date_gmt":"2023-09-13T08:23:14","guid":{"rendered":"https:\/\/bitwallet.com\/?page_id=927"},"modified":"2024-03-06T15:57:43","modified_gmt":"2024-03-06T06:57:43","slug":"security","status":"publish","type":"page","link":"https:\/\/bitwallet.com\/et\/service\/security\/","title":{"rendered":"Turvalisus"},"content":{"rendered":"<div class=\"wp-block-cover alignwide header\"><span aria-hidden=\"true\" class=\"wp-block-cover__background has-black-background-color has-background-dim-0 has-background-dim\"><\/span><img loading=\"lazy\" decoding=\"async\" width=\"2000\" height=\"360\" class=\"wp-block-cover__image-background wp-image-2022\" alt=\"\" src=\"https:\/\/bitwallet.com\/wp-content\/uploads\/2023\/11\/mv-service_security-jpg.webp\" data-object-fit=\"cover\"\/><div class=\"wp-block-cover__inner-container has-global-padding is-layout-constrained wp-block-cover-is-layout-constrained\">\n<h1 class=\"wp-block-heading has-text-align-left effect00\">Turvalisus<\/h1>\n\n\n\n<p class=\"effect00 fadeTimeA\">Meie turvalisuse \u00fclevaade<\/p>\n<\/div><\/div>\n\n\n\n<h2 class=\"wp-block-heading effect00\">bitwallet turvameetmed<\/h2>\n\n\n\n<div class=\"wp-block-group effect00 fadeTimeA has-global-padding is-layout-constrained wp-block-group-is-layout-constrained\">\n<p>bitwallet (Bitwallet Service Group) on juhtiv makseteenuse pakkuja, millel on k\u00f5rge turvalisuse tase nii v\u00f5rgus kui ka v\u00e4ljaspool seda, et hoida klientide raha meie platvormil turvaliselt ja turvaliselt. Meie missioon on pidevalt p\u00fc\u00fcdleda turvalisuse parandamise poole, pakkudes samal ajal intuitiivset sirvimiskogemust k\u00f5igile kasutajatele. Meeskond usub, et meie platvormil parema turvalisuse loomine tugevdab usaldust meie klientide ja meie vahel.<\/p>\n\n\n\n<p>Meie meeskond suhtub turvameetmetesse pettuste ja volitamata kasutamise vastu t\u00f5siselt. Rahvusvaheliste vastavusstandardite tagamiseks meie platvormil on rakendatud regulatsioonid nagu AML (Anti-Money Laundering), KYC (Know Your Customer Identity Verification) jne.<\/p>\n\n\n\n<p>Vaadake allpool \u00fcksikasjalikke turvameetmeid<\/p>\n<\/div>\n\n\n\n<div class=\"wp-block-group box security effect00 fadeTimeB has-global-padding is-layout-constrained wp-block-group-is-layout-constrained\">\n<h3 class=\"wp-block-heading\">Turvalisus<\/h3>\n\n\n\n<p>K\u00fcberturvalisuse ohustamine v\u00f5ib teie isiklikele finantsvaradele suurt ohtu seada. bitwallet arendab pidevalt strateegiaid, et kaitsta oma kliente turvaohtude eest.<\/p>\n\n\n\n<p>bitwallet j\u00e4rgib valdkonna parimaid tavasid ja p\u00f5him\u00f5tteid, mis on kirjas kriitilise infrastruktuuri k\u00fcberturvalisuse parandamise korralduses. See v\u00f5imaldab bitwallet-l t\u00e4ita rahvusvahelisi turvastandardeid ja parandada infrastruktuuri vastupidavust. J\u00e4rgmised on riikliku standardi- ja tehnoloogiainstituudi (NIST) raamistikul p\u00f5hinevad infoturbemeetmed, mis koosnevad kolmest osast: raamistiku tuum, rakendustasandid ja raamistiku profiilid.<\/p>\n\n\n\n<h4 class=\"wp-block-heading\"><strong>Raamistiku tuum<\/strong><\/h4>\n\n\n\n<p>Framwork Core koosneb viiest funktsioonist \u2013 tuvastamine, kaitsmine, tuvastamine, reageerimine, taastamine.<\/p>\n\n\n\n<h5 class=\"wp-block-heading\">1. Tuvastage<\/h5>\n\n\n\n<h6 class=\"wp-block-heading\"><strong>(1) Kliendi varade hoidmise ja haldamise pakkumine<\/strong><\/h6>\n\n\n\n<p>Kasutaja varad on bitwallet-l turvaliselt kaitstud. Varasid, nagu valuuta, hallatakse turvaliselt eraldi.<\/p>\n\n\n\n<h6 class=\"wp-block-heading\"><strong>(2) Finantsasutuste k\u00f5rgetasemeline juhtimine<\/strong><\/h6>\n\n\n\n<p>K\u00f5rgetasemeline finantsinstitutsiooni edasim\u00fc\u00fcja ei peaks rakendama turvameetmeid ainult s\u00fcsteemis endas, vaid parandama ka organisatsiooni ja protsessi. Sellisena on bitwallet rakendanud turberaamistiku, mis on v\u00f5imeline anomaaliate tuvastamisel k\u00e4ivitama taastumisprotsessi; algp\u00f5hjuse v\u00e4ljaselgitamine ja anomaalia \u00f5igeaegne diagnoosimine. Kavatseme selle funktsiooni kasutusele v\u00f5tta ja seda veelgi t\u00e4iustada.<\/p>\n\n\n\n<h5 class=\"wp-block-heading\">2. Kaitsta<\/h5>\n\n\n\n<h6 class=\"wp-block-heading\"><strong>2.1 Kr\u00fcpteerimine<\/strong><\/h6>\n\n\n\n<h6 class=\"wp-block-heading\"><strong>(1) SSL-sertifikaat<\/strong><\/h6>\n\n\n\n<p>bitwallet kasutab andmesideks SSL-kr\u00fcpteerimistehnoloogiat. SSL on turvasertifikaat, mis v\u00f5imaldab turvalist \u00fchendust meie platvormi ja serveri vahel, tagades samal ajal k\u00f5igi andmete konfidentsiaalsuse.<\/p>\n\n\n\n<h6 class=\"wp-block-heading\"><strong>(2) SSL-VPN sertifikaat<\/strong><\/h6>\n\n\n\n<p>Meie v\u00f5rguserver SSL-VPN on kr\u00fcptitud, et v\u00e4ltida volitamata juurdep\u00e4\u00e4su kolmandate isikute andmete varastamist, kuna k\u00f5ik andmed kr\u00fcpteeritakse enne edastamist.<\/p>\n\n\n\n<h6 class=\"wp-block-heading\"><strong>2.2 Tulem\u00fc\u00fcri v\u00f5rguturve<\/strong><\/h6>\n\n\n\n<h6 class=\"wp-block-heading\"><strong>(1) Tulem\u00fc\u00fcr<\/strong><\/h6>\n\n\n\n<p>Tulem\u00fc\u00fcr toimib filtrina v\u00f5rgu ja Interneti vahel. Tulem\u00fc\u00fcr lisab meie serverile turvalisust, kuna see hoiab \u00e4ra selliste ohtude nagu pahavara ja viiruste edasikandumise.<\/p>\n\n\n\n<h6 class=\"wp-block-heading\"><strong>(2) Veebirakenduste tulem\u00fc\u00fcr<\/strong><\/h6>\n\n\n\n<p>bitwallet kasutab veebirakenduste tulem\u00fc\u00fcri (WAF), et kaitsta pahatahtlike katsete eest meie s\u00fcsteemi kahjustada v\u00f5i meie andmeid v\u00e4lja filtreerida. bitwallet WAF blokeerib meie operatsioonis\u00fcsteemi, tarkvara ja teenuse levinud r\u00fcnnakumustri.<\/p>\n\n\n\n<h6 class=\"wp-block-heading\"><strong>(3) IP Anycast<\/strong><\/h6>\n\n\n\n<p>Dosi (teenuse keelamise) r\u00fcnnak on katse ujutada kasutajav\u00f5rk \u00fcle kasutu liiklusega, r\u00fcnnak r\u00e4mpsposti (postipomm) ja mitmete pingitaotluste pakettidega, mis p\u00f5hjustavad masina v\u00f5i v\u00f5rgu v\u00e4ljal\u00fclitamise, muutes selle soovitud kasutajatele k\u00e4ttesaamatuks. . Samuti on olemas DDoS-r\u00fcnnak, mis katkestab v\u00f5rgufunktsioonid j\u00e4\u00e4davalt. bitwallet kasutab IP Anycasti p\u00e4ringu \u00fcmbersuunamiseks.<\/p>\n\n\n\n<h6 class=\"wp-block-heading\"><strong>(4) Sissetungi tuvastamise s\u00fcsteem (IDS)<\/strong><\/h6>\n\n\n\n<p>Kui IDS saab serverisse mitu v\u00f5rguliiklust, suudab see j\u00e4lgida ja tuvastada kahtlast tegevust ning v\u00e4ljastada nende hulgas hoiatusi. S\u00fcsteem on v\u00f5imeline tegutsema avastatud pahatahtliku tegevuse ja ebanormaalse liikluse korral. bitwallet kasutab kahte t\u00fc\u00fcpi s\u00fcsteeme \u2013 v\u00f5rgu sissetungimise tuvastamise s\u00fcsteemi ja hosti sissetungi tuvastamise s\u00fcsteemi. V\u00f5rgu sissetungimise tuvastamine j\u00e4lgib sissetulevat ja v\u00e4ljaminevat liiklust, samas kui hosti sissetungimise tuvastamine suudab tuvastada pahatahtliku liikluse, mis tuleb hostist ise.<\/p>\n\n\n\n<h6 class=\"wp-block-heading\"><strong>(5) Unified Threat Management (UTM)<\/strong><\/h6>\n\n\n\n<p>UTM koondab mitu turvateenust ja -funktsiooni, nagu IDS, IPS ja muu veebisisu, et kaitsta bitwallet turvaohtude eest.<\/p>\n\n\n\n<h6 class=\"wp-block-heading\"><strong>2.3 Identiteedi kinnitamine<\/strong><\/h6>\n\n\n\n<h6 class=\"wp-block-heading\"><strong>(1) Tugev parool<\/strong><\/h6>\n\n\n\n<p>Lihtsa parooli korduvkasutamine v\u00f5i loomine, mis sisaldab ainult selliseid t\u00e4hti nagu &quot;bitcoin&quot;, muudab selle n\u00f5rgaks ja kergesti purunevaks. bitwallet lubab ainult tugevat parooli, mis sisaldab pikka kombinatsiooni suur- ja v\u00e4iket\u00e4htedest, numbritest ja kirjavahem\u00e4rkidest, muutes selle murdmise raskemaks.<\/p>\n\n\n\n<h6 class=\"wp-block-heading\"><strong>(2) Kontolukk<\/strong><\/h6>\n\n\n\n<p>Kui kasutajal on mitu eba\u00f5nnestunud sisselogimiskatset, peetakse seda kolmanda osapoole volitamata juurdep\u00e4\u00e4suks ja selle tulemusena konto lukustatakse. L\u00e4htestage oma parool, kui olete selle unustanud. Teie konto taastatakse alles siis, kui olete l\u00e4binud identiteedi autentimise.<\/p>\n\n\n\n<h6 class=\"wp-block-heading\"><strong>(3) Kahefaktoriline autentimine<\/strong><\/h6>\n\n\n\n<p>Kolmanda osapoole volitamata juurdep\u00e4\u00e4su v\u00e4ltimiseks toimib 2-faktoriline autentimine (2FA) t\u00e4iendava turvakihina, kui logite sisse bitwallet-sse. Kasutaja vajab oma kontole juurdep\u00e4\u00e4suks konto parooli ja teistkordset sisselogimist oma loaga. See muudab potentsiaalsete sissetungijate juurdep\u00e4\u00e4su raskemaks, kuna neil pole sisselogimiseks luba.<\/p>\n\n\n\n<h6 class=\"wp-block-heading\"><strong>(4) J\u00e4lgige sisselogimisajalugu<\/strong><\/h6>\n\n\n\n<p>Sinu sisselogimisajalugu salvestatakse serverisse iga kord, kui oled konkreetsest seadmest v\u00f5i veebi kaudu sisse loginud, sh \u00fcldine asukoht ja IP-aadress. Vaadake neid, et n\u00e4ha, kas on m\u00f5ni tundmatu sisselogimine.<\/p>\n\n\n\n<h6 class=\"wp-block-heading\"><strong>(5) Seansi ajal\u00f5pp<\/strong><\/h6>\n\n\n\n<p>Kui olete p\u00e4rast sisselogimist m\u00f5nda aega passiivne, logitakse teid volitamata juurdep\u00e4\u00e4su v\u00e4ltimiseks automaatselt kontolt v\u00e4lja.<\/p>\n\n\n\n<h6 class=\"wp-block-heading\"><strong>2.4 Programmi meetmed<\/strong><\/h6>\n\n\n\n<h6 class=\"wp-block-heading\"><strong>(1) Saididevaheline skriptimine<\/strong><\/h6>\n\n\n\n<p>Saidi\u00fclene skriptimine on turvar\u00fcnnak, mille k\u00e4igus r\u00fcndaja v\u00f5ib m\u00f5nelt teiselt usaldusv\u00e4\u00e4rselt veebisaidilt haavatava veebisaidi j\u00e4rele minna. bitwallet on seda t\u00fc\u00fcpi r\u00fcnnakute v\u00e4ltimiseks desinfitseeritud. Potentsiaalselt ohtlikud andmed eemaldatakse v\u00f5i muudetakse protsessi k\u00e4igus, mis muudab need k\u00e4ivitamatuks.<\/p>\n\n\n\n<h6 class=\"wp-block-heading\"><strong>(2) SQL-i s\u00fcstimine<\/strong><\/h6>\n\n\n\n<p>SQL-i s\u00fcstimine on programmeerimiskeel, mida kasutatakse haavatavate ja avatud l\u00e4htekoodiga andmebaasidega suhtlemiseks. See saadab serverile k\u00e4sud kasutajateabe avaldamiseks. bitwallet kasutab sisendit desinfitseerimine takistab pahatahtliku kommandi k\u00e4ivitamist. Andmed muudetakse k\u00e4ivitamatuks SQL-keeleks.<\/p>\n\n\n\n<h6 class=\"wp-block-heading\"><strong>(3) Saidi\u00fclese taotluse v\u00f5ltsimine<\/strong><\/h6>\n\n\n\n<p>Saidi\u00fclese p\u00e4ringu v\u00f5ltsimine on turvar\u00fcnnak, mis sunnib kasutajat sooritama soovimatuid toiminguid, mis pole autentitud. bitwallet kasutab turvas\u00fcsteemi j\u00e4lgides sellise potentsiaalselt kahjuliku r\u00fcnnaku blokeerimiseks turvalist kodeerimist ja WAF-i.<\/p>\n\n\n\n<h6 class=\"wp-block-heading\"><strong>(4) Brute Force Attack<\/strong><\/h6>\n\n\n\n<p>Brute force r\u00fcnnak on katse-eksituse meetod paroolide murdmise meetodil, mille abil dekodeeritakse erinevad paroolid, et teie kontolt j\u00f5uga l\u00e4bi murda. Tugeva parooli kasutamine ja 2FA seadistamine oma konto tugevdamiseks selle r\u00fcnnaku eest, kuna teie konto lukustatakse piiratud katsetega.<\/p>\n\n\n\n<h6 class=\"wp-block-heading\"><strong>(5) Salas\u00f5na kr\u00fcpteerimine<\/strong><\/h6>\n\n\n\n<p>Sisestatud parool kr\u00fcpteeritakse ja salvestatakse andmebaasi, l\u00e4bib r\u00e4simisprotsessi, lisades paroolile soola, muutes selle lugemise keeruliseks.<\/p>\n\n\n\n<h6 class=\"wp-block-heading\"><strong>(6) IP valgesse nimekirja lisamine<\/strong><\/h6>\n\n\n\n<p>Ainult valgesse nimekirja kantud IP-aadress saab bitwallet-s maksetehingut j\u00e4tkata. Tundmatu IP-aadressi kasutamine ja juurdep\u00e4\u00e4s blokeeritakse.<\/p>\n\n\n\n<h6 class=\"wp-block-heading\"><strong>2.5 Toimimiskontroll<\/strong><\/h6>\n\n\n\n<h6 class=\"wp-block-heading\"><strong>(1) Selfie esitamine<\/strong><\/h6>\n\n\n\n<p>N\u00f5utav on esitada isikut t\u00f5endav dokument, elukoha aadressit\u00f5end ja selfie. Erinevad l\u00e4\u00e4neriigid on selfisid veebip\u00f5hise identiteedi kinnitamise eesm\u00e4rgil kasutusele v\u00f5tnud. Sellise protseduuri kontrollimise eesm\u00e4rk on v\u00e4ltida v\u00f5ltsitud identiteedivargusi.<\/p>\n\n\n\n<h6 class=\"wp-block-heading\"><strong>(2) E-posti v\u00f5i SMS-i autentimine<\/strong><\/h6>\n\n\n\n<p>Kui soovite krediitkaardi limiiti t\u00f5sta, saadetakse teile autentimiseks posti v\u00f5i SMS-i teel genereeritud ID. Autentimine viiakse l\u00f5pule, kui olete ID etteantud aja jooksul sisestanud.<\/p>\n\n\n\n<h6 class=\"wp-block-heading\"><strong>(3) Pangakonto v\u00e4ljamakse kinnitus<\/strong><\/h6>\n\n\n\n<p>Meie meeskond kontrollib iga p\u00e4ev eba\u00f5iget kontoteavet, nagu panga nimi, filiaali nimi ja kontonumber.<\/p>\n\n\n\n<h6 class=\"wp-block-heading\"><strong>(4) Maksja konto kinnitus<\/strong><\/h6>\n\n\n\n<p>Kogu tehinguteave kontrollitakse enne saatmist ja see v\u00f5ib kontrollimiseks kuluva lisaaja t\u00f5ttu viibida. Palun lisage panga\u00fclekande ajal maksja nimele oma konto identifitseerimisnumber (konto ID + 3 numbrit).<\/p>\n\n\n\n<h6 class=\"wp-block-heading\"><strong>(5) Volitamata kasutamise kontrolli allhanke korras<\/strong><\/h6>\n\n\n\n<p>Oleme kaasanud allhanketeenuse, et j\u00e4lgida iga kasutaja igap\u00e4evast kasutust, et j\u00e4lgida volitamata kasutust.<\/p>\n\n\n\n<h6 class=\"wp-block-heading\"><strong>(6) V\u00e4ljav\u00f5tmise ja tagasimaksmise juhised<\/strong><\/h6>\n\n\n\n<p>Rahapesu ja krediitkaardi v\u00e4\u00e4rkasutuse v\u00e4ltimiseks vaatame esmalt k\u00e4sitsi \u00fcle kasutaja varasema kasutusajaloo, enne kui saab teha mis tahes tagasimakse- ja v\u00e4ljamaksetehinguid. See aitab \u00f5igeaegselt peatada k\u00f5ik kaardipettused.<\/p>\n\n\n\n<h5 class=\"wp-block-heading\">3. Tuvastage<\/h5>\n\n\n\n<h6 class=\"wp-block-heading\"><strong>(1) Serveri l\u00e4bivaatus<\/strong><\/h6>\n\n\n\n<p>Kui meie serveris leitakse viga, aktiveeritakse meie plaanitud automaatse serverikontrolli kaudu h\u00e4daabik\u00f5ne, mis l\u00fclitab kogu s\u00fcsteemi v\u00e4lja, et minimeerida sellega kaasnevaid kahjusid.<\/p>\n\n\n\n<h6 class=\"wp-block-heading\"><strong>(2) Andmebaasi kr\u00fcpteerimine<\/strong><\/h6>\n\n\n\n<p>Teie tundlikud andmed kr\u00fcpteeritakse meie andmebaasis salvestamise ajal. Kr\u00fcpteeritud andmeid on raske dekr\u00fcpteerida.<\/p>\n\n\n\n<h6 class=\"wp-block-heading\"><strong>(3) S\u00f5ltumatu pettuste tuvastamise s\u00fcsteem<\/strong><\/h6>\n\n\n\n<p>Avalik plokiahel on mitmekordse s\u00f5lmega loodud v\u00f5rk. See on t\u00e4iesti avatud ja iga\u00fcks v\u00f5ib v\u00f5rgustikuga liituda ja selles osaleda. S\u00f5lm n\u00f5uab oma protsessi ja j\u00f5udluse j\u00e4lgimist. bitwallet on juurutanud j\u00e4lgimisserveri, mis v\u00f5imaldab reaalajas teavet koguda iga m\u00e4rkme kohta, salvestades samal ajal selle sisselogimise. See v\u00f5imaldab meil kontrollida volitamata juurdep\u00e4\u00e4su v\u00f5i varakult tuvastatud tehinguid ja meetmeid rakendada, kasutades s\u00f5lmedevahelist tehingut.<\/p>\n\n\n\n<h5 class=\"wp-block-heading\">4. Vasta<\/h5>\n\n\n\n<h6 class=\"wp-block-heading\"><strong>(1) Situatsiooniplaanid<\/strong><\/h6>\n\n\n\n<p>Turvat\u00f5rgete lahendamiseks on olemas situatsiooniplaanid. Vastumeetmed ja ennetusmeetmed on t\u00f5husalt s\u00f5nastatud ja ellu viidud, kuna neil on ulatuslikud stsenaariumip\u00f5hised v\u00e4ljakutsed, mis j\u00e4ljendavad turbet\u00f5rkeid.<\/p>\n\n\n\n<h6 class=\"wp-block-heading\"><strong>(2) Juhtumianal\u00fc\u00fcs<\/strong><\/h6>\n\n\n\n<p>bitwallet on arendusprotsessi k\u00e4igus l\u00e4binud palju valideerimisteste ja anal\u00fc\u00fcse ning j\u00e4tkab turvakontrolli l\u00e4biviimist ka p\u00e4rast v\u00e4ljalaskmist. Kui kontrolli k\u00e4igus avastatakse m\u00f5ni turvaauk, tegeleb meeskond probleemi kiire leidmise ja k\u00f5rvaldamisega.<\/p>\n\n\n\n<h5 class=\"wp-block-heading\">5. Taastumine<\/h5>\n\n\n\n<h6 class=\"wp-block-heading\"><strong>(1) Taastamiskavad<\/strong><\/h6>\n\n\n\n<p>Turvat\u00f5rgete k\u00f5rvaldamiseks on paigas taastamisplaanid, mis p\u00f5hinevad t\u00f5rkeotsingu juhendis kirjutatud ulatuslikel ja \u00fcksikasjalikel sammudel, mis v\u00f5imaldavad kiiremat taastumisaega.<\/p>\n\n\n\n<h6 class=\"wp-block-heading\"><strong>(2) Insenerimeeskond t\u00f6\u00f6tab pidevalt stabiilsuse parandamise ja uute riskide lahendamise nimel<\/strong><\/h6>\n\n\n\n<p>bitwallet meeskond koosneb kr\u00fcpteerimisspetsialistidest, professionaalsetest isikutest ja osavatest inseneridest, kes v\u00f5itlevad ootamatute riskidega uusima tehnoloogia abil.<\/p>\n\n\n\n<h6 class=\"wp-block-heading\"><strong>(3) Turvalisusele reageerimise protsessi parandamine<\/strong><\/h6>\n\n\n\n<p>Mitme ettev\u00f5tte \u00fchise turvat\u00f5rke korral salvestatakse ja arhiveeritakse teave jagamiseks, et parandada andmete kirjavahetust. Lisaks vaadatakse ja t\u00e4iustatakse pidevalt reageerimisprotsessi, et tulla toime turvarikkumistega.<\/p>\n\n\n\n<h4 class=\"wp-block-heading\"><strong>Rakendustasandid<\/strong><\/h4>\n\n\n\n<p>Tasemed kajastavad seda, kuidas organisatsioon rakendab p\u00f5hifunktsioone ja juhib oma riske. bitwallet eesm\u00e4rk on saavutada k\u00f5rgeim tase t\u00e4iustatud haldusprotsessiga.<\/p>\n\n\n\n<h5 class=\"wp-block-heading\">1. Riskijuhtimise protsess<\/h5>\n\n\n\n<p>bitwallet-s kiidab turvariskide juhtimise meetmed heaks juhtkond ja need kehtestatakse poliitikana. Meie meeskond tegeleb turvameetmetega esmase prioriteedina.<\/p>\n\n\n\n<h5 class=\"wp-block-heading\">2. Integreeritud riskijuhtimise programm<\/h5>\n\n\n\n<p>K\u00f5ik ja k\u00f5ik bitwallet t\u00f6\u00f6tajad, kes osalevad riskijuhtimises, on seotud k\u00fcberjulgeoleku teabega.<\/p>\n\n\n\n<h4 class=\"wp-block-heading\"><strong>Raamistiku profiil<\/strong><\/h4>\n\n\n\n<p>Profiil, mis aitab bitwallet-l koostada tegevuskava k\u00fcberturvariski v\u00e4hendamiseks ning kirjeldada meie hetkeseisu, soovitud sihtseisundit ja riskijuhtimise protsessi.<\/p>\n\n\n\n<p>bitwallet p\u00f5hineb Ameerika \u00dchendriikide t\u00e4idesaatval korraldusel \u2013 \u201eFramework for Improving Critical Infrastructure Cyber Security\u201d ja \u00fchendab valdkonna parimad tavad rahvusvahelisest vaatenurgast.<\/p>\n\n\n\n<hr class=\"wp-block-separator has-alpha-channel-opacity\"\/>\n\n\n\n<p>Lisaklauslid<\/p>\n\n\n\n<p>Kuvatud tasu hakkab kehtima 1. juulist 2018.<\/p>\n\n\n\n<p>L\u00e4bivaatamine<\/p>\n\n\n\n<p>2.5 t\u00f6\u00f6kontrolli (1) selfie esitamine on muudetud 1. augustil 2018.<br>1. Identify on muudetud 21. jaanuaril 2022.<\/p>\n<\/div>\n\n\n\n<div class=\"wp-block-cover alignwide is-light help\"><span aria-hidden=\"true\" class=\"wp-block-cover__background has-background-dim-0 has-background-dim\"><\/span><img loading=\"lazy\" decoding=\"async\" width=\"2048\" height=\"336\" class=\"wp-block-cover__image-background wp-image-289\" alt=\"\" src=\"https:\/\/bitwallet.com\/wp-content\/uploads\/2023\/06\/mv-support-jpg.webp\" style=\"object-position:50% 50%\" data-object-fit=\"cover\" data-object-position=\"50% 50%\"\/><div class=\"wp-block-cover__inner-container has-global-padding is-layout-constrained wp-block-cover-is-layout-constrained\">\n<p class=\"has-large-font-size translation-block\"><strong>Kas vajad abi?<\/strong><br> <strong>Oleme siin, et aidata.<\/strong><\/p>\n\n\n\n<p class=\"translation-block\">Meie tugimeeskond on p\u00fchendunud teie teenindamisele.<br> Kui teil on meie teenuste kohta k\u00fcsimusi, v\u00f5tke meiega \u00fchendust.<\/p>\n\n\n\n<div class=\"wp-block-buttons is-layout-flex wp-block-buttons-is-layout-flex\">\n<div class=\"wp-block-button\"><a class=\"wp-block-button__link wp-element-button\" href=\"\/et\/support\/contact\/\">V\u00f5ta meiega \u00fchendust<\/a><\/div>\n<\/div>\n<\/div><\/div>","protected":false},"excerpt":{"rendered":"<p>bitwallet turvameetmed bitwallet (Bitwallet Service Group) on juhtiv makseteenuse pakkuja, millel on k\u00f5rge turvalisuse tase nii v\u00f5rgus kui ka v\u00e4ljaspool seda, et hoida klientide raha meie platvormil turvaliselt ja turvaliselt. Meie missioon on pidevalt p\u00fc\u00fcdleda turvalisuse parandamise poole, pakkudes samal ajal intuitiivset sirvimiskogemust k\u00f5igile kasutajatele. Meeskond usub, et meie platvormil parema turvalisuse loomine tugevdab usaldust meie klientide ja meie vahel. Meie meeskond suhtub turvameetmetesse pettuste ja volitamata kasutamise vastu t\u00f5siselt. Rahvusvaheliste vastavusstandardite tagamiseks meie platvormil on rakendatud eeskirju nagu AML (Anti-Money Laundering), KYC (Know Your Customer Identity Verification) jne. Vaata\u2026<\/p>","protected":false},"author":5,"featured_media":0,"parent":32,"menu_order":21,"comment_status":"closed","ping_status":"closed","template":"","meta":{"footnotes":""},"class_list":["post-927","page","type-page","status-publish","hentry"],"_links":{"self":[{"href":"https:\/\/bitwallet.com\/et\/wp-json\/wp\/v2\/pages\/927","targetHints":{"allow":["GET"]}}],"collection":[{"href":"https:\/\/bitwallet.com\/et\/wp-json\/wp\/v2\/pages"}],"about":[{"href":"https:\/\/bitwallet.com\/et\/wp-json\/wp\/v2\/types\/page"}],"author":[{"embeddable":true,"href":"https:\/\/bitwallet.com\/et\/wp-json\/wp\/v2\/users\/5"}],"replies":[{"embeddable":true,"href":"https:\/\/bitwallet.com\/et\/wp-json\/wp\/v2\/comments?post=927"}],"version-history":[{"count":26,"href":"https:\/\/bitwallet.com\/et\/wp-json\/wp\/v2\/pages\/927\/revisions"}],"predecessor-version":[{"id":4648,"href":"https:\/\/bitwallet.com\/et\/wp-json\/wp\/v2\/pages\/927\/revisions\/4648"}],"up":[{"embeddable":true,"href":"https:\/\/bitwallet.com\/et\/wp-json\/wp\/v2\/pages\/32"}],"wp:attachment":[{"href":"https:\/\/bitwallet.com\/et\/wp-json\/wp\/v2\/media?parent=927"}],"curies":[{"name":"t\u00f6\u00f6leht","href":"https:\/\/api.w.org\/{rel}","templated":true}]}}