{"id":80,"date":"2023-05-10T16:18:02","date_gmt":"2023-05-10T07:18:02","guid":{"rendered":"https:\/\/bitwallet.com\/?page_id=80"},"modified":"2026-01-08T10:28:41","modified_gmt":"2026-01-08T01:28:41","slug":"handling-fee","status":"publish","type":"page","link":"https:\/\/bitwallet.com\/et\/service\/handling-fee\/","title":{"rendered":"K\u00f5ik tasud"},"content":{"rendered":"<div class=\"wp-block-cover alignwide header\"><img loading=\"lazy\" decoding=\"async\" width=\"2000\" height=\"360\" class=\"wp-block-cover__image-background wp-image-92\" alt=\"\" src=\"https:\/\/bitwallet.com\/wp-content\/uploads\/2023\/05\/handlingfee_visual01-jpg.webp\" data-object-fit=\"cover\"\/><span aria-hidden=\"true\" class=\"wp-block-cover__background has-black-background-color has-background-dim-0 has-background-dim\"><\/span><div class=\"wp-block-cover__inner-container has-global-padding is-layout-constrained wp-block-cover-is-layout-constrained\">\n<h1 class=\"wp-block-heading has-text-align-left effect00\">K\u00f5ik tasud<\/h1>\n\n\n\n<p class=\"effect00 fadeTimeA\">Kohaldatavate tasude loend<\/p>\n<\/div><\/div>\n\n\n\n<h2 class=\"wp-block-heading effect00\">Tasud erinevate kontot\u00fc\u00fcpide jaoks<\/h2>\n\n\n\n<p>Meie bitwallet teenuste kasutamise ajal rakendatakse vastavalt teie kontot\u00fc\u00fcpidele (isiklik, \u00e4ri- ja kaupmehekonto) j\u00e4rgmisi tasusid.<\/p>\n\n\n\n<div class=\"wp-block-group box effect00 fadeTimeB has-global-padding is-layout-constrained wp-block-group-is-layout-constrained\">\n<h3 class=\"wp-block-heading\">Kohaldatavate tasude loend<\/h3>\n\n\n\n<h4 class=\"wp-block-heading only-en\">VALMISTU MAKSEKS<\/h4>\n\n\n\n<h4 class=\"wp-block-heading only-ja\">\u304a\u652f\u6255\u6e96\u5099<\/h4>\n\n\n\n<div class=\"wp-block-group tblScrl has-global-padding is-layout-constrained wp-block-group-is-layout-constrained\">\n<table style=\"width: 100%; height: 64px;\">\n<tbody>\n<tr style=\"height: 41px;\">\n<th class=\"w30p\" style=\"height: 41px;\"><span class=\"only-en\">meetod<\/span><span class=\"only-ja\">\u65b9\u6cd5<span><\/th>\n<th class=\"w20p\" style=\"height: 41px;\">Kanal<\/th>\n<th class=\"w25p bl translation-block\" style=\"height: 41px;\">Isiklik\/\u00e4ri<br> konto<\/th>\n<th class=\"w25p bl translation-block\" style=\"height: 41px;\">Kaupmees<br> Konto<\/th>\n<\/tr>\n<tr style=\"height: 23px;\">\n<td style=\"height: 23px;\" class=\"translation-block\">Panga\u00fclekanne <sub>(\u203b1)<\/sub><\/td>\n<td style=\"height: 23px;\" class=\"translation-block\">erinevate kohalike pankade kaudu <sub>(\u203b2)<\/sub><\/td>\n<td style=\"height: 23px;\" colspan=\"2\">Alates $0 olenevalt riigist<sub>(\u203b2)<\/sub><\/td>\n<\/tr>\n<\/tbody>\n<\/table>\n<\/div>\n\n\n\n<ul class=\"wp-block-list note kome\">\n<li>Panga\u00fclekande v\u00f5i vahendaja panga\u00fclekande tasu eest kehtivad lisatasud.<\/li>\n\n\n\n<li>Lisateavet leiate oma kontole sisse logides.<\/li>\n<\/ul>\n\n\n\n<h4 class=\"wp-block-heading only-en\">MAKSE<\/h4>\n\n\n\n<h4 class=\"wp-block-heading only-ja\">\u304a\u652f\u6255<\/h4>\n\n\n\n<div class=\"wp-block-group tblScrl has-global-padding is-layout-constrained wp-block-group-is-layout-constrained\">\n<table style=\"width: 100%; height: 128px;\">\n<tbody>\n<tr style=\"height: 20px;\">\n<th class=\"w30p\" style=\"height: 20px;\">meetod<\/th>\n<th class=\"w20p\" style=\"height: 20px;\">Br\u00e4nd\/valuuta<\/th>\n<th class=\"w25p bl translation-block\" style=\"height: 20px;\">Isiklik\/\u00e4ri<br> konto<\/th>\n<th class=\"w25p bl translation-block\" style=\"height: 20px;\">Kaupmees<br> Konto<\/th>\n<\/tr>\n<tr style=\"height: 88px;\">\n<td style=\"height: 88px;\">bitwallet makse<\/td>\n<td style=\"height: 88px;\">K\u00f5ik saadaolevad valuutad<\/td>\n<td style=\"height: 88px;\" colspan=\"2\">\n<p>Nii madal kui $0<\/p>\n<\/td>\n<\/tr>\n<tr style=\"height: 20px;\">\n<td style=\"height: 20px;\">Krediit-\/deebetkaart<\/td>\n<td style=\"height: 20px;\">K\u00f5ik peamised kaardid<\/td>\n<td style=\"height: 20px;\" colspan=\"2\">Olenevalt kaardi margist<\/td>\n<\/tr>\n<\/tbody>\n<\/table>\n<\/div>\n\n\n\n<h4 class=\"wp-block-heading only-en\">SAADA MAKSE<\/h4>\n\n\n\n<h4 class=\"wp-block-heading only-ja\">\u304a\u53d7\u53d6<\/h4>\n\n\n\n<div class=\"wp-block-group tblScrl has-global-padding is-layout-constrained wp-block-group-is-layout-constrained\">\n<table style=\"width: 100%; height: 222px;\">\n<tbody>\n<tr style=\"height: 62px;\">\n<th class=\"w30p\" style=\"height: 62px;\">meetod<\/th>\n<th class=\"w20p\" style=\"height: 62px;\"><span class=\"only-en\">Valuuta<\/span><span class=\"only-ja\">\u901a\u8ca8<\/span><\/th>\n<th class=\"w30p\" style=\"height: 62px;\">Tasu<\/th>\n<th class=\"w20p\" style=\"height: 62px;\"><span class=\"only-en\">Minimaalne<br>makse<br>summa<\/span><span class=\"only-ja\">\u304a\u53d7\u53d6\u6700\u4f4e\u91d1\u984d<\/span><\/th>\n<\/tr>\n<tr style=\"height: 20px;\">\n<td style=\"height: 80px;\" rowspan=\"4\" class=\"translation-block\">Panga\u00fclekanne eest<br> \u00fcksikisikud<br> <sub>(\u203b1)<\/sub><\/td>\n<td style=\"height: 20px;\">USD<\/td>\n<td style=\"height: 80px;\" rowspan=\"4\" class=\"translation-block\">USD 10 v\u00f5i samav\u00e4\u00e4rne summa olenevalt riigist <sub>\uff08\u203b2\uff09<\/sub><\/td>\n<td style=\"height: 20px;\">USD 10<\/td>\n<\/tr>\n<tr style=\"height: 20px;\">\n<td class=\"notfC\" style=\"height: 20px;\">EUR<\/td>\n<td style=\"height: 20px;\">EUR 10<\/td>\n<\/tr>\n<tr style=\"height: 20px;\">\n<td class=\"notfC\" style=\"height: 20px;\">JPY<\/td>\n<td style=\"height: 20px;\">JPY 1000<\/td>\n<\/tr>\n<tr style=\"height: 20px;\">\n<td class=\"notfC\" style=\"height: 20px;\">AUD<\/td>\n<td style=\"height: 20px;\">AUD 10<\/td>\n<\/tr>\n<tr style=\"height: 20px;\">\n<td class=\"lRfC translation-block\" style=\"height: 80px;\" rowspan=\"4\">Panga\u00fclekanne<br> ettev\u00f5tetele <sub>(\u203b1)<\/sub><\/td>\n<td style=\"height: 20px;\">USD<\/td>\n<td style=\"height: 80px;\" rowspan=\"4\" class=\"translation-block\">0,8% ja edasi, s\u00f5ltub ettev\u00f5tte t\u00fc\u00fcbist <sub>(\u203b2)<\/sub> &amp; <sub>\uff08\u203b3)<\/sub><\/td>\n<td style=\"height: 20px;\">USD 10<\/td>\n<\/tr>\n<tr style=\"height: 20px;\">\n<td class=\"notfC\" style=\"height: 20px;\">EUR<\/td>\n<td style=\"height: 20px;\">EUR 10<\/td>\n<\/tr>\n<tr style=\"height: 20px;\">\n<td class=\"notfC\" style=\"height: 20px;\">JPY<\/td>\n<td style=\"height: 20px;\">JPY 1000<\/td>\n<\/tr>\n<tr style=\"height: 20px;\">\n<td class=\"notfC\" style=\"height: 20px;\">AUD<\/td>\n<td style=\"height: 20px;\">AUD 10<\/td>\n<\/tr>\n<\/tbody>\n<\/table>\n<\/div>\n\n\n\n<ul class=\"wp-block-list note kome\">\n<li>Panga\u00fclekande v\u00f5i vahendaja panga\u00fclekande tasu eest kehtivad lisatasud.<\/li>\n\n\n\n<li>Lisateavet leiate oma kontole sisse logides.<\/li>\n\n\n\n<li>Ettev\u00f5ttekonto ja kaupmehekonto tasude kohta saatke meile p\u00e4ring p\u00e4rast oma kontole sisselogimist.<\/li>\n\n\n\n<li class=\"only-ja nothonyaku\" data-no-translation=\"\">\u53d7\u53d6\u9280\u884c\u307e\u305f\u306f\u4e2d\u7d99\u9280\u884c\u306b\u3088\u3063\u3066\u306f10\u65e5\u4ee5\u4e0a\u304b\u304b\u308b\u5834\u5408\u3082\u3054\u3056\u3044\u307e\u3059\u3002<\/li>\n\n\n\n<li class=\"nonum\">Pettuste nagu rahapesu, krediitkaardi ja sularaha ettemaksu v\u00e4\u00e4rkasutamise v\u00e4ltimiseks vaadatakse krediitkaardi ja ettemaksukaardiga kuu aja jooksul tehtud makse ja sissemakse hoolikalt \u00fcle ning kantakse bitwallet \u00e4ran\u00e4gemisel saaja pangakontole. T\u00f6\u00f6tlemiseks v\u00f5ib vaja minna lisaaega.<\/li>\n\n\n\n<li class=\"nonum translation-block\">Te ei saa raha \u00fcle kanda panka j\u00e4rgmistes riikides, kus \u00fclekanded on keelatud.<br> M\u00f5ned riigid, mida selles nimekirjas ei ole, vaadatakse \u00fcle iga juhtumi puhul eraldi.<br> Afganistan, Benin, Bonaire, Burundi, Kesk-Aafrika Vabariik, T\u0161aad, Kongo, Krimm, Kuuba, Djibouti, Ekvatoriaal-Guinea, Eritrea, Gabon, Gambia, Guinea, Guinea-Bissau, Guyana, Iraan, Iraak, Kasahstan, K\u00f5rg\u00f5zstani Vabariik, Lao Liberia Vabariik Malawi, Mali, Mauritaania, Montserrat, Myanmar, Nauru, Niger, Norfolki saar, P\u00f5hja-Korea, Palau, Paapua Uus-Guinea, St. Barth\u00e9lemy saar, St. Kitts ja Nevis, St. Martin, Sint Maarteni saar, Sierra Leone, Sudaan (p\u00f5hja- ja l\u00f5unaosa), Suriname, Ida, Turkmenistan, Uzstan, Timore, Uzstan, S\u00fc\u00fcria Sahara, Jeemen, Venemaa, Peruu, L\u00f5una-Aafrika, Bangladesh, Gruusia<\/li>\n<\/ul>\n\n\n\n<h4 class=\"wp-block-heading only-en\">VAHETUS<\/h4>\n\n\n\n<h4 class=\"wp-block-heading only-ja\">\u4e21\u66ff<\/h4>\n\n\n\n<div class=\"wp-block-group tblScrl has-global-padding is-layout-constrained wp-block-group-is-layout-constrained\">\n<table style=\"width: 100%; height: 61px;\">\n<tbody>\n<tr style=\"height: 41px;\">\n<th class=\"w50p\" style=\"height: 41px;\">meetod<\/th>\n<th class=\"w25p bl translation-block\" style=\"height: 41px;\">Isiklik\/\u00e4ri<br> konto<\/th>\n<th class=\"w25p bl translation-block\" style=\"height: 41px;\">Kaupmees<br> Konto<\/th>\n<\/tr>\n<tr style=\"height: 20px;\">\n<td style=\"height: 20px;\">Valuutavahetus<\/td>\n<td style=\"height: 20px;\" colspan=\"2\">P\u00e4rast kontole sisselogimist vaadake vahetuskurssi<\/td>\n<\/tr>\n<\/tbody>\n<\/table>\n<\/div>\n<\/div>\n\n\n\n<div class=\"wp-block-cover alignwide is-light help\"><span aria-hidden=\"true\" class=\"wp-block-cover__background has-background-dim-0 has-background-dim\"><\/span><img loading=\"lazy\" decoding=\"async\" width=\"2048\" height=\"336\" class=\"wp-block-cover__image-background wp-image-289\" alt=\"\" src=\"https:\/\/bitwallet.com\/wp-content\/uploads\/2023\/06\/mv-support-jpg.webp\" style=\"object-position:50% 50%\" data-object-fit=\"cover\" data-object-position=\"50% 50%\"\/><div class=\"wp-block-cover__inner-container has-global-padding is-layout-constrained wp-block-cover-is-layout-constrained\">\n<p class=\"has-large-font-size translation-block\"><strong>Kas vajad abi?<\/strong><br> <strong>Oleme siin, et aidata.<\/strong><\/p>\n\n\n\n<p class=\"translation-block\">Meie tugimeeskond on p\u00fchendunud teie teenindamisele.<br> Kui teil on meie teenuste kohta k\u00fcsimusi, v\u00f5tke meiega \u00fchendust.<\/p>\n\n\n\n<div class=\"wp-block-buttons is-layout-flex wp-block-buttons-is-layout-flex\">\n<div class=\"wp-block-button\"><a class=\"wp-block-button__link wp-element-button\" href=\"\/et\/support\/contact\/\">V\u00f5ta meiega \u00fchendust<\/a><\/div>\n<\/div>\n<\/div><\/div>","protected":false},"excerpt":{"rendered":"<p>L\u00e4bipaistvad ja taskukohased k\u00e4sitlustasud bitwallet-ga. Registreeruge tasuta konto saamiseks juba t\u00e4na! Kogege bitwallet-ga usaldusv\u00e4\u00e4rset teenindust.<\/p>","protected":false},"author":5,"featured_media":0,"parent":32,"menu_order":27,"comment_status":"closed","ping_status":"closed","template":"","meta":{"footnotes":""},"class_list":["post-80","page","type-page","status-publish","hentry"],"_links":{"self":[{"href":"https:\/\/bitwallet.com\/et\/wp-json\/wp\/v2\/pages\/80","targetHints":{"allow":["GET"]}}],"collection":[{"href":"https:\/\/bitwallet.com\/et\/wp-json\/wp\/v2\/pages"}],"about":[{"href":"https:\/\/bitwallet.com\/et\/wp-json\/wp\/v2\/types\/page"}],"author":[{"embeddable":true,"href":"https:\/\/bitwallet.com\/et\/wp-json\/wp\/v2\/users\/5"}],"replies":[{"embeddable":true,"href":"https:\/\/bitwallet.com\/et\/wp-json\/wp\/v2\/comments?post=80"}],"version-history":[{"count":97,"href":"https:\/\/bitwallet.com\/et\/wp-json\/wp\/v2\/pages\/80\/revisions"}],"predecessor-version":[{"id":5764,"href":"https:\/\/bitwallet.com\/et\/wp-json\/wp\/v2\/pages\/80\/revisions\/5764"}],"up":[{"embeddable":true,"href":"https:\/\/bitwallet.com\/et\/wp-json\/wp\/v2\/pages\/32"}],"wp:attachment":[{"href":"https:\/\/bitwallet.com\/et\/wp-json\/wp\/v2\/media?parent=80"}],"curies":[{"name":"t\u00f6\u00f6leht","href":"https:\/\/api.w.org\/{rel}","templated":true}]}}