{"id":78,"date":"2023-05-10T16:14:10","date_gmt":"2023-05-10T07:14:10","guid":{"rendered":"https:\/\/bitwallet.com\/?page_id=78"},"modified":"2025-09-17T16:28:16","modified_gmt":"2025-09-17T07:28:16","slug":"account-open","status":"publish","type":"page","link":"https:\/\/bitwallet.com\/et\/service\/account-open\/","title":{"rendered":"Uus konto"},"content":{"rendered":"<div class=\"wp-block-cover alignwide is-light header\"><img loading=\"lazy\" decoding=\"async\" width=\"2000\" height=\"360\" class=\"wp-block-cover__image-background wp-image-1125\" alt=\"\" src=\"https:\/\/bitwallet.com\/wp-content\/uploads\/2023\/09\/mv-serivice_account-open-jpg.webp\" data-object-fit=\"cover\"\/><span aria-hidden=\"true\" class=\"wp-block-cover__background has-black-background-color has-background-dim-0 has-background-dim\"><\/span><div class=\"wp-block-cover__inner-container has-global-padding is-layout-constrained wp-block-cover-is-layout-constrained\">\n<h1 class=\"wp-block-heading has-text-align-left effect00\">Uus konto<\/h1>\n\n\n\n<p class=\"effect00 fadeTimeA\">bitwallet konto registreerimine<\/p>\n<\/div><\/div>\n\n\n\n<h2 class=\"wp-block-heading effect00\">Avage konto bitwallet-ga: p\u00f5hin\u00f5ue<\/h2>\n\n\n\n<p class=\"effect00 fadeTimeA\">bitwallet konto taotlemiseks peate j\u00e4rgima alltoodud n\u00f5udeid.<\/p>\n\n\n\n<div class=\"wp-block-group effect00 fadeTimeB has-global-padding is-layout-constrained wp-block-group-is-layout-constrained\">\n<h4 class=\"wp-block-heading\">Isikliku konto rakendus<\/h4>\n\n\n\n<ul class=\"wp-block-list account-open\">\n<li>Taotleja on 20-aastane ja vanem.<\/li>\n\n\n\n<li>Taotleja ei ole isik, kellel on puuduj\u00e4\u00e4k (suudab ise otsuseid teha).<\/li>\n\n\n\n<li>Taotleja ei ela USA-s ega teistes riikides, kus meie teenuse kasutamine on piiratud.<\/li>\n\n\n\n<li>Teie registreeritud p\u00f5hiteave ei \u00fchti teiste kasutajatega<\/li>\n\n\n\n<li>Kaebaja ei ole v\u00e4lispoliitiline isik (v\u00e4lismaa PEP).<\/li>\n\n\n\n<li>Taotleja ei kuulu asotsiaalj\u00f5ududesse ega ole nendega seotud.<\/li>\n<\/ul>\n\n\n\n<h4 class=\"wp-block-heading\">\u00c4rikonto taotlus<\/h4>\n\n\n\n<ul class=\"wp-block-list account-open\">\n<li>Ettev\u00f5te on juriidiliselt registreeritud ja suudab t\u00f5endi (dokumendi) toetuseks esitada.<\/li>\n\n\n\n<li>Vastutav isik on taotluse esitamise ajal 20-aastane ja vanem.<\/li>\n\n\n\n<li>Vastutav isik ei ole isik, kellel puudub v\u00f5ime (oma otsuseid teha).<\/li>\n\n\n\n<li>Vastutav isik ei ela USA-s ega teistes riikides, kus meie teenuse kasutamine on piiratud.<\/li>\n\n\n\n<li>Vastutav isik ei asu f\u00fc\u00fcsiliselt USA-s v\u00f5i teistes riikides, kus meie teenuse kasutamine on piiratud.<\/li>\n\n\n\n<li>Vastutav isik ei kasuta registreerimisel teiste bitwallet kasutajatega identseid kontaktandmeid (e-posti aadress, telefoninumber jne).<\/li>\n\n\n\n<li>Vastutav isik ei ole v\u00e4lispoliitiliselt paljastatud isikud (v\u00e4lismaised PEP-id)<\/li>\n\n\n\n<li>Ettev\u00f5te ja vastutav isik ei kuulu Asotsiaalj\u00f5ududesse ega ole sellega seotud.<\/li>\n\n\n\n<li>Ettev\u00f5tet ei \u00e4hvarda maksej\u00f5uetus v\u00f5i see on maksej\u00f5uetu.<\/li>\n<\/ul>\n<\/div>\n\n\n\n<h2 class=\"wp-block-heading effect01\" id=\"certificate\">Walleti konto jaoks vajalikud dokumendid<\/h2>\n\n\n\n<p class=\"effect01 fadeTimeA\">Rahakoti kasutamiseks peate esitama allpool n\u00f5utavad dokumendid.<\/p>\n\n\n\n<div class=\"wp-block-group box effect01 fadeTimeB has-global-padding is-layout-constrained wp-block-group-is-layout-constrained\">\n<h3 class=\"wp-block-heading\">Kinnitage oma identiteet bitwallet-s: dokumendin\u00f5ue<\/h3>\n\n\n\n<p>Vastavalt \u201eKriminaaltulu \u00fclekandmise t\u00f5kestamise seadusele\u201c n\u00f5uab bitwallet teie v\u00e4\u00e4rtuslike varade kaitsmiseks p\u00f5hjalikku identiteedikontrolli. Seet\u00f5ttu palume teil esitada oma isikut t\u00f5endav dokument ja praeguse aadressi kinnitamise dokument.<\/p>\n\n\n\n<hr class=\"wp-block-separator has-alpha-channel-opacity\"\/>\n\n\n\n<p>Esitatavate nimekirja sertifikaatide \u00fclevaate saamiseks vaadake allolevat loendit.<br>Saadetud materjalide andmeid saate oma kontol kontrollida p\u00e4rast uue rahakoti avamist.<\/p>\n\n\n\n<hr class=\"wp-block-separator has-alpha-channel-opacity\"\/>\n\n\n\n<h4 class=\"wp-block-heading\">1. Isiku t\u00f5endamise dokumendid<\/h4>\n\n\n\n<p>Palume esitada rahakoti registreerija fotoga isikut t\u00f5endav dokument (isiklik) ja selfie (n\u00e4otuvastus).<\/p>\n\n\n\n<p>Oleme teie esitamise kinnitamiseks kasutusele v\u00f5tnud selfid (n\u00e4otuvastus). See v\u00f5imaldab teil end isegi veebis paremini tuvastada kui n\u00e4ost n\u00e4kku vaadates.<\/p>\n\n\n\n<hr class=\"wp-block-separator has-alpha-channel-opacity\"\/>\n\n\n\n<h4 class=\"wp-block-heading\">2. Praeguse aadressi t\u00f5end<\/h4>\n\n\n\n<p>Palume esitada dokument rahakoti asutaja (eraisiku) praeguse aadressiga.<br>See peab olema 3 kuu jooksul kommunaalmaksete, kviitungite, riigiasutuste v\u00e4ljastatud materjalide jms kohta.<\/p>\n\n\n\n<hr class=\"wp-block-separator has-alpha-channel-opacity\"\/>\n\n\n\n<h4 class=\"wp-block-heading anchor\" id=\"company01\">3. \u00c4rikasutajale n\u00f5utavad dokumendid (ainult ettev\u00f5ttekonto)<\/h4>\n\n\n\n<p>Palume esitada dokumendid rahakoti asutaja (ettev\u00f5tte) ettev\u00f5tte registreerimise kohta.<\/p>\n\n\n\n<hr class=\"wp-block-separator has-alpha-channel-opacity\"\/>\n\n\n\n<h4 class=\"wp-block-heading\">4. Ametliku pitseriga sertifikaadid (ainult \u00e4rikonto)<\/h4>\n\n\n\n<p>Palume esitada rahakoti asutaja (ettev\u00f5tte) ettev\u00f5tte pitsati kinnitusmaterjalid.<\/p>\n\n\n\n<hr class=\"wp-block-separator has-alpha-channel-opacity\"\/>\n\n\n\n<h4 class=\"wp-block-heading\">5. Ettev\u00f5tte praeguse aadressi t\u00f5end (\u00e4rikonto)<\/h4>\n\n\n\n<p>Palume esitada dokument rahakoti asutaja (ettev\u00f5tte) nime ja praeguse aadressiga.<\/p>\n\n\n\n<hr class=\"wp-block-separator has-alpha-channel-opacity\"\/>\n\n\n\n<h4 class=\"wp-block-heading\">6. Kasuliku omaniku deklaratsioon (ainult \u00e4rikonto puhul)<\/h4>\n\n\n\n<p>Sisulise valitseja kohta palume esitada mitmeid dokumente.<\/p>\n<\/div>\n\n\n\n<h2 class=\"wp-block-heading effect01\">Konto registreerimine<\/h2>\n\n\n\n<p class=\"effect01 fadeTimeA\">bitwallet konto registreerimisprotsess on j\u00e4rgmine:<\/p>\n\n\n\n<div class=\"wp-block-group box account-open effect01 fadeTimeB has-global-padding is-layout-constrained wp-block-group-is-layout-constrained\">\n<h3 class=\"wp-block-heading\">Konto registreerimise protsess<\/h3>\n\n\n\n<div class=\"wp-block-group has-global-padding is-layout-constrained wp-block-group-is-layout-constrained\">\n<h4 class=\"wp-block-heading\"><strong>SAMM 1<\/strong><\/h4>\n\n\n\n<figure class=\"wp-block-image size-full\"><img loading=\"lazy\" decoding=\"async\" width=\"321\" height=\"321\" src=\"https:\/\/bitwallet.com\/wp-content\/uploads\/2023\/06\/icon_step1.png\" alt=\"\" class=\"wp-image-190\"\/><\/figure>\n\n\n\n<p>Registreeruge mis tahes seadmest. Alustamiseks sisestage registreerimislehele oma p\u00f5hiteave.<\/p>\n\n\n\n<figure class=\"wp-block-image size-full is-resized\"><img loading=\"lazy\" decoding=\"async\" width=\"1440\" height=\"886\" src=\"https:\/\/bitwallet.com\/wp-content\/uploads\/2024\/01\/STEP1en.webp\" alt=\"\" class=\"wp-image-3134\" style=\"width:1000px;height:undefinedpx\"\/><\/figure>\n<\/div>\n\n\n\n<div class=\"wp-block-group has-global-padding is-layout-constrained wp-block-group-is-layout-constrained\">\n<h4 class=\"wp-block-heading\"><strong>SAMM-2<\/strong><\/h4>\n\n\n\n<figure class=\"wp-block-image size-full\"><img loading=\"lazy\" decoding=\"async\" width=\"321\" height=\"321\" src=\"https:\/\/bitwallet.com\/wp-content\/uploads\/2023\/06\/icon_step2.png\" alt=\"\" class=\"wp-image-191\"\/><\/figure>\n\n\n\n<p>J\u00e4tkamiseks sisestage muu vajalik teave.<\/p>\n\n\n\n<figure class=\"wp-block-image size-full is-resized\"><img loading=\"lazy\" decoding=\"async\" width=\"1440\" height=\"1308\" src=\"https:\/\/bitwallet.com\/wp-content\/uploads\/2024\/01\/STEP2en.webp\" alt=\"\" class=\"wp-image-3135\" style=\"width:1000px;height:undefinedpx\"\/><\/figure>\n<\/div>\n\n\n\n<div class=\"wp-block-group has-global-padding is-layout-constrained wp-block-group-is-layout-constrained\">\n<h4 class=\"wp-block-heading\"><strong>SAMM-3<\/strong><\/h4>\n\n\n\n<figure class=\"wp-block-image size-full\"><img loading=\"lazy\" decoding=\"async\" width=\"321\" height=\"321\" src=\"https:\/\/bitwallet.com\/wp-content\/uploads\/2023\/06\/icon_step3.png\" alt=\"\" class=\"wp-image-192\"\/><\/figure>\n\n\n\n<p>Logige sisse ja laadige lehele Kinnitusdokumentide esitamine \u00fcles oma isikut t\u00f5endavad dokumendid, elukoha aadressi t\u00f5endav dokument ja ID-selfie.<\/p>\n\n\n\n<figure class=\"wp-block-image size-full is-resized\"><img loading=\"lazy\" decoding=\"async\" width=\"1074\" height=\"245\" src=\"https:\/\/bitwallet.com\/wp-content\/uploads\/2024\/01\/STEP3en.webp\" alt=\"\" class=\"wp-image-3136\" style=\"width:1000px;height:undefinedpx\"\/><\/figure>\n<\/div>\n\n\n\n<div class=\"wp-block-group has-global-padding is-layout-constrained wp-block-group-is-layout-constrained\">\n<h4 class=\"wp-block-heading\"><strong>SAMM-4<\/strong><\/h4>\n\n\n\n<figure class=\"wp-block-image size-full\"><img loading=\"lazy\" decoding=\"async\" width=\"321\" height=\"321\" src=\"https:\/\/bitwallet.com\/wp-content\/uploads\/2023\/06\/icon_step4.png\" alt=\"\" class=\"wp-image-193\"\/><\/figure>\n\n\n\n<p>Taotlus t\u00f6\u00f6deldakse t\u00f6\u00f6p\u00e4evadel ligikaudu 24 tunni jooksul. Kui see on kinnitatud ja kinnitatud, saadetakse teie konto teave teile e-posti teel.<br>\u203b Olenevalt rakenduse olekust v\u00f5ib see veidi aega v\u00f5tta.<\/p>\n\n\n\n<p>ja ongi tehtud! Kiire ja lihtne.<\/p>\n\n\n\n<p class=\"logo-bw step-goal\"><strong><em>bitwallet<\/em> Alusta kohe kasutamist!<\/strong><\/p>\n<\/div>\n<\/div>\n\n\n\n<div class=\"wp-block-cover alignwide is-light help\"><img loading=\"lazy\" decoding=\"async\" width=\"2048\" height=\"336\" class=\"wp-block-cover__image-background wp-image-289\" alt=\"\" src=\"https:\/\/bitwallet.com\/wp-content\/uploads\/2023\/06\/mv-support-jpg.webp\" style=\"object-position:50% 50%\" data-object-fit=\"cover\" data-object-position=\"50% 50%\"\/><span aria-hidden=\"true\" class=\"wp-block-cover__background has-background-dim-0 has-background-dim\"><\/span><div class=\"wp-block-cover__inner-container has-global-padding is-layout-constrained wp-block-cover-is-layout-constrained\">\n<p class=\"has-large-font-size translation-block\"><strong>Kas vajad abi?<\/strong><br> <strong>Oleme siin, et aidata.<\/strong><\/p>\n\n\n\n<p class=\"translation-block\">Meie tugimeeskond on p\u00fchendunud teie teenindamisele.<br> Kui teil on meie teenuste kohta k\u00fcsimusi, v\u00f5tke meiega \u00fchendust.<\/p>\n\n\n\n<div class=\"wp-block-buttons is-layout-flex wp-block-buttons-is-layout-flex\">\n<div class=\"wp-block-button\"><a class=\"wp-block-button__link wp-element-button\" href=\"\/et\/support\/contact\/\">V\u00f5ta meiega \u00fchendust<\/a><\/div>\n<\/div>\n<\/div><\/div>","protected":false},"excerpt":{"rendered":"<p>Avage Bitwalleti konto juba t\u00e4na ja nautige kiireid, turvalisi ja mugavaid tehinguid. Toetame valuutasid USD, JPY, EUR ja AUD. Registreeru kohe!<\/p>","protected":false},"author":5,"featured_media":0,"parent":32,"menu_order":28,"comment_status":"closed","ping_status":"closed","template":"","meta":{"footnotes":""},"class_list":["post-78","page","type-page","status-publish","hentry"],"_links":{"self":[{"href":"https:\/\/bitwallet.com\/et\/wp-json\/wp\/v2\/pages\/78","targetHints":{"allow":["GET"]}}],"collection":[{"href":"https:\/\/bitwallet.com\/et\/wp-json\/wp\/v2\/pages"}],"about":[{"href":"https:\/\/bitwallet.com\/et\/wp-json\/wp\/v2\/types\/page"}],"author":[{"embeddable":true,"href":"https:\/\/bitwallet.com\/et\/wp-json\/wp\/v2\/users\/5"}],"replies":[{"embeddable":true,"href":"https:\/\/bitwallet.com\/et\/wp-json\/wp\/v2\/comments?post=78"}],"version-history":[{"count":56,"href":"https:\/\/bitwallet.com\/et\/wp-json\/wp\/v2\/pages\/78\/revisions"}],"predecessor-version":[{"id":5205,"href":"https:\/\/bitwallet.com\/et\/wp-json\/wp\/v2\/pages\/78\/revisions\/5205"}],"up":[{"embeddable":true,"href":"https:\/\/bitwallet.com\/et\/wp-json\/wp\/v2\/pages\/32"}],"wp:attachment":[{"href":"https:\/\/bitwallet.com\/et\/wp-json\/wp\/v2\/media?parent=78"}],"curies":[{"name":"t\u00f6\u00f6leht","href":"https:\/\/api.w.org\/{rel}","templated":true}]}}