{"id":72,"date":"2023-05-10T16:08:34","date_gmt":"2023-05-10T07:08:34","guid":{"rendered":"https:\/\/bitwallet.com\/?page_id=72"},"modified":"2026-01-08T10:42:10","modified_gmt":"2026-01-08T01:42:10","slug":"receive","status":"publish","type":"page","link":"https:\/\/bitwallet.com\/et\/service\/receive\/","title":{"rendered":"SAADA MAKSE"},"content":{"rendered":"<div class=\"wp-block-cover alignwide is-light header\"><img loading=\"lazy\" decoding=\"async\" width=\"2000\" height=\"360\" class=\"wp-block-cover__image-background wp-image-934\" alt=\"\" src=\"https:\/\/bitwallet.com\/wp-content\/uploads\/2023\/09\/mv-service_payout-jpg.webp\" data-object-fit=\"cover\"\/><span aria-hidden=\"true\" class=\"wp-block-cover__background has-background-dim-0 has-background-dim\"><\/span><div class=\"wp-block-cover__inner-container has-global-padding is-layout-constrained wp-block-cover-is-layout-constrained\">\n<h1 class=\"wp-block-heading effect00\">SAADA MAKSE<\/h1>\n\n\n\n<p class=\"effect00 fadeTimeA\">Makse vastuv\u00f5tmine meie poolt<\/p>\n<\/div><\/div>\n\n\n\n<h2 class=\"wp-block-heading cur effect00\">Saate makseid oma finantsasutusele kogu maailmas<sup><span class=\"only-en\">VASTUV\u00d5TU<\/span><span class=\"only-ja\">\u304a\u53d7\u53d6<\/span><\/sup><\/h2>\n\n\n\n<div class=\"wp-block-columns fdCRsp effect00 fadeTimeA is-layout-flex wp-container-core-columns-is-layout-9d6595d7 wp-block-columns-is-layout-flex\">\n<div class=\"wp-block-column is-layout-flow wp-block-column-is-layout-flow\">\n<p>bitwallet puhul t\u00f6\u00f6tleme viivitamatult teie v\u00e4ljamaksetaotluse USA dollarites, Jaapani jeenides, Euroopa eurodes ja Austraalia dollarites.<\/p>\n\n\n\n<p>Tagamaks, et kasutajad saaksid makseid kohe k\u00e4tte, oleme \u00fchendatud suuremate pankadega \u00fcle kogu maailma, v\u00f5imaldades tehingute kiiret t\u00f6\u00f6tlemist.<\/p>\n\n\n\n<div class=\"wp-block-columns is-not-stacked-on-mobile cssctrl gap20 mt2em is-layout-flex wp-container-core-columns-is-layout-9d6595d7 wp-block-columns-is-layout-flex\">\n<div class=\"wp-block-column flexShrink0 is-layout-flow wp-block-column-is-layout-flow\" style=\"flex-basis:148px\">\n<figure class=\"wp-block-image size-full is-resized w100\"><img loading=\"lazy\" decoding=\"async\" width=\"148\" height=\"75\" src=\"https:\/\/bitwallet.com\/wp-content\/uploads\/2023\/07\/logo_aml01.png\" alt=\"\" class=\"wp-image-469\" style=\"width:148px;height:undefinedpx\"\/><\/figure>\n<\/div>\n\n\n\n<div class=\"wp-block-column is-layout-flow wp-block-column-is-layout-flow\">\n<ul class=\"wp-block-list note kome\">\n<li>Meie ettev\u00f5te tegutseb rangelt rahapesu t\u00f5kestamise nimel. Seet\u00f5ttu peavad kasutajad esmalt kinnitama oma identiteeti toetavate isikut t\u00f5endavate dokumentide ja aadressit\u00f5endiga Know-Your-Client (KYC) kogumise ajal. Samuti v\u00f5ivad kasutajad enne konto aktiveerimist esitada koopia oma krediitkaardi ja saaja pangakonto andmetest.<\/li>\n<\/ul>\n<\/div>\n<\/div>\n<\/div>\n\n\n\n<div class=\"wp-block-column fb280pxtb is-layout-flow wp-block-column-is-layout-flow\">\n<figure class=\"wp-block-image aligncenter size-full\"><img loading=\"lazy\" decoding=\"async\" width=\"800\" height=\"325\" src=\"https:\/\/bitwallet.com\/wp-content\/uploads\/2024\/12\/service_img_withdrawal_.png\" alt=\"\" class=\"wp-image-4965\"\/><\/figure>\n<\/div>\n<\/div>\n\n\n\n<div class=\"wp-block-cover alignwide is-light service\" style=\"min-height:255px;aspect-ratio:unset;\"><img loading=\"lazy\" decoding=\"async\" width=\"2000\" height=\"390\" class=\"wp-block-cover__image-background wp-image-838\" alt=\"\" src=\"https:\/\/bitwallet.com\/wp-content\/uploads\/2023\/09\/mv-service_payout2-jpg.webp\" data-object-fit=\"cover\"\/><span aria-hidden=\"true\" class=\"wp-block-cover__background has-background-dim-0 has-background-dim\"><\/span><div class=\"wp-block-cover__inner-container has-global-padding is-layout-constrained wp-block-cover-is-layout-constrained\">\n<h2 class=\"wp-block-heading effect01\">Taskukohane v\u00e4ljamaksetasu<\/h2>\n\n\n\n<p class=\"effect01 fadeTimeA\">Bitwalleti tasu v\u00f5ib olla kuni 10 USD.<\/p>\n<\/div><\/div>\n\n\n\n<div class=\"wp-block-group box effect01 has-global-padding is-layout-constrained wp-block-group-is-layout-constrained\">\n<h3 class=\"wp-block-heading\"><span class=\"only-en\">Detail<\/span><span class=\"only-ja\">\u4ed5\u69d8<\/span><\/h3>\n\n\n\n<h4 class=\"wp-block-heading\"><span class=\"only-en\">SAADA MAKSE<\/span><span class=\"only-ja\">\u304a\u53d7\u53d6<\/span><\/h4>\n\n\n\n<div class=\"wp-block-group tblScrl has-global-padding is-layout-constrained wp-block-group-is-layout-constrained\">\n<table>\n<tbody>\n<tr>\n<th class=\"w30p\">meetod<\/th>\n<th class=\"w20p\">Valuuta<\/th>\n<th class=\"w30p\">Tasu<\/th>\n<th class=\"w20p\"><span class=\"only-en\">Minimaalne<br \/>makse<br \/>summa<\/span><span class=\"only-ja\">\u304a\u53d7\u53d6\u6700\u4f4e\u91d1\u984d<\/span><\/th>\n<\/tr>\n<tr>\n<td rowspan=\"4\" class=\"translation-block\">Panga\u00fclekanne eest<br> \u00fcksikisikud<br> <sub>(\u203b1)<\/sub><\/td>\n<td>USD<\/td>\n<td rowspan=\"4\" class=\"translation-block\">USD 10 v\u00f5i samav\u00e4\u00e4rne summa olenevalt riigist <sub>\uff08\u203b2\uff09<\/sub><\/td>\n<td>USD 10<\/td>\n<\/tr>\n<tr>\n<td class=\"notfC\">EUR<\/td>\n<td>EUR 10<\/td>\n<\/tr>\n<tr>\n<td class=\"notfC\">JPY<\/td>\n<td>JPY 1000<\/td>\n<\/tr>\n<tr>\n<td class=\"notfC\">AUD<\/td>\n<td>AUD 10<\/td>\n<\/tr>\n<tr>\n<td class=\"lRfC translation-block\" rowspan=\"4\">Panga\u00fclekanne<br> ettev\u00f5tetele <sub>(\u203b1)<\/sub><\/td>\n<td>USD<\/td>\n<td rowspan=\"4\" class=\"translation-block\">0,8% ja edasi, s\u00f5ltub ettev\u00f5tte t\u00fc\u00fcbist <sub>(\u203b2)<\/sub> &amp; <sub>\uff08\u203b3)<\/sub><\/td>\n<td>USD 10<\/td>\n<\/tr>\n<tr>\n<td class=\"notfC\">EUR<\/td>\n<td>EUR 10<\/td>\n<\/tr>\n<tr>\n<td class=\"notfC\">JPY<\/td>\n<td>JPY 1000<\/td>\n<\/tr>\n<tr>\n<td class=\"notfC\">AUD<\/td>\n<td>AUD 10<\/td>\n<\/tr>\n<\/tbody>\n<\/table>\n<\/div>\n\n\n\n<ul class=\"wp-block-list note kome\">\n<li>Panga\u00fclekande v\u00f5i vahendaja panga\u00fclekande tasu eest kehtivad lisatasud.<\/li>\n\n\n\n<li>Lisateavet leiate oma kontole sisse logides.<\/li>\n\n\n\n<li>Ettev\u00f5ttekonto ja kaupmehekonto tasude kohta saatke meile p\u00e4ring p\u00e4rast oma kontole sisselogimist.<\/li>\n\n\n\n<li class=\"nonum\">Pettuste nagu rahapesu, krediitkaardi ja sularaha ettemaksu v\u00e4\u00e4rkasutamise v\u00e4ltimiseks vaadatakse krediitkaardi ja ettemaksukaardiga kuu aja jooksul tehtud makse ja sissemakse hoolikalt \u00fcle ning kantakse bitwallet \u00e4ran\u00e4gemisel saaja pangakontole. T\u00f6\u00f6tlemiseks v\u00f5ib vaja minna lisaaega.<\/li>\n\n\n\n<li class=\"nonum translation-block\">Te ei saa raha \u00fcle kanda panka j\u00e4rgmistes riikides, kus \u00fclekanded on keelatud.<br> M\u00f5ned riigid, mida selles nimekirjas ei ole, vaadatakse \u00fcle iga juhtumi puhul eraldi.<br> Afganistan, Benin, Bonaire, Burundi, Kesk-Aafrika Vabariik, T\u0161aad, Kongo, Krimm, Kuuba, Djibouti, Ekvatoriaal-Guinea, Eritrea, Gabon, Gambia, Guinea, Guinea-Bissau, Guyana, Iraan, Iraak, Kasahstan, K\u00f5rg\u00f5zstani Vabariik, Lao Liberia Vabariik Malawi, Mali, Mauritaania, Montserrat, Myanmar, Nauru, Niger, Norfolki saar, P\u00f5hja-Korea, Palau, Paapua Uus-Guinea, St. Barth\u00e9lemy saar, St. Kitts ja Nevis, St. Martin, Sint Maarteni saar, Sierra Leone, Sudaan (p\u00f5hja- ja l\u00f5unaosa), Suriname, Ida, Turkmenistan, Uzstan, Timore, Uzstan, S\u00fc\u00fcria Sahara, Jeemen, Venemaa, Peruu, L\u00f5una-Aafrika, Bangladesh, Gruusia<\/li>\n<\/ul>\n<\/div>\n\n\n\n<div class=\"wp-block-cover alignwide is-light help\"><img loading=\"lazy\" decoding=\"async\" width=\"2048\" height=\"336\" class=\"wp-block-cover__image-background wp-image-289\" alt=\"\" src=\"https:\/\/bitwallet.com\/wp-content\/uploads\/2023\/06\/mv-support-jpg.webp\" style=\"object-position:50% 50%\" data-object-fit=\"cover\" data-object-position=\"50% 50%\"\/><span aria-hidden=\"true\" class=\"wp-block-cover__background has-background-dim-0 has-background-dim\"><\/span><div class=\"wp-block-cover__inner-container has-global-padding is-layout-constrained wp-block-cover-is-layout-constrained\">\n<p class=\"has-large-font-size translation-block\"><strong>Kas vajad abi?<\/strong><br> <strong>Oleme siin, et aidata.<\/strong><\/p>\n\n\n\n<p class=\"translation-block\">Meie tugimeeskond on p\u00fchendunud teie teenindamisele.<br> Kui teil on meie teenuste kohta k\u00fcsimusi, v\u00f5tke meiega \u00fchendust.<\/p>\n\n\n\n<div class=\"wp-block-buttons is-layout-flex wp-block-buttons-is-layout-flex\">\n<div class=\"wp-block-button\"><a class=\"wp-block-button__link wp-element-button\" href=\"\/et\/support\/contact\/\">V\u00f5ta meiega \u00fchendust<\/a><\/div>\n<\/div>\n<\/div><\/div>","protected":false},"excerpt":{"rendered":"<p>Registreeruge konto saamiseks juba t\u00e4na! Pakume kiireid, turvalisi ja mugavaid v\u00e4ljamaksemeetodeid otse teie pangakontole. Kogege uusi digitaalseid makseid.<\/p>","protected":false},"author":5,"featured_media":0,"parent":32,"menu_order":20,"comment_status":"closed","ping_status":"closed","template":"","meta":{"footnotes":""},"class_list":["post-72","page","type-page","status-publish","hentry"],"_links":{"self":[{"href":"https:\/\/bitwallet.com\/et\/wp-json\/wp\/v2\/pages\/72","targetHints":{"allow":["GET"]}}],"collection":[{"href":"https:\/\/bitwallet.com\/et\/wp-json\/wp\/v2\/pages"}],"about":[{"href":"https:\/\/bitwallet.com\/et\/wp-json\/wp\/v2\/types\/page"}],"author":[{"embeddable":true,"href":"https:\/\/bitwallet.com\/et\/wp-json\/wp\/v2\/users\/5"}],"replies":[{"embeddable":true,"href":"https:\/\/bitwallet.com\/et\/wp-json\/wp\/v2\/comments?post=72"}],"version-history":[{"count":76,"href":"https:\/\/bitwallet.com\/et\/wp-json\/wp\/v2\/pages\/72\/revisions"}],"predecessor-version":[{"id":5765,"href":"https:\/\/bitwallet.com\/et\/wp-json\/wp\/v2\/pages\/72\/revisions\/5765"}],"up":[{"embeddable":true,"href":"https:\/\/bitwallet.com\/et\/wp-json\/wp\/v2\/pages\/32"}],"wp:attachment":[{"href":"https:\/\/bitwallet.com\/et\/wp-json\/wp\/v2\/media?parent=72"}],"curies":[{"name":"t\u00f6\u00f6leht","href":"https:\/\/api.w.org\/{rel}","templated":true}]}}