{"id":26,"date":"2023-05-10T02:44:42","date_gmt":"2023-05-10T02:44:42","guid":{"rendered":"https:\/\/bitwallet.com\/?page_id=26"},"modified":"2025-10-27T11:14:43","modified_gmt":"2025-10-27T02:14:43","slug":"personal","status":"publish","type":"page","link":"https:\/\/bitwallet.com\/et\/feature\/personal\/","title":{"rendered":"Isiklik konto"},"content":{"rendered":"<div class=\"wp-block-cover alignwide is-light header\"><img loading=\"lazy\" decoding=\"async\" width=\"2048\" height=\"518\" class=\"wp-block-cover__image-background wp-image-105\" alt=\"\" src=\"https:\/\/bitwallet.com\/wp-content\/uploads\/2023\/05\/mv-feature-personal-jpg.webp\" style=\"object-position:76% 41%\" data-object-fit=\"cover\" data-object-position=\"76% 41%\"\/><span aria-hidden=\"true\" class=\"wp-block-cover__background has-background-dim-0 has-background-dim\"><\/span><div class=\"wp-block-cover__inner-container has-global-padding is-layout-constrained wp-block-cover-is-layout-constrained\">\n<h1 class=\"wp-block-heading has-text-align-left effect00\">Isiklik konto<\/h1>\n\n\n\n<p class=\"effect00 fadeTimeA\">Discover on lihtne ja sujuv kogemus, kui maksate kasutajatele v\u00f5i kaupmeestele bitwallet-ga. Teie isikliku valuuta rahakoti konto, mis on varustatud valdkonna k\u00f5rgeima turvastandardiga.<\/p>\n\n\n\n<div class=\"wp-block-buttons is-layout-flex wp-block-buttons-is-layout-flex\">\n<div class=\"wp-block-button btn-signup effect00 fadeTimeB\"><a class=\"wp-block-button__link wp-element-button\" href=\"https:\/\/secure.bitwallet.com\/signup\/certification?lang=en\" target=\"_blank\" rel=\"noreferrer noopener\">Looge rahakott<\/a><\/div>\n<\/div>\n<\/div><\/div>\n\n\n\n<div class=\"wp-block-cover alignwide is-light headcopy\" style=\"min-height:138px;aspect-ratio:unset;\" id=\"maincontetnts\"><span aria-hidden=\"true\" class=\"wp-block-cover__background has-background-dim-100 has-background-dim\" style=\"background-color:#f7f7f7\"><\/span><div class=\"wp-block-cover__inner-container has-global-padding is-layout-constrained wp-block-cover-is-layout-constrained\">\n<p class=\"has-text-align-center effect00\">bitwallet, mis pakub makselahendusi neljas k\u00f5ige enam kaubeldavas valuutas (USD, JPY, EUR ja AUD). Maailmatasemel turvalisusega varustatud digitaalne rahakott.<\/p>\n<\/div><\/div>\n\n\n\n<div class=\"wp-block-cover alignwide is-light\"><span aria-hidden=\"true\" class=\"wp-block-cover__background has-background-dim-0 has-background-dim\"><\/span><div class=\"wp-block-cover__inner-container has-global-padding is-layout-constrained wp-block-cover-is-layout-constrained\">\n<div class=\"wp-block-group swiper feature effect01 fadeTimeA has-global-padding is-layout-constrained wp-block-group-is-layout-constrained\">\n<div class=\"wp-block-group swiper-wrapper has-global-padding is-layout-constrained wp-block-group-is-layout-constrained\">\n<div class=\"wp-block-columns swiper-slide is-layout-flex wp-container-core-columns-is-layout-9d6595d7 wp-block-columns-is-layout-flex\">\n<div class=\"wp-block-column is-layout-flow wp-block-column-is-layout-flow\">\n<figure class=\"wp-block-image size-full personalAnime01\"><img loading=\"lazy\" decoding=\"async\" width=\"616\" height=\"492\" src=\"https:\/\/bitwallet.com\/wp-content\/uploads\/2023\/06\/personal_quality_img01.png\" alt=\"\" class=\"wp-image-195\"\/><\/figure>\n<\/div>\n\n\n\n<div class=\"wp-block-column is-layout-flow wp-block-column-is-layout-flow\">\n<h2 class=\"wp-block-heading personalAnime02\">K\u00f5ige intuitiivsem rahakott<\/h2>\n\n\n\n<p class=\"personalAnime03\">bitwallet v\u00f5imaldab kasutajatel teha tehinguid erinevates valuutades. K\u00f5ige turvalisem ja mitmek\u00fclgsem digitaalse rahakoti teenus.<\/p>\n\n\n\n<p class=\"personalAnime03\">bitwallet on t\u00e4ielikult PCI DSS(*) \u00fchilduv ja j\u00e4rgib rangelt PCI standardit, pakkudes k\u00f5rgemat andmeturbe taset ja kaitstes makseplatvormil kasutajateavet. Tehke turvaliselt sissemakse neljas suuremas valuutas (USD, JPY, EUR, AUD).<\/p>\n\n\n\n<div class=\"wp-block-columns is-not-stacked-on-mobile gap20 mt2em personalAnime04 is-layout-flex wp-container-core-columns-is-layout-9d6595d7 wp-block-columns-is-layout-flex\">\n<div class=\"wp-block-column is-layout-flow wp-block-column-is-layout-flow\" style=\"flex-basis:95px\">\n<figure class=\"wp-block-image size-full w100\"><img loading=\"lazy\" decoding=\"async\" width=\"95\" height=\"37\" src=\"https:\/\/bitwallet.com\/wp-content\/uploads\/2023\/06\/icon_pci01.png\" alt=\"\" class=\"wp-image-205\"\/><\/figure>\n<\/div>\n\n\n\n<div class=\"wp-block-column is-layout-flow wp-block-column-is-layout-flow\">\n<p class=\"note has-small-font-size\">PCI DSS (Payment Card Industry Data Security Standard) on \u00fclemaailmne kaardi turvastandard ning seda arendavad ja hooldavad 5 suurt rahvusvahelist krediitkaardibr\u00e4ndi: American Express, Discover, JCB, Mastercard ja VISA, et parandada kaardiomanike andmete turvalisust.<\/p>\n<\/div>\n<\/div>\n<\/div>\n<\/div>\n\n\n\n<div class=\"wp-block-columns swiper-slide is-layout-flex wp-container-core-columns-is-layout-9d6595d7 wp-block-columns-is-layout-flex\">\n<div class=\"wp-block-column is-layout-flow wp-block-column-is-layout-flow\">\n<figure class=\"wp-block-image size-full personalAnime01\"><img loading=\"lazy\" decoding=\"async\" width=\"690\" height=\"490\" src=\"https:\/\/bitwallet.com\/wp-content\/uploads\/2023\/06\/personal_quality_img03.png\" alt=\"\" class=\"wp-image-199\"\/><\/figure>\n<\/div>\n\n\n\n<div class=\"wp-block-column is-layout-flow wp-block-column-is-layout-flow\">\n<h2 class=\"wp-block-heading personalAnime02\">Erinevad maksevalikud<\/h2>\n\n\n\n<p class=\"personalAnime03\">bitwallet toetab erinevaid panga\u00fclekannete viise, tehes makseid teie pangakontolt kaupmeestele sujuvalt ja vaevata.<\/p>\n\n\n\n<p class=\"personalAnime03\">bitwallet-ga saate kiiresti konkurentsiv\u00f5imeliste tasudega makseid teha ja vastu v\u00f5tta.<\/p>\n<\/div>\n<\/div>\n<\/div>\n<\/div>\n\n<\/div><\/div>\n\n\n\n<div class=\"wp-block-cover alignwide is-light info-feature\" style=\"min-height:140px;aspect-ratio:unset;\"><span aria-hidden=\"true\" class=\"wp-block-cover__background has-background-dim-100 has-background-dim\" style=\"background-color:#f1f1f1\"><\/span><div class=\"wp-block-cover__inner-container has-global-padding is-layout-constrained wp-block-cover-is-layout-constrained\">\n<div class=\"wp-block-columns is-layout-flex wp-container-core-columns-is-layout-9d6595d7 wp-block-columns-is-layout-flex\">\n<div class=\"wp-block-column effect01 is-layout-flow wp-block-column-is-layout-flow\" style=\"flex-basis:25%\">\n<div class=\"wp-block-buttons is-horizontal is-content-justification-center is-layout-flex wp-container-core-buttons-is-layout-499968f5 wp-block-buttons-is-layout-flex\">\n<div class=\"wp-block-button is-style-fill only-en\"><a class=\"wp-block-button__link wp-element-button\" href=\"https:\/\/bitwallet.com\/et\/service\/deposit\/\" style=\"border-radius:0px\"><img loading=\"lazy\" decoding=\"async\" width=\"180\" height=\"128\" class=\"wp-image-5015\" style=\"width: 180px;\" src=\"https:\/\/bitwallet.com\/wp-content\/uploads\/2024\/12\/icon_personal_prepare.png\" alt=\"\"><br>VALMISTU<\/a><\/div>\n\n\n\n<div class=\"wp-block-button is-style-fill only-ja\"><a class=\"wp-block-button__link wp-element-button\" href=\"https:\/\/bitwallet.com\/et\/service\/prepare\/\" style=\"border-radius:0px\"><img loading=\"lazy\" decoding=\"async\" width=\"180\" height=\"128\" class=\"wp-image-5015\" style=\"width: 180px;\" src=\"https:\/\/bitwallet.com\/wp-content\/uploads\/2024\/12\/icon_personal_prepare.png\" alt=\"\"><br>\u3054\u6e96\u5099<\/a><\/div>\n<\/div>\n\n\n\n<p>Toetage lihtsat makseviisi krediitkaardi, internetipanga ja sularahaautomaadi kaudu finantsasutustelt \u00fcle kogu maailma.<\/p>\n<\/div>\n\n\n\n<div class=\"wp-block-column effect01 fadeTimeB is-layout-flow wp-block-column-is-layout-flow\" style=\"flex-basis:25%\">\n<div class=\"wp-block-buttons is-horizontal is-content-justification-center is-layout-flex wp-container-core-buttons-is-layout-499968f5 wp-block-buttons-is-layout-flex\">\n<div class=\"wp-block-button is-style-fill only-en\"><a class=\"wp-block-button__link wp-element-button\" href=\"https:\/\/bitwallet.com\/et\/service\/payment\/\" style=\"border-radius:0px\"><img loading=\"lazy\" decoding=\"async\" width=\"180\" height=\"128\" class=\"wp-image-5014\" style=\"width: 180px;\" src=\"https:\/\/bitwallet.com\/wp-content\/uploads\/2024\/12\/icon_personal_payment.png\" alt=\"\"><br>MAKSE<\/a><\/div>\n\n\n\n<div class=\"wp-block-button is-style-fill only-ja\"><a class=\"wp-block-button__link wp-element-button\" href=\"https:\/\/bitwallet.com\/et\/service\/payment\/\" style=\"border-radius:0px\"><img loading=\"lazy\" decoding=\"async\" width=\"180\" height=\"128\" class=\"wp-image-5014\" style=\"width: 180px;\" src=\"https:\/\/bitwallet.com\/wp-content\/uploads\/2024\/12\/icon_personal_payment.png\" alt=\"\"><br>\u304a\u652f\u6255<\/a><\/div>\n<\/div>\n\n\n\n<p>bitwallet-ga saate vaevata maksta USD, JPY, EUR v\u00f5i AUD teistele kasutajatele vaid \u00fche kl\u00f5psuga. Tehinguid t\u00f6\u00f6deldakse 24\/7, 365 p\u00e4eva.<\/p>\n<\/div>\n\n\n\n<div class=\"wp-block-column effect01 fadeTimeA is-layout-flow wp-block-column-is-layout-flow\" style=\"flex-basis:25%\">\n<div class=\"wp-block-buttons is-horizontal is-content-justification-center is-layout-flex wp-container-core-buttons-is-layout-499968f5 wp-block-buttons-is-layout-flex\">\n<div class=\"wp-block-button is-style-fill only-en\"><a class=\"wp-block-button__link wp-element-button\" href=\"https:\/\/bitwallet.com\/et\/service\/receive\/\" style=\"border-radius:0px\"><img loading=\"lazy\" decoding=\"async\" width=\"180\" height=\"128\" class=\"wp-image-5012\" style=\"width: 180px;\" src=\"https:\/\/bitwallet.com\/wp-content\/uploads\/2024\/12\/icon_personal_recieve.png\" alt=\"\"><br>VASTUV\u00d5TU<\/a><\/div>\n\n\n\n<div class=\"wp-block-button is-style-fill only-ja\"><a class=\"wp-block-button__link wp-element-button\" href=\"https:\/\/bitwallet.com\/et\/service\/receive\/\" style=\"border-radius:0px\"><img loading=\"lazy\" decoding=\"async\" width=\"180\" height=\"128\" class=\"wp-image-5012\" style=\"width: 180px;\" src=\"https:\/\/bitwallet.com\/wp-content\/uploads\/2024\/12\/icon_personal_recieve.png\" alt=\"\"><br>\u304a\u53d7\u53d6<\/a><\/div>\n<\/div>\n\n\n\n<p>Tehke raha v\u00e4lja oma m\u00e4\u00e4ratud pangakontole saadaolevates valuutades: USD, JPY, EUR, AUD(\u203b1).<\/p>\n<\/div>\n\n\n\n<div class=\"wp-block-column effect01 fadeTimeC is-layout-flow wp-block-column-is-layout-flow\" style=\"flex-basis:25%\">\n<div class=\"wp-block-buttons is-horizontal is-content-justification-center is-layout-flex wp-container-core-buttons-is-layout-499968f5 wp-block-buttons-is-layout-flex\">\n<div class=\"wp-block-button is-style-fill only-en\"><a class=\"wp-block-button__link wp-element-button\" href=\"https:\/\/bitwallet.com\/et\/service\/exchange\/\" style=\"border-radius:0px\"><img loading=\"lazy\" decoding=\"async\" width=\"180\" height=\"128\" class=\"wp-image-5013\" style=\"width: 180px;\" src=\"https:\/\/bitwallet.com\/wp-content\/uploads\/2024\/12\/icon_personal_exchange.png\" alt=\"\"><br>VAHETUS<\/a><\/div>\n\n\n\n<div class=\"wp-block-button is-style-fill only-ja\"><a class=\"wp-block-button__link wp-element-button\" href=\"https:\/\/bitwallet.com\/et\/service\/exchange\/\" style=\"border-radius:0px\"><img loading=\"lazy\" decoding=\"async\" width=\"180\" height=\"128\" class=\"wp-image-5013\" style=\"width: 180px;\" src=\"https:\/\/bitwallet.com\/wp-content\/uploads\/2024\/12\/icon_personal_exchange.png\" alt=\"\"><br>\u4e21\u66ff<\/a><\/div>\n<\/div>\n\n\n\n<p>Vahetage valuutat sooduskurssidega. bitwallet pakub USD, JPY, EUR ja AUD valuutavahetusteenust \u00f6\u00f6p\u00e4evaringselt. \u00d6\u00f6p\u00e4evaringne vahetus reaalajas t\u00f6\u00f6tlemine.<\/p>\n<\/div>\n<\/div>\n\n\n\n<ul class=\"wp-block-list note mt2em\">\n<li class=\"has-small-font-size\">(\u203b1) Saadaval ainult tavalisel pangatunnil.<\/li>\n<\/ul>\n<\/div><\/div>\n\n\n\n<div class=\"wp-block-cover alignwide is-light point-personal1 effect01\"><img loading=\"lazy\" decoding=\"async\" width=\"3000\" height=\"525\" class=\"wp-block-cover__image-background wp-image-127\" alt=\"\" src=\"https:\/\/bitwallet.com\/wp-content\/uploads\/2023\/05\/mv-feature-personal1.jpg\" data-object-fit=\"cover\"\/><span aria-hidden=\"true\" class=\"wp-block-cover__background has-background-dim-0 has-background-dim\"><\/span><div class=\"wp-block-cover__inner-container has-global-padding is-layout-constrained wp-block-cover-is-layout-constrained\">\n<p class=\"has-text-align-left has-large-font-size\">Kiire globaalne valuutavahetus<\/p>\n\n\n\n<p>J\u00e4ta h\u00fcvasti kuluka vahetustasuga. Kogege tasuta bitwallet valuutavahetusteenust.<\/p>\n<\/div><\/div>\n\n\n\n<div class=\"wp-block-cover alignwide is-light point-personal2 effect01\"><img loading=\"lazy\" decoding=\"async\" width=\"3000\" height=\"525\" class=\"wp-block-cover__image-background wp-image-129\" alt=\"\" src=\"https:\/\/bitwallet.com\/wp-content\/uploads\/2023\/05\/mv-feature-personal2-jpg.webp\" data-object-fit=\"cover\"\/><span aria-hidden=\"true\" class=\"wp-block-cover__background has-background-dim-0 has-background-dim\"><\/span><div class=\"wp-block-cover__inner-container has-global-padding is-layout-constrained wp-block-cover-is-layout-constrained\">\n<p class=\"has-text-align-left has-large-font-size\">K\u00f5ige eelistatum platvorm v\u00e4lismaksete tegemiseks.<\/p>\n\n\n\n<p>bitwallet on paljude eraisikute poolt valitud ideaalseimaks makselahenduseks kiirete sisse- ja v\u00e4ljamaksete teenuste pakkumisel.<\/p>\n<\/div><\/div>\n\n\n\n<div class=\"wp-block-cover alignwide is-light point-personal3 effect01\" style=\"min-height:430px;aspect-ratio:unset;\"><img loading=\"lazy\" decoding=\"async\" width=\"3000\" height=\"525\" class=\"wp-block-cover__image-background wp-image-130\" alt=\"\" src=\"https:\/\/bitwallet.com\/wp-content\/uploads\/2023\/05\/mv-feature-personal3-jpg.webp\" data-object-fit=\"cover\"\/><span aria-hidden=\"true\" class=\"wp-block-cover__background has-background-dim-0 has-background-dim\"><\/span><div class=\"wp-block-cover__inner-container has-global-padding is-layout-constrained wp-block-cover-is-layout-constrained\">\n<p class=\"has-text-align-left has-large-font-size\">Eemaldage \u00fcksk\u00f5ik kust<\/p>\n\n\n\n<p>Tehke v\u00e4ljamakse mis tahes pangakontole ja laekuge 1 t\u00f6\u00f6p\u00e4eva jooksul. \u00dclekanne mis tahes eelistatud riiki teile sobiva kursiga.<\/p>\n<\/div><\/div>\n\n\n\n<div class=\"wp-block-group alignwide info-lets is-layout-flow wp-block-group-is-layout-flow\">\n<p class=\"has-text-align-center effect01\">Kogege maailma parimat digitaalset rahakotti<\/p>\n\n\n\n<h2 class=\"wp-block-heading has-text-align-center effect01\">Liituge meiega n\u00fc\u00fcd<\/h2>\n\n\n\n<div class=\"wp-block-columns alignwide are-vertically-aligned-center is-not-stacked-on-mobile effect01 fadeTimeB is-layout-flex wp-container-core-columns-is-layout-9d6595d7 wp-block-columns-is-layout-flex\">\n<div class=\"wp-block-column is-vertically-aligned-center has-vivid-cyan-blue-background-color has-background is-layout-flow wp-block-column-is-layout-flow\">\n<p class=\"has-text-align-right translation-block\">Registreerimistasu<br> Kuumaks<\/p>\n<\/div>\n\n\n\n<div class=\"wp-block-column is-vertically-aligned-center has-pale-cyan-blue-background-color has-background is-layout-flow wp-block-column-is-layout-flow\">\n<p>0 jeeni<\/p>\n<\/div>\n<\/div>\n<\/div>\n\n\n\n<div class=\"wp-block-cover alignwide is-light info-step\"><span aria-hidden=\"true\" class=\"wp-block-cover__background has-background-dim-0 has-background-dim\"><\/span><div class=\"wp-block-cover__inner-container has-global-padding is-layout-constrained wp-block-cover-is-layout-constrained\">\n<h3 class=\"wp-block-heading has-text-align-center effect01\"><strong>Vaid 4 lihtsat sammu.<\/strong><br> <strong>Rahakoti valmimiseks kulub v\u00e4hemalt 30 minutit.<\/strong><\/h3>\n\n\n\n<div class=\"wp-block-columns step is-layout-flex wp-container-core-columns-is-layout-9d6595d7 wp-block-columns-is-layout-flex\">\n<div class=\"wp-block-column effect01 is-layout-flow wp-block-column-is-layout-flow\">\n<p class=\"has-text-align-center\"><strong>SAMM 1<\/strong><\/p>\n\n\n\n<figure class=\"wp-block-image aligncenter size-full\"><img loading=\"lazy\" decoding=\"async\" width=\"321\" height=\"321\" src=\"https:\/\/bitwallet.com\/wp-content\/uploads\/2023\/06\/icon_step1.png\" alt=\"\" class=\"wp-image-190\"\/><\/figure>\n\n\n\n<p>Registreeruge mis tahes seadmest. Alustamiseks sisestage registreerimislehele oma p\u00f5hiteave.<\/p>\n<\/div>\n\n\n\n<div class=\"wp-block-column effect01 fadeTimeA is-layout-flow wp-block-column-is-layout-flow\">\n<p class=\"has-text-align-center\"><strong>SAMM-2<\/strong><\/p>\n\n\n\n<figure class=\"wp-block-image aligncenter size-full\"><img loading=\"lazy\" decoding=\"async\" width=\"321\" height=\"321\" src=\"https:\/\/bitwallet.com\/wp-content\/uploads\/2023\/06\/icon_step2.png\" alt=\"\" class=\"wp-image-191\"\/><\/figure>\n\n\n\n<p>Teie registreeritud e-posti aadressile saadetakse kinnituslink. J\u00e4tkamiseks sisestage muu vajalik teave.<\/p>\n<\/div>\n\n\n\n<div class=\"wp-block-column effect01 fadeTimeB is-layout-flow wp-block-column-is-layout-flow\">\n<p class=\"has-text-align-center\"><strong>SAMM-3<\/strong><\/p>\n\n\n\n<figure class=\"wp-block-image aligncenter size-full\"><img loading=\"lazy\" decoding=\"async\" width=\"321\" height=\"321\" src=\"https:\/\/bitwallet.com\/wp-content\/uploads\/2023\/06\/icon_step3.png\" alt=\"\" class=\"wp-image-192\"\/><\/figure>\n\n\n\n<p>Logige sisse ja laadige \u00fcles oma isikut t\u00f5endavad dokumendid, elukoha aadressi t\u00f5end ja selfie lehele Kinnitusdokumentide esitamine.<\/p>\n<\/div>\n\n\n\n<div class=\"wp-block-column effect01 fadeTimeC is-layout-flow wp-block-column-is-layout-flow\">\n<p class=\"has-text-align-center\"><strong>SAMM-4<\/strong><\/p>\n\n\n\n<figure class=\"wp-block-image aligncenter size-full\"><img loading=\"lazy\" decoding=\"async\" width=\"321\" height=\"321\" src=\"https:\/\/bitwallet.com\/wp-content\/uploads\/2023\/06\/icon_step4.png\" alt=\"\" class=\"wp-image-193\"\/><\/figure>\n\n\n\n<p>Tavalisel t\u00f6\u00f6ajal valmib kinnitust\u00f6\u00f6 minimaalselt 30 minutiga. Kui see on kinnitatud ja kinnitatud, saadetakse teie konto teave teile e-posti teel.<\/p>\n<\/div>\n<\/div>\n\n\n\n<div class=\"wp-block-columns frontpage-cv is-layout-flex wp-container-core-columns-is-layout-9d6595d7 wp-block-columns-is-layout-flex\">\n<div class=\"wp-block-column is-vertically-aligned-center is-layout-flow wp-block-column-is-layout-flow\"><\/div>\n\n\n\n<div class=\"wp-block-column is-layout-flow wp-block-column-is-layout-flow\">\n<div class=\"wp-block-buttons is-content-justification-center is-layout-flex wp-container-core-buttons-is-layout-16018d1d wp-block-buttons-is-layout-flex\">\n<div class=\"wp-block-button has-custom-width wp-block-button__width-100 btn-signup effect01\"><a class=\"wp-block-button__link wp-element-button\" href=\"https:\/\/secure.bitwallet.com\/signup\/certification?lang=en\" target=\"_blank\" rel=\"noreferrer noopener\">Looge rahakott<\/a><\/div>\n<\/div>\n<\/div>\n\n\n\n<div class=\"wp-block-column is-vertically-aligned-center is-layout-flow wp-block-column-is-layout-flow\">\n<p class=\"has-text-align-center effect01 fadeTimeB\"><a href=\"\/et\/service\/account-open\/\" data-type=\"page\" data-id=\"78\"><span class=\"only-en\">Leia rohkem<\/span><span class=\"only-ja\">\u30a6\u30a9\u30ec\u30c3\u30c8\u958b\u8a2d\u624b\u9806\u3092\u8a73\u3057\u304f<\/span><\/a><\/p>\n<\/div>\n<\/div>\n<\/div><\/div>\n\n\n\n<div class=\"wp-block-cover alignwide is-light help\"><img loading=\"lazy\" decoding=\"async\" width=\"2048\" height=\"336\" class=\"wp-block-cover__image-background wp-image-289\" alt=\"\" src=\"https:\/\/bitwallet.com\/wp-content\/uploads\/2023\/06\/mv-support-jpg.webp\" style=\"object-position:50% 50%\" data-object-fit=\"cover\" data-object-position=\"50% 50%\"\/><span aria-hidden=\"true\" class=\"wp-block-cover__background has-background-dim-0 has-background-dim\"><\/span><div class=\"wp-block-cover__inner-container has-global-padding is-layout-constrained wp-block-cover-is-layout-constrained\">\n<p class=\"has-large-font-size translation-block\"><strong>Kas vajad abi?<\/strong><br> <strong>Oleme siin, et aidata.<\/strong><\/p>\n\n\n\n<p class=\"translation-block\">Meie tugimeeskond on p\u00fchendunud teie teenindamisele.<br> Kui teil on meie teenuste kohta k\u00fcsimusi, v\u00f5tke meiega \u00fchendust.<\/p>\n\n\n\n<div class=\"wp-block-buttons is-layout-flex wp-block-buttons-is-layout-flex\">\n<div class=\"wp-block-button\"><a class=\"wp-block-button__link wp-element-button\" href=\"\/et\/support\/contact\/\">V\u00f5ta meiega \u00fchendust<\/a><\/div>\n<\/div>\n<\/div><\/div>","protected":false},"excerpt":{"rendered":"<p>Hallake oma isiklikke rahaasju bitwallet-s. Meie platvorm pakub kiireid, turvalisi ja mugavaid lahendusi teie raha haldamiseks. Registreeruge tasuta konto saamiseks juba t\u00e4na.<\/p>","protected":false},"author":5,"featured_media":0,"parent":24,"menu_order":32,"comment_status":"closed","ping_status":"closed","template":"","meta":{"footnotes":""},"class_list":["post-26","page","type-page","status-publish","hentry"],"_links":{"self":[{"href":"https:\/\/bitwallet.com\/et\/wp-json\/wp\/v2\/pages\/26","targetHints":{"allow":["GET"]}}],"collection":[{"href":"https:\/\/bitwallet.com\/et\/wp-json\/wp\/v2\/pages"}],"about":[{"href":"https:\/\/bitwallet.com\/et\/wp-json\/wp\/v2\/types\/page"}],"author":[{"embeddable":true,"href":"https:\/\/bitwallet.com\/et\/wp-json\/wp\/v2\/users\/5"}],"replies":[{"embeddable":true,"href":"https:\/\/bitwallet.com\/et\/wp-json\/wp\/v2\/comments?post=26"}],"version-history":[{"count":108,"href":"https:\/\/bitwallet.com\/et\/wp-json\/wp\/v2\/pages\/26\/revisions"}],"predecessor-version":[{"id":5688,"href":"https:\/\/bitwallet.com\/et\/wp-json\/wp\/v2\/pages\/26\/revisions\/5688"}],"up":[{"embeddable":true,"href":"https:\/\/bitwallet.com\/et\/wp-json\/wp\/v2\/pages\/24"}],"wp:attachment":[{"href":"https:\/\/bitwallet.com\/et\/wp-json\/wp\/v2\/media?parent=26"}],"curies":[{"name":"t\u00f6\u00f6leht","href":"https:\/\/api.w.org\/{rel}","templated":true}]}}