{"id":1593,"date":"2023-10-16T14:43:05","date_gmt":"2023-10-16T05:43:05","guid":{"rendered":"https:\/\/bitwallet.com\/?page_id=1593"},"modified":"2024-08-16T12:21:01","modified_gmt":"2024-08-16T03:21:01","slug":"media-inquiry","status":"publish","type":"page","link":"https:\/\/bitwallet.com\/et\/support\/contact\/media-inquiry\/","title":{"rendered":"Meediap\u00e4ringuteks"},"content":{"rendered":"<div class=\"wp-block-cover alignwide header\"><span aria-hidden=\"true\" class=\"wp-block-cover__background has-background-dim-0 has-background-dim\"><\/span><img loading=\"lazy\" decoding=\"async\" width=\"2000\" height=\"360\" class=\"wp-block-cover__image-background wp-image-1033\" alt=\"\" src=\"https:\/\/bitwallet.com\/wp-content\/uploads\/2023\/09\/mv-support-contact-jpg.webp\" data-object-fit=\"cover\"\/><div class=\"wp-block-cover__inner-container has-global-padding is-layout-constrained wp-block-cover-is-layout-constrained\">\n<h1 class=\"wp-block-heading has-text-align-left effect00\">V\u00f5ta meiega \u00fchendust<\/h1>\n\n\n\n<p class=\"effect00 fadeTimeA\">Teenusp\u00e4ring<\/p>\n<\/div><\/div>\n\n\n\n<h2 class=\"wp-block-heading effect01\">Meediap\u00e4ringuteks<\/h2>\n\n\n\n<p><\/p>\n\n\n\n<div class=\"wp-block-group box effect01 has-global-padding is-layout-constrained wp-block-group-is-layout-constrained\">\n<h3 class=\"wp-block-heading\">Meediap\u00e4ringuteks<\/h3>\n\n\n\n<p>Kui olete meedia liige v\u00f5i soovite meedia v\u00f5i turunduse eesm\u00e4rgil \u00fchendust v\u00f5tta, v\u00f5tke meiega \u00fchendust.<\/p>\n\n\n\n<h4 class=\"wp-block-heading\">E-post<\/h4>\n\n\n\n<p>Saadaval: 24 tundi<br>T\u00f6\u00f6aeg: esmasp\u00e4evast laup\u00e4evani, 9.00\u201317.00 (JST)<\/p>\n\n\n\n<p class=\"has-text-align-center media-inquiry not-honyaku\"><strong>meedia\uff20bitwallet.com<\/strong><\/p>\n\n\n\n<p class=\"has-text-align-center has-small-font-size\">(E-kirja saatmiseks muutke \u201c@\u201d poolelaiusteks t\u00e4hem\u00e4rkideks)<\/p>\n\n\n\n<h4 class=\"wp-block-heading\">Helista meile<\/h4>\n\n\n\n<p class=\"only-en\">Saadaval: 24 tundi<\/p>\n\n\n\n<p class=\"only-ja\">\u5bfe\u5fdc\u6642\u9593\uff1a\u5e73\u65e5 9:00-17:00 *\u65e5\u672c\u6642\u9593<\/p>\n\n\n\n<p class=\"has-text-align-center media-inquiry\"><strong><strong>+65-6221-0111<\/strong><\/strong><\/p>\n\n\n\n<p class=\"has-text-align-center has-small-font-size\">(Rahvusvaheline k\u00f5ne: Singapur)<\/p>\n\n\n\n<p class=\"mx0 mt3em has-vivid-red-color has-text-color\">Uue koroonaviiruse (COVID-19) leviku t\u00f5kestamiseks peatame valitsuse n\u00f5udmisel ajutiselt telefonitoe. P\u00e4ringu saamiseks saatke p\u00e4ring \u00fclalolevale e-posti aadressile. Vabandame, et tekitatud ebamugavusi ja t\u00e4name m\u00f5istva suhtumise eest.<\/p>\n<\/div>\n\n\n\n<div class=\"wp-block-cover alignwide is-light help\"><span aria-hidden=\"true\" class=\"wp-block-cover__background has-background-dim-0 has-background-dim\"><\/span><img loading=\"lazy\" decoding=\"async\" width=\"2048\" height=\"336\" class=\"wp-block-cover__image-background wp-image-289\" alt=\"\" src=\"https:\/\/bitwallet.com\/wp-content\/uploads\/2023\/06\/mv-support-jpg.webp\" style=\"object-position:50% 50%\" data-object-fit=\"cover\" data-object-position=\"50% 50%\"\/><div class=\"wp-block-cover__inner-container has-global-padding is-layout-constrained wp-block-cover-is-layout-constrained\">\n<p class=\"has-large-font-size translation-block\"><strong>Kas vajad abi?<\/strong><br> <strong>Oleme siin, et aidata.<\/strong><\/p>\n\n\n\n<p class=\"translation-block\">Meie tugimeeskond on p\u00fchendunud teie teenindamisele.<br> Kui teil on meie teenuste kohta k\u00fcsimusi, v\u00f5tke meiega \u00fchendust.<\/p>\n\n\n\n<div class=\"wp-block-buttons is-layout-flex wp-block-buttons-is-layout-flex\">\n<div class=\"wp-block-button\"><a class=\"wp-block-button__link wp-element-button\" href=\"\/et\/support\/contact\/\">V\u00f5ta meiega \u00fchendust<\/a><\/div>\n<\/div>\n<\/div><\/div>","protected":false},"excerpt":{"rendered":"<p>Meediap\u00e4ringute ja muude ajakirjandusega seotud k\u00fcsimuste korral v\u00f5tke lisateabe saamiseks \u00fchendust aadressil media@bitwallet.com. V\u00f5tke meiega kohe \u00fchendust!<\/p>","protected":false},"author":5,"featured_media":0,"parent":1028,"menu_order":14,"comment_status":"closed","ping_status":"closed","template":"","meta":{"footnotes":""},"class_list":["post-1593","page","type-page","status-publish","hentry"],"_links":{"self":[{"href":"https:\/\/bitwallet.com\/et\/wp-json\/wp\/v2\/pages\/1593","targetHints":{"allow":["GET"]}}],"collection":[{"href":"https:\/\/bitwallet.com\/et\/wp-json\/wp\/v2\/pages"}],"about":[{"href":"https:\/\/bitwallet.com\/et\/wp-json\/wp\/v2\/types\/page"}],"author":[{"embeddable":true,"href":"https:\/\/bitwallet.com\/et\/wp-json\/wp\/v2\/users\/5"}],"replies":[{"embeddable":true,"href":"https:\/\/bitwallet.com\/et\/wp-json\/wp\/v2\/comments?post=1593"}],"version-history":[{"count":18,"href":"https:\/\/bitwallet.com\/et\/wp-json\/wp\/v2\/pages\/1593\/revisions"}],"predecessor-version":[{"id":4927,"href":"https:\/\/bitwallet.com\/et\/wp-json\/wp\/v2\/pages\/1593\/revisions\/4927"}],"up":[{"embeddable":true,"href":"https:\/\/bitwallet.com\/et\/wp-json\/wp\/v2\/pages\/1028"}],"wp:attachment":[{"href":"https:\/\/bitwallet.com\/et\/wp-json\/wp\/v2\/media?parent=1593"}],"curies":[{"name":"t\u00f6\u00f6leht","href":"https:\/\/api.w.org\/{rel}","templated":true}]}}