{"id":1118,"date":"2023-09-21T18:00:22","date_gmt":"2023-09-21T09:00:22","guid":{"rendered":"https:\/\/bitwallet.com\/?page_id=1118"},"modified":"2026-03-25T12:58:20","modified_gmt":"2026-03-25T03:58:20","slug":"api","status":"publish","type":"page","link":"https:\/\/bitwallet.com\/et\/support\/api\/","title":{"rendered":"API spetsifikatsioon"},"content":{"rendered":"<div class=\"wp-block-cover alignwide header\"><img loading=\"lazy\" decoding=\"async\" width=\"2000\" height=\"360\" class=\"wp-block-cover__image-background wp-image-1120\" alt=\"\" src=\"https:\/\/bitwallet.com\/wp-content\/uploads\/2023\/09\/mv-support-api-jpg.webp\" data-object-fit=\"cover\"\/><span aria-hidden=\"true\" class=\"wp-block-cover__background has-background-dim-0 has-background-dim\"><\/span><div class=\"wp-block-cover__inner-container has-global-padding is-layout-constrained wp-block-cover-is-layout-constrained\">\n<h1 class=\"wp-block-heading has-text-align-left effect00\">API spetsifikatsioon<\/h1>\n\n\n\n<p class=\"effect00 fadeTimeA\">Programmi spetsifikatsioonid arendajatele<\/p>\n<\/div><\/div>\n\n\n\n<h2 class=\"wp-block-heading effect00\">bitwallet veebi API<\/h2>\n\n\n\n<p class=\"effect00 fadeTimeA\">bitwallet pakub arendajatele m\u00f5eldud API spetsifikatsioonis terviklikku selgitust, n\u00e4iteks bitwallet API ja bitwallet Exchange API. bitwallet Merchant API v\u00f5imaldab sujuva maksekeskkonna jaoks luua kaupmehekonto \u00fchenduse meie makse- ja autentimisteenustega.<\/p>\n\n\n\n<div class=\"wp-block-group box effect00 fadeTimeB has-global-padding is-layout-constrained wp-block-group-is-layout-constrained\">\n<h3 class=\"wp-block-heading fiat\">bitwallet veebi API<\/h3>\n\n\n\n<h4 class=\"wp-block-heading\">bitwallet makse API (BPA)<\/h4>\n\n\n\n<p>BPA on l\u00fc\u00fcsi API bitwallet krediitkaarditehingu jaoks, mis v\u00f5imaldab lihtsat makseprotsessi (krediitkaart ja panga\u00fclekanne) bitwallet platvormil.<\/p>\n\n\n\n<p class=\"blank\"><a href=\"#\">BPA spetsifikatsioon (ettevalmistamine)<\/a><\/p>\n\n\n\n<hr class=\"wp-block-separator has-alpha-channel-opacity\"\/>\n\n\n\n<h4 class=\"wp-block-heading\">bitwallet Exchange API (BEA)<\/h4>\n\n\n\n<p>BEA on valuutavahetusele spetsialiseerunud API, mis on saadaval platvormil bitwallet. BEA jaguneb kahte t\u00fc\u00fcpi: avalik API ja turvaline API. Avalik API ei kasuta kasutaja autentimist, samas kui turvaline API n\u00f5uab autentimist. Avalik API pakub h\u00fcbriidandmeid, nagu hinnateave, ja Secure API tagab teabe konfidentsiaalsuse, deponeerimise ja v\u00e4ljav\u00f5tmise, mida see API kaudu t\u00f6\u00f6tleb.<\/p>\n\n\n\n<p class=\"blank\"><a href=\"#\">BEA spetsifikatsioon (ettevalmistamine) <\/a><\/p>\n\n\n\n<hr class=\"wp-block-separator has-alpha-channel-opacity\"\/>\n\n\n\n<h4 class=\"wp-block-heading\">bitwallet Merchant API (BMA)<\/h4>\n\n\n\n<p>BMA on API, mille bitwallet on oma platvormil rahakotifunktsiooniga rakendanud. API on spetsialiseerunud ja suunatud kaupmehekontodele, integreerides bitwallet makses\u00fcsteemi, rahakoti funktsioonid ja lubades nende veebisaitidel OpenID Connecti identiteedi autentimist.<\/p>\n\n\n\n<p class=\"blank\"><a href=\"https:\/\/secure.bitwallet.com\/docs\/merchant?lang=en\" target=\"_blank\" rel=\"noreferrer noopener\">BMA spetsifikatsioon (2026.03.25) versioon 2.06<\/a><\/p>\n<\/div>","protected":false},"excerpt":{"rendered":"<p>bitwallet Web API bitwallet pakub arendajatele m\u00f5eldud API spetsifikatsioonis terviklikku selgitust, n\u00e4iteks bitwallet API ja bitwallet Exchange API. bitwallet Merchant API v\u00f5imaldab sujuva maksekeskkonna jaoks luua kaupmehekonto \u00fchenduse meie makse- ja autentimisteenustega. bitwallet Web API bitwallet Payment API (BPA) BPA on l\u00fc\u00fcsi API bitwallet krediitkaarditehingu jaoks, mis v\u00f5imaldab lihtsat makseprotsessi (krediitkaart ja panga\u00fclekanne) bitwallet platvormil. BPA spetsifikatsioon (ettevalmistamine) bitwallet Exchange API (BEA) BEA on valuutavahetusele spetsialiseerunud API, mis on saadaval bitwallet platvormil. BEA jaguneb kahte t\u00fc\u00fcpi: avalik API ja turvaline API. Avalik API ei kasuta kasutaja autentimist, samas kui turvaline API n\u00f5uab autentimist. Avalik API\u2026<\/p>","protected":false},"author":5,"featured_media":0,"parent":310,"menu_order":17,"comment_status":"closed","ping_status":"closed","template":"","meta":{"footnotes":""},"class_list":["post-1118","page","type-page","status-publish","hentry"],"_links":{"self":[{"href":"https:\/\/bitwallet.com\/et\/wp-json\/wp\/v2\/pages\/1118","targetHints":{"allow":["GET"]}}],"collection":[{"href":"https:\/\/bitwallet.com\/et\/wp-json\/wp\/v2\/pages"}],"about":[{"href":"https:\/\/bitwallet.com\/et\/wp-json\/wp\/v2\/types\/page"}],"author":[{"embeddable":true,"href":"https:\/\/bitwallet.com\/et\/wp-json\/wp\/v2\/users\/5"}],"replies":[{"embeddable":true,"href":"https:\/\/bitwallet.com\/et\/wp-json\/wp\/v2\/comments?post=1118"}],"version-history":[{"count":18,"href":"https:\/\/bitwallet.com\/et\/wp-json\/wp\/v2\/pages\/1118\/revisions"}],"predecessor-version":[{"id":5774,"href":"https:\/\/bitwallet.com\/et\/wp-json\/wp\/v2\/pages\/1118\/revisions\/5774"}],"up":[{"embeddable":true,"href":"https:\/\/bitwallet.com\/et\/wp-json\/wp\/v2\/pages\/310"}],"wp:attachment":[{"href":"https:\/\/bitwallet.com\/et\/wp-json\/wp\/v2\/media?parent=1118"}],"curies":[{"name":"t\u00f6\u00f6leht","href":"https:\/\/api.w.org\/{rel}","templated":true}]}}