{"id":1063,"date":"2023-09-21T17:27:29","date_gmt":"2023-09-21T08:27:29","guid":{"rendered":"https:\/\/bitwallet.com\/?page_id=1063"},"modified":"2026-01-07T11:36:23","modified_gmt":"2026-01-07T02:36:23","slug":"unauthorized-transactions","status":"publish","type":"page","link":"https:\/\/bitwallet.com\/et\/support\/unauthorized-transactions\/","title":{"rendered":"Volitamata krediitkaarditehingud"},"content":{"rendered":"<div class=\"wp-block-cover alignwide header\"><img loading=\"lazy\" decoding=\"async\" width=\"2000\" height=\"360\" class=\"wp-block-cover__image-background wp-image-1097\" alt=\"\" src=\"https:\/\/bitwallet.com\/wp-content\/uploads\/2023\/09\/mv-support-unauthorizedtransactions-jpg.webp\" data-object-fit=\"cover\"\/><span aria-hidden=\"true\" class=\"wp-block-cover__background has-background-dim-0 has-background-dim\"><\/span><div class=\"wp-block-cover__inner-container has-global-padding is-layout-constrained wp-block-cover-is-layout-constrained\">\n<h1 class=\"wp-block-heading has-text-align-left effect00\">Volitamata krediitkaarditehingud<\/h1>\n\n\n\n<p class=\"effect00 fadeTimeA\">Kuidas seda ennetada<\/p>\n<\/div><\/div>\n\n\n\n<div class=\"wp-block-group box effect00 has-global-padding is-layout-constrained wp-block-group-is-layout-constrained\">\n<h3 class=\"wp-block-heading fiat\">Mis on volitamata kaarditehingud?<\/h3>\n\n\n\n<div class=\"wp-block-group effect00 fadeTimeA has-global-padding is-layout-constrained wp-block-group-is-layout-constrained\">\n<p>Volitamata kaarditehingud on tehingud, mida ei teinud teie ise, v\u00f5i tehingud, mis tehti ilma teie n\u00f5usolekuta. Volitamata tehingud toimuvad tavaliselt siis, kui teie krediitkaart l\u00e4heb kaotsi v\u00f5i varastatakse teavet v\u00f5rgus.<\/p>\n\n\n\n<p>Bitwallet v\u00f5tab volitamata tehinguid t\u00f5sise s\u00fc\u00fcteona ja soovib, et k\u00f5ik kasutajad teeksid koost\u00f6\u00f6d, et selliseid tehinguid v\u00e4ltida.<\/p>\n<\/div>\n<\/div>\n\n\n\n<div class=\"wp-block-group box contact has-global-padding is-content-justification-center is-layout-constrained wp-block-group-is-layout-constrained\">\n<h2 class=\"wp-block-heading has-text-align-center\">Kontaktinfo<\/h2>\n\n\n\n<div class=\"wp-block-group only-en has-global-padding is-layout-constrained wp-block-group-is-layout-constrained\">\n<p class=\"has-text-align-center\">Kui m\u00e4rkate tundmatuid tehinguid v\u00f5i kahtlustate pettust,<br>Palun v\u00f5tke meiega \u00fchendust \u00fchel alltoodud viisil.<\/p>\n\n\n\n<p class=\"has-text-align-center\">bitwallet klienditugi<\/p>\n\n\n\n<div class=\"wp-block-buttons btn-contact-info is-content-justification-center is-layout-flex wp-container-core-buttons-is-layout-16018d1d wp-block-buttons-is-layout-flex\">\n<div class=\"wp-block-button\"><a class=\"wp-block-button__link wp-element-button\" href=\"https:\/\/secure.bitwallet.com\/contact\/inquiry\/?lang=en\">V\u00f5tke \u00fchendust <\/a><\/div>\n<\/div>\n\n\n\n<p class=\"has-text-align-center\">Telefon: <strong>03-6893-0958<\/strong><br>Tugiteenuse lahtiolekuajad: Esmasp\u00e4evast reedeni, <strong>9:00-18:00<\/strong><\/p>\n\n\n\n<p class=\"has-text-align-center\">P\u00fchade ajal on lahtiolekuajad vastavalt meie ettev\u00f5tte t\u00f6\u00f6kalendrile.<\/p>\n<\/div>\n\n\n\n<div class=\"wp-block-group only-ja nothonyaku has-global-padding is-layout-constrained wp-block-group-is-layout-constrained\" data-no-translation=\"\">\n<p class=\"has-text-align-center\">\u8eab\u306b\u899a\u3048\u306e\u306a\u3044\u53d6\u5f15\u3084\u4e0d\u6b63\u53d6\u5f15\u306e\u7591\u3044\u304c\u3042\u308b\u306a\u3069\u306e\u3054\u76f8\u8ac7\u306f\u3001<br>\u4e0b\u8a18\u3044\u305a\u308c\u304b\u306e\u65b9\u6cd5\u306b\u3066\u3054\u9023\u7d61\u3092\u304a\u9858\u3044\u3044\u305f\u3057\u307e\u3059\u3002<\/p>\n\n\n\n<p class=\"has-text-align-center\">bitwallet \u30ab\u30b9\u30bf\u30de\u30fc\u30b5\u30dd\u30fc\u30c8<\/p>\n\n\n\n<div class=\"wp-block-buttons btn-contact-info is-content-justification-center is-layout-flex wp-container-core-buttons-is-layout-16018d1d wp-block-buttons-is-layout-flex\">\n<div class=\"wp-block-button\"><a class=\"wp-block-button__link wp-element-button\" href=\"https:\/\/secure.bitwallet.com\/contact\/inquiry\/?lang=ja\">\u304a\u554f\u3044\u5408\u308f\u305b<\/a><\/div>\n<\/div>\n\n\n\n<p class=\"has-text-align-center\">\u96fb\u8a71\u3000<strong>03-6893-0958<\/strong><br>\u5bfe\u5fdc\u6642\u9593\uff1a\u6708\u301c\u91d1\u66dc\u65e5\u3000<strong>9:00\u301c18:00<\/strong><\/p>\n\n\n\n<p class=\"has-text-align-center\">\u203b\u5e74\u672b\u5e74\u59cb\u306f\u3001\u5f0a\u793e\u55b6\u696d\u30ab\u30ec\u30f3\u30c0\u30fc\u306b\u57fa\u3065\u304d\u307e\u3059\u3002<\/p>\n<\/div>\n<\/div>\n\n\n\n<div class=\"wp-block-group box has-global-padding is-layout-constrained wp-block-group-is-layout-constrained\">\n<h3 class=\"wp-block-heading fiat\">Volitamata tehingute v\u00e4ltimine<\/h3>\n<\/div>\n\n\n\n<div class=\"wp-block-group prevention has-global-padding is-layout-constrained wp-block-group-is-layout-constrained\">\n<div class=\"wp-block-columns is-layout-flex wp-container-core-columns-is-layout-9d6595d7 wp-block-columns-is-layout-flex\">\n<div class=\"wp-block-column is-layout-flow wp-block-column-is-layout-flow\">\n<figure class=\"wp-block-image aligncenter size-full is-resized\"><img loading=\"lazy\" decoding=\"async\" width=\"173\" height=\"155\" src=\"https:\/\/bitwallet.com\/wp-content\/uploads\/2023\/09\/icon_ut_safety01.png\" alt=\"\" class=\"wp-image-1091\" style=\"object-fit:contain;width:undefinedpx;height:80px\"\/><\/figure>\n\n\n\n<h4 class=\"wp-block-heading has-text-align-center\"><strong>Konto turvalisus<\/strong><\/h4>\n\n\n\n<ul class=\"wp-block-list\">\n<li class=\"check\">Seadista oma kontole kahefaktoriline autentimine (2FA).<\/li>\n\n\n\n<li>\u00c4ra jaga oma isiklikku e-posti kontot ja kontot teistega.<\/li>\n\n\n\n<li>\u00c4rge lubage kellelgi teisel oma kontot hallata.<\/li>\n\n\n\n<li>\u00c4rge looge kontot teiste nimel.<\/li>\n\n\n\n<li>\u00c4rge tehke sissemakset teiste nimel.<\/li>\n\n\n\n<li>\u00c4rge avaldage isiklikku teavet, et teised saaksid teie nimel konto luua.<\/li>\n<\/ul>\n<\/div>\n\n\n\n<div class=\"wp-block-column is-layout-flow wp-block-column-is-layout-flow\">\n<figure class=\"wp-block-image aligncenter size-full is-resized\"><img loading=\"lazy\" decoding=\"async\" width=\"203\" height=\"158\" src=\"https:\/\/bitwallet.com\/wp-content\/uploads\/2023\/09\/icon_ut_safety02.png\" alt=\"\" class=\"wp-image-1092\" style=\"object-fit:contain;width:undefinedpx;height:80px\"\/><\/figure>\n\n\n\n<h4 class=\"wp-block-heading has-text-align-center\"><strong>Krediitkaardi kaitse<\/strong><\/h4>\n\n\n\n<ul class=\"wp-block-list\">\n<li class=\"check\">Kui olete oma kaardi valesti paigutanud, v\u00f5tke palun oma pangaga \u00fchendust, et kaart viivitamatult t\u00fchistada.<\/li>\n\n\n\n<li class=\"check\">J\u00e4lgige hoolikalt oma krediitkaardiarveid ja tehinguid.<\/li>\n\n\n\n<li>\u00c4rge jagage oma krediitkaardi andmeid teistega.<\/li>\n\n\n\n<li>\u00c4rge kasutage tehingu tegemiseks krediitkaarti, mis ei kuulu teile.<\/li>\n\n\n\n<li>\u00c4rge lubage teistel teie krediitkaarti tehingute tegemiseks kasutada.<\/li>\n<\/ul>\n<\/div>\n<\/div>\n<\/div>\n\n\n\n<div class=\"wp-block-group box has-global-padding is-layout-constrained wp-block-group-is-layout-constrained\">\n<h3 class=\"wp-block-heading nobar has-deep-blue-color has-text-color has-link-color wp-elements-26ed70d1d74a1d53cbf942f362e72613\"><strong>Volitamata kaarditehingute v\u00e4ltimiseks soovitame tungivalt mitte jagada oma kaardiandmeid kellegagi.<\/strong><\/h3>\n<\/div>\n\n\n\n<div class=\"wp-block-group box has-global-padding is-layout-constrained wp-block-group-is-layout-constrained\">\n<h3 class=\"wp-block-heading fiat\">Millal teavitada volitamata tehingutest?<\/h3>\n\n\n\n<p>Enne volitamata tehingust teatamist vaadake j\u00e4rgmisi n\u00e4iteid.<\/p>\n<\/div>\n\n\n\n<div class=\"wp-block-group prevention has-global-padding is-layout-constrained wp-block-group-is-layout-constrained\">\n<div class=\"wp-block-columns is-layout-flex wp-container-core-columns-is-layout-9d6595d7 wp-block-columns-is-layout-flex\">\n<div class=\"wp-block-column is-layout-flow wp-block-column-is-layout-flow\">\n<figure class=\"wp-block-image aligncenter size-full is-resized\"><img loading=\"lazy\" decoding=\"async\" width=\"247\" height=\"197\" src=\"https:\/\/bitwallet.com\/wp-content\/uploads\/2023\/09\/icon_ut_when01.png\" alt=\"\" class=\"wp-image-1071\" style=\"object-fit:contain;width:undefinedpx;height:80px\"\/><\/figure>\n\n\n\n<p>Kontrollige, kas olete oma krediitkaardi valesti paigutanud.<\/p>\n\n\n\n<p>Palun kontrollige oma asju, veendumaks, et teie f\u00fc\u00fcsiline krediitkaart pole kadunud.<\/p>\n<\/div>\n\n\n\n<div class=\"wp-block-column is-layout-flow wp-block-column-is-layout-flow\">\n<figure class=\"wp-block-image aligncenter size-full is-resized\"><img loading=\"lazy\" decoding=\"async\" width=\"280\" height=\"228\" src=\"https:\/\/bitwallet.com\/wp-content\/uploads\/2023\/09\/icon_ut_when02.png\" alt=\"\" class=\"wp-image-1072\" style=\"object-fit:contain;width:undefinedpx;height:80px\"\/><\/figure>\n\n\n\n<p>Kontrollige, kas m\u00f5ni teie pereliikmetest on hiljuti teie krediitkaarti veebimakse tegemiseks kasutanud.<\/p>\n\n\n\n<p>V\u00e4ga sageli on kaardiomanike pereliikmetel juurdep\u00e4\u00e4s oma krediitkaartidele.<\/p>\n<\/div>\n<\/div>\n\n\n\n<div class=\"wp-block-columns is-layout-flex wp-container-core-columns-is-layout-9d6595d7 wp-block-columns-is-layout-flex\">\n<div class=\"wp-block-column is-layout-flow wp-block-column-is-layout-flow\">\n<figure class=\"wp-block-image aligncenter size-full is-resized\"><img loading=\"lazy\" decoding=\"async\" width=\"189\" height=\"196\" src=\"https:\/\/bitwallet.com\/wp-content\/uploads\/2023\/09\/icon_ut_when03.png\" alt=\"\" class=\"wp-image-1078\" style=\"object-fit:contain;width:undefinedpx;height:80px\"\/><\/figure>\n\n\n\n<p>Kontrollige, kas teilt v\u00f5etakse iga-aastase liikmemaksu eest tasu.<\/p>\n\n\n\n<p>Liikmelisust uuendatakse sageli automaatselt. Lisateabe saamiseks p\u00f6\u00f6rduge oma teenusepakkuja poole.<\/p>\n<\/div>\n\n\n\n<div class=\"wp-block-column is-layout-flow wp-block-column-is-layout-flow\">\n<figure class=\"wp-block-image aligncenter size-full is-resized\"><img loading=\"lazy\" decoding=\"async\" width=\"167\" height=\"192\" src=\"https:\/\/bitwallet.com\/wp-content\/uploads\/2023\/09\/icon_ut_when04.png\" alt=\"\" class=\"wp-image-1079\" style=\"object-fit:contain;width:undefinedpx;height:80px\"\/><\/figure>\n\n\n\n<p>P\u00f6\u00f6rduge arvelduskirjelduse saamiseks kaupmehe poole, kellele maksite<\/p>\n\n\n\n<p>J\u00e4lgige oma hiljutisi oste ja kinnitage \u00fcksused teile esitatud arvetega. Arved v\u00f5ivad olla f\u00fc\u00fcsilisel paber- v\u00f5i digitaalsel kujul, mis leiate teie meilidest.<\/p>\n<\/div>\n<\/div>\n\n\n\n<div class=\"wp-block-columns is-layout-flex wp-container-core-columns-is-layout-9d6595d7 wp-block-columns-is-layout-flex\">\n<div class=\"wp-block-column is-layout-flow wp-block-column-is-layout-flow\">\n<figure class=\"wp-block-image aligncenter size-full is-resized\"><img loading=\"lazy\" decoding=\"async\" width=\"178\" height=\"187\" src=\"https:\/\/bitwallet.com\/wp-content\/uploads\/2023\/09\/icon_ut_when05.png\" alt=\"\" class=\"wp-image-1080\" style=\"object-fit:contain;width:undefinedpx;height:80px\"\/><\/figure>\n\n\n\n<p>Kontrollige, kas teile esitatakse teise nimega teenuse eest arve.<\/p>\n\n\n\n<p>M\u00f5ned kaupmehed eelistavad kuvada pakutava kauba nime, mitte kasutada poe nime.<\/p>\n\n\n\n<p>N\u00e4ide: Interneti-moepood nimega \u201eFlash Fashion\u201d, mis kuvatakse teie kaardi v\u00e4ljav\u00f5ttel kui \u201ekardigan\/pluus\/teksad\u201d.<\/p>\n<\/div>\n\n\n\n<div class=\"wp-block-column is-layout-flow wp-block-column-is-layout-flow\">\n<figure class=\"wp-block-image aligncenter size-full is-resized\"><img loading=\"lazy\" decoding=\"async\" width=\"242\" height=\"186\" src=\"https:\/\/bitwallet.com\/wp-content\/uploads\/2023\/09\/icon_ut_when06.png\" alt=\"\" class=\"wp-image-1081\" style=\"object-fit:contain;width:undefinedpx;height:80px\"\/><\/figure>\n\n\n\n<p>On kaupmehi, kelle ettev\u00f5tte nimi kuvatakse arvel kaupluse nime asemel.<\/p>\n\n\n\n<p>On kaupmehi, kelle ettev\u00f5tte nimi erineb kaupluse nimest.<\/p>\n\n\n\n<p>N\u00e4ide: teie kaardi v\u00e4ljav\u00f5ttel kuvatakse ettev\u00f5tte nimi &quot;fashion store Pte Ltd&quot;, samas kui kaupluse nimi on &quot;Flash Fashion&quot;.<\/p>\n<\/div>\n<\/div>\n<\/div>\n\n\n\n<div class=\"wp-block-group box has-global-padding is-layout-constrained wp-block-group-is-layout-constrained\">\n<h3 class=\"wp-block-heading fiat\">Kaardiomanike levinud vead.<\/h3>\n\n\n\n<p>Teatatud juhtumite hulgas on palju tehinguid, mille tegid pereliikmed v\u00f5i tuttavad kaardiomaniku n\u00f5usolekul. Enne volitamata kaarditehingust teatamist kontrollige palun oma pereliikmete ja tuttavate k\u00e4est, kas nad on teie kaarti hiljutiste internetimaksete v\u00f5i -ostude tegemiseks kasutanud.<\/p>\n<\/div>\n\n\n\n<div class=\"wp-block-group box has-global-padding is-layout-constrained wp-block-group-is-layout-constrained\">\n<h3 class=\"wp-block-heading fiat\">Enne meiega \u00fchenduse v\u00f5tmist kontrollige \u00fclaltoodud stsenaariume.<\/h3>\n\n\n\n<p>Bitwallet Pte. Ltd. ei k\u00f5hkle tehingut t\u00fchistamast, kui leitakse, et kasutaja krediitkaarti on kasutatud ebaseaduslikult.<\/p>\n\n\n\n<p>Kui te ei suuda loetletud n\u00e4idete p\u00f5hjal olukorda tuvastada, v\u00f5tke meiega kohe \u00fchendust.<\/p>\n\n\n\n<p>bitwallet meeskond t\u00f6\u00f6tab selle nimel, et tagada teie konto ja tehingute turvalisus.<\/p>\n<\/div>\n\n\n\n<div class=\"wp-block-group  inquiry has-global-padding is-layout-constrained wp-block-group-is-layout-constrained\">\n<p class=\"has-text-align-center\"><strong>Kui soovite meeskonnaga \u00fchendust v\u00f5tta, et teavitada volitamata tehingutest.<\/strong><\/p>\n\n\n\n<div class=\"wp-block-buttons is-content-justification-center is-layout-flex wp-container-core-buttons-is-layout-16018d1d wp-block-buttons-is-layout-flex\">\n<div class=\"wp-block-button\"><a class=\"wp-block-button__link wp-element-button\" href=\"https:\/\/secure.bitwallet.com\/contact\/?lang=en\">V\u00f5ta meiega \u00fchendust<\/a><\/div>\n<\/div>\n<\/div>\n\n\n\n<p><\/p>","protected":false},"excerpt":{"rendered":"<p>Kasutajaid julgustatakse tegema koost\u00f6\u00f6d bitwallet-ga, et v\u00e4ltida volitamata tehingute tekkimist.<\/p>","protected":false},"author":5,"featured_media":0,"parent":310,"menu_order":16,"comment_status":"closed","ping_status":"closed","template":"","meta":{"footnotes":""},"class_list":["post-1063","page","type-page","status-publish","hentry"],"_links":{"self":[{"href":"https:\/\/bitwallet.com\/et\/wp-json\/wp\/v2\/pages\/1063","targetHints":{"allow":["GET"]}}],"collection":[{"href":"https:\/\/bitwallet.com\/et\/wp-json\/wp\/v2\/pages"}],"about":[{"href":"https:\/\/bitwallet.com\/et\/wp-json\/wp\/v2\/types\/page"}],"author":[{"embeddable":true,"href":"https:\/\/bitwallet.com\/et\/wp-json\/wp\/v2\/users\/5"}],"replies":[{"embeddable":true,"href":"https:\/\/bitwallet.com\/et\/wp-json\/wp\/v2\/comments?post=1063"}],"version-history":[{"count":80,"href":"https:\/\/bitwallet.com\/et\/wp-json\/wp\/v2\/pages\/1063\/revisions"}],"predecessor-version":[{"id":5763,"href":"https:\/\/bitwallet.com\/et\/wp-json\/wp\/v2\/pages\/1063\/revisions\/5763"}],"up":[{"embeddable":true,"href":"https:\/\/bitwallet.com\/et\/wp-json\/wp\/v2\/pages\/310"}],"wp:attachment":[{"href":"https:\/\/bitwallet.com\/et\/wp-json\/wp\/v2\/media?parent=1063"}],"curies":[{"name":"t\u00f6\u00f6leht","href":"https:\/\/api.w.org\/{rel}","templated":true}]}}