{"id":1045,"date":"2023-09-21T10:05:37","date_gmt":"2023-09-21T01:05:37","guid":{"rendered":"https:\/\/bitwallet.com\/?page_id=1045"},"modified":"2024-08-16T12:19:15","modified_gmt":"2024-08-16T03:19:15","slug":"customer-inquiry","status":"publish","type":"page","link":"https:\/\/bitwallet.com\/et\/support\/contact\/customer-inquiry\/","title":{"rendered":"Klienditoe jaoks"},"content":{"rendered":"<div class=\"wp-block-cover alignwide header\"><span aria-hidden=\"true\" class=\"wp-block-cover__background has-background-dim-0 has-background-dim\"><\/span><img loading=\"lazy\" decoding=\"async\" width=\"2000\" height=\"360\" class=\"wp-block-cover__image-background wp-image-1033\" alt=\"\" src=\"https:\/\/bitwallet.com\/wp-content\/uploads\/2023\/09\/mv-support-contact-jpg.webp\" data-object-fit=\"cover\"\/><div class=\"wp-block-cover__inner-container has-global-padding is-layout-constrained wp-block-cover-is-layout-constrained\">\n<h1 class=\"wp-block-heading has-text-align-left effect00\">V\u00f5ta meiega \u00fchendust<\/h1>\n\n\n\n<p class=\"effect00 fadeTimeA\">Teenusp\u00e4ring<\/p>\n<\/div><\/div>\n\n\n\n<h2 class=\"wp-block-heading effect01\">Klienditoe jaoks<\/h2>\n\n\n\n<p><\/p>\n\n\n\n<div class=\"wp-block-group box effect01 has-global-padding is-layout-constrained wp-block-group-is-layout-constrained\">\n<h3 class=\"wp-block-heading\">Klienditoe jaoks<\/h3>\n\n\n\n<p>Kui teil on k\u00fcsimusi konto avamise, konto kasutamise v\u00f5i meie teenuse kohta, v\u00f5tke meiega \u00fchendust siin.<\/p>\n\n\n\n<h4 class=\"wp-block-heading\">Kontaktivorm<\/h4>\n\n\n\n<p>Saadaval: 24 tundi<br>T\u00f6\u00f6aeg: esmasp\u00e4evast laup\u00e4evani, 9.00\u201317.00 (JST)<\/p>\n\n\n\n<p>Kui teil on juba konto, logige sisse, valides alloleva nupu ja v\u00f5tke meiega \u00fchendust.<\/p>\n\n\n\n<div class=\"wp-block-buttons is-content-justification-center is-layout-flex wp-container-core-buttons-is-layout-16018d1d wp-block-buttons-is-layout-flex\">\n<div class=\"wp-block-button effect01\"><a class=\"wp-block-button__link wp-element-button\" href=\"https:\/\/secure.bitwallet.com\/signin\/?a=contact\/lists&amp;lang=en\" target=\"_blank\" rel=\"noreferrer noopener\">bitwallet kontoga kasutajad<\/a><\/div>\n<\/div>\n\n\n\n<p>Kui teil pole kontot v\u00f5i te ei saa sisse logida, v\u00f5tke meiega \u00fchendust, valides j\u00e4rgmised valikud.<\/p>\n\n\n\n<div class=\"wp-block-buttons is-content-justification-center is-layout-flex wp-container-core-buttons-is-layout-16018d1d wp-block-buttons-is-layout-flex\">\n<div class=\"wp-block-button effect01 translation-block\"><a class=\"wp-block-button__link wp-element-button\" href=\"https:\/\/secure.bitwallet.com\/contact\/inquiry\/?lang=en\" target=\"_blank\" rel=\"noreferrer noopener\">Kliendid, kellel pole kontot<br> Kasutajad, kes ei saa sisse logida<\/a><\/div>\n<\/div>\n\n\n\n<h4 class=\"wp-block-heading\">P\u00e4ringu tugi h\u00e4\u00e4ljuhiste kaudu (jaapani keel)<\/h4>\n\n\n\n<p>\u00dcldiste k\u00fcsimuste korral v\u00f5ite kasutada ka telefonijuhiseid. Kui teil on oma konto kohta konkreetseid k\u00fcsimusi, v\u00f5tke \u00fchendust \u00fclaloleva p\u00e4ringuvormi kaudu.<\/p>\n\n\n\n<p>Saadaval: 24 tundi<br><span class=\"only-en\">T\u00f6\u00f6aeg: esmasp\u00e4evast laup\u00e4evani, 9.00\u201317.00 (JST)<br><\/span><span class=\"only-ja\">\u30aa\u30da\u30ec\u30fc\u30bf\u30fc\u5bfe\u5fdc\u6642\u9593\uff1a\u5e73\u65e5 9:00-17:00 *\u65e5\u672c\u6642\u9593<\/span><\/p>\n\n\n\n<p class=\"has-text-align-center customer-inquiry\">(+81) 050-3204-0823<\/p>\n\n\n\n<p class=\"note has-small-font-size translation-block\">Teie esitatud isikuandmeid kasutatakse ainult teie p\u00e4ringule vastamiseks. Me ei kasuta seda \u00fchelgi muul eesm\u00e4rgil ega edasta seda ilma loata kolmandatele isikutele. K\u00e4sitleme teie isikuandmeid hoolikalt koosk\u00f5las meie <a href=\"https:\/\/bitwallet.com\/et\/aboutus\/privacy\/\" target=\"_self\">privaatsuspoliitikaga<\/a> .<\/p>\n<\/div>\n\n\n\n<div class=\"wp-block-cover alignwide is-light help\"><span aria-hidden=\"true\" class=\"wp-block-cover__background has-background-dim-0 has-background-dim\"><\/span><img loading=\"lazy\" decoding=\"async\" width=\"2048\" height=\"336\" class=\"wp-block-cover__image-background wp-image-289\" alt=\"\" src=\"https:\/\/bitwallet.com\/wp-content\/uploads\/2023\/06\/mv-support-jpg.webp\" style=\"object-position:50% 50%\" data-object-fit=\"cover\" data-object-position=\"50% 50%\"\/><div class=\"wp-block-cover__inner-container has-global-padding is-layout-constrained wp-block-cover-is-layout-constrained\">\n<p class=\"has-large-font-size translation-block\"><strong>Kas vajad abi?<\/strong><br> <strong>Oleme siin, et aidata.<\/strong><\/p>\n\n\n\n<p class=\"translation-block\">Meie tugimeeskond on p\u00fchendunud teie teenindamisele.<br> Kui teil on meie teenuste kohta k\u00fcsimusi, v\u00f5tke meiega \u00fchendust.<\/p>\n\n\n\n<div class=\"wp-block-buttons is-layout-flex wp-block-buttons-is-layout-flex\">\n<div class=\"wp-block-button\"><a class=\"wp-block-button__link wp-element-button\" href=\"\/et\/support\/contact\/\">V\u00f5ta meiega \u00fchendust<\/a><\/div>\n<\/div>\n<\/div><\/div>","protected":false},"excerpt":{"rendered":"<p>Klienditoele Klienditoele Kui teil on k\u00fcsimusi konto avamise, konto kasutamise v\u00f5i meie teenuse kohta, v\u00f5tke meiega \u00fchendust siin. Kontaktvorm Saadaval: 24 tundiT\u00f6\u00f6aeg: esmasp\u00e4evast laup\u00e4evani, 9:00 ~ 17:00 (JST) Kui teil on juba konto, logige sisse, valides alloleva nupu ja v\u00f5tke meiega \u00fchendust. Kui teil pole kontot v\u00f5i te ei saa sisse logida, v\u00f5tke meiega \u00fchendust, valides j\u00e4rgmised valikud. P\u00e4ringu tugi h\u00e4\u00e4ljuhiste kaudu (jaapani keel) \u00dcldiste k\u00fcsimuste korral saate kasutada ka telefonijuhiseid. Kui teil on oma konto kohta konkreetseid k\u00fcsimusi, v\u00f5tke \u00fchendust \u00fclaloleva p\u00e4ringuvormi kaudu. Saadaval:\u2026<\/p>","protected":false},"author":5,"featured_media":0,"parent":1028,"menu_order":12,"comment_status":"closed","ping_status":"closed","template":"","meta":{"footnotes":""},"class_list":["post-1045","page","type-page","status-publish","hentry"],"_links":{"self":[{"href":"https:\/\/bitwallet.com\/et\/wp-json\/wp\/v2\/pages\/1045","targetHints":{"allow":["GET"]}}],"collection":[{"href":"https:\/\/bitwallet.com\/et\/wp-json\/wp\/v2\/pages"}],"about":[{"href":"https:\/\/bitwallet.com\/et\/wp-json\/wp\/v2\/types\/page"}],"author":[{"embeddable":true,"href":"https:\/\/bitwallet.com\/et\/wp-json\/wp\/v2\/users\/5"}],"replies":[{"embeddable":true,"href":"https:\/\/bitwallet.com\/et\/wp-json\/wp\/v2\/comments?post=1045"}],"version-history":[{"count":36,"href":"https:\/\/bitwallet.com\/et\/wp-json\/wp\/v2\/pages\/1045\/revisions"}],"predecessor-version":[{"id":4925,"href":"https:\/\/bitwallet.com\/et\/wp-json\/wp\/v2\/pages\/1045\/revisions\/4925"}],"up":[{"embeddable":true,"href":"https:\/\/bitwallet.com\/et\/wp-json\/wp\/v2\/pages\/1028"}],"wp:attachment":[{"href":"https:\/\/bitwallet.com\/et\/wp-json\/wp\/v2\/media?parent=1045"}],"curies":[{"name":"t\u00f6\u00f6leht","href":"https:\/\/api.w.org\/{rel}","templated":true}]}}