{"id":1028,"date":"2023-09-21T09:08:14","date_gmt":"2023-09-21T00:08:14","guid":{"rendered":"https:\/\/bitwallet.com\/?page_id=1028"},"modified":"2024-02-21T20:31:05","modified_gmt":"2024-02-21T11:31:05","slug":"contact","status":"publish","type":"page","link":"https:\/\/bitwallet.com\/et\/support\/contact\/","title":{"rendered":"V\u00f5ta meiega \u00fchendust"},"content":{"rendered":"<div class=\"wp-block-cover alignwide header\"><span aria-hidden=\"true\" class=\"wp-block-cover__background has-background-dim-0 has-background-dim\"><\/span><img loading=\"lazy\" decoding=\"async\" width=\"2000\" height=\"360\" class=\"wp-block-cover__image-background wp-image-1033\" alt=\"\" src=\"https:\/\/bitwallet.com\/wp-content\/uploads\/2023\/09\/mv-support-contact-jpg.webp\" data-object-fit=\"cover\"\/><div class=\"wp-block-cover__inner-container has-global-padding is-layout-constrained wp-block-cover-is-layout-constrained\">\n<h1 class=\"wp-block-heading has-text-align-left effect00\">V\u00f5ta meiega \u00fchendust<\/h1>\n\n\n\n<p class=\"effect00 fadeTimeA\">Teenusp\u00e4ring<\/p>\n<\/div><\/div>\n\n\n\n\n\n\n<h2 class=\"wp-block-heading effect01\">V\u00f5ta meiega \u00fchendust<\/h2>\n\n\n\n<p class=\"effect01 fadeTimeA\">Kui teil on bitwallet teenuse kohta k\u00fcsimusi, v\u00f5tke meiega \u00fchendust, valides j\u00e4rgmised valikud.<\/p>\n\n\n\n<div class=\"wp-block-group box effect01 has-global-padding is-layout-constrained wp-block-group-is-layout-constrained\">\n<h3 class=\"wp-block-heading\">Klienditoe jaoks<\/h3>\n\n\n\n<p>Kui teil on k\u00fcsimusi konto avamise, konto kasutamise v\u00f5i meie teenuse kohta, v\u00f5tke meiega \u00fchendust siin.<\/p>\n\n\n\n<div class=\"wp-block-buttons is-content-justification-center is-layout-flex wp-container-core-buttons-is-layout-16018d1d wp-block-buttons-is-layout-flex\">\n<div class=\"wp-block-button effect01\"><a class=\"wp-block-button__link wp-element-button\" href=\"https:\/\/bitwallet.com\/et\/support\/contact\/customer-inquiry\/\">Klienditoe jaoks<\/a><\/div>\n<\/div>\n<\/div>\n\n\n\n<div class=\"wp-block-group box effect01 has-global-padding is-layout-constrained wp-block-group-is-layout-constrained\">\n<h3 class=\"wp-block-heading\">Kaupmeestele<\/h3>\n\n\n\n<p>Kui olete kaupmehe liige v\u00f5i kaalute end kaupmeheks registreerida, v\u00f5tke meiega \u00fchendust siin.<\/p>\n\n\n\n<div class=\"wp-block-buttons is-content-justification-center is-layout-flex wp-container-core-buttons-is-layout-16018d1d wp-block-buttons-is-layout-flex\">\n<div class=\"wp-block-button effect01\"><a class=\"wp-block-button__link wp-element-button\" href=\"https:\/\/bitwallet.com\/et\/support\/contact\/merchant-inquiry\/\">Kaupmeestele<\/a><\/div>\n<\/div>\n<\/div>\n\n\n\n<div class=\"wp-block-group box has-global-padding is-layout-constrained wp-block-group-is-layout-constrained\">\n<h3 class=\"wp-block-heading\">Meediap\u00e4ringuteks<\/h3>\n\n\n\n<p>Kui olete meedia liige v\u00f5i soovite meedia v\u00f5i turunduse eesm\u00e4rgil \u00fchendust v\u00f5tta, v\u00f5tke meiega \u00fchendust.<\/p>\n\n\n\n<div class=\"wp-block-buttons is-content-justification-center is-layout-flex wp-container-core-buttons-is-layout-16018d1d wp-block-buttons-is-layout-flex\">\n<div class=\"wp-block-button effect01\"><a class=\"wp-block-button__link wp-element-button\" href=\"https:\/\/bitwallet.com\/et\/support\/contact\/media-inquiry\/\">Meediap\u00e4ringuteks<\/a><\/div>\n<\/div>\n<\/div>","protected":false},"excerpt":{"rendered":"<p>V\u00f5tke meiega \u00fchendust Kui teil on bitwallet teenuse kohta k\u00fcsimusi, v\u00f5tke meiega \u00fchendust, valides j\u00e4rgmised valikud. Klienditoe jaoks Kui teil on k\u00fcsimusi konto avamise, konto kasutamise v\u00f5i meie teenuse kohta, v\u00f5tke meiega \u00fchendust siin. Kaupmeestele Kui olete kaupmehe liige v\u00f5i kaalute kaupmeheks registreerumist, v\u00f5tke meiega \u00fchendust siin. Meediap\u00e4ringuteks Kui olete meedia liige v\u00f5i soovite meedia- v\u00f5i turunduseesm\u00e4rkidel \u00fchendust v\u00f5tta, v\u00f5tke meiega \u00fchendust.<\/p>","protected":false},"author":5,"featured_media":0,"parent":310,"menu_order":11,"comment_status":"closed","ping_status":"closed","template":"","meta":{"footnotes":""},"class_list":["post-1028","page","type-page","status-publish","hentry"],"_links":{"self":[{"href":"https:\/\/bitwallet.com\/et\/wp-json\/wp\/v2\/pages\/1028","targetHints":{"allow":["GET"]}}],"collection":[{"href":"https:\/\/bitwallet.com\/et\/wp-json\/wp\/v2\/pages"}],"about":[{"href":"https:\/\/bitwallet.com\/et\/wp-json\/wp\/v2\/types\/page"}],"author":[{"embeddable":true,"href":"https:\/\/bitwallet.com\/et\/wp-json\/wp\/v2\/users\/5"}],"replies":[{"embeddable":true,"href":"https:\/\/bitwallet.com\/et\/wp-json\/wp\/v2\/comments?post=1028"}],"version-history":[{"count":41,"href":"https:\/\/bitwallet.com\/et\/wp-json\/wp\/v2\/pages\/1028\/revisions"}],"predecessor-version":[{"id":4477,"href":"https:\/\/bitwallet.com\/et\/wp-json\/wp\/v2\/pages\/1028\/revisions\/4477"}],"up":[{"embeddable":true,"href":"https:\/\/bitwallet.com\/et\/wp-json\/wp\/v2\/pages\/310"}],"wp:attachment":[{"href":"https:\/\/bitwallet.com\/et\/wp-json\/wp\/v2\/media?parent=1028"}],"curies":[{"name":"t\u00f6\u00f6leht","href":"https:\/\/api.w.org\/{rel}","templated":true}]}}