{"id":958,"date":"2023-09-20T15:52:03","date_gmt":"2023-09-20T06:52:03","guid":{"rendered":"https:\/\/bitwallet.com\/?page_id=958"},"modified":"2024-01-10T14:02:43","modified_gmt":"2024-01-10T05:02:43","slug":"payment","status":"publish","type":"page","link":"https:\/\/bitwallet.com\/es\/aboutus\/payment\/","title":{"rendered":"Soluci\u00f3n de pago"},"content":{"rendered":"<div class=\"wp-block-cover alignwide header\"><span aria-hidden=\"true\" class=\"wp-block-cover__background has-black-background-color has-background-dim-0 has-background-dim\"><\/span><img loading=\"lazy\" decoding=\"async\" width=\"2000\" height=\"360\" class=\"wp-block-cover__image-background wp-image-962\" alt=\"\" src=\"https:\/\/bitwallet.com\/wp-content\/uploads\/2023\/09\/mv-aboutus-payment-jpg.webp\" data-object-fit=\"cover\"\/><div class=\"wp-block-cover__inner-container has-global-padding is-layout-constrained wp-block-cover-is-layout-constrained\">\n<h1 class=\"wp-block-heading has-text-align-left effect00\">Soluci\u00f3n de pago<\/h1>\n\n\n\n<p class=\"effect00 fadeTimeA\">Soluci\u00f3n de pago global en bitwallet<\/p>\n<\/div><\/div>\n\n\n\n<h2 class=\"wp-block-heading effect00\">Soluci\u00f3n de pago bitwallet<\/h2>\n\n\n\n<p class=\"effect00 fadeTimeA\">bitwallet ha estado proporcionando una soluci\u00f3n de pago dirigida a negocios en l\u00ednea, garantizando que millones de transacciones se procesen de forma segura en nuestra plataforma. Nuestra infraestructura de pago incluye servicio de cobro de pagos con tarjeta de cr\u00e9dito, integraci\u00f3n de billetera API y servicio de puerta de enlace de autorizaci\u00f3n.<\/p>\n\n\n\n<div class=\"wp-block-group box effect00 fadeTimeB has-global-padding is-layout-constrained wp-block-group-is-layout-constrained\">\n<h3 class=\"wp-block-heading\">Toda la soluci\u00f3n de pago<\/h3>\n\n\n\n<div class=\"wp-block-columns payment-solution is-layout-flex wp-container-core-columns-is-layout-9d6595d7 wp-block-columns-is-layout-flex\">\n<div class=\"wp-block-column is-layout-flow wp-block-column-is-layout-flow\">\n<div class=\"wp-block-columns is-layout-flex wp-container-core-columns-is-layout-9d6595d7 wp-block-columns-is-layout-flex\">\n<div class=\"wp-block-column is-layout-flow wp-block-column-is-layout-flow\">\n<h4 class=\"wp-block-heading has-text-align-center\">Servicio de Cobro de Pagos con Tarjeta de Cr\u00e9dito<\/h4>\n<\/div>\n\n\n\n<div class=\"wp-block-column is-layout-flow wp-block-column-is-layout-flow\">\n<div class=\"wp-block-cover is-light has-custom-content-position is-position-top-center\"><span aria-hidden=\"true\" class=\"wp-block-cover__background has-black-background-color has-background-dim-10 has-background-dim\"><\/span><img loading=\"lazy\" decoding=\"async\" width=\"566\" height=\"326\" class=\"wp-block-cover__image-background wp-image-1621\" alt=\"\" src=\"https:\/\/bitwallet.com\/wp-content\/uploads\/2023\/10\/payment_solution_img01-jpg.webp\" data-object-fit=\"cover\"\/><div class=\"wp-block-cover__inner-container has-global-padding is-layout-constrained wp-block-cover-is-layout-constrained\">\n<h5 class=\"wp-block-heading has-text-align-center\">Servicio de Cobro de Pagos con Tarjeta de Cr\u00e9dito<\/h5>\n\n\n\n<p>bitwallet brinda soporte de pago tanto de front-end como de back-end para clientes y comerciantes de comercio electr\u00f3nico y nuestro servicio de tarjeta de cr\u00e9dito acepta tarjetas de cr\u00e9dito que admitan marcas internacionales como Visa, MasterCard, American Express, Diners Club International, Discover y JCB.<\/p>\n\n\n\n<div class=\"wp-block-buttons is-content-justification-center is-layout-flex wp-container-core-buttons-is-layout-16018d1d wp-block-buttons-is-layout-flex\">\n<div class=\"wp-block-button only-en\"><a class=\"wp-block-button__link wp-element-button\" href=\"https:\/\/bitwallet.com\/es\/support\/contact\/\">Saber m\u00e1s<\/a><\/div>\n\n\n\n<div class=\"wp-block-button only-ja\"><a class=\"wp-block-button__link wp-element-button\" href=\"https:\/\/bitwallet.com\/es\/support\/contact\/\">\u30da\u30a4\u30e1\u30f3\u30c8\u30bd\u30ea\u30e5\u30fc\u30b7\u30e7\u30f3 \u304a\u554f\u3044\u5408\u308f\u305b<\/a><\/div>\n<\/div>\n\n\n\n<div class=\"wp-block-columns are-vertically-aligned-center is-not-stacked-on-mobile is-layout-flex wp-container-core-columns-is-layout-9d6595d7 wp-block-columns-is-layout-flex\">\n<div class=\"wp-block-column is-vertically-aligned-center is-layout-flow wp-block-column-is-layout-flow\" style=\"flex-basis:70px\">\n<figure class=\"wp-block-image size-full is-resized\"><img loading=\"lazy\" decoding=\"async\" width=\"172\" height=\"66\" src=\"https:\/\/bitwallet.com\/wp-content\/uploads\/2023\/10\/logo_pcidss-wh.png\" alt=\"\" class=\"wp-image-1619\" style=\"width:70px\"\/><\/figure>\n<\/div>\n\n\n\n<div class=\"wp-block-column is-vertically-aligned-center is-layout-flow wp-block-column-is-layout-flow\">\n<p class=\"has-small-font-size\">Totalmente aprobado y compatible con PCI DSS versi\u00f3n 3.2<\/p>\n<\/div>\n<\/div>\n<\/div><\/div>\n<\/div>\n<\/div>\n<\/div>\n\n\n\n<div class=\"wp-block-column is-layout-flow wp-block-column-is-layout-flow\">\n<div class=\"wp-block-columns is-layout-flex wp-container-core-columns-is-layout-9d6595d7 wp-block-columns-is-layout-flex\">\n<div class=\"wp-block-column is-layout-flow wp-block-column-is-layout-flow\">\n<h4 class=\"wp-block-heading has-text-align-center\">Integraci\u00f3n de billetera API<\/h4>\n<\/div>\n\n\n\n<div class=\"wp-block-column is-layout-flow wp-block-column-is-layout-flow\">\n<div class=\"wp-block-cover has-custom-content-position is-position-top-center\"><span aria-hidden=\"true\" class=\"wp-block-cover__background has-pale-pink-background-color has-background-dim-0 has-background-dim\"><\/span><img loading=\"lazy\" decoding=\"async\" width=\"566\" height=\"326\" class=\"wp-block-cover__image-background wp-image-1623\" alt=\"\" src=\"https:\/\/bitwallet.com\/wp-content\/uploads\/2023\/10\/payment_solution_img02-jpg.webp\" data-object-fit=\"cover\"\/><div class=\"wp-block-cover__inner-container has-global-padding is-layout-constrained wp-block-cover-is-layout-constrained\">\n<h5 class=\"wp-block-heading has-text-align-center\">Integraci\u00f3n de billetera API<\/h5>\n\n\n\n<p>bitwallet admite una integraci\u00f3n perfecta de la API del servicio de pago con su negocio en l\u00ednea, lo que permite varias funciones directas, como tarjeta de cr\u00e9dito y pago bancario, una plataforma de pago todo en uno.<\/p>\n\n\n\n<div class=\"wp-block-buttons is-content-justification-center is-layout-flex wp-container-core-buttons-is-layout-16018d1d wp-block-buttons-is-layout-flex\">\n<div class=\"wp-block-button only-en\"><a class=\"wp-block-button__link wp-element-button\" href=\"https:\/\/bitwallet.com\/es\/support\/contact\/\">Saber m\u00e1s<\/a><\/div>\n\n\n\n<div class=\"wp-block-button only-ja\"><a class=\"wp-block-button__link wp-element-button\" href=\"https:\/\/bitwallet.com\/es\/support\/contact\/\">\u30da\u30a4\u30e1\u30f3\u30c8\u30bd\u30ea\u30e5\u30fc\u30b7\u30e7\u30f3 \u304a\u554f\u3044\u5408\u308f\u305b<\/a><\/div>\n<\/div>\n<\/div><\/div>\n<\/div>\n<\/div>\n<\/div>\n<\/div>\n<\/div>","protected":false},"excerpt":{"rendered":"<p>Discover bitwallet, un proveedor de billetera digital r\u00e1pido, seguro y conveniente. Ofrecemos soluciones de pago para su transacci\u00f3n. Reg\u00edstrese para obtener una cuenta gratis.<\/p>","protected":false},"author":5,"featured_media":0,"parent":322,"menu_order":8,"comment_status":"closed","ping_status":"closed","template":"","meta":{"footnotes":""},"class_list":["post-958","page","type-page","status-publish","hentry"],"_links":{"self":[{"href":"https:\/\/bitwallet.com\/es\/wp-json\/wp\/v2\/pages\/958","targetHints":{"allow":["GET"]}}],"collection":[{"href":"https:\/\/bitwallet.com\/es\/wp-json\/wp\/v2\/pages"}],"about":[{"href":"https:\/\/bitwallet.com\/es\/wp-json\/wp\/v2\/types\/page"}],"author":[{"embeddable":true,"href":"https:\/\/bitwallet.com\/es\/wp-json\/wp\/v2\/users\/5"}],"replies":[{"embeddable":true,"href":"https:\/\/bitwallet.com\/es\/wp-json\/wp\/v2\/comments?post=958"}],"version-history":[{"count":36,"href":"https:\/\/bitwallet.com\/es\/wp-json\/wp\/v2\/pages\/958\/revisions"}],"predecessor-version":[{"id":3175,"href":"https:\/\/bitwallet.com\/es\/wp-json\/wp\/v2\/pages\/958\/revisions\/3175"}],"up":[{"embeddable":true,"href":"https:\/\/bitwallet.com\/es\/wp-json\/wp\/v2\/pages\/322"}],"wp:attachment":[{"href":"https:\/\/bitwallet.com\/es\/wp-json\/wp\/v2\/media?parent=958"}],"curies":[{"name":"gracias","href":"https:\/\/api.w.org\/{rel}","templated":true}]}}