{"id":948,"date":"2023-09-20T15:36:40","date_gmt":"2023-09-20T06:36:40","guid":{"rendered":"https:\/\/bitwallet.com\/?page_id=948"},"modified":"2024-03-19T16:21:20","modified_gmt":"2024-03-19T07:21:20","slug":"company","status":"publish","type":"page","link":"https:\/\/bitwallet.com\/es\/aboutus\/company\/","title":{"rendered":"Compa\u00f1\u00eda"},"content":{"rendered":"<div class=\"wp-block-cover alignwide header\"><span aria-hidden=\"true\" class=\"wp-block-cover__background has-black-background-color has-background-dim-0 has-background-dim\"><\/span><img loading=\"lazy\" decoding=\"async\" width=\"2000\" height=\"360\" class=\"wp-block-cover__image-background wp-image-956\" alt=\"\" src=\"https:\/\/bitwallet.com\/wp-content\/uploads\/2023\/09\/mv-aboutus-company-jpg.webp\" data-object-fit=\"cover\"\/><div class=\"wp-block-cover__inner-container has-global-padding is-layout-constrained wp-block-cover-is-layout-constrained\">\n<h1 class=\"wp-block-heading has-text-align-left\">Compa\u00f1\u00eda<\/h1>\n\n\n\n<p>Informaci\u00f3n global de la empresa<\/p>\n<\/div><\/div>\n\n\n\n<div class=\"wp-block-group box has-global-padding is-layout-constrained wp-block-group-is-layout-constrained\">\n<h3 class=\"wp-block-heading\">Sobre nosotros<\/h3>\n\n\n\n<p>Desde nuestro establecimiento en Singapur en 2012, hemos brindado una amplia gama de servicios de pago a pa\u00edses asi\u00e1ticos y otros pa\u00edses de todo el mundo. Hemos seguido buscando posibilidades para brindar mejores soluciones de pago a los comerciantes y sus clientes, y hemos comenzado a ofrecer servicios &quot;bitwallet&quot; mientras mejoramos nuestros servicios. Entendemos y nos familiarizamos con las brechas entre los m\u00e9todos de pago internacionales en l\u00ednea y las industrias tecnol\u00f3gicas en los mercados financieros, y reconocemos que nuestra misi\u00f3n es crear y proporcionar una plataforma de pago perfecta para todos los propietarios de empresas y sus clientes en todo el mundo.<\/p>\n<\/div>\n\n\n\n<p>Si tiene alguna pregunta sobre el servicio bitwallet, comun\u00edquese con nosotros seleccionando las siguientes opciones.<\/p>\n\n\n\n<div class=\"wp-block-group box has-global-padding is-layout-constrained wp-block-group-is-layout-constrained\">\n<h3 class=\"wp-block-heading\">Para atenci\u00f3n al cliente<\/h3>\n\n\n\n<p>Si tiene alguna pregunta sobre la apertura de una cuenta, el uso de su cuenta o nuestro servicio, cont\u00e1ctenos aqu\u00ed.<\/p>\n\n\n\n<div class=\"wp-block-buttons is-content-justification-center is-layout-flex wp-container-core-buttons-is-layout-16018d1d wp-block-buttons-is-layout-flex\">\n<div class=\"wp-block-button effect01\"><a class=\"wp-block-button__link wp-element-button\" href=\"\/es\/support\/contact\/customer-inquiry\/\">Para atenci\u00f3n al cliente<\/a><\/div>\n<\/div>\n<\/div>\n\n\n\n<div class=\"wp-block-group box has-global-padding is-layout-constrained wp-block-group-is-layout-constrained\">\n<h3 class=\"wp-block-heading\">Para comerciantes<\/h3>\n\n\n\n<p>Si es miembro del comerciante o est\u00e1 considerando registrarse como comerciante, cont\u00e1ctenos aqu\u00ed.<\/p>\n\n\n\n<div class=\"wp-block-buttons is-content-justification-center is-layout-flex wp-container-core-buttons-is-layout-16018d1d wp-block-buttons-is-layout-flex\">\n<div class=\"wp-block-button effect01\"><a class=\"wp-block-button__link wp-element-button\" href=\"\/es\/support\/contact\/merchant-inquiry\/\">Para comerciantes<\/a><\/div>\n<\/div>\n<\/div>\n\n\n\n<div class=\"wp-block-group box has-global-padding is-layout-constrained wp-block-group-is-layout-constrained\">\n<h3 class=\"wp-block-heading\">Para consultas de los medios<\/h3>\n\n\n\n<p>Si es miembro de los medios de comunicaci\u00f3n o desea contactarnos con fines de marketing o de medios, comun\u00edquese con nosotros.<\/p>\n\n\n\n<div class=\"wp-block-buttons is-content-justification-center is-layout-flex wp-container-core-buttons-is-layout-16018d1d wp-block-buttons-is-layout-flex\">\n<div class=\"wp-block-button effect01\"><a class=\"wp-block-button__link wp-element-button\" href=\"\/es\/support\/contact\/media-inquiry\/\">Para consultas de los medios<\/a><\/div>\n<\/div>\n<\/div>","protected":false},"excerpt":{"rendered":"<p>Acerca de nosotros Desde nuestro establecimiento en Singapur en 2012, hemos brindado una amplia gama de servicios de pago a pa\u00edses asi\u00e1ticos y otros pa\u00edses de todo el mundo. Hemos seguido buscando posibilidades para brindar mejores soluciones de pago a los comerciantes y sus clientes, y hemos comenzado a ofrecer servicios &quot;bitwallet&quot; mientras mejoramos nuestros servicios. Entendemos y nos familiarizamos con las brechas entre los m\u00e9todos de pago internacionales en l\u00ednea y las industrias tecnol\u00f3gicas en los mercados financieros, y reconocemos que nuestra misi\u00f3n es crear y proporcionar una plataforma de pago perfecta para todos los propietarios de empresas y sus clientes en todo el mundo. Si tiene alguna pregunta sobre el servicio bitwallet, comun\u00edquese con nosotros seleccionando\u2026<\/p>","protected":false},"author":5,"featured_media":0,"parent":322,"menu_order":9,"comment_status":"closed","ping_status":"closed","template":"","meta":{"footnotes":""},"class_list":["post-948","page","type-page","status-publish","hentry"],"_links":{"self":[{"href":"https:\/\/bitwallet.com\/es\/wp-json\/wp\/v2\/pages\/948","targetHints":{"allow":["GET"]}}],"collection":[{"href":"https:\/\/bitwallet.com\/es\/wp-json\/wp\/v2\/pages"}],"about":[{"href":"https:\/\/bitwallet.com\/es\/wp-json\/wp\/v2\/types\/page"}],"author":[{"embeddable":true,"href":"https:\/\/bitwallet.com\/es\/wp-json\/wp\/v2\/users\/5"}],"replies":[{"embeddable":true,"href":"https:\/\/bitwallet.com\/es\/wp-json\/wp\/v2\/comments?post=948"}],"version-history":[{"count":13,"href":"https:\/\/bitwallet.com\/es\/wp-json\/wp\/v2\/pages\/948\/revisions"}],"predecessor-version":[{"id":4665,"href":"https:\/\/bitwallet.com\/es\/wp-json\/wp\/v2\/pages\/948\/revisions\/4665"}],"up":[{"embeddable":true,"href":"https:\/\/bitwallet.com\/es\/wp-json\/wp\/v2\/pages\/322"}],"wp:attachment":[{"href":"https:\/\/bitwallet.com\/es\/wp-json\/wp\/v2\/media?parent=948"}],"curies":[{"name":"gracias","href":"https:\/\/api.w.org\/{rel}","templated":true}]}}