{"id":80,"date":"2023-05-10T16:18:02","date_gmt":"2023-05-10T07:18:02","guid":{"rendered":"https:\/\/bitwallet.com\/?page_id=80"},"modified":"2026-01-08T10:28:41","modified_gmt":"2026-01-08T01:28:41","slug":"handling-fee","status":"publish","type":"page","link":"https:\/\/bitwallet.com\/es\/service\/handling-fee\/","title":{"rendered":"Todas las tarifas"},"content":{"rendered":"<div class=\"wp-block-cover alignwide header\"><img loading=\"lazy\" decoding=\"async\" width=\"2000\" height=\"360\" class=\"wp-block-cover__image-background wp-image-92\" alt=\"\" src=\"https:\/\/bitwallet.com\/wp-content\/uploads\/2023\/05\/handlingfee_visual01-jpg.webp\" data-object-fit=\"cover\"\/><span aria-hidden=\"true\" class=\"wp-block-cover__background has-black-background-color has-background-dim-0 has-background-dim\"><\/span><div class=\"wp-block-cover__inner-container has-global-padding is-layout-constrained wp-block-cover-is-layout-constrained\">\n<h1 class=\"wp-block-heading has-text-align-left effect00\">Todas las tarifas<\/h1>\n\n\n\n<p class=\"effect00 fadeTimeA\">Lista de tarifas aplicables<\/p>\n<\/div><\/div>\n\n\n\n<h2 class=\"wp-block-heading effect00\">Tarifas para diferentes tipos de cuentas<\/h2>\n\n\n\n<p>Las siguientes tarifas se aplicar\u00e1n de acuerdo con sus tipos de cuenta (cuenta personal, comercial y comercial) mientras utiliza nuestros servicios bitwallet.<\/p>\n\n\n\n<div class=\"wp-block-group box effect00 fadeTimeB has-global-padding is-layout-constrained wp-block-group-is-layout-constrained\">\n<h3 class=\"wp-block-heading\">Lista de tarifas aplicables<\/h3>\n\n\n\n<h4 class=\"wp-block-heading only-en\">PREPARARSE PARA EL PAGO<\/h4>\n\n\n\n<h4 class=\"wp-block-heading only-ja\">El hombre que mat\u00f3 a su esposa<\/h4>\n\n\n\n<div class=\"wp-block-group tblScrl has-global-padding is-layout-constrained wp-block-group-is-layout-constrained\">\n<table style=\"width: 100%; height: 64px;\">\n<tbody>\n<tr style=\"height: 41px;\">\n<th class=\"w30p\" style=\"height: 41px;\"><span class=\"only-en\">M\u00e9todo<\/span><span class=\"only-ja\">\u65b9\u6cd5<span><\/th>\n<th class=\"w20p\" style=\"height: 41px;\">Canal<\/th>\n<th class=\"w25p bl translation-block\" style=\"height: 41px;\">Personal\/Negocio<br> Cuenta<\/th>\n<th class=\"w25p bl translation-block\" style=\"height: 41px;\">Comerciante<br> Cuenta<\/th>\n<\/tr>\n<tr style=\"height: 23px;\">\n<td style=\"height: 23px;\" class=\"translation-block\">Transferencia bancaria <sub>(\u203b1)<\/sub><\/td>\n<td style=\"height: 23px;\" class=\"translation-block\">a trav\u00e9s de varios bancos locales <sub>(\u203b2)<\/sub><\/td>\n<td style=\"height: 23px;\" colspan=\"2\">Desde $0 seg\u00fan pa\u00eds<sub>(\u203b2)<\/sub><\/td>\n<\/tr>\n<\/tbody>\n<\/table>\n<\/div>\n\n\n\n<ul class=\"wp-block-list note kome\">\n<li>Se aplican recargos por transferencia bancaria o tarifa de transferencia bancaria intermediaria.<\/li>\n\n\n\n<li>Puede encontrar m\u00e1s informaci\u00f3n al iniciar sesi\u00f3n en su cuenta.<\/li>\n<\/ul>\n\n\n\n<h4 class=\"wp-block-heading only-en\">PAGO<\/h4>\n\n\n\n<h4 class=\"wp-block-heading only-ja\">\u652f\u6255<\/h4>\n\n\n\n<div class=\"wp-block-group tblScrl has-global-padding is-layout-constrained wp-block-group-is-layout-constrained\">\n<table style=\"width: 100%; height: 128px;\">\n<tbody>\n<tr style=\"height: 20px;\">\n<th class=\"w30p\" style=\"height: 20px;\">M\u00e9todo<\/th>\n<th class=\"w20p\" style=\"height: 20px;\">Marca\/Moneda<\/th>\n<th class=\"w25p bl translation-block\" style=\"height: 20px;\">Personal\/Negocio<br> Cuenta<\/th>\n<th class=\"w25p bl translation-block\" style=\"height: 20px;\">Comerciante<br> Cuenta<\/th>\n<\/tr>\n<tr style=\"height: 88px;\">\n<td style=\"height: 88px;\">Pago bitwallet<\/td>\n<td style=\"height: 88px;\">Todas las monedas disponibles<\/td>\n<td style=\"height: 88px;\" colspan=\"2\">\n<p>Tan bajo como $0<\/p>\n<\/td>\n<\/tr>\n<tr style=\"height: 20px;\">\n<td style=\"height: 20px;\">Tarjeta de cr\u00e9dito \/ d\u00e9bito<\/td>\n<td style=\"height: 20px;\">Todas las cartas principales<\/td>\n<td style=\"height: 20px;\" colspan=\"2\">Depende de la marca de la tarjeta<\/td>\n<\/tr>\n<\/tbody>\n<\/table>\n<\/div>\n\n\n\n<h4 class=\"wp-block-heading only-en\">RECIBIR PAGO<\/h4>\n\n\n\n<h4 class=\"wp-block-heading only-ja\">\u304a\u53d7\u53d6<\/h4>\n\n\n\n<div class=\"wp-block-group tblScrl has-global-padding is-layout-constrained wp-block-group-is-layout-constrained\">\n<table style=\"width: 100%; height: 222px;\">\n<tbody>\n<tr style=\"height: 62px;\">\n<th class=\"w30p\" style=\"height: 62px;\">M\u00e9todo<\/th>\n<th class=\"w20p\" style=\"height: 62px;\"><span class=\"only-en\">Divisa<\/span><span class=\"only-ja\">\u901a\u8ca8<\/span><\/th>\n<th class=\"w30p\" style=\"height: 62px;\">Tarifa<\/th>\n<th class=\"w20p\" style=\"height: 62px;\"><span class=\"only-en\">M\u00ednimo<br>pago<br>cantidad<\/span><span class=\"only-ja\">El agua que fluye a trav\u00e9s de la piscina<\/span><\/th>\n<\/tr>\n<tr style=\"height: 20px;\">\n<td style=\"height: 80px;\" rowspan=\"4\" class=\"translation-block\">Transferencia bancaria para<br> individuos<br> <sub>(\u203b1)<\/sub><\/td>\n<td style=\"height: 20px;\">D\u00f3lar estadounidense<\/td>\n<td style=\"height: 80px;\" rowspan=\"4\" class=\"translation-block\">USD 10 o cantidad equivalente seg\u00fan el pa\u00eds <sub>(\u203b2)<\/sub><\/td>\n<td style=\"height: 20px;\">USD 10<\/td>\n<\/tr>\n<tr style=\"height: 20px;\">\n<td class=\"notfC\" style=\"height: 20px;\">EUR<\/td>\n<td style=\"height: 20px;\">EUR 10<\/td>\n<\/tr>\n<tr style=\"height: 20px;\">\n<td class=\"notfC\" style=\"height: 20px;\">Guay<\/td>\n<td style=\"height: 20px;\">JPY 1.000<\/td>\n<\/tr>\n<tr style=\"height: 20px;\">\n<td class=\"notfC\" style=\"height: 20px;\">AUD<\/td>\n<td style=\"height: 20px;\">AUD 10<\/td>\n<\/tr>\n<tr style=\"height: 20px;\">\n<td class=\"lRfC translation-block\" style=\"height: 80px;\" rowspan=\"4\">Transferencia bancaria<br> para empresas <sub>(\u203b1)<\/sub><\/td>\n<td style=\"height: 20px;\">D\u00f3lar estadounidense<\/td>\n<td style=\"height: 80px;\" rowspan=\"4\" class=\"translation-block\">0.8% en adelante, depende del tipo de negocio <sub>(\u203b2)<\/sub> y <sub>(\u203b3)<\/sub><\/td>\n<td style=\"height: 20px;\">USD 10<\/td>\n<\/tr>\n<tr style=\"height: 20px;\">\n<td class=\"notfC\" style=\"height: 20px;\">EUR<\/td>\n<td style=\"height: 20px;\">EUR 10<\/td>\n<\/tr>\n<tr style=\"height: 20px;\">\n<td class=\"notfC\" style=\"height: 20px;\">Guay<\/td>\n<td style=\"height: 20px;\">JPY 1.000<\/td>\n<\/tr>\n<tr style=\"height: 20px;\">\n<td class=\"notfC\" style=\"height: 20px;\">AUD<\/td>\n<td style=\"height: 20px;\">AUD 10<\/td>\n<\/tr>\n<\/tbody>\n<\/table>\n<\/div>\n\n\n\n<ul class=\"wp-block-list note kome\">\n<li>Se aplican recargos por transferencia bancaria o tarifa de transferencia bancaria intermediaria.<\/li>\n\n\n\n<li>Puede encontrar m\u00e1s informaci\u00f3n al iniciar sesi\u00f3n en su cuenta.<\/li>\n\n\n\n<li>Para conocer las tarifas de cuentas comerciales y cuentas comerciales, env\u00edenos una consulta despu\u00e9s de iniciar sesi\u00f3n en su cuenta.<\/li>\n\n\n\n<li class=\"only-ja nothonyaku\" data-no-translation=\"\">\u53d7\u53d6\u9280\u884c\u307e\u305f\u306f\u4e2d\u7d99\u9280\u884c\u306b\u3088\u3063\u3066\u306f10\u65e5\u4ee5\u4e0a\u304b\u304b\u308b\u5834\u5408\u3082\u3054\u3056\u3044\u307e\u3059\u3002<\/li>\n\n\n\n<li class=\"nonum\">Para evitar fraudes como el lavado de dinero, el uso indebido de tarjetas de cr\u00e9dito y adelantos en efectivo, los pagos y dep\u00f3sitos realizados con tarjeta de cr\u00e9dito y tarjeta prepaga dentro de un mes se revisar\u00e1n cuidadosamente y se transferir\u00e1n a la cuenta bancaria del destinatario a discreci\u00f3n de bitwallet. Es posible que se necesite m\u00e1s tiempo para el procesamiento.<\/li>\n\n\n\n<li class=\"nonum translation-block\">No puedes transferir dinero a un banco en los siguientes pa\u00edses donde est\u00e1 prohibido realizar remesas.<br> Algunos pa\u00edses que no est\u00e1n en esta lista ser\u00e1n revisados caso por caso.<br> Afganist\u00e1n, Benin, Bonaire, Burundi, Rep\u00fablica Centroafricana, Chad, Congo, Crimea, Cuba, Djibouti, Guinea Ecuatorial, Eritrea, Gab\u00f3n, Gambia, Guinea, Guinea-Bissau, Guyana, Ir\u00e1n, Irak, Kazajst\u00e1n, Kirguist\u00e1n, Rep\u00fablica Democr\u00e1tica Popular Lao, Liberia, Libia Madagascar, Malawi, Mali, Mauritania, Montserrat, Myanmar, Nauru, N\u00edger, Corea del Norte, Isla Norfolk, Palau, Papua Nueva Guinea, Isla de San Bartolom\u00e9, San Crist\u00f3bal y Nieves, San Mart\u00edn, Isla Sint Maarten, Sierra Leona, Sud\u00e1n (Norte y Sur), Surinam, Siria, Tayikist\u00e1n, Timor Oriental, Togo, Turkmenist\u00e1n, Uzbekist\u00e1n, S\u00e1hara Occidental, Yemen, Rusia, Per\u00fa, Sud\u00e1frica, Bangladesh, Georgia<\/li>\n<\/ul>\n\n\n\n<h4 class=\"wp-block-heading only-en\">INTERCAMBIO<\/h4>\n\n\n\n<h4 class=\"wp-block-heading only-ja\">\u4e21\u66ff<\/h4>\n\n\n\n<div class=\"wp-block-group tblScrl has-global-padding is-layout-constrained wp-block-group-is-layout-constrained\">\n<table style=\"width: 100%; height: 61px;\">\n<tbody>\n<tr style=\"height: 41px;\">\n<th class=\"w50p\" style=\"height: 41px;\">M\u00e9todo<\/th>\n<th class=\"w25p bl translation-block\" style=\"height: 41px;\">Personal\/Negocio<br> Cuenta<\/th>\n<th class=\"w25p bl translation-block\" style=\"height: 41px;\">Comerciante<br> Cuenta<\/th>\n<\/tr>\n<tr style=\"height: 20px;\">\n<td style=\"height: 20px;\">Cambio de divisas<\/td>\n<td style=\"height: 20px;\" colspan=\"2\">Consulte el tipo de cambio despu\u00e9s de iniciar sesi\u00f3n en la cuenta.<\/td>\n<\/tr>\n<\/tbody>\n<\/table>\n<\/div>\n<\/div>\n\n\n\n<div class=\"wp-block-cover alignwide is-light help\"><span aria-hidden=\"true\" class=\"wp-block-cover__background has-background-dim-0 has-background-dim\"><\/span><img loading=\"lazy\" decoding=\"async\" width=\"2048\" height=\"336\" class=\"wp-block-cover__image-background wp-image-289\" alt=\"\" src=\"https:\/\/bitwallet.com\/wp-content\/uploads\/2023\/06\/mv-support-jpg.webp\" style=\"object-position:50% 50%\" data-object-fit=\"cover\" data-object-position=\"50% 50%\"\/><div class=\"wp-block-cover__inner-container has-global-padding is-layout-constrained wp-block-cover-is-layout-constrained\">\n<p class=\"has-large-font-size translation-block\"><strong>\u00bfNecesitas ayuda?<\/strong><br> <strong>Estamos aqu\u00ed para ayudar.<\/strong><\/p>\n\n\n\n<p class=\"translation-block\">Nuestro equipo de soporte est\u00e1 dedicado a servirle.<br> Comun\u00edquese con nosotros si tiene alguna pregunta sobre nuestros servicios.<\/p>\n\n\n\n<div class=\"wp-block-buttons is-layout-flex wp-block-buttons-is-layout-flex\">\n<div class=\"wp-block-button\"><a class=\"wp-block-button__link wp-element-button\" href=\"\/es\/support\/contact\/\">Cont\u00e1ctenos<\/a><\/div>\n<\/div>\n<\/div><\/div>","protected":false},"excerpt":{"rendered":"<p>Tarifas de gesti\u00f3n transparentes y asequibles con bitwallet. \u00a1Registrate para una cuenta gratis hoy! Experimente un servicio confiable con bitwallet.<\/p>","protected":false},"author":5,"featured_media":0,"parent":32,"menu_order":27,"comment_status":"closed","ping_status":"closed","template":"","meta":{"footnotes":""},"class_list":["post-80","page","type-page","status-publish","hentry"],"_links":{"self":[{"href":"https:\/\/bitwallet.com\/es\/wp-json\/wp\/v2\/pages\/80","targetHints":{"allow":["GET"]}}],"collection":[{"href":"https:\/\/bitwallet.com\/es\/wp-json\/wp\/v2\/pages"}],"about":[{"href":"https:\/\/bitwallet.com\/es\/wp-json\/wp\/v2\/types\/page"}],"author":[{"embeddable":true,"href":"https:\/\/bitwallet.com\/es\/wp-json\/wp\/v2\/users\/5"}],"replies":[{"embeddable":true,"href":"https:\/\/bitwallet.com\/es\/wp-json\/wp\/v2\/comments?post=80"}],"version-history":[{"count":97,"href":"https:\/\/bitwallet.com\/es\/wp-json\/wp\/v2\/pages\/80\/revisions"}],"predecessor-version":[{"id":5764,"href":"https:\/\/bitwallet.com\/es\/wp-json\/wp\/v2\/pages\/80\/revisions\/5764"}],"up":[{"embeddable":true,"href":"https:\/\/bitwallet.com\/es\/wp-json\/wp\/v2\/pages\/32"}],"wp:attachment":[{"href":"https:\/\/bitwallet.com\/es\/wp-json\/wp\/v2\/media?parent=80"}],"curies":[{"name":"gracias","href":"https:\/\/api.w.org\/{rel}","templated":true}]}}