{"id":78,"date":"2023-05-10T16:14:10","date_gmt":"2023-05-10T07:14:10","guid":{"rendered":"https:\/\/bitwallet.com\/?page_id=78"},"modified":"2025-09-17T16:28:16","modified_gmt":"2025-09-17T07:28:16","slug":"account-open","status":"publish","type":"page","link":"https:\/\/bitwallet.com\/es\/service\/account-open\/","title":{"rendered":"Nueva cuenta"},"content":{"rendered":"<div class=\"wp-block-cover alignwide is-light header\"><img loading=\"lazy\" decoding=\"async\" width=\"2000\" height=\"360\" class=\"wp-block-cover__image-background wp-image-1125\" alt=\"\" src=\"https:\/\/bitwallet.com\/wp-content\/uploads\/2023\/09\/mv-serivice_account-open-jpg.webp\" data-object-fit=\"cover\"\/><span aria-hidden=\"true\" class=\"wp-block-cover__background has-black-background-color has-background-dim-0 has-background-dim\"><\/span><div class=\"wp-block-cover__inner-container has-global-padding is-layout-constrained wp-block-cover-is-layout-constrained\">\n<h1 class=\"wp-block-heading has-text-align-left effect00\">Nueva cuenta<\/h1>\n\n\n\n<p class=\"effect00 fadeTimeA\">Registro de cuenta bitwallet<\/p>\n<\/div><\/div>\n\n\n\n<h2 class=\"wp-block-heading effect00\">Abrir una cuenta con bitwallet: el requisito b\u00e1sico<\/h2>\n\n\n\n<p class=\"effect00 fadeTimeA\">Para solicitar la cuenta bitwallet, deber\u00e1 seguir los requisitos a continuaci\u00f3n.<\/p>\n\n\n\n<div class=\"wp-block-group effect00 fadeTimeB has-global-padding is-layout-constrained wp-block-group-is-layout-constrained\">\n<h4 class=\"wp-block-heading\">Solicitud de cuenta personal<\/h4>\n\n\n\n<ul class=\"wp-block-list account-open\">\n<li>El solicitante tiene 20 a\u00f1os o m\u00e1s.<\/li>\n\n\n\n<li>El solicitante no es una persona que carezca de capacidad (capaz de tomar sus propias decisiones).<\/li>\n\n\n\n<li>El solicitante no reside en los EE. UU. ni en otros pa\u00edses donde el uso de nuestro servicio est\u00e9 restringido.<\/li>\n\n\n\n<li>La informaci\u00f3n b\u00e1sica que registr\u00f3 no coincide con la de otros usuarios.<\/li>\n\n\n\n<li>El solicitante no es una persona extranjera pol\u00edticamente expuesta (PEP extranjera).<\/li>\n\n\n\n<li>El solicitante no pertenece ni est\u00e1 relacionado con las Fuerzas Antisociales.<\/li>\n<\/ul>\n\n\n\n<h4 class=\"wp-block-heading\">Solicitud de cuenta comercial<\/h4>\n\n\n\n<ul class=\"wp-block-list account-open\">\n<li>La empresa est\u00e1 legalmente registrada y puede presentar la prueba (documento) para respaldar.<\/li>\n\n\n\n<li>La persona a cargo tiene 20 a\u00f1os o m\u00e1s al momento de la solicitud.<\/li>\n\n\n\n<li>El responsable no es una persona que carezca de capacidad (capaz de tomar sus propias decisiones).<\/li>\n\n\n\n<li>La persona a cargo no reside en los EE. UU. ni en otros pa\u00edses donde el uso de nuestro servicio est\u00e9 restringido.<\/li>\n\n\n\n<li>La persona a cargo no se encuentra f\u00edsicamente en los EE. UU. ni en otros pa\u00edses donde el uso de nuestro servicio est\u00e9 restringido.<\/li>\n\n\n\n<li>El responsable no utiliza informaci\u00f3n de contacto id\u00e9ntica (direcci\u00f3n de correo electr\u00f3nico, n\u00famero de tel\u00e9fono, etc.) que otros usuarios de bitwallet durante el registro.<\/li>\n\n\n\n<li>El responsable no es una Persona Extranjera Pol\u00edticamente Expuesta (PEPs Extranjeras)<\/li>\n\n\n\n<li>La empresa y el responsable no pertenecen ni est\u00e1n relacionados con las Fuerzas Antisociales.<\/li>\n\n\n\n<li>La empresa no se encuentra en situaci\u00f3n de insolvencia ni es insolvente.<\/li>\n<\/ul>\n<\/div>\n\n\n\n<h2 class=\"wp-block-heading effect01\" id=\"certificate\">Documentos necesarios para una cuenta Wallet<\/h2>\n\n\n\n<p class=\"effect01 fadeTimeA\">Para usar su billetera, deber\u00e1 enviar los documentos requeridos a continuaci\u00f3n.<\/p>\n\n\n\n<div class=\"wp-block-group box effect01 fadeTimeB has-global-padding is-layout-constrained wp-block-group-is-layout-constrained\">\n<h3 class=\"wp-block-heading\">Verifique su identidad en bitwallet: el requisito de documento<\/h3>\n\n\n\n<p>De acuerdo con la &quot;Ley de Prevenci\u00f3n de Transferencia de Producto del Delito&quot;, bitwallet requiere una verificaci\u00f3n de identidad exhaustiva para proteger sus valiosos activos. Por lo tanto, le solicitamos que presente su \u201cDocumento de Verificaci\u00f3n de Identidad\u201d y su \u201cDocumento de Verificaci\u00f3n de Direcci\u00f3n Actual\u201d.<\/p>\n\n\n\n<hr class=\"wp-block-separator has-alpha-channel-opacity\"\/>\n\n\n\n<p>Consulte la lista a continuaci\u00f3n para obtener una descripci\u00f3n general de la lista de certificados que deber\u00e1 enviar.<br>Puede verificar los detalles de los materiales enviados en su cuenta despu\u00e9s de abrir una nueva billetera.<\/p>\n\n\n\n<hr class=\"wp-block-separator has-alpha-channel-opacity\"\/>\n\n\n\n<h4 class=\"wp-block-heading\">1\uff0e Documentos de verificaci\u00f3n de identidad<\/h4>\n\n\n\n<p>Le pediremos que env\u00ede una identificaci\u00f3n con fotograf\u00eda de la persona que registra la billetera (individual) y una selfie (reconocimiento facial).<\/p>\n\n\n\n<p>Hemos introducido selfies (reconocimiento facial) para confirmar su env\u00edo. Esto le permite identificarse m\u00e1s estrechamente que cara a cara, incluso en l\u00ednea.<\/p>\n\n\n\n<hr class=\"wp-block-separator has-alpha-channel-opacity\"\/>\n\n\n\n<h4 class=\"wp-block-heading\">2\uff0e Comprobante de direcci\u00f3n actual<\/h4>\n\n\n\n<p>Env\u00ede un documento con la direcci\u00f3n actual del fundador de la billetera (individuo).<br>Debe ser dentro de los 3 meses siguientes a las facturas de servicios p\u00fablicos, recibos, materiales emitidos por oficinas gubernamentales, etc.<\/p>\n\n\n\n<hr class=\"wp-block-separator has-alpha-channel-opacity\"\/>\n\n\n\n<h4 class=\"wp-block-heading anchor\" id=\"company01\">3\uff0e Documentos necesarios para usuarios comerciales (solo cuenta comercial)<\/h4>\n\n\n\n<p>Le pedimos que env\u00ede documentos relacionados con el registro corporativo del fundador de la billetera (corporativo).<\/p>\n\n\n\n<hr class=\"wp-block-separator has-alpha-channel-opacity\"\/>\n\n\n\n<h4 class=\"wp-block-heading\">4\uff0e Certificados con sello oficial (Solo Cuenta Empresarial)<\/h4>\n\n\n\n<p>Env\u00ede los materiales de confirmaci\u00f3n del sello corporativo del fundador de la billetera (corporativo).<\/p>\n\n\n\n<hr class=\"wp-block-separator has-alpha-channel-opacity\"\/>\n\n\n\n<h4 class=\"wp-block-heading\">5\uff0e Comprobante de direcci\u00f3n actual de la empresa (cuenta comercial)<\/h4>\n\n\n\n<p>Env\u00ede un documento con el nombre del fundador de la billetera (empresa) y su direcci\u00f3n actual.<\/p>\n\n\n\n<hr class=\"wp-block-separator has-alpha-channel-opacity\"\/>\n\n\n\n<h4 class=\"wp-block-heading\">6\uff0e Declaraci\u00f3n de beneficiario final (solo para cuentas comerciales)<\/h4>\n\n\n\n<p>Le solicitamos que presente varios documentos sobre la regla sustantiva.<\/p>\n<\/div>\n\n\n\n<h2 class=\"wp-block-heading effect01\">Registro de cuenta<\/h2>\n\n\n\n<p class=\"effect01 fadeTimeA\">El proceso de registro para la cuenta bitwallet es el siguiente:<\/p>\n\n\n\n<div class=\"wp-block-group box account-open effect01 fadeTimeB has-global-padding is-layout-constrained wp-block-group-is-layout-constrained\">\n<h3 class=\"wp-block-heading\">Proceso de registro de cuenta<\/h3>\n\n\n\n<div class=\"wp-block-group has-global-padding is-layout-constrained wp-block-group-is-layout-constrained\">\n<h4 class=\"wp-block-heading\"><strong>PASO 1<\/strong><\/h4>\n\n\n\n<figure class=\"wp-block-image size-full\"><img loading=\"lazy\" decoding=\"async\" width=\"321\" height=\"321\" src=\"https:\/\/bitwallet.com\/wp-content\/uploads\/2023\/06\/icon_step1.png\" alt=\"\" class=\"wp-image-190\"\/><\/figure>\n\n\n\n<p>Reg\u00edstrate desde cualquier dispositivo. Ingrese su informaci\u00f3n b\u00e1sica en la p\u00e1gina de registro para comenzar.<\/p>\n\n\n\n<figure class=\"wp-block-image size-full is-resized\"><img loading=\"lazy\" decoding=\"async\" width=\"1440\" height=\"886\" src=\"https:\/\/bitwallet.com\/wp-content\/uploads\/2024\/01\/STEP1en.webp\" alt=\"\" class=\"wp-image-3134\" style=\"width:1000px;height:undefinedpx\"\/><\/figure>\n<\/div>\n\n\n\n<div class=\"wp-block-group has-global-padding is-layout-constrained wp-block-group-is-layout-constrained\">\n<h4 class=\"wp-block-heading\"><strong>PASO 2<\/strong><\/h4>\n\n\n\n<figure class=\"wp-block-image size-full\"><img loading=\"lazy\" decoding=\"async\" width=\"321\" height=\"321\" src=\"https:\/\/bitwallet.com\/wp-content\/uploads\/2023\/06\/icon_step2.png\" alt=\"\" class=\"wp-image-191\"\/><\/figure>\n\n\n\n<p>Ingrese otra informaci\u00f3n necesaria para continuar.<\/p>\n\n\n\n<figure class=\"wp-block-image size-full is-resized\"><img loading=\"lazy\" decoding=\"async\" width=\"1440\" height=\"1308\" src=\"https:\/\/bitwallet.com\/wp-content\/uploads\/2024\/01\/STEP2en.webp\" alt=\"\" class=\"wp-image-3135\" style=\"width:1000px;height:undefinedpx\"\/><\/figure>\n<\/div>\n\n\n\n<div class=\"wp-block-group has-global-padding is-layout-constrained wp-block-group-is-layout-constrained\">\n<h4 class=\"wp-block-heading\"><strong>PASO 3<\/strong><\/h4>\n\n\n\n<figure class=\"wp-block-image size-full\"><img loading=\"lazy\" decoding=\"async\" width=\"321\" height=\"321\" src=\"https:\/\/bitwallet.com\/wp-content\/uploads\/2023\/06\/icon_step3.png\" alt=\"\" class=\"wp-image-192\"\/><\/figure>\n\n\n\n<p>Inicie sesi\u00f3n y cargue sus documentos de verificaci\u00f3n de identidad, comprobante de direcci\u00f3n residencial y selfie de identificaci\u00f3n en la p\u00e1gina de env\u00edo de documentos de verificaci\u00f3n.<\/p>\n\n\n\n<figure class=\"wp-block-image size-full is-resized\"><img loading=\"lazy\" decoding=\"async\" width=\"1074\" height=\"245\" src=\"https:\/\/bitwallet.com\/wp-content\/uploads\/2024\/01\/STEP3en.webp\" alt=\"\" class=\"wp-image-3136\" style=\"width:1000px;height:undefinedpx\"\/><\/figure>\n<\/div>\n\n\n\n<div class=\"wp-block-group has-global-padding is-layout-constrained wp-block-group-is-layout-constrained\">\n<h4 class=\"wp-block-heading\"><strong>ETAPA 4<\/strong><\/h4>\n\n\n\n<figure class=\"wp-block-image size-full\"><img loading=\"lazy\" decoding=\"async\" width=\"321\" height=\"321\" src=\"https:\/\/bitwallet.com\/wp-content\/uploads\/2023\/06\/icon_step4.png\" alt=\"\" class=\"wp-image-193\"\/><\/figure>\n\n\n\n<p>La solicitud se procesa en aproximadamente 24 horas en d\u00edas h\u00e1biles. Una vez que haya sido verificada y aprobada, se le enviar\u00e1 la informaci\u00f3n de su cuenta por correo electr\u00f3nico.<br>\u203bPuede llevar alg\u00fan tiempo dependiendo del estado de la solicitud.<\/p>\n\n\n\n<p>\u00a1y listo! Rapido y Facil.<\/p>\n\n\n\n<p class=\"logo-bw step-goal\"><strong><em>bitwallet<\/em> \u00a1Empieza a usarlo ahora!<\/strong><\/p>\n<\/div>\n<\/div>\n\n\n\n<div class=\"wp-block-cover alignwide is-light help\"><img loading=\"lazy\" decoding=\"async\" width=\"2048\" height=\"336\" class=\"wp-block-cover__image-background wp-image-289\" alt=\"\" src=\"https:\/\/bitwallet.com\/wp-content\/uploads\/2023\/06\/mv-support-jpg.webp\" style=\"object-position:50% 50%\" data-object-fit=\"cover\" data-object-position=\"50% 50%\"\/><span aria-hidden=\"true\" class=\"wp-block-cover__background has-background-dim-0 has-background-dim\"><\/span><div class=\"wp-block-cover__inner-container has-global-padding is-layout-constrained wp-block-cover-is-layout-constrained\">\n<p class=\"has-large-font-size translation-block\"><strong>\u00bfNecesitas ayuda?<\/strong><br> <strong>Estamos aqu\u00ed para ayudar.<\/strong><\/p>\n\n\n\n<p class=\"translation-block\">Nuestro equipo de soporte est\u00e1 dedicado a servirle.<br> Comun\u00edquese con nosotros si tiene alguna pregunta sobre nuestros servicios.<\/p>\n\n\n\n<div class=\"wp-block-buttons is-layout-flex wp-block-buttons-is-layout-flex\">\n<div class=\"wp-block-button\"><a class=\"wp-block-button__link wp-element-button\" href=\"\/es\/support\/contact\/\">Cont\u00e1ctenos<\/a><\/div>\n<\/div>\n<\/div><\/div>","protected":false},"excerpt":{"rendered":"<p>Abra una cuenta Bitwallet hoy y disfrute de transacciones r\u00e1pidas, seguras y convenientes. Admitimos monedas USD, JPY, EUR y AUD. \u00a1Reg\u00edstrate ahora!<\/p>","protected":false},"author":5,"featured_media":0,"parent":32,"menu_order":28,"comment_status":"closed","ping_status":"closed","template":"","meta":{"footnotes":""},"class_list":["post-78","page","type-page","status-publish","hentry"],"_links":{"self":[{"href":"https:\/\/bitwallet.com\/es\/wp-json\/wp\/v2\/pages\/78","targetHints":{"allow":["GET"]}}],"collection":[{"href":"https:\/\/bitwallet.com\/es\/wp-json\/wp\/v2\/pages"}],"about":[{"href":"https:\/\/bitwallet.com\/es\/wp-json\/wp\/v2\/types\/page"}],"author":[{"embeddable":true,"href":"https:\/\/bitwallet.com\/es\/wp-json\/wp\/v2\/users\/5"}],"replies":[{"embeddable":true,"href":"https:\/\/bitwallet.com\/es\/wp-json\/wp\/v2\/comments?post=78"}],"version-history":[{"count":56,"href":"https:\/\/bitwallet.com\/es\/wp-json\/wp\/v2\/pages\/78\/revisions"}],"predecessor-version":[{"id":5205,"href":"https:\/\/bitwallet.com\/es\/wp-json\/wp\/v2\/pages\/78\/revisions\/5205"}],"up":[{"embeddable":true,"href":"https:\/\/bitwallet.com\/es\/wp-json\/wp\/v2\/pages\/32"}],"wp:attachment":[{"href":"https:\/\/bitwallet.com\/es\/wp-json\/wp\/v2\/media?parent=78"}],"curies":[{"name":"gracias","href":"https:\/\/api.w.org\/{rel}","templated":true}]}}