{"id":72,"date":"2023-05-10T16:08:34","date_gmt":"2023-05-10T07:08:34","guid":{"rendered":"https:\/\/bitwallet.com\/?page_id=72"},"modified":"2026-01-08T10:42:10","modified_gmt":"2026-01-08T01:42:10","slug":"receive","status":"publish","type":"page","link":"https:\/\/bitwallet.com\/es\/service\/receive\/","title":{"rendered":"RECIBIR PAGO"},"content":{"rendered":"<div class=\"wp-block-cover alignwide is-light header\"><img loading=\"lazy\" decoding=\"async\" width=\"2000\" height=\"360\" class=\"wp-block-cover__image-background wp-image-934\" alt=\"\" src=\"https:\/\/bitwallet.com\/wp-content\/uploads\/2023\/09\/mv-service_payout-jpg.webp\" data-object-fit=\"cover\"\/><span aria-hidden=\"true\" class=\"wp-block-cover__background has-background-dim-0 has-background-dim\"><\/span><div class=\"wp-block-cover__inner-container has-global-padding is-layout-constrained wp-block-cover-is-layout-constrained\">\n<h1 class=\"wp-block-heading effect00\">RECIBIR PAGO<\/h1>\n\n\n\n<p class=\"effect00 fadeTimeA\">Recibir pago por nuestra parte<\/p>\n<\/div><\/div>\n\n\n\n<h2 class=\"wp-block-heading cur effect00\">Reciba pagos a su instituci\u00f3n financiera en todo el mundo<sup><span class=\"only-en\">RECIBIR<\/span><span class=\"only-ja\">\u304a\u53d7\u53d6<\/span><\/sup><\/h2>\n\n\n\n<div class=\"wp-block-columns fdCRsp effect00 fadeTimeA is-layout-flex wp-container-core-columns-is-layout-9d6595d7 wp-block-columns-is-layout-flex\">\n<div class=\"wp-block-column is-layout-flow wp-block-column-is-layout-flow\">\n<p>Con bitwallet, procesaremos r\u00e1pidamente su solicitud de retiro en d\u00f3lares estadounidenses, yenes japoneses, euros europeos y d\u00f3lares australianos.<\/p>\n\n\n\n<p>Para garantizar que los usuarios puedan recibir el pago instant\u00e1neamente, estamos conectados con los principales bancos de todo el mundo, lo que permite un procesamiento r\u00e1pido de las transacciones.<\/p>\n\n\n\n<div class=\"wp-block-columns is-not-stacked-on-mobile cssctrl gap20 mt2em is-layout-flex wp-container-core-columns-is-layout-9d6595d7 wp-block-columns-is-layout-flex\">\n<div class=\"wp-block-column flexShrink0 is-layout-flow wp-block-column-is-layout-flow\" style=\"flex-basis:148px\">\n<figure class=\"wp-block-image size-full is-resized w100\"><img loading=\"lazy\" decoding=\"async\" width=\"148\" height=\"75\" src=\"https:\/\/bitwallet.com\/wp-content\/uploads\/2023\/07\/logo_aml01.png\" alt=\"\" class=\"wp-image-469\" style=\"width:148px;height:undefinedpx\"\/><\/figure>\n<\/div>\n\n\n\n<div class=\"wp-block-column is-layout-flow wp-block-column-is-layout-flow\">\n<ul class=\"wp-block-list note kome\">\n<li>Nuestra empresa trabaja estrictamente para prevenir el blanqueo de capitales. Como tal, los usuarios primero deben verificar su identidad con documentos de identidad de respaldo y comprobante de domicilio durante la recopilaci\u00f3n de Know-Your-Client (KYC). Es posible que los usuarios tambi\u00e9n deban enviar una copia de la informaci\u00f3n de su tarjeta de cr\u00e9dito y de la cuenta bancaria del destinatario antes de la activaci\u00f3n de la cuenta.<\/li>\n<\/ul>\n<\/div>\n<\/div>\n<\/div>\n\n\n\n<div class=\"wp-block-column fb280pxtb is-layout-flow wp-block-column-is-layout-flow\">\n<figure class=\"wp-block-image aligncenter size-full\"><img loading=\"lazy\" decoding=\"async\" width=\"800\" height=\"325\" src=\"https:\/\/bitwallet.com\/wp-content\/uploads\/2024\/12\/service_img_withdrawal_.png\" alt=\"\" class=\"wp-image-4965\"\/><\/figure>\n<\/div>\n<\/div>\n\n\n\n<div class=\"wp-block-cover alignwide is-light service\" style=\"min-height:255px;aspect-ratio:unset;\"><img loading=\"lazy\" decoding=\"async\" width=\"2000\" height=\"390\" class=\"wp-block-cover__image-background wp-image-838\" alt=\"\" src=\"https:\/\/bitwallet.com\/wp-content\/uploads\/2023\/09\/mv-service_payout2-jpg.webp\" data-object-fit=\"cover\"\/><span aria-hidden=\"true\" class=\"wp-block-cover__background has-background-dim-0 has-background-dim\"><\/span><div class=\"wp-block-cover__inner-container has-global-padding is-layout-constrained wp-block-cover-is-layout-constrained\">\n<h2 class=\"wp-block-heading effect01\">Tarifa de retiro asequible<\/h2>\n\n\n\n<p class=\"effect01 fadeTimeA\">La tarifa de Bitwallet puede ser tan baja como 10 USD.<\/p>\n<\/div><\/div>\n\n\n\n<div class=\"wp-block-group box effect01 has-global-padding is-layout-constrained wp-block-group-is-layout-constrained\">\n<h3 class=\"wp-block-heading\"><span class=\"only-en\">Detalle<\/span><span class=\"only-ja\">A\u00f1o nuevo<\/span><\/h3>\n\n\n\n<h4 class=\"wp-block-heading\"><span class=\"only-en\">RECIBIR PAGO<\/span><span class=\"only-ja\">\u304a\u53d7\u53d6<\/span><\/h4>\n\n\n\n<div class=\"wp-block-group tblScrl has-global-padding is-layout-constrained wp-block-group-is-layout-constrained\">\n<table>\n<tbody>\n<tr>\n<th class=\"w30p\">M\u00e9todo<\/th>\n<th class=\"w20p\">Divisa<\/th>\n<th class=\"w30p\">Tarifa<\/th>\n<th class=\"w20p\"><span class=\"only-en\">M\u00ednimo<br \/>pago<br \/>cantidad<\/span><span class=\"only-ja\">El agua que fluye a trav\u00e9s de la piscina<\/span><\/th>\n<\/tr>\n<tr>\n<td rowspan=\"4\" class=\"translation-block\">Transferencia bancaria para<br> individuos<br> <sub>(\u203b1)<\/sub><\/td>\n<td>D\u00f3lar estadounidense<\/td>\n<td rowspan=\"4\" class=\"translation-block\">USD 10 o cantidad equivalente seg\u00fan el pa\u00eds <sub>(\u203b2)<\/sub><\/td>\n<td>USD 10<\/td>\n<\/tr>\n<tr>\n<td class=\"notfC\">EUR<\/td>\n<td>EUR 10<\/td>\n<\/tr>\n<tr>\n<td class=\"notfC\">Guay<\/td>\n<td>JPY 1.000<\/td>\n<\/tr>\n<tr>\n<td class=\"notfC\">AUD<\/td>\n<td>AUD 10<\/td>\n<\/tr>\n<tr>\n<td class=\"lRfC translation-block\" rowspan=\"4\">Transferencia bancaria<br> para empresas <sub>(\u203b1)<\/sub><\/td>\n<td>D\u00f3lar estadounidense<\/td>\n<td rowspan=\"4\" class=\"translation-block\">0.8% en adelante, depende del tipo de negocio <sub>(\u203b2)<\/sub> y <sub>(\u203b3)<\/sub><\/td>\n<td>USD 10<\/td>\n<\/tr>\n<tr>\n<td class=\"notfC\">EUR<\/td>\n<td>EUR 10<\/td>\n<\/tr>\n<tr>\n<td class=\"notfC\">Guay<\/td>\n<td>JPY 1.000<\/td>\n<\/tr>\n<tr>\n<td class=\"notfC\">AUD<\/td>\n<td>AUD 10<\/td>\n<\/tr>\n<\/tbody>\n<\/table>\n<\/div>\n\n\n\n<ul class=\"wp-block-list note kome\">\n<li>Se aplican recargos por transferencia bancaria o tarifa de transferencia bancaria intermediaria.<\/li>\n\n\n\n<li>Puede encontrar m\u00e1s informaci\u00f3n al iniciar sesi\u00f3n en su cuenta.<\/li>\n\n\n\n<li>Para conocer las tarifas de cuentas comerciales y cuentas comerciales, env\u00edenos una consulta despu\u00e9s de iniciar sesi\u00f3n en su cuenta.<\/li>\n\n\n\n<li class=\"nonum\">Para evitar fraudes como el lavado de dinero, el uso indebido de tarjetas de cr\u00e9dito y adelantos en efectivo, los pagos y dep\u00f3sitos realizados con tarjeta de cr\u00e9dito y tarjeta prepaga dentro de un mes se revisar\u00e1n cuidadosamente y se transferir\u00e1n a la cuenta bancaria del destinatario a discreci\u00f3n de bitwallet. Es posible que se necesite m\u00e1s tiempo para el procesamiento.<\/li>\n\n\n\n<li class=\"nonum translation-block\">No puedes transferir dinero a un banco en los siguientes pa\u00edses donde est\u00e1 prohibido realizar remesas.<br> Algunos pa\u00edses que no est\u00e1n en esta lista ser\u00e1n revisados caso por caso.<br> Afganist\u00e1n, Benin, Bonaire, Burundi, Rep\u00fablica Centroafricana, Chad, Congo, Crimea, Cuba, Djibouti, Guinea Ecuatorial, Eritrea, Gab\u00f3n, Gambia, Guinea, Guinea-Bissau, Guyana, Ir\u00e1n, Irak, Kazajst\u00e1n, Kirguist\u00e1n, Rep\u00fablica Democr\u00e1tica Popular Lao, Liberia, Libia Madagascar, Malawi, Mali, Mauritania, Montserrat, Myanmar, Nauru, N\u00edger, Corea del Norte, Isla Norfolk, Palau, Papua Nueva Guinea, Isla de San Bartolom\u00e9, San Crist\u00f3bal y Nieves, San Mart\u00edn, Isla Sint Maarten, Sierra Leona, Sud\u00e1n (Norte y Sur), Surinam, Siria, Tayikist\u00e1n, Timor Oriental, Togo, Turkmenist\u00e1n, Uzbekist\u00e1n, S\u00e1hara Occidental, Yemen, Rusia, Per\u00fa, Sud\u00e1frica, Bangladesh, Georgia<\/li>\n<\/ul>\n<\/div>\n\n\n\n<div class=\"wp-block-cover alignwide is-light help\"><img loading=\"lazy\" decoding=\"async\" width=\"2048\" height=\"336\" class=\"wp-block-cover__image-background wp-image-289\" alt=\"\" src=\"https:\/\/bitwallet.com\/wp-content\/uploads\/2023\/06\/mv-support-jpg.webp\" style=\"object-position:50% 50%\" data-object-fit=\"cover\" data-object-position=\"50% 50%\"\/><span aria-hidden=\"true\" class=\"wp-block-cover__background has-background-dim-0 has-background-dim\"><\/span><div class=\"wp-block-cover__inner-container has-global-padding is-layout-constrained wp-block-cover-is-layout-constrained\">\n<p class=\"has-large-font-size translation-block\"><strong>\u00bfNecesitas ayuda?<\/strong><br> <strong>Estamos aqu\u00ed para ayudar.<\/strong><\/p>\n\n\n\n<p class=\"translation-block\">Nuestro equipo de soporte est\u00e1 dedicado a servirle.<br> Comun\u00edquese con nosotros si tiene alguna pregunta sobre nuestros servicios.<\/p>\n\n\n\n<div class=\"wp-block-buttons is-layout-flex wp-block-buttons-is-layout-flex\">\n<div class=\"wp-block-button\"><a class=\"wp-block-button__link wp-element-button\" href=\"\/es\/support\/contact\/\">Cont\u00e1ctenos<\/a><\/div>\n<\/div>\n<\/div><\/div>","protected":false},"excerpt":{"rendered":"<p>Reg\u00edstrese para obtener una cuenta hoy! Ofrecemos m\u00e9todos de retiro r\u00e1pidos, seguros y convenientes directamente a su cuenta bancaria. Experimente nuevos pagos digitales.<\/p>","protected":false},"author":5,"featured_media":0,"parent":32,"menu_order":20,"comment_status":"closed","ping_status":"closed","template":"","meta":{"footnotes":""},"class_list":["post-72","page","type-page","status-publish","hentry"],"_links":{"self":[{"href":"https:\/\/bitwallet.com\/es\/wp-json\/wp\/v2\/pages\/72","targetHints":{"allow":["GET"]}}],"collection":[{"href":"https:\/\/bitwallet.com\/es\/wp-json\/wp\/v2\/pages"}],"about":[{"href":"https:\/\/bitwallet.com\/es\/wp-json\/wp\/v2\/types\/page"}],"author":[{"embeddable":true,"href":"https:\/\/bitwallet.com\/es\/wp-json\/wp\/v2\/users\/5"}],"replies":[{"embeddable":true,"href":"https:\/\/bitwallet.com\/es\/wp-json\/wp\/v2\/comments?post=72"}],"version-history":[{"count":76,"href":"https:\/\/bitwallet.com\/es\/wp-json\/wp\/v2\/pages\/72\/revisions"}],"predecessor-version":[{"id":5765,"href":"https:\/\/bitwallet.com\/es\/wp-json\/wp\/v2\/pages\/72\/revisions\/5765"}],"up":[{"embeddable":true,"href":"https:\/\/bitwallet.com\/es\/wp-json\/wp\/v2\/pages\/32"}],"wp:attachment":[{"href":"https:\/\/bitwallet.com\/es\/wp-json\/wp\/v2\/media?parent=72"}],"curies":[{"name":"gracias","href":"https:\/\/api.w.org\/{rel}","templated":true}]}}