{"id":24,"date":"2023-05-10T02:36:22","date_gmt":"2023-05-10T02:36:22","guid":{"rendered":"https:\/\/bitwallet.com\/?page_id=24"},"modified":"2024-09-26T10:00:57","modified_gmt":"2024-09-26T01:00:57","slug":"feature","status":"publish","type":"page","link":"https:\/\/bitwallet.com\/es\/feature\/","title":{"rendered":"Caracter\u00edsticas"},"content":{"rendered":"<div class=\"wp-block-cover alignwide is-light header\"><span aria-hidden=\"true\" class=\"wp-block-cover__background has-background-dim-0 has-background-dim\"><\/span><div class=\"wp-block-cover__inner-container has-global-padding is-layout-constrained wp-block-cover-is-layout-constrained\">\n<h1 class=\"wp-block-heading has-text-align-left effect00 has-large-font-size\">Caracter\u00edsticas<\/h1>\n\n\n\n<p class=\"effect00 fadeTimeA\">Presentamos cuentas bitwallet<\/p>\n<\/div><\/div>\n\n\n\n<div class=\"wp-block-group alignfull menu has-global-padding is-layout-constrained wp-block-group-is-layout-constrained\">\n<div class=\"wp-block-cover alignwide is-light\"><span aria-hidden=\"true\" class=\"wp-block-cover__background has-background-dim-100 has-background-dim\" style=\"background-color:#2bc0ef\"><\/span><div class=\"wp-block-cover__inner-container has-global-padding is-layout-constrained wp-block-cover-is-layout-constrained\">\n<div class=\"wp-block-columns is-layout-flex wp-container-core-columns-is-layout-9d6595d7 wp-block-columns-is-layout-flex\">\n<div class=\"wp-block-column img is-layout-flow wp-block-column-is-layout-flow\" style=\"flex-basis:50%\">\n<p class=\"has-text-align-center effect00\"><a href=\"https:\/\/bitwallet.com\/es\/feature\/personal\/\" data-type=\"page\" data-id=\"26\"><img loading=\"lazy\" decoding=\"async\" width=\"150\" height=\"38\" class=\"wp-image-105\" style=\"width: 150px;\" src=\"https:\/\/bitwallet.com\/wp-content\/uploads\/2023\/05\/mv-feature-personal-jpg.webp\" alt=\"\"><\/a><\/p>\n<\/div>\n\n\n\n<div class=\"wp-block-column effect00 fadeTimeA is-layout-flow wp-block-column-is-layout-flow\" style=\"flex-basis:50%\">\n<h2 class=\"wp-block-heading\"><a href=\"https:\/\/bitwallet.com\/es\/feature\/personal\/\" data-type=\"page\" data-id=\"26\">Cuenta personal<\/a><\/h2>\n\n\n\n<p>Descubra una experiencia f\u00e1cil y fluida al realizar pagos a usuarios o comerciantes con bitwallet. Su cuenta de billetera de divisas personal equipada con el est\u00e1ndar de seguridad m\u00e1s alto de la industria.<\/p>\n<\/div>\n<\/div>\n<\/div><\/div>\n\n\n\n<div class=\"wp-block-cover alignwide\"><span aria-hidden=\"true\" class=\"wp-block-cover__background has-background-dim-100 has-background-dim\" style=\"background-color:#003f97\"><\/span><div class=\"wp-block-cover__inner-container has-global-padding is-layout-constrained wp-block-cover-is-layout-constrained\">\n<div class=\"wp-block-columns is-layout-flex wp-container-core-columns-is-layout-9d6595d7 wp-block-columns-is-layout-flex\">\n<div class=\"wp-block-column effect00 fadeTimeA is-layout-flow wp-block-column-is-layout-flow\" style=\"flex-basis:50%\">\n<h2 class=\"wp-block-heading\"><a href=\"https:\/\/bitwallet.com\/es\/feature\/business\/\" data-type=\"page\" data-id=\"60\">Cuenta de negocios<\/a><\/h2>\n\n\n\n<p>Simplifique los procedimientos de pago para su tienda de comercio electr\u00f3nico. Reciba todos los pagos mediante banco, tarjeta de cr\u00e9dito o mediante los servicios de divisas disponibles en bitwallet.<\/p>\n<\/div>\n\n\n\n<div class=\"wp-block-column img is-layout-flow wp-block-column-is-layout-flow\" style=\"flex-basis:50%\">\n<p class=\"has-text-align-center effect00\"><a href=\"https:\/\/bitwallet.com\/es\/feature\/business\/\"><img loading=\"lazy\" decoding=\"async\" width=\"150\" height=\"38\" class=\"wp-image-1134\" style=\"width: 150px;\" src=\"https:\/\/bitwallet.com\/wp-content\/uploads\/2023\/09\/mv-feature-business-jpg.webp\" alt=\"\"><\/a><\/p>\n<\/div>\n<\/div>\n<\/div><\/div>\n\n\n\n<div class=\"wp-block-cover alignwide\"><span aria-hidden=\"true\" class=\"wp-block-cover__background has-background-dim-100 has-background-dim\" style=\"background-color:#15305b\"><\/span><div class=\"wp-block-cover__inner-container has-global-padding is-layout-constrained wp-block-cover-is-layout-constrained\">\n<div class=\"wp-block-columns is-layout-flex wp-container-core-columns-is-layout-9d6595d7 wp-block-columns-is-layout-flex\">\n<div class=\"wp-block-column img is-layout-flow wp-block-column-is-layout-flow\" style=\"flex-basis:50%\">\n<p class=\"has-text-align-center effect00\"><a href=\"https:\/\/bitwallet.com\/es\/feature\/merchant\/\"><img loading=\"lazy\" decoding=\"async\" width=\"150\" height=\"39\" class=\"wp-image-1138\" style=\"width: 150px;\" src=\"https:\/\/bitwallet.com\/wp-content\/uploads\/2023\/09\/mv-feature-merchant-jpg.webp\" alt=\"\"><\/a><\/p>\n<\/div>\n\n\n\n<div class=\"wp-block-column effect00 fadeTimeA is-layout-flow wp-block-column-is-layout-flow\" style=\"flex-basis:50%\">\n<h2 class=\"wp-block-heading\"><a href=\"https:\/\/bitwallet.com\/es\/feature\/merchant\/\" data-type=\"page\" data-id=\"62\">Cuenta comercial<\/a><\/h2>\n\n\n\n<p>Mejore su servicio de dep\u00f3sito y retiro existente integrando nuestra soluci\u00f3n de pago a su sitio web. Gesti\u00f3n de transacciones simplificada con bitwallet.<\/p>\n<\/div>\n<\/div>\n<\/div><\/div>\n<\/div>","protected":false},"excerpt":{"rendered":"<p>Caracter\u00edsticas y beneficios \u00fanicos del Discover del bitwallet. Nuestra plataforma ofrece seguridad avanzada, flexibilidad y conveniencia. Registrate para una cuenta gratis hoy.<\/p>","protected":false},"author":5,"featured_media":0,"parent":0,"menu_order":31,"comment_status":"closed","ping_status":"closed","template":"","meta":{"footnotes":""},"class_list":["post-24","page","type-page","status-publish","hentry"],"_links":{"self":[{"href":"https:\/\/bitwallet.com\/es\/wp-json\/wp\/v2\/pages\/24","targetHints":{"allow":["GET"]}}],"collection":[{"href":"https:\/\/bitwallet.com\/es\/wp-json\/wp\/v2\/pages"}],"about":[{"href":"https:\/\/bitwallet.com\/es\/wp-json\/wp\/v2\/types\/page"}],"author":[{"embeddable":true,"href":"https:\/\/bitwallet.com\/es\/wp-json\/wp\/v2\/users\/5"}],"replies":[{"embeddable":true,"href":"https:\/\/bitwallet.com\/es\/wp-json\/wp\/v2\/comments?post=24"}],"version-history":[{"count":35,"href":"https:\/\/bitwallet.com\/es\/wp-json\/wp\/v2\/pages\/24\/revisions"}],"predecessor-version":[{"id":4951,"href":"https:\/\/bitwallet.com\/es\/wp-json\/wp\/v2\/pages\/24\/revisions\/4951"}],"wp:attachment":[{"href":"https:\/\/bitwallet.com\/es\/wp-json\/wp\/v2\/media?parent=24"}],"curies":[{"name":"gracias","href":"https:\/\/api.w.org\/{rel}","templated":true}]}}